{"id":96,"date":"2024-05-01T09:17:26","date_gmt":"2024-05-01T09:17:26","guid":{"rendered":"https:\/\/langeland-lolland.com\/se\/?page_id=96"},"modified":"2025-07-07T14:00:38","modified_gmt":"2025-07-07T14:00:38","slug":"spodsbjerg","status":"publish","type":"page","link":"https:\/\/langeland-lolland.com\/se\/spodsbjerg\/","title":{"rendered":"Spodsbjerg hamn i Langeland (Danmark)"},"content":{"rendered":"\n<p>Langelandsf\u00e4rjan avg\u00e5r fr\u00e5n hamnen i Spodsbjerg: detta \u00e4r en liten hamnstad p\u00e5 \u00f6stra delen av \u00f6n Langeland i Danmark. I hamnen hittar du Langelandslinjens terminal, d\u00e4r du kan checka in och g\u00e5 ombord p\u00e5 f\u00e4rjan.<\/p>\n\n\n\n<figure class=\"wp-block-image size-large\"><img fetchpriority=\"high\" decoding=\"async\" width=\"1024\" height=\"683\" src=\"https:\/\/langeland-lolland.com\/se\/wp-content\/uploads\/sites\/4\/2025\/06\/spodsbjerg-1024x683.jpg\" alt=\"\" class=\"wp-image-166\" srcset=\"https:\/\/langeland-lolland.com\/se\/wp-content\/uploads\/sites\/4\/2025\/06\/spodsbjerg-1024x683.jpg 1024w, https:\/\/langeland-lolland.com\/se\/wp-content\/uploads\/sites\/4\/2025\/06\/spodsbjerg-300x200.jpg 300w, https:\/\/langeland-lolland.com\/se\/wp-content\/uploads\/sites\/4\/2025\/06\/spodsbjerg-768x512.jpg 768w, https:\/\/langeland-lolland.com\/se\/wp-content\/uploads\/sites\/4\/2025\/06\/spodsbjerg.jpg 1200w\" sizes=\"(max-width: 1024px) 100vw, 1024px\" \/><\/figure>\n\n\n\n<h2 class=\"wp-block-heading\" id=\"terminal\">Terminal Langelandslinjen Spodsbjerg<\/h2>\n\n\n\n<p>Se adressen till <a href=\"https:\/\/langeland-lolland.com\/se\/langelandslinjen\/\">Langelandslinjens<\/a> terminal i Spodsbjerg hamn p\u00e5 kartan nedan.<\/p>\n\n\n<p><iframe src=\"https:\/\/www.google.com\/maps\/embed?pb=!1m18!1m12!1m3!1d573.0411580395383!2d10.82999817357681!3d54.93512984120323!2m3!1f0!2f0!3f0!3m2!1i1024!2i768!4f13.1!3m3!1m2!1s0x47b2b40e23092fb9%3A0xa80a8fd5ab31f764!2sLANGELANDSLINJEN!5e0!3m2!1snl!2snl!4v1750766005210!5m2!1snl!2snl\" width=\"800\" height=\"450\" style=\"border:0;\" allowfullscreen=\"\" loading=\"lazy\" referrerpolicy=\"no-referrer-when-downgrade\"><\/iframe><\/p>\n\n\n\n<ul class=\"wp-block-list\">\n<li><strong>Adress: <\/strong>Ny Spodsbjergvej 339B, 5900 Rudk\u00f8bing, Danmark<\/li>\n\n\n\n<li><strong>Telefonnummer:<\/strong> +45 70 25 10 25<\/li>\n<\/ul>\n\n\n\n<p>Observera: se till att du \u00e4r i tid f\u00f6r att checka in p\u00e5 terminalen. Langelandslinjen betonar att du m\u00e5ste vara incheckad minst 15 minuter f\u00f6re avg\u00e5ng. Kontrollera <a href=\"https:\/\/langeland-lolland.com\/se\/tidtabell\/\">tidtabellen<\/a> h\u00e4r, ta h\u00e4nsyn till <a href=\"https:\/\/langeland-lolland.com\/se\/vaderprognos\/\">v\u00e4derprognosen<\/a> och planera din resa.<\/p>\n\n\n\n<h2 class=\"wp-block-heading\">Faciliteter i hamnen<\/h2>\n\n\n\n<p>\u00c4r du tidig i hamnen? D\u00e5 kan du anv\u00e4nda f\u00f6ljande faciliteter i hamnen:<\/p>\n\n\n\n<ul class=\"wp-block-list\">\n<li>Toalettbyggnad<\/li>\n\n\n\n<li>Fiskrestaurang (Spodsbjerg Kutterfisk)<\/li>\n<\/ul>\n\n\n\n<figure class=\"wp-block-image size-large\"><img decoding=\"async\" width=\"1024\" height=\"683\" src=\"https:\/\/langeland-lolland.com\/se\/wp-content\/uploads\/sites\/4\/2025\/07\/spodsbjerg-haven-1024x683.jpg\" alt=\"\" class=\"wp-image-210\" srcset=\"https:\/\/langeland-lolland.com\/se\/wp-content\/uploads\/sites\/4\/2025\/07\/spodsbjerg-haven-1024x683.jpg 1024w, https:\/\/langeland-lolland.com\/se\/wp-content\/uploads\/sites\/4\/2025\/07\/spodsbjerg-haven-300x200.jpg 300w, https:\/\/langeland-lolland.com\/se\/wp-content\/uploads\/sites\/4\/2025\/07\/spodsbjerg-haven-768x512.jpg 768w, https:\/\/langeland-lolland.com\/se\/wp-content\/uploads\/sites\/4\/2025\/07\/spodsbjerg-haven.jpg 1200w\" sizes=\"(max-width: 1024px) 100vw, 1024px\" \/><\/figure>\n\n\n\n<h3 class=\"wp-block-heading\">Parkering i Spodsbjerg hamn<\/h3>\n\n\n\n<p>Om du vill g\u00e5 ombord p\u00e5 f\u00e4rjan i Spodsbjerg som fotg\u00e4ngare \u00e4r det m\u00f6jligt att parkera din bil i hamnen. Mittemot f\u00e4rjebryggan finns en stor parkeringsplats. H\u00e4r kan du parkera b\u00e5de l\u00e4ngre och kortare perioder.<\/p>\n","protected":false},"excerpt":{"rendered":"<p>Langelandsf\u00e4rjan avg\u00e5r fr\u00e5n hamnen i Spodsbjerg: detta \u00e4r en liten hamnstad p\u00e5 \u00f6stra delen av \u00f6n Langeland i Danmark. I [&hellip;]<\/p>\n","protected":false},"author":2,"featured_media":0,"parent":0,"menu_order":0,"comment_status":"closed","ping_status":"closed","template":"","meta":{"inline_featured_image":false,"site-sidebar-layout":"default","site-content-layout":"","ast-site-content-layout":"default","site-content-style":"default","site-sidebar-style":"default","ast-global-header-display":"","ast-banner-title-visibility":"","ast-main-header-display":"","ast-hfb-above-header-display":"","ast-hfb-below-header-display":"","ast-hfb-mobile-header-display":"","site-post-title":"","ast-breadcrumbs-content":"","ast-featured-img":"","footer-sml-layout":"","ast-disable-related-posts":"","theme-transparent-header-meta":"","adv-header-id-meta":"","stick-header-meta":"","header-above-stick-meta":"","header-main-stick-meta":"","header-below-stick-meta":"","astra-migrate-meta-layouts":"default","ast-page-background-enabled":"default","ast-page-background-meta":{"desktop":{"background-color":"var(--ast-global-color-4)","background-image":"","background-repeat":"repeat","background-position":"center center","background-size":"auto","background-attachment":"scroll","background-type":"","background-media":"","overlay-type":"","overlay-color":"","overlay-opacity":"","overlay-gradient":""},"tablet":{"background-color":"","background-image":"","background-repeat":"repeat","background-position":"center center","background-size":"auto","background-attachment":"scroll","background-type":"","background-media":"","overlay-type":"","overlay-color":"","overlay-opacity":"","overlay-gradient":""},"mobile":{"background-color":"","background-image":"","background-repeat":"repeat","background-position":"center center","background-size":"auto","background-attachment":"scroll","background-type":"","background-media":"","overlay-type":"","overlay-color":"","overlay-opacity":"","overlay-gradient":""}},"ast-content-background-meta":{"desktop":{"background-color":"var(--ast-global-color-5)","background-image":"","background-repeat":"repeat","background-position":"center center","background-size":"auto","background-attachment":"scroll","background-type":"","background-media":"","overlay-type":"","overlay-color":"","overlay-opacity":"","overlay-gradient":""},"tablet":{"background-color":"var(--ast-global-color-5)","background-image":"","background-repeat":"repeat","background-position":"center center","background-size":"auto","background-attachment":"scroll","background-type":"","background-media":"","overlay-type":"","overlay-color":"","overlay-opacity":"","overlay-gradient":""},"mobile":{"background-color":"var(--ast-global-color-5)","background-image":"","background-repeat":"repeat","background-position":"center center","background-size":"auto","background-attachment":"scroll","background-type":"","background-media":"","overlay-type":"","overlay-color":"","overlay-opacity":"","overlay-gradient":""}},"footnotes":""},"class_list":["post-96","page","type-page","status-publish","hentry"],"yoast_head":"<!-- This site is optimized with the Yoast SEO plugin v27.4 - https:\/\/yoast.com\/product\/yoast-seo-wordpress\/ -->\n<title>Spodsbjerg hamn (Langeland): terminal, parkering och faciliteter<\/title>\n<meta name=\"description\" content=\"Ta reda p\u00e5 allt om Spodsbjerg hamn p\u00e5 Langeland: Langelandslinjens terminal, parkering vid hamnen och faciliteter.\" \/>\n<meta name=\"robots\" content=\"index, follow, max-snippet:-1, max-image-preview:large, max-video-preview:-1\" \/>\n<link rel=\"canonical\" href=\"https:\/\/langeland-lolland.com\/se\/spodsbjerg\/\" \/>\n<meta property=\"og:locale\" content=\"sv_SE\" \/>\n<meta property=\"og:type\" content=\"article\" \/>\n<meta property=\"og:title\" content=\"Spodsbjerg hamn (Langeland): terminal, parkering och faciliteter\" \/>\n<meta property=\"og:description\" content=\"Ta reda p\u00e5 allt om Spodsbjerg hamn p\u00e5 Langeland: Langelandslinjens terminal, parkering vid hamnen och faciliteter.\" \/>\n<meta property=\"og:url\" content=\"https:\/\/langeland-lolland.com\/se\/spodsbjerg\/\" \/>\n<meta property=\"og:site_name\" content=\"Langeland Lolland f\u00e4rja\" \/>\n<meta property=\"article:modified_time\" content=\"2025-07-07T14:00:38+00:00\" \/>\n<meta property=\"og:image\" content=\"https:\/\/langeland-lolland.com\/se\/wp-content\/uploads\/sites\/4\/2025\/06\/spodsbjerg.jpg\" \/>\n\t<meta property=\"og:image:width\" content=\"1200\" \/>\n\t<meta property=\"og:image:height\" content=\"800\" \/>\n\t<meta property=\"og:image:type\" content=\"image\/jpeg\" \/>\n<meta name=\"twitter:card\" content=\"summary_large_image\" \/>\n<meta name=\"twitter:label1\" content=\"Ber\u00e4knad l\u00e4stid\" \/>\n\t<meta name=\"twitter:data1\" content=\"2 minuter\" \/>\n<script type=\"application\/ld+json\" class=\"yoast-schema-graph\">{\"@context\":\"https:\\\/\\\/schema.org\",\"@graph\":[{\"@type\":\"WebPage\",\"@id\":\"https:\\\/\\\/langeland-lolland.com\\\/se\\\/spodsbjerg\\\/\",\"url\":\"https:\\\/\\\/langeland-lolland.com\\\/se\\\/spodsbjerg\\\/\",\"name\":\"Spodsbjerg hamn (Langeland): terminal, parkering och faciliteter\",\"isPartOf\":{\"@id\":\"https:\\\/\\\/langeland-lolland.com\\\/se\\\/#website\"},\"primaryImageOfPage\":{\"@id\":\"https:\\\/\\\/langeland-lolland.com\\\/se\\\/spodsbjerg\\\/#primaryimage\"},\"image\":{\"@id\":\"https:\\\/\\\/langeland-lolland.com\\\/se\\\/spodsbjerg\\\/#primaryimage\"},\"thumbnailUrl\":\"https:\\\/\\\/langeland-lolland.com\\\/se\\\/wp-content\\\/uploads\\\/sites\\\/4\\\/2025\\\/06\\\/spodsbjerg-1024x683.jpg\",\"datePublished\":\"2024-05-01T09:17:26+00:00\",\"dateModified\":\"2025-07-07T14:00:38+00:00\",\"description\":\"Ta reda p\u00e5 allt om Spodsbjerg hamn p\u00e5 Langeland: Langelandslinjens terminal, parkering vid hamnen och faciliteter.\",\"breadcrumb\":{\"@id\":\"https:\\\/\\\/langeland-lolland.com\\\/se\\\/spodsbjerg\\\/#breadcrumb\"},\"inLanguage\":\"sv-SE\",\"potentialAction\":[{\"@type\":\"ReadAction\",\"target\":[\"https:\\\/\\\/langeland-lolland.com\\\/se\\\/spodsbjerg\\\/\"]}]},{\"@type\":\"ImageObject\",\"inLanguage\":\"sv-SE\",\"@id\":\"https:\\\/\\\/langeland-lolland.com\\\/se\\\/spodsbjerg\\\/#primaryimage\",\"url\":\"https:\\\/\\\/langeland-lolland.com\\\/se\\\/wp-content\\\/uploads\\\/sites\\\/4\\\/2025\\\/06\\\/spodsbjerg.jpg\",\"contentUrl\":\"https:\\\/\\\/langeland-lolland.com\\\/se\\\/wp-content\\\/uploads\\\/sites\\\/4\\\/2025\\\/06\\\/spodsbjerg.jpg\",\"width\":1200,\"height\":800},{\"@type\":\"BreadcrumbList\",\"@id\":\"https:\\\/\\\/langeland-lolland.com\\\/se\\\/spodsbjerg\\\/#breadcrumb\",\"itemListElement\":[{\"@type\":\"ListItem\",\"position\":1,\"name\":\"Home\",\"item\":\"https:\\\/\\\/langeland-lolland.com\\\/se\\\/\"},{\"@type\":\"ListItem\",\"position\":2,\"name\":\"Spodsbjerg hamn i Langeland (Danmark)\"}]},{\"@type\":\"WebSite\",\"@id\":\"https:\\\/\\\/langeland-lolland.com\\\/se\\\/#website\",\"url\":\"https:\\\/\\\/langeland-lolland.com\\\/se\\\/\",\"name\":\"Langeland Lolland f\u00e4rja\",\"description\":\"\",\"publisher\":{\"@id\":\"https:\\\/\\\/langeland-lolland.com\\\/se\\\/#organization\"},\"potentialAction\":[{\"@type\":\"SearchAction\",\"target\":{\"@type\":\"EntryPoint\",\"urlTemplate\":\"https:\\\/\\\/langeland-lolland.com\\\/se\\\/?s={search_term_string}\"},\"query-input\":{\"@type\":\"PropertyValueSpecification\",\"valueRequired\":true,\"valueName\":\"search_term_string\"}}],\"inLanguage\":\"sv-SE\"},{\"@type\":\"Organization\",\"@id\":\"https:\\\/\\\/langeland-lolland.com\\\/se\\\/#organization\",\"name\":\"Langeland Lolland f\u00e4rja\",\"url\":\"https:\\\/\\\/langeland-lolland.com\\\/se\\\/\",\"logo\":{\"@type\":\"ImageObject\",\"inLanguage\":\"sv-SE\",\"@id\":\"https:\\\/\\\/langeland-lolland.com\\\/se\\\/#\\\/schema\\\/logo\\\/image\\\/\",\"url\":\"https:\\\/\\\/langeland-lolland.com\\\/se\\\/wp-content\\\/uploads\\\/sites\\\/4\\\/2025\\\/06\\\/langeland-lolland-ferry.png\",\"contentUrl\":\"https:\\\/\\\/langeland-lolland.com\\\/se\\\/wp-content\\\/uploads\\\/sites\\\/4\\\/2025\\\/06\\\/langeland-lolland-ferry.png\",\"width\":750,\"height\":125,\"caption\":\"Langeland Lolland f\u00e4rja\"},\"image\":{\"@id\":\"https:\\\/\\\/langeland-lolland.com\\\/se\\\/#\\\/schema\\\/logo\\\/image\\\/\"}}]}<\/script>\n<!-- \/ Yoast SEO plugin. -->","yoast_head_json":{"title":"Spodsbjerg hamn (Langeland): terminal, parkering och faciliteter","description":"Ta reda p\u00e5 allt om Spodsbjerg hamn p\u00e5 Langeland: Langelandslinjens terminal, parkering vid hamnen och faciliteter.","robots":{"index":"index","follow":"follow","max-snippet":"max-snippet:-1","max-image-preview":"max-image-preview:large","max-video-preview":"max-video-preview:-1"},"canonical":"https:\/\/langeland-lolland.com\/se\/spodsbjerg\/","og_locale":"sv_SE","og_type":"article","og_title":"Spodsbjerg hamn (Langeland): terminal, parkering och faciliteter","og_description":"Ta reda p\u00e5 allt om Spodsbjerg hamn p\u00e5 Langeland: Langelandslinjens terminal, parkering vid hamnen och faciliteter.","og_url":"https:\/\/langeland-lolland.com\/se\/spodsbjerg\/","og_site_name":"Langeland Lolland f\u00e4rja","article_modified_time":"2025-07-07T14:00:38+00:00","og_image":[{"width":1200,"height":800,"url":"https:\/\/langeland-lolland.com\/se\/wp-content\/uploads\/sites\/4\/2025\/06\/spodsbjerg.jpg","type":"image\/jpeg"}],"twitter_card":"summary_large_image","twitter_misc":{"Ber\u00e4knad l\u00e4stid":"2 minuter"},"schema":{"@context":"https:\/\/schema.org","@graph":[{"@type":"WebPage","@id":"https:\/\/langeland-lolland.com\/se\/spodsbjerg\/","url":"https:\/\/langeland-lolland.com\/se\/spodsbjerg\/","name":"Spodsbjerg hamn (Langeland): terminal, parkering och faciliteter","isPartOf":{"@id":"https:\/\/langeland-lolland.com\/se\/#website"},"primaryImageOfPage":{"@id":"https:\/\/langeland-lolland.com\/se\/spodsbjerg\/#primaryimage"},"image":{"@id":"https:\/\/langeland-lolland.com\/se\/spodsbjerg\/#primaryimage"},"thumbnailUrl":"https:\/\/langeland-lolland.com\/se\/wp-content\/uploads\/sites\/4\/2025\/06\/spodsbjerg-1024x683.jpg","datePublished":"2024-05-01T09:17:26+00:00","dateModified":"2025-07-07T14:00:38+00:00","description":"Ta reda p\u00e5 allt om Spodsbjerg hamn p\u00e5 Langeland: Langelandslinjens terminal, parkering vid hamnen och faciliteter.","breadcrumb":{"@id":"https:\/\/langeland-lolland.com\/se\/spodsbjerg\/#breadcrumb"},"inLanguage":"sv-SE","potentialAction":[{"@type":"ReadAction","target":["https:\/\/langeland-lolland.com\/se\/spodsbjerg\/"]}]},{"@type":"ImageObject","inLanguage":"sv-SE","@id":"https:\/\/langeland-lolland.com\/se\/spodsbjerg\/#primaryimage","url":"https:\/\/langeland-lolland.com\/se\/wp-content\/uploads\/sites\/4\/2025\/06\/spodsbjerg.jpg","contentUrl":"https:\/\/langeland-lolland.com\/se\/wp-content\/uploads\/sites\/4\/2025\/06\/spodsbjerg.jpg","width":1200,"height":800},{"@type":"BreadcrumbList","@id":"https:\/\/langeland-lolland.com\/se\/spodsbjerg\/#breadcrumb","itemListElement":[{"@type":"ListItem","position":1,"name":"Home","item":"https:\/\/langeland-lolland.com\/se\/"},{"@type":"ListItem","position":2,"name":"Spodsbjerg hamn i Langeland (Danmark)"}]},{"@type":"WebSite","@id":"https:\/\/langeland-lolland.com\/se\/#website","url":"https:\/\/langeland-lolland.com\/se\/","name":"Langeland Lolland f\u00e4rja","description":"","publisher":{"@id":"https:\/\/langeland-lolland.com\/se\/#organization"},"potentialAction":[{"@type":"SearchAction","target":{"@type":"EntryPoint","urlTemplate":"https:\/\/langeland-lolland.com\/se\/?s={search_term_string}"},"query-input":{"@type":"PropertyValueSpecification","valueRequired":true,"valueName":"search_term_string"}}],"inLanguage":"sv-SE"},{"@type":"Organization","@id":"https:\/\/langeland-lolland.com\/se\/#organization","name":"Langeland Lolland f\u00e4rja","url":"https:\/\/langeland-lolland.com\/se\/","logo":{"@type":"ImageObject","inLanguage":"sv-SE","@id":"https:\/\/langeland-lolland.com\/se\/#\/schema\/logo\/image\/","url":"https:\/\/langeland-lolland.com\/se\/wp-content\/uploads\/sites\/4\/2025\/06\/langeland-lolland-ferry.png","contentUrl":"https:\/\/langeland-lolland.com\/se\/wp-content\/uploads\/sites\/4\/2025\/06\/langeland-lolland-ferry.png","width":750,"height":125,"caption":"Langeland Lolland f\u00e4rja"},"image":{"@id":"https:\/\/langeland-lolland.com\/se\/#\/schema\/logo\/image\/"}}]}},"_links":{"self":[{"href":"https:\/\/langeland-lolland.com\/se\/wp-json\/wp\/v2\/pages\/96","targetHints":{"allow":["GET"]}}],"collection":[{"href":"https:\/\/langeland-lolland.com\/se\/wp-json\/wp\/v2\/pages"}],"about":[{"href":"https:\/\/langeland-lolland.com\/se\/wp-json\/wp\/v2\/types\/page"}],"author":[{"embeddable":true,"href":"https:\/\/langeland-lolland.com\/se\/wp-json\/wp\/v2\/users\/2"}],"replies":[{"embeddable":true,"href":"https:\/\/langeland-lolland.com\/se\/wp-json\/wp\/v2\/comments?post=96"}],"version-history":[{"count":4,"href":"https:\/\/langeland-lolland.com\/se\/wp-json\/wp\/v2\/pages\/96\/revisions"}],"predecessor-version":[{"id":212,"href":"https:\/\/langeland-lolland.com\/se\/wp-json\/wp\/v2\/pages\/96\/revisions\/212"}],"wp:attachment":[{"href":"https:\/\/langeland-lolland.com\/se\/wp-json\/wp\/v2\/media?parent=96"}],"curies":[{"name":"wp","href":"https:\/\/api.w.org\/{rel}","templated":true}]}}