{"id":94,"date":"2024-05-01T09:13:52","date_gmt":"2024-05-01T09:13:52","guid":{"rendered":"https:\/\/langeland-lolland.com\/se\/?page_id=94"},"modified":"2025-07-07T13:58:14","modified_gmt":"2025-07-07T13:58:14","slug":"tars","status":"publish","type":"page","link":"https:\/\/langeland-lolland.com\/se\/tars\/","title":{"rendered":"T\u00e5rs hamn p\u00e5 Lolland, Danmark"},"content":{"rendered":"\n<p>Hamnen i T\u00e5rs ligger p\u00e5 den danska \u00f6n Lollands v\u00e4stkust. Detta \u00e4r ankomst- och avg\u00e5ngsplatsen f\u00f6r f\u00e4rjelinjen med <a href=\"https:\/\/langeland-lolland.com\/se\/spodsbjerg\/\">Spodsbjerg<\/a> p\u00e5 Langeland.<\/p>\n\n\n\n<figure class=\"wp-block-image size-large\"><img fetchpriority=\"high\" decoding=\"async\" width=\"1024\" height=\"683\" src=\"https:\/\/langeland-lolland.com\/se\/wp-content\/uploads\/sites\/4\/2025\/06\/lolland-tars-haven-1024x683.jpg\" alt=\"\" class=\"wp-image-167\" srcset=\"https:\/\/langeland-lolland.com\/se\/wp-content\/uploads\/sites\/4\/2025\/06\/lolland-tars-haven-1024x683.jpg 1024w, https:\/\/langeland-lolland.com\/se\/wp-content\/uploads\/sites\/4\/2025\/06\/lolland-tars-haven-300x200.jpg 300w, https:\/\/langeland-lolland.com\/se\/wp-content\/uploads\/sites\/4\/2025\/06\/lolland-tars-haven-768x512.jpg 768w, https:\/\/langeland-lolland.com\/se\/wp-content\/uploads\/sites\/4\/2025\/06\/lolland-tars-haven.jpg 1200w\" sizes=\"(max-width: 1024px) 100vw, 1024px\" \/><\/figure>\n\n\n\n<h2 class=\"wp-block-heading\" id=\"terminal\">Terminal Langelandslinjen i T\u00e5rs<\/h2>\n\n\n\n<p>I hamnen hittar du terminalen f\u00f6r <a href=\"https:\/\/langeland-lolland.com\/se\/langelandslinjen\/\">Langelandslinjen<\/a>, f\u00e4rjebolaget som erbjuder f\u00e4rje\u00f6verfarten. Se den exakta platsen p\u00e5 kartan nedan.<\/p>\n\n\n<p><iframe src=\"https:\/\/www.google.com\/maps\/embed?pb=!1m18!1m12!1m3!1d1147.7652510802475!2d11.03080148310439!3d54.8760547641307!2m3!1f0!2f0!3f0!3m2!1i1024!2i768!4f13.1!3m3!1m2!1s0x47b2aeed9fb5ffd9%3A0x8f676de90197ae15!2sLangelandsF%C3%A6rgen!5e0!3m2!1snl!2snl!4v1750765386976!5m2!1snl!2snl\" width=\"800\" height=\"450\" style=\"border:0;\" allowfullscreen=\"\" loading=\"lazy\" referrerpolicy=\"no-referrer-when-downgrade\"><\/iframe><\/p>\n\n\n\n<ul class=\"wp-block-list\">\n<li><strong>Adress: <\/strong>Spodsbjergvej 20, 4912 Harpelunde, Danmark<\/li>\n\n\n\n<li><strong>Telefonnummer:<\/strong> +45 70 25 10 25<\/li>\n<\/ul>\n\n\n\n<p>Observera att du b\u00f6r vara i tid f\u00f6r incheckning vid terminalen. Langelandslinjen anger att du ska vara incheckad 15 minuter f\u00f6re avg\u00e5ng. Ta h\u00e4nsyn till <a href=\"https:\/\/langeland-lolland.com\/se\/vaderprognos\/\">v\u00e4derf\u00f6rh\u00e5llandena<\/a> och <a href=\"https:\/\/langeland-lolland.com\/se\/tidtabell\/\">tidtabellen<\/a> och se till att du \u00e4r i tid.<\/p>\n\n\n\n<h2 class=\"wp-block-heading\">Anl\u00e4ggningar i T\u00e5rs hamn<\/h2>\n\n\n\n<p>Tars \u00e4r en liten hamn: det finns lite eller ingenting att g\u00f6ra. Hamnen har f\u00f6ljande grundl\u00e4ggande faciliteter:<\/p>\n\n\n\n<ul class=\"wp-block-list\">\n<li>Toalettbyggnad<\/li>\n\n\n\n<li>Lekplats f\u00f6r barn<\/li>\n\n\n\n<li>Parkeringsplats (korttids- och l\u00e5ngtidsparkering)<\/li>\n<\/ul>\n\n\n\n<h3 class=\"wp-block-heading\">Parkering i hamnen<\/h3>\n\n\n\n<p>G\u00e5r du p\u00e5 t\u00e5get som fotg\u00e4ngare och vill parkera din bil vid T\u00e5rs hamn? Det \u00e4r m\u00f6jligt: \u200b\u200bdet finns en parkeringsplats i n\u00e4rheten p\u00e5 Spodsbjergvej 20 i Harpelunde. <a href=\"https:\/\/maps.app.goo.gl\/BYTsjtL4GePLEMHc9\" target=\"_blank\" rel=\"noreferrer noopener\">Se platsen p\u00e5 Google Maps<\/a>.<\/p>\n\n\n\n<h2 class=\"wp-block-heading\">Tillbringa natten i hamnen?<\/h2>\n\n\n\n<p>Vill du \u00f6vernatta innan du g\u00e5r ombord p\u00e5 f\u00e4rjan? Detta \u00e4r m\u00f6jligt i den n\u00e4rliggande utskeppningshamnen. Det finns en campingplats (plats f\u00f6r 30 personer) och det finns \u00e4ven platser f\u00f6r husbilar (12 platser).<\/p>\n\n\n\n<figure class=\"wp-block-image size-large\"><img decoding=\"async\" width=\"1024\" height=\"683\" src=\"https:\/\/langeland-lolland.com\/se\/wp-content\/uploads\/sites\/4\/2025\/07\/kamperen-camper-tars-haven-1024x683.jpg\" alt=\"\" class=\"wp-image-208\" srcset=\"https:\/\/langeland-lolland.com\/se\/wp-content\/uploads\/sites\/4\/2025\/07\/kamperen-camper-tars-haven-1024x683.jpg 1024w, https:\/\/langeland-lolland.com\/se\/wp-content\/uploads\/sites\/4\/2025\/07\/kamperen-camper-tars-haven-300x200.jpg 300w, https:\/\/langeland-lolland.com\/se\/wp-content\/uploads\/sites\/4\/2025\/07\/kamperen-camper-tars-haven-768x512.jpg 768w, https:\/\/langeland-lolland.com\/se\/wp-content\/uploads\/sites\/4\/2025\/07\/kamperen-camper-tars-haven.jpg 1200w\" sizes=\"(max-width: 1024px) 100vw, 1024px\" \/><\/figure>\n\n\n\n<p>Mer information finns p\u00e5 webbplatsen <a href=\"https:\/\/www.taarshavn.dk\/\" target=\"_blank\" rel=\"noreferrer noopener\">Taarshavn.dk<\/a>.<\/p>\n","protected":false},"excerpt":{"rendered":"<p>Hamnen i T\u00e5rs ligger p\u00e5 den danska \u00f6n Lollands v\u00e4stkust. Detta \u00e4r ankomst- och avg\u00e5ngsplatsen f\u00f6r f\u00e4rjelinjen med Spodsbjerg p\u00e5 [&hellip;]<\/p>\n","protected":false},"author":2,"featured_media":0,"parent":0,"menu_order":0,"comment_status":"closed","ping_status":"closed","template":"","meta":{"inline_featured_image":false,"site-sidebar-layout":"default","site-content-layout":"","ast-site-content-layout":"default","site-content-style":"default","site-sidebar-style":"default","ast-global-header-display":"","ast-banner-title-visibility":"","ast-main-header-display":"","ast-hfb-above-header-display":"","ast-hfb-below-header-display":"","ast-hfb-mobile-header-display":"","site-post-title":"","ast-breadcrumbs-content":"","ast-featured-img":"","footer-sml-layout":"","ast-disable-related-posts":"","theme-transparent-header-meta":"","adv-header-id-meta":"","stick-header-meta":"","header-above-stick-meta":"","header-main-stick-meta":"","header-below-stick-meta":"","astra-migrate-meta-layouts":"default","ast-page-background-enabled":"default","ast-page-background-meta":{"desktop":{"background-color":"var(--ast-global-color-4)","background-image":"","background-repeat":"repeat","background-position":"center center","background-size":"auto","background-attachment":"scroll","background-type":"","background-media":"","overlay-type":"","overlay-color":"","overlay-opacity":"","overlay-gradient":""},"tablet":{"background-color":"","background-image":"","background-repeat":"repeat","background-position":"center center","background-size":"auto","background-attachment":"scroll","background-type":"","background-media":"","overlay-type":"","overlay-color":"","overlay-opacity":"","overlay-gradient":""},"mobile":{"background-color":"","background-image":"","background-repeat":"repeat","background-position":"center center","background-size":"auto","background-attachment":"scroll","background-type":"","background-media":"","overlay-type":"","overlay-color":"","overlay-opacity":"","overlay-gradient":""}},"ast-content-background-meta":{"desktop":{"background-color":"var(--ast-global-color-5)","background-image":"","background-repeat":"repeat","background-position":"center center","background-size":"auto","background-attachment":"scroll","background-type":"","background-media":"","overlay-type":"","overlay-color":"","overlay-opacity":"","overlay-gradient":""},"tablet":{"background-color":"var(--ast-global-color-5)","background-image":"","background-repeat":"repeat","background-position":"center center","background-size":"auto","background-attachment":"scroll","background-type":"","background-media":"","overlay-type":"","overlay-color":"","overlay-opacity":"","overlay-gradient":""},"mobile":{"background-color":"var(--ast-global-color-5)","background-image":"","background-repeat":"repeat","background-position":"center center","background-size":"auto","background-attachment":"scroll","background-type":"","background-media":"","overlay-type":"","overlay-color":"","overlay-opacity":"","overlay-gradient":""}},"footnotes":""},"class_list":["post-94","page","type-page","status-publish","hentry"],"yoast_head":"<!-- This site is optimized with the Yoast SEO plugin v27.4 - https:\/\/yoast.com\/product\/yoast-seo-wordpress\/ -->\n<title>T\u00e5rs hamn (Lolland): terminal, parkering och faciliteter<\/title>\n<meta name=\"description\" content=\"Ta reda p\u00e5 allt om hamnen i T\u00e5rs p\u00e5 Lolland: Langelandslinjens terminal, parkering vid hamnen och faciliteter.\" \/>\n<meta name=\"robots\" content=\"index, follow, max-snippet:-1, max-image-preview:large, max-video-preview:-1\" \/>\n<link rel=\"canonical\" href=\"https:\/\/langeland-lolland.com\/se\/tars\/\" \/>\n<meta property=\"og:locale\" content=\"sv_SE\" \/>\n<meta property=\"og:type\" content=\"article\" \/>\n<meta property=\"og:title\" content=\"T\u00e5rs hamn (Lolland): terminal, parkering och faciliteter\" \/>\n<meta property=\"og:description\" content=\"Ta reda p\u00e5 allt om hamnen i T\u00e5rs p\u00e5 Lolland: Langelandslinjens terminal, parkering vid hamnen och faciliteter.\" \/>\n<meta property=\"og:url\" content=\"https:\/\/langeland-lolland.com\/se\/tars\/\" \/>\n<meta property=\"og:site_name\" content=\"Langeland Lolland f\u00e4rja\" \/>\n<meta property=\"article:modified_time\" content=\"2025-07-07T13:58:14+00:00\" \/>\n<meta property=\"og:image\" content=\"https:\/\/langeland-lolland.com\/se\/wp-content\/uploads\/sites\/4\/2025\/06\/lolland-tars-haven.jpg\" \/>\n\t<meta property=\"og:image:width\" content=\"1200\" \/>\n\t<meta property=\"og:image:height\" content=\"800\" \/>\n\t<meta property=\"og:image:type\" content=\"image\/jpeg\" \/>\n<meta name=\"twitter:card\" content=\"summary_large_image\" \/>\n<meta name=\"twitter:label1\" content=\"Ber\u00e4knad l\u00e4stid\" \/>\n\t<meta name=\"twitter:data1\" content=\"2 minuter\" \/>\n<script type=\"application\/ld+json\" class=\"yoast-schema-graph\">{\"@context\":\"https:\\\/\\\/schema.org\",\"@graph\":[{\"@type\":\"WebPage\",\"@id\":\"https:\\\/\\\/langeland-lolland.com\\\/se\\\/tars\\\/\",\"url\":\"https:\\\/\\\/langeland-lolland.com\\\/se\\\/tars\\\/\",\"name\":\"T\u00e5rs hamn (Lolland): terminal, parkering och faciliteter\",\"isPartOf\":{\"@id\":\"https:\\\/\\\/langeland-lolland.com\\\/se\\\/#website\"},\"primaryImageOfPage\":{\"@id\":\"https:\\\/\\\/langeland-lolland.com\\\/se\\\/tars\\\/#primaryimage\"},\"image\":{\"@id\":\"https:\\\/\\\/langeland-lolland.com\\\/se\\\/tars\\\/#primaryimage\"},\"thumbnailUrl\":\"https:\\\/\\\/langeland-lolland.com\\\/se\\\/wp-content\\\/uploads\\\/sites\\\/4\\\/2025\\\/06\\\/lolland-tars-haven-1024x683.jpg\",\"datePublished\":\"2024-05-01T09:13:52+00:00\",\"dateModified\":\"2025-07-07T13:58:14+00:00\",\"description\":\"Ta reda p\u00e5 allt om hamnen i T\u00e5rs p\u00e5 Lolland: Langelandslinjens terminal, parkering vid hamnen och faciliteter.\",\"breadcrumb\":{\"@id\":\"https:\\\/\\\/langeland-lolland.com\\\/se\\\/tars\\\/#breadcrumb\"},\"inLanguage\":\"sv-SE\",\"potentialAction\":[{\"@type\":\"ReadAction\",\"target\":[\"https:\\\/\\\/langeland-lolland.com\\\/se\\\/tars\\\/\"]}]},{\"@type\":\"ImageObject\",\"inLanguage\":\"sv-SE\",\"@id\":\"https:\\\/\\\/langeland-lolland.com\\\/se\\\/tars\\\/#primaryimage\",\"url\":\"https:\\\/\\\/langeland-lolland.com\\\/se\\\/wp-content\\\/uploads\\\/sites\\\/4\\\/2025\\\/06\\\/lolland-tars-haven.jpg\",\"contentUrl\":\"https:\\\/\\\/langeland-lolland.com\\\/se\\\/wp-content\\\/uploads\\\/sites\\\/4\\\/2025\\\/06\\\/lolland-tars-haven.jpg\",\"width\":1200,\"height\":800},{\"@type\":\"BreadcrumbList\",\"@id\":\"https:\\\/\\\/langeland-lolland.com\\\/se\\\/tars\\\/#breadcrumb\",\"itemListElement\":[{\"@type\":\"ListItem\",\"position\":1,\"name\":\"Home\",\"item\":\"https:\\\/\\\/langeland-lolland.com\\\/se\\\/\"},{\"@type\":\"ListItem\",\"position\":2,\"name\":\"T\u00e5rs hamn p\u00e5 Lolland, Danmark\"}]},{\"@type\":\"WebSite\",\"@id\":\"https:\\\/\\\/langeland-lolland.com\\\/se\\\/#website\",\"url\":\"https:\\\/\\\/langeland-lolland.com\\\/se\\\/\",\"name\":\"Langeland Lolland f\u00e4rja\",\"description\":\"\",\"publisher\":{\"@id\":\"https:\\\/\\\/langeland-lolland.com\\\/se\\\/#organization\"},\"potentialAction\":[{\"@type\":\"SearchAction\",\"target\":{\"@type\":\"EntryPoint\",\"urlTemplate\":\"https:\\\/\\\/langeland-lolland.com\\\/se\\\/?s={search_term_string}\"},\"query-input\":{\"@type\":\"PropertyValueSpecification\",\"valueRequired\":true,\"valueName\":\"search_term_string\"}}],\"inLanguage\":\"sv-SE\"},{\"@type\":\"Organization\",\"@id\":\"https:\\\/\\\/langeland-lolland.com\\\/se\\\/#organization\",\"name\":\"Langeland Lolland f\u00e4rja\",\"url\":\"https:\\\/\\\/langeland-lolland.com\\\/se\\\/\",\"logo\":{\"@type\":\"ImageObject\",\"inLanguage\":\"sv-SE\",\"@id\":\"https:\\\/\\\/langeland-lolland.com\\\/se\\\/#\\\/schema\\\/logo\\\/image\\\/\",\"url\":\"https:\\\/\\\/langeland-lolland.com\\\/se\\\/wp-content\\\/uploads\\\/sites\\\/4\\\/2025\\\/06\\\/langeland-lolland-ferry.png\",\"contentUrl\":\"https:\\\/\\\/langeland-lolland.com\\\/se\\\/wp-content\\\/uploads\\\/sites\\\/4\\\/2025\\\/06\\\/langeland-lolland-ferry.png\",\"width\":750,\"height\":125,\"caption\":\"Langeland Lolland f\u00e4rja\"},\"image\":{\"@id\":\"https:\\\/\\\/langeland-lolland.com\\\/se\\\/#\\\/schema\\\/logo\\\/image\\\/\"}}]}<\/script>\n<!-- \/ Yoast SEO plugin. -->","yoast_head_json":{"title":"T\u00e5rs hamn (Lolland): terminal, parkering och faciliteter","description":"Ta reda p\u00e5 allt om hamnen i T\u00e5rs p\u00e5 Lolland: Langelandslinjens terminal, parkering vid hamnen och faciliteter.","robots":{"index":"index","follow":"follow","max-snippet":"max-snippet:-1","max-image-preview":"max-image-preview:large","max-video-preview":"max-video-preview:-1"},"canonical":"https:\/\/langeland-lolland.com\/se\/tars\/","og_locale":"sv_SE","og_type":"article","og_title":"T\u00e5rs hamn (Lolland): terminal, parkering och faciliteter","og_description":"Ta reda p\u00e5 allt om hamnen i T\u00e5rs p\u00e5 Lolland: Langelandslinjens terminal, parkering vid hamnen och faciliteter.","og_url":"https:\/\/langeland-lolland.com\/se\/tars\/","og_site_name":"Langeland Lolland f\u00e4rja","article_modified_time":"2025-07-07T13:58:14+00:00","og_image":[{"width":1200,"height":800,"url":"https:\/\/langeland-lolland.com\/se\/wp-content\/uploads\/sites\/4\/2025\/06\/lolland-tars-haven.jpg","type":"image\/jpeg"}],"twitter_card":"summary_large_image","twitter_misc":{"Ber\u00e4knad l\u00e4stid":"2 minuter"},"schema":{"@context":"https:\/\/schema.org","@graph":[{"@type":"WebPage","@id":"https:\/\/langeland-lolland.com\/se\/tars\/","url":"https:\/\/langeland-lolland.com\/se\/tars\/","name":"T\u00e5rs hamn (Lolland): terminal, parkering och faciliteter","isPartOf":{"@id":"https:\/\/langeland-lolland.com\/se\/#website"},"primaryImageOfPage":{"@id":"https:\/\/langeland-lolland.com\/se\/tars\/#primaryimage"},"image":{"@id":"https:\/\/langeland-lolland.com\/se\/tars\/#primaryimage"},"thumbnailUrl":"https:\/\/langeland-lolland.com\/se\/wp-content\/uploads\/sites\/4\/2025\/06\/lolland-tars-haven-1024x683.jpg","datePublished":"2024-05-01T09:13:52+00:00","dateModified":"2025-07-07T13:58:14+00:00","description":"Ta reda p\u00e5 allt om hamnen i T\u00e5rs p\u00e5 Lolland: Langelandslinjens terminal, parkering vid hamnen och faciliteter.","breadcrumb":{"@id":"https:\/\/langeland-lolland.com\/se\/tars\/#breadcrumb"},"inLanguage":"sv-SE","potentialAction":[{"@type":"ReadAction","target":["https:\/\/langeland-lolland.com\/se\/tars\/"]}]},{"@type":"ImageObject","inLanguage":"sv-SE","@id":"https:\/\/langeland-lolland.com\/se\/tars\/#primaryimage","url":"https:\/\/langeland-lolland.com\/se\/wp-content\/uploads\/sites\/4\/2025\/06\/lolland-tars-haven.jpg","contentUrl":"https:\/\/langeland-lolland.com\/se\/wp-content\/uploads\/sites\/4\/2025\/06\/lolland-tars-haven.jpg","width":1200,"height":800},{"@type":"BreadcrumbList","@id":"https:\/\/langeland-lolland.com\/se\/tars\/#breadcrumb","itemListElement":[{"@type":"ListItem","position":1,"name":"Home","item":"https:\/\/langeland-lolland.com\/se\/"},{"@type":"ListItem","position":2,"name":"T\u00e5rs hamn p\u00e5 Lolland, Danmark"}]},{"@type":"WebSite","@id":"https:\/\/langeland-lolland.com\/se\/#website","url":"https:\/\/langeland-lolland.com\/se\/","name":"Langeland Lolland f\u00e4rja","description":"","publisher":{"@id":"https:\/\/langeland-lolland.com\/se\/#organization"},"potentialAction":[{"@type":"SearchAction","target":{"@type":"EntryPoint","urlTemplate":"https:\/\/langeland-lolland.com\/se\/?s={search_term_string}"},"query-input":{"@type":"PropertyValueSpecification","valueRequired":true,"valueName":"search_term_string"}}],"inLanguage":"sv-SE"},{"@type":"Organization","@id":"https:\/\/langeland-lolland.com\/se\/#organization","name":"Langeland Lolland f\u00e4rja","url":"https:\/\/langeland-lolland.com\/se\/","logo":{"@type":"ImageObject","inLanguage":"sv-SE","@id":"https:\/\/langeland-lolland.com\/se\/#\/schema\/logo\/image\/","url":"https:\/\/langeland-lolland.com\/se\/wp-content\/uploads\/sites\/4\/2025\/06\/langeland-lolland-ferry.png","contentUrl":"https:\/\/langeland-lolland.com\/se\/wp-content\/uploads\/sites\/4\/2025\/06\/langeland-lolland-ferry.png","width":750,"height":125,"caption":"Langeland Lolland f\u00e4rja"},"image":{"@id":"https:\/\/langeland-lolland.com\/se\/#\/schema\/logo\/image\/"}}]}},"_links":{"self":[{"href":"https:\/\/langeland-lolland.com\/se\/wp-json\/wp\/v2\/pages\/94","targetHints":{"allow":["GET"]}}],"collection":[{"href":"https:\/\/langeland-lolland.com\/se\/wp-json\/wp\/v2\/pages"}],"about":[{"href":"https:\/\/langeland-lolland.com\/se\/wp-json\/wp\/v2\/types\/page"}],"author":[{"embeddable":true,"href":"https:\/\/langeland-lolland.com\/se\/wp-json\/wp\/v2\/users\/2"}],"replies":[{"embeddable":true,"href":"https:\/\/langeland-lolland.com\/se\/wp-json\/wp\/v2\/comments?post=94"}],"version-history":[{"count":5,"href":"https:\/\/langeland-lolland.com\/se\/wp-json\/wp\/v2\/pages\/94\/revisions"}],"predecessor-version":[{"id":209,"href":"https:\/\/langeland-lolland.com\/se\/wp-json\/wp\/v2\/pages\/94\/revisions\/209"}],"wp:attachment":[{"href":"https:\/\/langeland-lolland.com\/se\/wp-json\/wp\/v2\/media?parent=94"}],"curies":[{"name":"wp","href":"https:\/\/api.w.org\/{rel}","templated":true}]}}