{"id":144,"date":"2024-05-01T12:22:04","date_gmt":"2024-05-01T12:22:04","guid":{"rendered":"https:\/\/langeland-lolland.com\/se\/?page_id=144"},"modified":"2025-07-07T13:46:11","modified_gmt":"2025-07-07T13:46:11","slug":"avtryck","status":"publish","type":"page","link":"https:\/\/langeland-lolland.com\/se\/avtryck\/","title":{"rendered":"Avtryck"},"content":{"rendered":"\n<p>Imprint Langeland-Lolland.com<\/p>\n\n\n\n<h2 class=\"wp-block-heading\">F\u00f6retagsinformation<\/h2>\n\n\n\n<p><strong>Langeland-Lolland.com<\/strong><br><strong>Handelskammarens nummer:<\/strong> 76725170<\/p>\n\n\n\n<h2 class=\"wp-block-heading\">Adress<\/h2>\n\n\n\n<p>Energieweg 39<br>2421 LX Nieuwkoop<br>Nederl\u00e4nderna<\/p>\n\n\n\n<h2 class=\"wp-block-heading\">Direkt\u00f6rer<\/h2>\n\n\n\n<p>B. Tigchelaar<\/p>\n\n\n\n<h2 class=\"wp-block-heading\">Kontakt<\/h2>\n\n\n\n<ul class=\"wp-block-list\">\n<li><a href=\"https:\/\/langeland-lolland.com\/se\/om-oss\/\">Kontaktformul\u00e4r<\/a><\/li>\n<\/ul>\n","protected":false},"excerpt":{"rendered":"<p>Imprint Langeland-Lolland.com F\u00f6retagsinformation Langeland-Lolland.comHandelskammarens nummer: 76725170 Adress Energieweg 392421 LX NieuwkoopNederl\u00e4nderna Direkt\u00f6rer B. Tigchelaar Kontakt<\/p>\n","protected":false},"author":2,"featured_media":0,"parent":0,"menu_order":0,"comment_status":"closed","ping_status":"closed","template":"","meta":{"inline_featured_image":false,"site-sidebar-layout":"default","site-content-layout":"","ast-site-content-layout":"default","site-content-style":"default","site-sidebar-style":"default","ast-global-header-display":"","ast-banner-title-visibility":"","ast-main-header-display":"","ast-hfb-above-header-display":"","ast-hfb-below-header-display":"","ast-hfb-mobile-header-display":"","site-post-title":"","ast-breadcrumbs-content":"","ast-featured-img":"","footer-sml-layout":"","ast-disable-related-posts":"","theme-transparent-header-meta":"","adv-header-id-meta":"","stick-header-meta":"","header-above-stick-meta":"","header-main-stick-meta":"","header-below-stick-meta":"","astra-migrate-meta-layouts":"default","ast-page-background-enabled":"default","ast-page-background-meta":{"desktop":{"background-color":"var(--ast-global-color-4)","background-image":"","background-repeat":"repeat","background-position":"center center","background-size":"auto","background-attachment":"scroll","background-type":"","background-media":"","overlay-type":"","overlay-color":"","overlay-opacity":"","overlay-gradient":""},"tablet":{"background-color":"","background-image":"","background-repeat":"repeat","background-position":"center center","background-size":"auto","background-attachment":"scroll","background-type":"","background-media":"","overlay-type":"","overlay-color":"","overlay-opacity":"","overlay-gradient":""},"mobile":{"background-color":"","background-image":"","background-repeat":"repeat","background-position":"center center","background-size":"auto","background-attachment":"scroll","background-type":"","background-media":"","overlay-type":"","overlay-color":"","overlay-opacity":"","overlay-gradient":""}},"ast-content-background-meta":{"desktop":{"background-color":"var(--ast-global-color-5)","background-image":"","background-repeat":"repeat","background-position":"center center","background-size":"auto","background-attachment":"scroll","background-type":"","background-media":"","overlay-type":"","overlay-color":"","overlay-opacity":"","overlay-gradient":""},"tablet":{"background-color":"var(--ast-global-color-5)","background-image":"","background-repeat":"repeat","background-position":"center center","background-size":"auto","background-attachment":"scroll","background-type":"","background-media":"","overlay-type":"","overlay-color":"","overlay-opacity":"","overlay-gradient":""},"mobile":{"background-color":"var(--ast-global-color-5)","background-image":"","background-repeat":"repeat","background-position":"center center","background-size":"auto","background-attachment":"scroll","background-type":"","background-media":"","overlay-type":"","overlay-color":"","overlay-opacity":"","overlay-gradient":""}},"footnotes":""},"class_list":["post-144","page","type-page","status-publish","hentry"],"yoast_head":"<!-- This site is optimized with the Yoast SEO plugin v27.4 - https:\/\/yoast.com\/product\/yoast-seo-wordpress\/ -->\n<title>Avtryck - Langeland Lolland f\u00e4rja<\/title>\n<meta name=\"description\" content=\"L\u00e4s mer om Langeland-Lolland.com och den ansvariga personen i impressumet.\" \/>\n<meta name=\"robots\" content=\"index, follow, max-snippet:-1, max-image-preview:large, max-video-preview:-1\" \/>\n<link rel=\"canonical\" href=\"https:\/\/langeland-lolland.com\/se\/avtryck\/\" \/>\n<meta property=\"og:locale\" content=\"sv_SE\" \/>\n<meta property=\"og:type\" content=\"article\" \/>\n<meta property=\"og:title\" content=\"Avtryck - Langeland Lolland f\u00e4rja\" \/>\n<meta property=\"og:description\" content=\"L\u00e4s mer om Langeland-Lolland.com och den ansvariga personen i impressumet.\" \/>\n<meta property=\"og:url\" content=\"https:\/\/langeland-lolland.com\/se\/avtryck\/\" \/>\n<meta property=\"og:site_name\" content=\"Langeland Lolland f\u00e4rja\" \/>\n<meta property=\"article:modified_time\" content=\"2025-07-07T13:46:11+00:00\" \/>\n<meta name=\"twitter:card\" content=\"summary_large_image\" \/>\n<meta name=\"twitter:label1\" content=\"Ber\u00e4knad l\u00e4stid\" \/>\n\t<meta name=\"twitter:data1\" content=\"1 minut\" \/>\n<script type=\"application\/ld+json\" class=\"yoast-schema-graph\">{\"@context\":\"https:\\\/\\\/schema.org\",\"@graph\":[{\"@type\":\"WebPage\",\"@id\":\"https:\\\/\\\/langeland-lolland.com\\\/se\\\/avtryck\\\/\",\"url\":\"https:\\\/\\\/langeland-lolland.com\\\/se\\\/avtryck\\\/\",\"name\":\"Avtryck - Langeland Lolland f\u00e4rja\",\"isPartOf\":{\"@id\":\"https:\\\/\\\/langeland-lolland.com\\\/se\\\/#website\"},\"datePublished\":\"2024-05-01T12:22:04+00:00\",\"dateModified\":\"2025-07-07T13:46:11+00:00\",\"description\":\"L\u00e4s mer om Langeland-Lolland.com och den ansvariga personen i impressumet.\",\"breadcrumb\":{\"@id\":\"https:\\\/\\\/langeland-lolland.com\\\/se\\\/avtryck\\\/#breadcrumb\"},\"inLanguage\":\"sv-SE\",\"potentialAction\":[{\"@type\":\"ReadAction\",\"target\":[\"https:\\\/\\\/langeland-lolland.com\\\/se\\\/avtryck\\\/\"]}]},{\"@type\":\"BreadcrumbList\",\"@id\":\"https:\\\/\\\/langeland-lolland.com\\\/se\\\/avtryck\\\/#breadcrumb\",\"itemListElement\":[{\"@type\":\"ListItem\",\"position\":1,\"name\":\"Home\",\"item\":\"https:\\\/\\\/langeland-lolland.com\\\/se\\\/\"},{\"@type\":\"ListItem\",\"position\":2,\"name\":\"Avtryck\"}]},{\"@type\":\"WebSite\",\"@id\":\"https:\\\/\\\/langeland-lolland.com\\\/se\\\/#website\",\"url\":\"https:\\\/\\\/langeland-lolland.com\\\/se\\\/\",\"name\":\"Langeland Lolland f\u00e4rja\",\"description\":\"\",\"publisher\":{\"@id\":\"https:\\\/\\\/langeland-lolland.com\\\/se\\\/#organization\"},\"potentialAction\":[{\"@type\":\"SearchAction\",\"target\":{\"@type\":\"EntryPoint\",\"urlTemplate\":\"https:\\\/\\\/langeland-lolland.com\\\/se\\\/?s={search_term_string}\"},\"query-input\":{\"@type\":\"PropertyValueSpecification\",\"valueRequired\":true,\"valueName\":\"search_term_string\"}}],\"inLanguage\":\"sv-SE\"},{\"@type\":\"Organization\",\"@id\":\"https:\\\/\\\/langeland-lolland.com\\\/se\\\/#organization\",\"name\":\"Langeland Lolland f\u00e4rja\",\"url\":\"https:\\\/\\\/langeland-lolland.com\\\/se\\\/\",\"logo\":{\"@type\":\"ImageObject\",\"inLanguage\":\"sv-SE\",\"@id\":\"https:\\\/\\\/langeland-lolland.com\\\/se\\\/#\\\/schema\\\/logo\\\/image\\\/\",\"url\":\"https:\\\/\\\/langeland-lolland.com\\\/se\\\/wp-content\\\/uploads\\\/sites\\\/4\\\/2025\\\/06\\\/langeland-lolland-ferry.png\",\"contentUrl\":\"https:\\\/\\\/langeland-lolland.com\\\/se\\\/wp-content\\\/uploads\\\/sites\\\/4\\\/2025\\\/06\\\/langeland-lolland-ferry.png\",\"width\":750,\"height\":125,\"caption\":\"Langeland Lolland f\u00e4rja\"},\"image\":{\"@id\":\"https:\\\/\\\/langeland-lolland.com\\\/se\\\/#\\\/schema\\\/logo\\\/image\\\/\"}}]}<\/script>\n<!-- \/ Yoast SEO plugin. -->","yoast_head_json":{"title":"Avtryck - Langeland Lolland f\u00e4rja","description":"L\u00e4s mer om Langeland-Lolland.com och den ansvariga personen i impressumet.","robots":{"index":"index","follow":"follow","max-snippet":"max-snippet:-1","max-image-preview":"max-image-preview:large","max-video-preview":"max-video-preview:-1"},"canonical":"https:\/\/langeland-lolland.com\/se\/avtryck\/","og_locale":"sv_SE","og_type":"article","og_title":"Avtryck - Langeland Lolland f\u00e4rja","og_description":"L\u00e4s mer om Langeland-Lolland.com och den ansvariga personen i impressumet.","og_url":"https:\/\/langeland-lolland.com\/se\/avtryck\/","og_site_name":"Langeland Lolland f\u00e4rja","article_modified_time":"2025-07-07T13:46:11+00:00","twitter_card":"summary_large_image","twitter_misc":{"Ber\u00e4knad l\u00e4stid":"1 minut"},"schema":{"@context":"https:\/\/schema.org","@graph":[{"@type":"WebPage","@id":"https:\/\/langeland-lolland.com\/se\/avtryck\/","url":"https:\/\/langeland-lolland.com\/se\/avtryck\/","name":"Avtryck - Langeland Lolland f\u00e4rja","isPartOf":{"@id":"https:\/\/langeland-lolland.com\/se\/#website"},"datePublished":"2024-05-01T12:22:04+00:00","dateModified":"2025-07-07T13:46:11+00:00","description":"L\u00e4s mer om Langeland-Lolland.com och den ansvariga personen i impressumet.","breadcrumb":{"@id":"https:\/\/langeland-lolland.com\/se\/avtryck\/#breadcrumb"},"inLanguage":"sv-SE","potentialAction":[{"@type":"ReadAction","target":["https:\/\/langeland-lolland.com\/se\/avtryck\/"]}]},{"@type":"BreadcrumbList","@id":"https:\/\/langeland-lolland.com\/se\/avtryck\/#breadcrumb","itemListElement":[{"@type":"ListItem","position":1,"name":"Home","item":"https:\/\/langeland-lolland.com\/se\/"},{"@type":"ListItem","position":2,"name":"Avtryck"}]},{"@type":"WebSite","@id":"https:\/\/langeland-lolland.com\/se\/#website","url":"https:\/\/langeland-lolland.com\/se\/","name":"Langeland Lolland f\u00e4rja","description":"","publisher":{"@id":"https:\/\/langeland-lolland.com\/se\/#organization"},"potentialAction":[{"@type":"SearchAction","target":{"@type":"EntryPoint","urlTemplate":"https:\/\/langeland-lolland.com\/se\/?s={search_term_string}"},"query-input":{"@type":"PropertyValueSpecification","valueRequired":true,"valueName":"search_term_string"}}],"inLanguage":"sv-SE"},{"@type":"Organization","@id":"https:\/\/langeland-lolland.com\/se\/#organization","name":"Langeland Lolland f\u00e4rja","url":"https:\/\/langeland-lolland.com\/se\/","logo":{"@type":"ImageObject","inLanguage":"sv-SE","@id":"https:\/\/langeland-lolland.com\/se\/#\/schema\/logo\/image\/","url":"https:\/\/langeland-lolland.com\/se\/wp-content\/uploads\/sites\/4\/2025\/06\/langeland-lolland-ferry.png","contentUrl":"https:\/\/langeland-lolland.com\/se\/wp-content\/uploads\/sites\/4\/2025\/06\/langeland-lolland-ferry.png","width":750,"height":125,"caption":"Langeland Lolland f\u00e4rja"},"image":{"@id":"https:\/\/langeland-lolland.com\/se\/#\/schema\/logo\/image\/"}}]}},"_links":{"self":[{"href":"https:\/\/langeland-lolland.com\/se\/wp-json\/wp\/v2\/pages\/144","targetHints":{"allow":["GET"]}}],"collection":[{"href":"https:\/\/langeland-lolland.com\/se\/wp-json\/wp\/v2\/pages"}],"about":[{"href":"https:\/\/langeland-lolland.com\/se\/wp-json\/wp\/v2\/types\/page"}],"author":[{"embeddable":true,"href":"https:\/\/langeland-lolland.com\/se\/wp-json\/wp\/v2\/users\/2"}],"replies":[{"embeddable":true,"href":"https:\/\/langeland-lolland.com\/se\/wp-json\/wp\/v2\/comments?post=144"}],"version-history":[{"count":2,"href":"https:\/\/langeland-lolland.com\/se\/wp-json\/wp\/v2\/pages\/144\/revisions"}],"predecessor-version":[{"id":200,"href":"https:\/\/langeland-lolland.com\/se\/wp-json\/wp\/v2\/pages\/144\/revisions\/200"}],"wp:attachment":[{"href":"https:\/\/langeland-lolland.com\/se\/wp-json\/wp\/v2\/media?parent=144"}],"curies":[{"name":"wp","href":"https:\/\/api.w.org\/{rel}","templated":true}]}}