{"id":137,"date":"2024-05-01T12:17:07","date_gmt":"2024-05-01T12:17:07","guid":{"rendered":"https:\/\/langeland-lolland.com\/se\/?page_id=137"},"modified":"2025-07-07T13:48:42","modified_gmt":"2025-07-07T13:48:42","slug":"om-oss","status":"publish","type":"page","link":"https:\/\/langeland-lolland.com\/se\/om-oss\/","title":{"rendered":"Om oss"},"content":{"rendered":"\n<p>P\u00e5 webbplatsen <a href=\"\/se\/\">Langeland-Lolland.com<\/a> hittar du information och tips f\u00f6r att ta f\u00e4rjan fr\u00e5n Spodsbjerg till T\u00e5rs.<\/p>\n\n\n\n<h2 class=\"wp-block-heading\">Oberoende<\/h2>\n\n\n\n<p>I skrivande stund finns det ett f\u00e4rjebolag som trafikerar rutten mellan <a href=\"https:\/\/langeland-lolland.com\/se\/spodsbjerg\/\">Spodsbjerg hamn<\/a> och <a href=\"https:\/\/langeland-lolland.com\/se\/tars\/\">T\u00e5rs hamn<\/a>: <a href=\"https:\/\/langeland-lolland.com\/se\/langelandslinjen\/\">Langelandslinjen<\/a>. Det \u00e4r bra att betona att vi inte sj\u00e4lva s\u00e4ljer biljetter och d\u00e4rf\u00f6r inte tillhandah\u00e5ller f\u00e4rjeresor.<\/p>\n\n\n\n<h3 class=\"wp-block-heading\">Ers\u00e4ttningar<\/h3>\n\n\n\n<p>Vi samarbetar med parter som <a href=\"\/se\/go\/df\" target=\"_blank\" rel=\"noreferrer noopener\">DirectFerries.com<\/a> f\u00f6r att hj\u00e4lpa dig boka biljetter f\u00f6r tillf\u00e4llet. Om du slutligen bokar en f\u00e4rjebiljett via v\u00e5r webbplats kan vi f\u00e5 ers\u00e4ttning f\u00f6r detta.<\/p>\n\n\n\n<h2 class=\"wp-block-heading\">Fr\u00e5gor eller f\u00f6rslag?<\/h2>\n\n\n\n<p>Har du n\u00e5gra fr\u00e5gor om v\u00e5r strategi, f\u00f6rslag p\u00e5 v\u00e5r webbplats eller vill du komma i kontakt med oss \u200b\u200bav n\u00e5gon annan anledning? Kontakta oss bara via kontaktformul\u00e4ret nedan.<\/p>\n\n\n\n<div class=\"wpcf7 no-js\" id=\"wpcf7-f139-o1\" lang=\"en-US\" dir=\"ltr\" data-wpcf7-id=\"139\">\n<div class=\"screen-reader-response\"><p role=\"status\" aria-live=\"polite\" aria-atomic=\"true\"><\/p> <ul><\/ul><\/div>\n<form action=\"\/se\/wp-json\/wp\/v2\/pages\/137#wpcf7-f139-o1\" method=\"post\" class=\"wpcf7-form init\" aria-label=\"Contact form\" novalidate=\"novalidate\" data-status=\"init\">\n<fieldset class=\"hidden-fields-container\"><input type=\"hidden\" name=\"_wpcf7\" value=\"139\" \/><input type=\"hidden\" name=\"_wpcf7_version\" value=\"6.1\" \/><input type=\"hidden\" name=\"_wpcf7_locale\" value=\"en_US\" \/><input type=\"hidden\" name=\"_wpcf7_unit_tag\" value=\"wpcf7-f139-o1\" \/><input type=\"hidden\" name=\"_wpcf7_container_post\" value=\"0\" \/><input type=\"hidden\" name=\"_wpcf7_posted_data_hash\" value=\"\" \/>\n<\/fieldset>\n<p><label> Namn<br \/>\n<span class=\"wpcf7-form-control-wrap\" data-name=\"your-name\"><input size=\"40\" maxlength=\"400\" class=\"wpcf7-form-control wpcf7-text wpcf7-validates-as-required\" autocomplete=\"name\" aria-required=\"true\" aria-invalid=\"false\" value=\"\" type=\"text\" name=\"your-name\" \/><\/span> <\/label>\n<\/p>\n<p><label> E-postadress<br \/>\n<span class=\"wpcf7-form-control-wrap\" data-name=\"your-email\"><input size=\"40\" maxlength=\"400\" class=\"wpcf7-form-control wpcf7-email wpcf7-validates-as-required wpcf7-text wpcf7-validates-as-email\" autocomplete=\"email\" aria-required=\"true\" aria-invalid=\"false\" value=\"\" type=\"email\" name=\"your-email\" \/><\/span> <\/label>\n<\/p>\n<p><label> Meddelande (optional)<br \/>\n<span class=\"wpcf7-form-control-wrap\" data-name=\"your-message\"><textarea cols=\"40\" rows=\"10\" maxlength=\"2000\" class=\"wpcf7-form-control wpcf7-textarea wpcf7-validates-as-required\" aria-required=\"true\" aria-invalid=\"false\" name=\"your-message\"><\/textarea><\/span> <\/label>\n<\/p>\n<p><input class=\"wpcf7-form-control wpcf7-submit has-spinner\" type=\"submit\" value=\"Att styra\" \/>\n<\/p><div class=\"wpcf7-response-output\" aria-hidden=\"true\"><\/div>\n<\/form>\n<\/div>\n\n\n\n\n<p>Genom att skicka ett meddelande via kontaktformul\u00e4ret ovan godk\u00e4nner du v\u00e5r <a href=\"https:\/\/langeland-lolland.com\/se\/sekretesspolicy\/\">integritetspolicy<\/a>.<\/p>\n","protected":false},"excerpt":{"rendered":"<p>P\u00e5 webbplatsen Langeland-Lolland.com hittar du information och tips f\u00f6r att ta f\u00e4rjan fr\u00e5n Spodsbjerg till T\u00e5rs. Oberoende I skrivande stund [&hellip;]<\/p>\n","protected":false},"author":2,"featured_media":0,"parent":0,"menu_order":0,"comment_status":"closed","ping_status":"closed","template":"","meta":{"inline_featured_image":false,"site-sidebar-layout":"default","site-content-layout":"","ast-site-content-layout":"default","site-content-style":"default","site-sidebar-style":"default","ast-global-header-display":"","ast-banner-title-visibility":"","ast-main-header-display":"","ast-hfb-above-header-display":"","ast-hfb-below-header-display":"","ast-hfb-mobile-header-display":"","site-post-title":"","ast-breadcrumbs-content":"","ast-featured-img":"","footer-sml-layout":"","ast-disable-related-posts":"","theme-transparent-header-meta":"","adv-header-id-meta":"","stick-header-meta":"","header-above-stick-meta":"","header-main-stick-meta":"","header-below-stick-meta":"","astra-migrate-meta-layouts":"default","ast-page-background-enabled":"default","ast-page-background-meta":{"desktop":{"background-color":"var(--ast-global-color-4)","background-image":"","background-repeat":"repeat","background-position":"center center","background-size":"auto","background-attachment":"scroll","background-type":"","background-media":"","overlay-type":"","overlay-color":"","overlay-opacity":"","overlay-gradient":""},"tablet":{"background-color":"","background-image":"","background-repeat":"repeat","background-position":"center center","background-size":"auto","background-attachment":"scroll","background-type":"","background-media":"","overlay-type":"","overlay-color":"","overlay-opacity":"","overlay-gradient":""},"mobile":{"background-color":"","background-image":"","background-repeat":"repeat","background-position":"center center","background-size":"auto","background-attachment":"scroll","background-type":"","background-media":"","overlay-type":"","overlay-color":"","overlay-opacity":"","overlay-gradient":""}},"ast-content-background-meta":{"desktop":{"background-color":"var(--ast-global-color-5)","background-image":"","background-repeat":"repeat","background-position":"center center","background-size":"auto","background-attachment":"scroll","background-type":"","background-media":"","overlay-type":"","overlay-color":"","overlay-opacity":"","overlay-gradient":""},"tablet":{"background-color":"var(--ast-global-color-5)","background-image":"","background-repeat":"repeat","background-position":"center center","background-size":"auto","background-attachment":"scroll","background-type":"","background-media":"","overlay-type":"","overlay-color":"","overlay-opacity":"","overlay-gradient":""},"mobile":{"background-color":"var(--ast-global-color-5)","background-image":"","background-repeat":"repeat","background-position":"center center","background-size":"auto","background-attachment":"scroll","background-type":"","background-media":"","overlay-type":"","overlay-color":"","overlay-opacity":"","overlay-gradient":""}},"footnotes":""},"class_list":["post-137","page","type-page","status-publish","hentry"],"yoast_head":"<!-- This site is optimized with the Yoast SEO plugin v27.4 - https:\/\/yoast.com\/product\/yoast-seo-wordpress\/ -->\n<title>Om oss - Langeland Lolland f\u00e4rja<\/title>\n<meta name=\"description\" content=\"Uppt\u00e4ck syftet med denna webbplats med information om f\u00e4rje\u00f6verfarten mellan Langeland och Lolland.\" \/>\n<meta name=\"robots\" content=\"index, follow, max-snippet:-1, max-image-preview:large, max-video-preview:-1\" \/>\n<link rel=\"canonical\" href=\"https:\/\/langeland-lolland.com\/se\/om-oss\/\" \/>\n<meta property=\"og:locale\" content=\"sv_SE\" \/>\n<meta property=\"og:type\" content=\"article\" \/>\n<meta property=\"og:title\" content=\"Om oss - Langeland Lolland f\u00e4rja\" \/>\n<meta property=\"og:description\" content=\"Uppt\u00e4ck syftet med denna webbplats med information om f\u00e4rje\u00f6verfarten mellan Langeland och Lolland.\" \/>\n<meta property=\"og:url\" content=\"https:\/\/langeland-lolland.com\/se\/om-oss\/\" \/>\n<meta property=\"og:site_name\" content=\"Langeland Lolland f\u00e4rja\" \/>\n<meta property=\"article:modified_time\" content=\"2025-07-07T13:48:42+00:00\" \/>\n<meta name=\"twitter:card\" content=\"summary_large_image\" \/>\n<meta name=\"twitter:label1\" content=\"Ber\u00e4knad l\u00e4stid\" \/>\n\t<meta name=\"twitter:data1\" content=\"1 minut\" \/>\n<script type=\"application\/ld+json\" class=\"yoast-schema-graph\">{\"@context\":\"https:\\\/\\\/schema.org\",\"@graph\":[{\"@type\":[\"WebPage\",\"AboutPage\"],\"@id\":\"https:\\\/\\\/langeland-lolland.com\\\/se\\\/om-oss\\\/\",\"url\":\"https:\\\/\\\/langeland-lolland.com\\\/se\\\/om-oss\\\/\",\"name\":\"Om oss - Langeland Lolland f\u00e4rja\",\"isPartOf\":{\"@id\":\"https:\\\/\\\/langeland-lolland.com\\\/se\\\/#website\"},\"datePublished\":\"2024-05-01T12:17:07+00:00\",\"dateModified\":\"2025-07-07T13:48:42+00:00\",\"description\":\"Uppt\u00e4ck syftet med denna webbplats med information om f\u00e4rje\u00f6verfarten mellan Langeland och Lolland.\",\"breadcrumb\":{\"@id\":\"https:\\\/\\\/langeland-lolland.com\\\/se\\\/om-oss\\\/#breadcrumb\"},\"inLanguage\":\"sv-SE\",\"potentialAction\":[{\"@type\":\"ReadAction\",\"target\":[\"https:\\\/\\\/langeland-lolland.com\\\/se\\\/om-oss\\\/\"]}]},{\"@type\":\"BreadcrumbList\",\"@id\":\"https:\\\/\\\/langeland-lolland.com\\\/se\\\/om-oss\\\/#breadcrumb\",\"itemListElement\":[{\"@type\":\"ListItem\",\"position\":1,\"name\":\"Home\",\"item\":\"https:\\\/\\\/langeland-lolland.com\\\/se\\\/\"},{\"@type\":\"ListItem\",\"position\":2,\"name\":\"Om oss\"}]},{\"@type\":\"WebSite\",\"@id\":\"https:\\\/\\\/langeland-lolland.com\\\/se\\\/#website\",\"url\":\"https:\\\/\\\/langeland-lolland.com\\\/se\\\/\",\"name\":\"Langeland Lolland f\u00e4rja\",\"description\":\"\",\"publisher\":{\"@id\":\"https:\\\/\\\/langeland-lolland.com\\\/se\\\/#organization\"},\"potentialAction\":[{\"@type\":\"SearchAction\",\"target\":{\"@type\":\"EntryPoint\",\"urlTemplate\":\"https:\\\/\\\/langeland-lolland.com\\\/se\\\/?s={search_term_string}\"},\"query-input\":{\"@type\":\"PropertyValueSpecification\",\"valueRequired\":true,\"valueName\":\"search_term_string\"}}],\"inLanguage\":\"sv-SE\"},{\"@type\":\"Organization\",\"@id\":\"https:\\\/\\\/langeland-lolland.com\\\/se\\\/#organization\",\"name\":\"Langeland Lolland f\u00e4rja\",\"url\":\"https:\\\/\\\/langeland-lolland.com\\\/se\\\/\",\"logo\":{\"@type\":\"ImageObject\",\"inLanguage\":\"sv-SE\",\"@id\":\"https:\\\/\\\/langeland-lolland.com\\\/se\\\/#\\\/schema\\\/logo\\\/image\\\/\",\"url\":\"https:\\\/\\\/langeland-lolland.com\\\/se\\\/wp-content\\\/uploads\\\/sites\\\/4\\\/2025\\\/06\\\/langeland-lolland-ferry.png\",\"contentUrl\":\"https:\\\/\\\/langeland-lolland.com\\\/se\\\/wp-content\\\/uploads\\\/sites\\\/4\\\/2025\\\/06\\\/langeland-lolland-ferry.png\",\"width\":750,\"height\":125,\"caption\":\"Langeland Lolland f\u00e4rja\"},\"image\":{\"@id\":\"https:\\\/\\\/langeland-lolland.com\\\/se\\\/#\\\/schema\\\/logo\\\/image\\\/\"}}]}<\/script>\n<!-- \/ Yoast SEO plugin. -->","yoast_head_json":{"title":"Om oss - Langeland Lolland f\u00e4rja","description":"Uppt\u00e4ck syftet med denna webbplats med information om f\u00e4rje\u00f6verfarten mellan Langeland och Lolland.","robots":{"index":"index","follow":"follow","max-snippet":"max-snippet:-1","max-image-preview":"max-image-preview:large","max-video-preview":"max-video-preview:-1"},"canonical":"https:\/\/langeland-lolland.com\/se\/om-oss\/","og_locale":"sv_SE","og_type":"article","og_title":"Om oss - Langeland Lolland f\u00e4rja","og_description":"Uppt\u00e4ck syftet med denna webbplats med information om f\u00e4rje\u00f6verfarten mellan Langeland och Lolland.","og_url":"https:\/\/langeland-lolland.com\/se\/om-oss\/","og_site_name":"Langeland Lolland f\u00e4rja","article_modified_time":"2025-07-07T13:48:42+00:00","twitter_card":"summary_large_image","twitter_misc":{"Ber\u00e4knad l\u00e4stid":"1 minut"},"schema":{"@context":"https:\/\/schema.org","@graph":[{"@type":["WebPage","AboutPage"],"@id":"https:\/\/langeland-lolland.com\/se\/om-oss\/","url":"https:\/\/langeland-lolland.com\/se\/om-oss\/","name":"Om oss - Langeland Lolland f\u00e4rja","isPartOf":{"@id":"https:\/\/langeland-lolland.com\/se\/#website"},"datePublished":"2024-05-01T12:17:07+00:00","dateModified":"2025-07-07T13:48:42+00:00","description":"Uppt\u00e4ck syftet med denna webbplats med information om f\u00e4rje\u00f6verfarten mellan Langeland och Lolland.","breadcrumb":{"@id":"https:\/\/langeland-lolland.com\/se\/om-oss\/#breadcrumb"},"inLanguage":"sv-SE","potentialAction":[{"@type":"ReadAction","target":["https:\/\/langeland-lolland.com\/se\/om-oss\/"]}]},{"@type":"BreadcrumbList","@id":"https:\/\/langeland-lolland.com\/se\/om-oss\/#breadcrumb","itemListElement":[{"@type":"ListItem","position":1,"name":"Home","item":"https:\/\/langeland-lolland.com\/se\/"},{"@type":"ListItem","position":2,"name":"Om oss"}]},{"@type":"WebSite","@id":"https:\/\/langeland-lolland.com\/se\/#website","url":"https:\/\/langeland-lolland.com\/se\/","name":"Langeland Lolland f\u00e4rja","description":"","publisher":{"@id":"https:\/\/langeland-lolland.com\/se\/#organization"},"potentialAction":[{"@type":"SearchAction","target":{"@type":"EntryPoint","urlTemplate":"https:\/\/langeland-lolland.com\/se\/?s={search_term_string}"},"query-input":{"@type":"PropertyValueSpecification","valueRequired":true,"valueName":"search_term_string"}}],"inLanguage":"sv-SE"},{"@type":"Organization","@id":"https:\/\/langeland-lolland.com\/se\/#organization","name":"Langeland Lolland f\u00e4rja","url":"https:\/\/langeland-lolland.com\/se\/","logo":{"@type":"ImageObject","inLanguage":"sv-SE","@id":"https:\/\/langeland-lolland.com\/se\/#\/schema\/logo\/image\/","url":"https:\/\/langeland-lolland.com\/se\/wp-content\/uploads\/sites\/4\/2025\/06\/langeland-lolland-ferry.png","contentUrl":"https:\/\/langeland-lolland.com\/se\/wp-content\/uploads\/sites\/4\/2025\/06\/langeland-lolland-ferry.png","width":750,"height":125,"caption":"Langeland Lolland f\u00e4rja"},"image":{"@id":"https:\/\/langeland-lolland.com\/se\/#\/schema\/logo\/image\/"}}]}},"_links":{"self":[{"href":"https:\/\/langeland-lolland.com\/se\/wp-json\/wp\/v2\/pages\/137","targetHints":{"allow":["GET"]}}],"collection":[{"href":"https:\/\/langeland-lolland.com\/se\/wp-json\/wp\/v2\/pages"}],"about":[{"href":"https:\/\/langeland-lolland.com\/se\/wp-json\/wp\/v2\/types\/page"}],"author":[{"embeddable":true,"href":"https:\/\/langeland-lolland.com\/se\/wp-json\/wp\/v2\/users\/2"}],"replies":[{"embeddable":true,"href":"https:\/\/langeland-lolland.com\/se\/wp-json\/wp\/v2\/comments?post=137"}],"version-history":[{"count":4,"href":"https:\/\/langeland-lolland.com\/se\/wp-json\/wp\/v2\/pages\/137\/revisions"}],"predecessor-version":[{"id":202,"href":"https:\/\/langeland-lolland.com\/se\/wp-json\/wp\/v2\/pages\/137\/revisions\/202"}],"wp:attachment":[{"href":"https:\/\/langeland-lolland.com\/se\/wp-json\/wp\/v2\/media?parent=137"}],"curies":[{"name":"wp","href":"https:\/\/api.w.org\/{rel}","templated":true}]}}