{"id":122,"date":"2024-05-01T12:06:37","date_gmt":"2024-05-01T12:06:37","guid":{"rendered":"https:\/\/langeland-lolland.com\/se\/?page_id=122"},"modified":"2025-07-07T13:54:29","modified_gmt":"2025-07-07T13:54:29","slug":"priser","status":"publish","type":"page","link":"https:\/\/langeland-lolland.com\/se\/priser\/","title":{"rendered":"F\u00e4rjepriser fr\u00e5n Langeland till Lolland"},"content":{"rendered":"\n<p>Priset f\u00f6r en f\u00e4rjebiljett <a href=\"\/se\/\">fr\u00e5n Langeland (Spodsbjerg) till Lolland (T\u00e5rs)<\/a> beror p\u00e5 ett antal faktorer. P\u00e5 den h\u00e4r sidan ber\u00e4ttar vi mer om de priser som <a href=\"https:\/\/langeland-lolland.com\/se\/langelandslinjen\/\">Langelandslinjen<\/a>, f\u00e4rjebolaget p\u00e5 denna str\u00e4cka, tar ut.<\/p>\n\n\n\n<h2 class=\"wp-block-heading\">Standardbiljett: fr\u00e5n 41 euro (306 DKK)<\/h2>\n\n\n\n<p>Priset du betalar f\u00f6r en '<strong>standardbiljett<\/strong>' \u00e4r 306 danska kronor (DKK), cirka 41 euro. Detta pris \u00e4r baserat p\u00e5 en resa med bil (&lt; 1,95 m h\u00f6jd och &lt; 6 m l\u00e4ngd, inklusive upp till 9 personer).<\/p>\n\n\n\n<p>Det finns \u00e4ven s\u00e5 kallade '<strong>Bizz-biljetter<\/strong>'. Dessa \u00e4r n\u00e5got billigare, men du kan inte boka om med dem om det beh\u00f6vs (till exempel p\u00e5 grund av d\u00e5liga <a href=\"https:\/\/langeland-lolland.com\/se\/vaderprognos\/\">v\u00e4derf\u00f6rh\u00e5llanden<\/a> som resulterar i en \u00e4ndrad <a href=\"https:\/\/langeland-lolland.com\/se\/tidtabell\/\">tidtabell<\/a>).<\/p>\n\n\n\n<p>Slutligen finns det \u00e4ven '<strong>\u00e5kkort<\/strong>' om du vill g\u00f6ra \u00f6verfarten regelbundet.<\/p>\n\n\n\n<figure class=\"wp-block-table is-style-stripes has-small-font-size\"><table class=\"has-fixed-layout\"><thead><tr><th class=\"has-text-align-left\" data-align=\"left\">Typ av biljett<\/th><th class=\"has-text-align-left\" data-align=\"left\">Startpris*<\/th><\/tr><\/thead><tbody><tr><td class=\"has-text-align-left\" data-align=\"left\"><strong>Standardbiljett<\/strong><\/td><td class=\"has-text-align-left\" data-align=\"left\">\u20ac 41 (306DKK)<\/td><\/tr><tr><td class=\"has-text-align-left\" data-align=\"left\"><strong>Bizz-biljett<\/strong><\/td><td class=\"has-text-align-left\" data-align=\"left\">\u20ac 39 (291DKK)<\/td><\/tr><tr><td class=\"has-text-align-left\" data-align=\"left\"><strong>10-resekort<\/strong><\/td><td class=\"has-text-align-left\" data-align=\"left\">\u20ac 112 (834DKK)<\/td><\/tr><\/tbody><\/table><\/figure>\n\n\n\n<p class=\"has-small-font-size\">* Detta pris \u00e4r baserat p\u00e5 en resa med bil (&lt; 1,95 m h\u00f6jd och &lt; 6 m l\u00e4ngd, inklusive upp till 9 personer).<\/p>\n\n\n\n<p class=\"has-ast-global-color-4-background-color has-background has-small-font-size\"><strong>Tips: boka i god tid.<\/strong> Vet du n\u00e4r du vill \u00e5ka? K\u00f6p d\u00e5 biljetten i f\u00f6rv\u00e4g och inte bara vid incheckningen. D\u00e5 \u00e4r du inte bara garanterad en plats p\u00e5 f\u00e4rjan: du \u00e4r ocks\u00e5 billigare.<\/p>\n\n\n\n<h3 class=\"wp-block-heading\">Priser f\u00f6r fotg\u00e4ngare<\/h3>\n\n\n\n<p>Priset f\u00f6r en fotg\u00e4ngare (dvs. utan fordon) beror p\u00e5 resen\u00e4rens \u00e5lder. Fr\u00e5n 16 \u00e5rs \u00e5lder betalar du 52 DKK per resen\u00e4r (vilket \u00e4r cirka 7 euro). Resen\u00e4rer fr\u00e5n 4 till 15 \u00e5r betalar 46 DKK (vilket \u00e4r cirka 6,15 \u20ac); barn upp till och med 3 \u00e5r reser gratis.<\/p>\n\n\n\n<figure class=\"wp-block-table is-style-stripes has-small-font-size\"><table class=\"has-fixed-layout\"><thead><tr><th class=\"has-text-align-left\" data-align=\"left\">Fotg\u00e4ngares \u00e5lder<\/th><th class=\"has-text-align-left\" data-align=\"left\">Startpris<\/th><\/tr><\/thead><tbody><tr><td class=\"has-text-align-left\" data-align=\"left\"><strong>0-3 \u00e5r<\/strong><\/td><td class=\"has-text-align-left\" data-align=\"left\">&#8211;<\/td><\/tr><tr><td class=\"has-text-align-left\" data-align=\"left\"><strong>4 &#8211; 15 \u00e5r<\/strong><\/td><td class=\"has-text-align-left\" data-align=\"left\">\u20ac 6,15 (46DKK)<\/td><\/tr><tr><td class=\"has-text-align-left\" data-align=\"left\"><strong>> 16 \u00e5r<\/strong><\/td><td class=\"has-text-align-left\" data-align=\"left\">\u20ac 7,00 (52DKK)<\/td><\/tr><\/tbody><\/table><\/figure>\n","protected":false},"excerpt":{"rendered":"<p>Priset f\u00f6r en f\u00e4rjebiljett fr\u00e5n Langeland (Spodsbjerg) till Lolland (T\u00e5rs) beror p\u00e5 ett antal faktorer. P\u00e5 den h\u00e4r sidan ber\u00e4ttar [&hellip;]<\/p>\n","protected":false},"author":2,"featured_media":0,"parent":0,"menu_order":0,"comment_status":"closed","ping_status":"closed","template":"","meta":{"inline_featured_image":false,"site-sidebar-layout":"default","site-content-layout":"","ast-site-content-layout":"default","site-content-style":"default","site-sidebar-style":"default","ast-global-header-display":"","ast-banner-title-visibility":"","ast-main-header-display":"","ast-hfb-above-header-display":"","ast-hfb-below-header-display":"","ast-hfb-mobile-header-display":"","site-post-title":"","ast-breadcrumbs-content":"","ast-featured-img":"","footer-sml-layout":"","ast-disable-related-posts":"","theme-transparent-header-meta":"","adv-header-id-meta":"","stick-header-meta":"","header-above-stick-meta":"","header-main-stick-meta":"","header-below-stick-meta":"","astra-migrate-meta-layouts":"default","ast-page-background-enabled":"default","ast-page-background-meta":{"desktop":{"background-color":"var(--ast-global-color-4)","background-image":"","background-repeat":"repeat","background-position":"center center","background-size":"auto","background-attachment":"scroll","background-type":"","background-media":"","overlay-type":"","overlay-color":"","overlay-opacity":"","overlay-gradient":""},"tablet":{"background-color":"","background-image":"","background-repeat":"repeat","background-position":"center center","background-size":"auto","background-attachment":"scroll","background-type":"","background-media":"","overlay-type":"","overlay-color":"","overlay-opacity":"","overlay-gradient":""},"mobile":{"background-color":"","background-image":"","background-repeat":"repeat","background-position":"center center","background-size":"auto","background-attachment":"scroll","background-type":"","background-media":"","overlay-type":"","overlay-color":"","overlay-opacity":"","overlay-gradient":""}},"ast-content-background-meta":{"desktop":{"background-color":"var(--ast-global-color-5)","background-image":"","background-repeat":"repeat","background-position":"center center","background-size":"auto","background-attachment":"scroll","background-type":"","background-media":"","overlay-type":"","overlay-color":"","overlay-opacity":"","overlay-gradient":""},"tablet":{"background-color":"var(--ast-global-color-5)","background-image":"","background-repeat":"repeat","background-position":"center center","background-size":"auto","background-attachment":"scroll","background-type":"","background-media":"","overlay-type":"","overlay-color":"","overlay-opacity":"","overlay-gradient":""},"mobile":{"background-color":"var(--ast-global-color-5)","background-image":"","background-repeat":"repeat","background-position":"center center","background-size":"auto","background-attachment":"scroll","background-type":"","background-media":"","overlay-type":"","overlay-color":"","overlay-opacity":"","overlay-gradient":""}},"footnotes":""},"class_list":["post-122","page","type-page","status-publish","hentry"],"yoast_head":"<!-- This site is optimized with the Yoast SEO plugin v27.4 - https:\/\/yoast.com\/product\/yoast-seo-wordpress\/ -->\n<title>F\u00e4rjebiljettpriser Langeland Lolland (Langelandslinjen)<\/title>\n<meta name=\"description\" content=\"Ta reda p\u00e5 allt om f\u00e4rjepriser f\u00f6r f\u00e4rjebiljetter fr\u00e5n Langeland till Lolland med Langelandslinjen.\" \/>\n<meta name=\"robots\" content=\"index, follow, max-snippet:-1, max-image-preview:large, max-video-preview:-1\" \/>\n<link rel=\"canonical\" href=\"https:\/\/langeland-lolland.com\/se\/priser\/\" \/>\n<meta property=\"og:locale\" content=\"sv_SE\" \/>\n<meta property=\"og:type\" content=\"article\" \/>\n<meta property=\"og:title\" content=\"F\u00e4rjebiljettpriser Langeland Lolland (Langelandslinjen)\" \/>\n<meta property=\"og:description\" content=\"Ta reda p\u00e5 allt om f\u00e4rjepriser f\u00f6r f\u00e4rjebiljetter fr\u00e5n Langeland till Lolland med Langelandslinjen.\" \/>\n<meta property=\"og:url\" content=\"https:\/\/langeland-lolland.com\/se\/priser\/\" \/>\n<meta property=\"og:site_name\" content=\"Langeland Lolland f\u00e4rja\" \/>\n<meta property=\"article:modified_time\" content=\"2025-07-07T13:54:29+00:00\" \/>\n<meta name=\"twitter:card\" content=\"summary_large_image\" \/>\n<meta name=\"twitter:label1\" content=\"Ber\u00e4knad l\u00e4stid\" \/>\n\t<meta name=\"twitter:data1\" content=\"2 minuter\" \/>\n<script type=\"application\/ld+json\" class=\"yoast-schema-graph\">{\"@context\":\"https:\\\/\\\/schema.org\",\"@graph\":[{\"@type\":\"WebPage\",\"@id\":\"https:\\\/\\\/langeland-lolland.com\\\/se\\\/priser\\\/\",\"url\":\"https:\\\/\\\/langeland-lolland.com\\\/se\\\/priser\\\/\",\"name\":\"F\u00e4rjebiljettpriser Langeland Lolland (Langelandslinjen)\",\"isPartOf\":{\"@id\":\"https:\\\/\\\/langeland-lolland.com\\\/se\\\/#website\"},\"datePublished\":\"2024-05-01T12:06:37+00:00\",\"dateModified\":\"2025-07-07T13:54:29+00:00\",\"description\":\"Ta reda p\u00e5 allt om f\u00e4rjepriser f\u00f6r f\u00e4rjebiljetter fr\u00e5n Langeland till Lolland med Langelandslinjen.\",\"breadcrumb\":{\"@id\":\"https:\\\/\\\/langeland-lolland.com\\\/se\\\/priser\\\/#breadcrumb\"},\"inLanguage\":\"sv-SE\",\"potentialAction\":[{\"@type\":\"ReadAction\",\"target\":[\"https:\\\/\\\/langeland-lolland.com\\\/se\\\/priser\\\/\"]}]},{\"@type\":\"BreadcrumbList\",\"@id\":\"https:\\\/\\\/langeland-lolland.com\\\/se\\\/priser\\\/#breadcrumb\",\"itemListElement\":[{\"@type\":\"ListItem\",\"position\":1,\"name\":\"Home\",\"item\":\"https:\\\/\\\/langeland-lolland.com\\\/se\\\/\"},{\"@type\":\"ListItem\",\"position\":2,\"name\":\"F\u00e4rjepriser fr\u00e5n Langeland till Lolland\"}]},{\"@type\":\"WebSite\",\"@id\":\"https:\\\/\\\/langeland-lolland.com\\\/se\\\/#website\",\"url\":\"https:\\\/\\\/langeland-lolland.com\\\/se\\\/\",\"name\":\"Langeland Lolland f\u00e4rja\",\"description\":\"\",\"publisher\":{\"@id\":\"https:\\\/\\\/langeland-lolland.com\\\/se\\\/#organization\"},\"potentialAction\":[{\"@type\":\"SearchAction\",\"target\":{\"@type\":\"EntryPoint\",\"urlTemplate\":\"https:\\\/\\\/langeland-lolland.com\\\/se\\\/?s={search_term_string}\"},\"query-input\":{\"@type\":\"PropertyValueSpecification\",\"valueRequired\":true,\"valueName\":\"search_term_string\"}}],\"inLanguage\":\"sv-SE\"},{\"@type\":\"Organization\",\"@id\":\"https:\\\/\\\/langeland-lolland.com\\\/se\\\/#organization\",\"name\":\"Langeland Lolland f\u00e4rja\",\"url\":\"https:\\\/\\\/langeland-lolland.com\\\/se\\\/\",\"logo\":{\"@type\":\"ImageObject\",\"inLanguage\":\"sv-SE\",\"@id\":\"https:\\\/\\\/langeland-lolland.com\\\/se\\\/#\\\/schema\\\/logo\\\/image\\\/\",\"url\":\"https:\\\/\\\/langeland-lolland.com\\\/se\\\/wp-content\\\/uploads\\\/sites\\\/4\\\/2025\\\/06\\\/langeland-lolland-ferry.png\",\"contentUrl\":\"https:\\\/\\\/langeland-lolland.com\\\/se\\\/wp-content\\\/uploads\\\/sites\\\/4\\\/2025\\\/06\\\/langeland-lolland-ferry.png\",\"width\":750,\"height\":125,\"caption\":\"Langeland Lolland f\u00e4rja\"},\"image\":{\"@id\":\"https:\\\/\\\/langeland-lolland.com\\\/se\\\/#\\\/schema\\\/logo\\\/image\\\/\"}}]}<\/script>\n<!-- \/ Yoast SEO plugin. -->","yoast_head_json":{"title":"F\u00e4rjebiljettpriser Langeland Lolland (Langelandslinjen)","description":"Ta reda p\u00e5 allt om f\u00e4rjepriser f\u00f6r f\u00e4rjebiljetter fr\u00e5n Langeland till Lolland med Langelandslinjen.","robots":{"index":"index","follow":"follow","max-snippet":"max-snippet:-1","max-image-preview":"max-image-preview:large","max-video-preview":"max-video-preview:-1"},"canonical":"https:\/\/langeland-lolland.com\/se\/priser\/","og_locale":"sv_SE","og_type":"article","og_title":"F\u00e4rjebiljettpriser Langeland Lolland (Langelandslinjen)","og_description":"Ta reda p\u00e5 allt om f\u00e4rjepriser f\u00f6r f\u00e4rjebiljetter fr\u00e5n Langeland till Lolland med Langelandslinjen.","og_url":"https:\/\/langeland-lolland.com\/se\/priser\/","og_site_name":"Langeland Lolland f\u00e4rja","article_modified_time":"2025-07-07T13:54:29+00:00","twitter_card":"summary_large_image","twitter_misc":{"Ber\u00e4knad l\u00e4stid":"2 minuter"},"schema":{"@context":"https:\/\/schema.org","@graph":[{"@type":"WebPage","@id":"https:\/\/langeland-lolland.com\/se\/priser\/","url":"https:\/\/langeland-lolland.com\/se\/priser\/","name":"F\u00e4rjebiljettpriser Langeland Lolland (Langelandslinjen)","isPartOf":{"@id":"https:\/\/langeland-lolland.com\/se\/#website"},"datePublished":"2024-05-01T12:06:37+00:00","dateModified":"2025-07-07T13:54:29+00:00","description":"Ta reda p\u00e5 allt om f\u00e4rjepriser f\u00f6r f\u00e4rjebiljetter fr\u00e5n Langeland till Lolland med Langelandslinjen.","breadcrumb":{"@id":"https:\/\/langeland-lolland.com\/se\/priser\/#breadcrumb"},"inLanguage":"sv-SE","potentialAction":[{"@type":"ReadAction","target":["https:\/\/langeland-lolland.com\/se\/priser\/"]}]},{"@type":"BreadcrumbList","@id":"https:\/\/langeland-lolland.com\/se\/priser\/#breadcrumb","itemListElement":[{"@type":"ListItem","position":1,"name":"Home","item":"https:\/\/langeland-lolland.com\/se\/"},{"@type":"ListItem","position":2,"name":"F\u00e4rjepriser fr\u00e5n Langeland till Lolland"}]},{"@type":"WebSite","@id":"https:\/\/langeland-lolland.com\/se\/#website","url":"https:\/\/langeland-lolland.com\/se\/","name":"Langeland Lolland f\u00e4rja","description":"","publisher":{"@id":"https:\/\/langeland-lolland.com\/se\/#organization"},"potentialAction":[{"@type":"SearchAction","target":{"@type":"EntryPoint","urlTemplate":"https:\/\/langeland-lolland.com\/se\/?s={search_term_string}"},"query-input":{"@type":"PropertyValueSpecification","valueRequired":true,"valueName":"search_term_string"}}],"inLanguage":"sv-SE"},{"@type":"Organization","@id":"https:\/\/langeland-lolland.com\/se\/#organization","name":"Langeland Lolland f\u00e4rja","url":"https:\/\/langeland-lolland.com\/se\/","logo":{"@type":"ImageObject","inLanguage":"sv-SE","@id":"https:\/\/langeland-lolland.com\/se\/#\/schema\/logo\/image\/","url":"https:\/\/langeland-lolland.com\/se\/wp-content\/uploads\/sites\/4\/2025\/06\/langeland-lolland-ferry.png","contentUrl":"https:\/\/langeland-lolland.com\/se\/wp-content\/uploads\/sites\/4\/2025\/06\/langeland-lolland-ferry.png","width":750,"height":125,"caption":"Langeland Lolland f\u00e4rja"},"image":{"@id":"https:\/\/langeland-lolland.com\/se\/#\/schema\/logo\/image\/"}}]}},"_links":{"self":[{"href":"https:\/\/langeland-lolland.com\/se\/wp-json\/wp\/v2\/pages\/122","targetHints":{"allow":["GET"]}}],"collection":[{"href":"https:\/\/langeland-lolland.com\/se\/wp-json\/wp\/v2\/pages"}],"about":[{"href":"https:\/\/langeland-lolland.com\/se\/wp-json\/wp\/v2\/types\/page"}],"author":[{"embeddable":true,"href":"https:\/\/langeland-lolland.com\/se\/wp-json\/wp\/v2\/users\/2"}],"replies":[{"embeddable":true,"href":"https:\/\/langeland-lolland.com\/se\/wp-json\/wp\/v2\/comments?post=122"}],"version-history":[{"count":4,"href":"https:\/\/langeland-lolland.com\/se\/wp-json\/wp\/v2\/pages\/122\/revisions"}],"predecessor-version":[{"id":206,"href":"https:\/\/langeland-lolland.com\/se\/wp-json\/wp\/v2\/pages\/122\/revisions\/206"}],"wp:attachment":[{"href":"https:\/\/langeland-lolland.com\/se\/wp-json\/wp\/v2\/media?parent=122"}],"curies":[{"name":"wp","href":"https:\/\/api.w.org\/{rel}","templated":true}]}}