{"id":110,"date":"2024-05-01T11:59:11","date_gmt":"2024-05-01T11:59:11","guid":{"rendered":"https:\/\/langeland-lolland.com\/se\/?page_id=110"},"modified":"2025-07-07T14:07:53","modified_gmt":"2025-07-07T14:07:53","slug":"tidtabell","status":"publish","type":"page","link":"https:\/\/langeland-lolland.com\/se\/tidtabell\/","title":{"rendered":"Langeland Lolland f\u00e4rja tidtabell"},"content":{"rendered":"\n<p>Varje dag i veckan avg\u00e5r det flera f\u00e4rjeavg\u00e5ngar per dag <a href=\"\/se\/\">fr\u00e5n Langeland till Lolland<\/a>. F\u00e4rjan avg\u00e5r fr\u00e5n Spodsbjerg hamn till T\u00e5rs hamn.<\/p>\n\n\n\n<p>\u00d6verfarterna trafikeras av Langelandslinjen. P\u00e5 den h\u00e4r sidan hittar du den aktuella tidtabellen f\u00f6r detta f\u00e4rjebolag.<\/p>\n\n\n\n<h2 class=\"wp-block-heading\">Tidtabell Spodsbjerg \u2192 T\u00e5rs<\/h2>\n\n\n\n<p>Reser du i riktning fr\u00e5n Langeland till Lolland och avg\u00e5r fr\u00e5n <a href=\"https:\/\/langeland-lolland.com\/se\/spodsbjerg\/\">hamnen i Spodsbjerg<\/a>? Kolla d\u00e5 tidtabellen nedan.<\/p>\n\n\n\n<figure class=\"wp-block-table is-style-stripes has-small-font-size\"><table class=\"has-fixed-layout\"><thead><tr><th class=\"has-text-align-left\" data-align=\"left\">Avg\u00e5ng Spodsbjerg<\/th><th class=\"has-text-align-left\" data-align=\"left\">Ankomst T\u00e5rs<\/th><th class=\"has-text-align-left\" data-align=\"left\">Avg\u00e5ngsdagar<\/th><\/tr><\/thead><tbody><tr><td class=\"has-text-align-left\" data-align=\"left\">05.15<\/td><td class=\"has-text-align-left\" data-align=\"left\">06.00<\/td><td class=\"has-text-align-left\" data-align=\"left\">M\u00e5ndag till fredag<\/td><\/tr><tr><td class=\"has-text-align-left\" data-align=\"left\">06.15<\/td><td class=\"has-text-align-left\" data-align=\"left\">07.00<\/td><td class=\"has-text-align-left\" data-align=\"left\">M\u00e5ndag till s\u00f6ndag<\/td><\/tr><tr><td class=\"has-text-align-left\" data-align=\"left\">07.15<\/td><td class=\"has-text-align-left\" data-align=\"left\">08.00<\/td><td class=\"has-text-align-left\" data-align=\"left\">M\u00e5ndag till s\u00f6ndag<\/td><\/tr><tr><td class=\"has-text-align-left\" data-align=\"left\">08.15<\/td><td class=\"has-text-align-left\" data-align=\"left\">09.00<\/td><td class=\"has-text-align-left\" data-align=\"left\">M\u00e5ndag till s\u00f6ndag<\/td><\/tr><tr><td class=\"has-text-align-left\" data-align=\"left\">09.15<\/td><td class=\"has-text-align-left\" data-align=\"left\">10.00<\/td><td class=\"has-text-align-left\" data-align=\"left\">M\u00e5ndag till s\u00f6ndag<\/td><\/tr><tr><td class=\"has-text-align-left\" data-align=\"left\">10.15<\/td><td class=\"has-text-align-left\" data-align=\"left\">11.00<\/td><td class=\"has-text-align-left\" data-align=\"left\">M\u00e5ndag till s\u00f6ndag<\/td><\/tr><tr><td class=\"has-text-align-left\" data-align=\"left\">11.15<\/td><td class=\"has-text-align-left\" data-align=\"left\">12.00<\/td><td class=\"has-text-align-left\" data-align=\"left\">M\u00e5ndag till s\u00f6ndag<\/td><\/tr><tr><td class=\"has-text-align-left\" data-align=\"left\">12.15<\/td><td class=\"has-text-align-left\" data-align=\"left\">13.00<\/td><td class=\"has-text-align-left\" data-align=\"left\">M\u00e5ndag till s\u00f6ndag<\/td><\/tr><tr><td class=\"has-text-align-left\" data-align=\"left\">13.15<\/td><td class=\"has-text-align-left\" data-align=\"left\">14.00<\/td><td class=\"has-text-align-left\" data-align=\"left\">M\u00e5ndag till s\u00f6ndag<\/td><\/tr><tr><td class=\"has-text-align-left\" data-align=\"left\">14.15<\/td><td class=\"has-text-align-left\" data-align=\"left\">15.00<\/td><td class=\"has-text-align-left\" data-align=\"left\">M\u00e5ndag till s\u00f6ndag<\/td><\/tr><tr><td class=\"has-text-align-left\" data-align=\"left\">15.15<\/td><td class=\"has-text-align-left\" data-align=\"left\">16.00<\/td><td class=\"has-text-align-left\" data-align=\"left\">M\u00e5ndag till s\u00f6ndag<\/td><\/tr><tr><td class=\"has-text-align-left\" data-align=\"left\">16.15<\/td><td class=\"has-text-align-left\" data-align=\"left\">17.00<\/td><td class=\"has-text-align-left\" data-align=\"left\">M\u00e5ndag till s\u00f6ndag<\/td><\/tr><tr><td class=\"has-text-align-left\" data-align=\"left\">17.15<\/td><td class=\"has-text-align-left\" data-align=\"left\">18.00<\/td><td class=\"has-text-align-left\" data-align=\"left\">M\u00e5ndag till s\u00f6ndag<\/td><\/tr><tr><td class=\"has-text-align-left\" data-align=\"left\">18.15<\/td><td class=\"has-text-align-left\" data-align=\"left\">19.00<\/td><td class=\"has-text-align-left\" data-align=\"left\">M\u00e5ndag till s\u00f6ndag<\/td><\/tr><tr><td class=\"has-text-align-left\" data-align=\"left\">19.15<\/td><td class=\"has-text-align-left\" data-align=\"left\">20.00<\/td><td class=\"has-text-align-left\" data-align=\"left\">M\u00e5ndag till s\u00f6ndag<\/td><\/tr><tr><td class=\"has-text-align-left\" data-align=\"left\">20.15<\/td><td class=\"has-text-align-left\" data-align=\"left\">21.00<\/td><td class=\"has-text-align-left\" data-align=\"left\">M\u00e5ndag till s\u00f6ndag<\/td><\/tr><tr><td class=\"has-text-align-left\" data-align=\"left\">21.15<\/td><td class=\"has-text-align-left\" data-align=\"left\">22.00<\/td><td class=\"has-text-align-left\" data-align=\"left\">M\u00e5ndag till s\u00f6ndag<\/td><\/tr><tr><td class=\"has-text-align-left\" data-align=\"left\">22.15<\/td><td class=\"has-text-align-left\" data-align=\"left\">23.00<\/td><td class=\"has-text-align-left\" data-align=\"left\">M\u00e5ndag till fredag<\/td><\/tr><\/tbody><\/table><\/figure>\n\n\n\n<h2 class=\"wp-block-heading\">Tidtabell T\u00e5rs\u2192Spodsbjerg<\/h2>\n\n\n\n<p>Nedan kan du kontrollera tidtabellen f\u00f6r den andra riktningen (allts\u00e5 n\u00e4r du avg\u00e5r fr\u00e5n <a href=\"https:\/\/langeland-lolland.com\/se\/tars\/\">T\u00e5rs hamn<\/a> p\u00e5 Lolland).<\/p>\n\n\n\n<figure class=\"wp-block-table is-style-stripes has-small-font-size\"><table class=\"has-fixed-layout\"><thead><tr><th class=\"has-text-align-left\" data-align=\"left\">Avg\u00e5ng T\u00e5rs<\/th><th class=\"has-text-align-left\" data-align=\"left\">Ankomst Spodsbjerg<\/th><th class=\"has-text-align-left\" data-align=\"left\">Avg\u00e5ngsdagar<\/th><\/tr><\/thead><tbody><tr><td class=\"has-text-align-left\" data-align=\"left\">05.15<\/td><td class=\"has-text-align-left\" data-align=\"left\">06.00<\/td><td class=\"has-text-align-left\" data-align=\"left\">M\u00e5ndag till fredag<\/td><\/tr><tr><td class=\"has-text-align-left\" data-align=\"left\">06.15<\/td><td class=\"has-text-align-left\" data-align=\"left\">07.00<\/td><td class=\"has-text-align-left\" data-align=\"left\">M\u00e5ndag till s\u00f6ndag<\/td><\/tr><tr><td class=\"has-text-align-left\" data-align=\"left\">07.15<\/td><td class=\"has-text-align-left\" data-align=\"left\">08.00<\/td><td class=\"has-text-align-left\" data-align=\"left\">M\u00e5ndag till s\u00f6ndag<\/td><\/tr><tr><td class=\"has-text-align-left\" data-align=\"left\">08.15<\/td><td class=\"has-text-align-left\" data-align=\"left\">09.00<\/td><td class=\"has-text-align-left\" data-align=\"left\">M\u00e5ndag till s\u00f6ndag<\/td><\/tr><tr><td class=\"has-text-align-left\" data-align=\"left\">09.15<\/td><td class=\"has-text-align-left\" data-align=\"left\">10.00<\/td><td class=\"has-text-align-left\" data-align=\"left\">M\u00e5ndag till s\u00f6ndag<\/td><\/tr><tr><td class=\"has-text-align-left\" data-align=\"left\">10.15<\/td><td class=\"has-text-align-left\" data-align=\"left\">11.00<\/td><td class=\"has-text-align-left\" data-align=\"left\">M\u00e5ndag till s\u00f6ndag<\/td><\/tr><tr><td class=\"has-text-align-left\" data-align=\"left\">11.15<\/td><td class=\"has-text-align-left\" data-align=\"left\">12.00<\/td><td class=\"has-text-align-left\" data-align=\"left\">M\u00e5ndag till s\u00f6ndag<\/td><\/tr><tr><td class=\"has-text-align-left\" data-align=\"left\">12.15<\/td><td class=\"has-text-align-left\" data-align=\"left\">13.00<\/td><td class=\"has-text-align-left\" data-align=\"left\">M\u00e5ndag till s\u00f6ndag<\/td><\/tr><tr><td class=\"has-text-align-left\" data-align=\"left\">13.15<\/td><td class=\"has-text-align-left\" data-align=\"left\">14.00<\/td><td class=\"has-text-align-left\" data-align=\"left\">M\u00e5ndag till s\u00f6ndag<\/td><\/tr><tr><td class=\"has-text-align-left\" data-align=\"left\">14.15<\/td><td class=\"has-text-align-left\" data-align=\"left\">15.00<\/td><td class=\"has-text-align-left\" data-align=\"left\">M\u00e5ndag till s\u00f6ndag<\/td><\/tr><tr><td class=\"has-text-align-left\" data-align=\"left\">15.15<\/td><td class=\"has-text-align-left\" data-align=\"left\">16.00<\/td><td class=\"has-text-align-left\" data-align=\"left\">M\u00e5ndag till s\u00f6ndag<\/td><\/tr><tr><td class=\"has-text-align-left\" data-align=\"left\">16.15<\/td><td class=\"has-text-align-left\" data-align=\"left\">17.00<\/td><td class=\"has-text-align-left\" data-align=\"left\">M\u00e5ndag till s\u00f6ndag<\/td><\/tr><tr><td class=\"has-text-align-left\" data-align=\"left\">17.15<\/td><td class=\"has-text-align-left\" data-align=\"left\">18.00<\/td><td class=\"has-text-align-left\" data-align=\"left\">M\u00e5ndag till s\u00f6ndag<\/td><\/tr><tr><td class=\"has-text-align-left\" data-align=\"left\">18.15<\/td><td class=\"has-text-align-left\" data-align=\"left\">19.00<\/td><td class=\"has-text-align-left\" data-align=\"left\">M\u00e5ndag till s\u00f6ndag<\/td><\/tr><tr><td class=\"has-text-align-left\" data-align=\"left\">19.15<\/td><td class=\"has-text-align-left\" data-align=\"left\">20.00<\/td><td class=\"has-text-align-left\" data-align=\"left\">M\u00e5ndag till s\u00f6ndag<\/td><\/tr><tr><td class=\"has-text-align-left\" data-align=\"left\">20.15<\/td><td class=\"has-text-align-left\" data-align=\"left\">21.00<\/td><td class=\"has-text-align-left\" data-align=\"left\">M\u00e5ndag till s\u00f6ndag<\/td><\/tr><tr><td class=\"has-text-align-left\" data-align=\"left\">21.15<\/td><td class=\"has-text-align-left\" data-align=\"left\">22.00<\/td><td class=\"has-text-align-left\" data-align=\"left\">M\u00e5ndag till s\u00f6ndag<\/td><\/tr><tr><td class=\"has-text-align-left\" data-align=\"left\">22.15<\/td><td class=\"has-text-align-left\" data-align=\"left\">23.00<\/td><td class=\"has-text-align-left\" data-align=\"left\">M\u00e5ndag till fredag<\/td><\/tr><\/tbody><\/table><\/figure>\n\n\n\n<h2 class=\"wp-block-heading\">Observera: incheckning i tid<\/h2>\n\n\n\n<p>Avg\u00e5ngstiderna i ovanst\u00e5ende tidtabell \u00e4r de faktiska avg\u00e5ngstiderna. Du b\u00f6r checka in i god tid (med eller utan fordon) vid <a href=\"https:\/\/langeland-lolland.com\/se\/langelandslinjen\/\">Langelandslinjens<\/a> terminal.<\/p>\n\n\n\n<p>Ta d\u00e4rf\u00f6r h\u00e4nsyn till trafiken p\u00e5 rutten. Det kan ocks\u00e5 vara smart att kontrollera <a href=\"https:\/\/langeland-lolland.com\/se\/vaderprognos\/\">v\u00e4derprognosen<\/a>.<\/p>\n","protected":false},"excerpt":{"rendered":"<p>Varje dag i veckan avg\u00e5r det flera f\u00e4rjeavg\u00e5ngar per dag fr\u00e5n Langeland till Lolland. F\u00e4rjan avg\u00e5r fr\u00e5n Spodsbjerg hamn till [&hellip;]<\/p>\n","protected":false},"author":2,"featured_media":0,"parent":0,"menu_order":0,"comment_status":"closed","ping_status":"closed","template":"","meta":{"inline_featured_image":false,"site-sidebar-layout":"default","site-content-layout":"","ast-site-content-layout":"default","site-content-style":"default","site-sidebar-style":"default","ast-global-header-display":"","ast-banner-title-visibility":"","ast-main-header-display":"","ast-hfb-above-header-display":"","ast-hfb-below-header-display":"","ast-hfb-mobile-header-display":"","site-post-title":"","ast-breadcrumbs-content":"","ast-featured-img":"","footer-sml-layout":"","ast-disable-related-posts":"","theme-transparent-header-meta":"","adv-header-id-meta":"","stick-header-meta":"","header-above-stick-meta":"","header-main-stick-meta":"","header-below-stick-meta":"","astra-migrate-meta-layouts":"default","ast-page-background-enabled":"default","ast-page-background-meta":{"desktop":{"background-color":"var(--ast-global-color-4)","background-image":"","background-repeat":"repeat","background-position":"center center","background-size":"auto","background-attachment":"scroll","background-type":"","background-media":"","overlay-type":"","overlay-color":"","overlay-opacity":"","overlay-gradient":""},"tablet":{"background-color":"","background-image":"","background-repeat":"repeat","background-position":"center center","background-size":"auto","background-attachment":"scroll","background-type":"","background-media":"","overlay-type":"","overlay-color":"","overlay-opacity":"","overlay-gradient":""},"mobile":{"background-color":"","background-image":"","background-repeat":"repeat","background-position":"center center","background-size":"auto","background-attachment":"scroll","background-type":"","background-media":"","overlay-type":"","overlay-color":"","overlay-opacity":"","overlay-gradient":""}},"ast-content-background-meta":{"desktop":{"background-color":"var(--ast-global-color-5)","background-image":"","background-repeat":"repeat","background-position":"center center","background-size":"auto","background-attachment":"scroll","background-type":"","background-media":"","overlay-type":"","overlay-color":"","overlay-opacity":"","overlay-gradient":""},"tablet":{"background-color":"var(--ast-global-color-5)","background-image":"","background-repeat":"repeat","background-position":"center center","background-size":"auto","background-attachment":"scroll","background-type":"","background-media":"","overlay-type":"","overlay-color":"","overlay-opacity":"","overlay-gradient":""},"mobile":{"background-color":"var(--ast-global-color-5)","background-image":"","background-repeat":"repeat","background-position":"center center","background-size":"auto","background-attachment":"scroll","background-type":"","background-media":"","overlay-type":"","overlay-color":"","overlay-opacity":"","overlay-gradient":""}},"footnotes":""},"class_list":["post-110","page","type-page","status-publish","hentry"],"yoast_head":"<!-- This site is optimized with the Yoast SEO plugin v27.4 - https:\/\/yoast.com\/product\/yoast-seo-wordpress\/ -->\n<title>Langeland Lolland f\u00e4rja tidtabell<\/title>\n<meta name=\"description\" content=\"Uppt\u00e4ck den kompletta f\u00e4rje\u00f6verfartens tidtabell f\u00f6r Langeland Lolland (Langelandslinjen).\" \/>\n<meta name=\"robots\" content=\"index, follow, max-snippet:-1, max-image-preview:large, max-video-preview:-1\" \/>\n<link rel=\"canonical\" href=\"https:\/\/langeland-lolland.com\/se\/tidtabell\/\" \/>\n<meta property=\"og:locale\" content=\"sv_SE\" \/>\n<meta property=\"og:type\" content=\"article\" \/>\n<meta property=\"og:title\" content=\"Langeland Lolland f\u00e4rja tidtabell\" \/>\n<meta property=\"og:description\" content=\"Uppt\u00e4ck den kompletta f\u00e4rje\u00f6verfartens tidtabell f\u00f6r Langeland Lolland (Langelandslinjen).\" \/>\n<meta property=\"og:url\" content=\"https:\/\/langeland-lolland.com\/se\/tidtabell\/\" \/>\n<meta property=\"og:site_name\" content=\"Langeland Lolland f\u00e4rja\" \/>\n<meta property=\"article:modified_time\" content=\"2025-07-07T14:07:53+00:00\" \/>\n<meta name=\"twitter:card\" content=\"summary_large_image\" \/>\n<meta name=\"twitter:label1\" content=\"Ber\u00e4knad l\u00e4stid\" \/>\n\t<meta name=\"twitter:data1\" content=\"2 minuter\" \/>\n<script type=\"application\/ld+json\" class=\"yoast-schema-graph\">{\"@context\":\"https:\\\/\\\/schema.org\",\"@graph\":[{\"@type\":\"WebPage\",\"@id\":\"https:\\\/\\\/langeland-lolland.com\\\/se\\\/tidtabell\\\/\",\"url\":\"https:\\\/\\\/langeland-lolland.com\\\/se\\\/tidtabell\\\/\",\"name\":\"Langeland Lolland f\u00e4rja tidtabell\",\"isPartOf\":{\"@id\":\"https:\\\/\\\/langeland-lolland.com\\\/se\\\/#website\"},\"datePublished\":\"2024-05-01T11:59:11+00:00\",\"dateModified\":\"2025-07-07T14:07:53+00:00\",\"description\":\"Uppt\u00e4ck den kompletta f\u00e4rje\u00f6verfartens tidtabell f\u00f6r Langeland Lolland (Langelandslinjen).\",\"breadcrumb\":{\"@id\":\"https:\\\/\\\/langeland-lolland.com\\\/se\\\/tidtabell\\\/#breadcrumb\"},\"inLanguage\":\"sv-SE\",\"potentialAction\":[{\"@type\":\"ReadAction\",\"target\":[\"https:\\\/\\\/langeland-lolland.com\\\/se\\\/tidtabell\\\/\"]}]},{\"@type\":\"BreadcrumbList\",\"@id\":\"https:\\\/\\\/langeland-lolland.com\\\/se\\\/tidtabell\\\/#breadcrumb\",\"itemListElement\":[{\"@type\":\"ListItem\",\"position\":1,\"name\":\"Home\",\"item\":\"https:\\\/\\\/langeland-lolland.com\\\/se\\\/\"},{\"@type\":\"ListItem\",\"position\":2,\"name\":\"Langeland Lolland f\u00e4rja tidtabell\"}]},{\"@type\":\"WebSite\",\"@id\":\"https:\\\/\\\/langeland-lolland.com\\\/se\\\/#website\",\"url\":\"https:\\\/\\\/langeland-lolland.com\\\/se\\\/\",\"name\":\"Langeland Lolland f\u00e4rja\",\"description\":\"\",\"publisher\":{\"@id\":\"https:\\\/\\\/langeland-lolland.com\\\/se\\\/#organization\"},\"potentialAction\":[{\"@type\":\"SearchAction\",\"target\":{\"@type\":\"EntryPoint\",\"urlTemplate\":\"https:\\\/\\\/langeland-lolland.com\\\/se\\\/?s={search_term_string}\"},\"query-input\":{\"@type\":\"PropertyValueSpecification\",\"valueRequired\":true,\"valueName\":\"search_term_string\"}}],\"inLanguage\":\"sv-SE\"},{\"@type\":\"Organization\",\"@id\":\"https:\\\/\\\/langeland-lolland.com\\\/se\\\/#organization\",\"name\":\"Langeland Lolland f\u00e4rja\",\"url\":\"https:\\\/\\\/langeland-lolland.com\\\/se\\\/\",\"logo\":{\"@type\":\"ImageObject\",\"inLanguage\":\"sv-SE\",\"@id\":\"https:\\\/\\\/langeland-lolland.com\\\/se\\\/#\\\/schema\\\/logo\\\/image\\\/\",\"url\":\"https:\\\/\\\/langeland-lolland.com\\\/se\\\/wp-content\\\/uploads\\\/sites\\\/4\\\/2025\\\/06\\\/langeland-lolland-ferry.png\",\"contentUrl\":\"https:\\\/\\\/langeland-lolland.com\\\/se\\\/wp-content\\\/uploads\\\/sites\\\/4\\\/2025\\\/06\\\/langeland-lolland-ferry.png\",\"width\":750,\"height\":125,\"caption\":\"Langeland Lolland f\u00e4rja\"},\"image\":{\"@id\":\"https:\\\/\\\/langeland-lolland.com\\\/se\\\/#\\\/schema\\\/logo\\\/image\\\/\"}}]}<\/script>\n<!-- \/ Yoast SEO plugin. -->","yoast_head_json":{"title":"Langeland Lolland f\u00e4rja tidtabell","description":"Uppt\u00e4ck den kompletta f\u00e4rje\u00f6verfartens tidtabell f\u00f6r Langeland Lolland (Langelandslinjen).","robots":{"index":"index","follow":"follow","max-snippet":"max-snippet:-1","max-image-preview":"max-image-preview:large","max-video-preview":"max-video-preview:-1"},"canonical":"https:\/\/langeland-lolland.com\/se\/tidtabell\/","og_locale":"sv_SE","og_type":"article","og_title":"Langeland Lolland f\u00e4rja tidtabell","og_description":"Uppt\u00e4ck den kompletta f\u00e4rje\u00f6verfartens tidtabell f\u00f6r Langeland Lolland (Langelandslinjen).","og_url":"https:\/\/langeland-lolland.com\/se\/tidtabell\/","og_site_name":"Langeland Lolland f\u00e4rja","article_modified_time":"2025-07-07T14:07:53+00:00","twitter_card":"summary_large_image","twitter_misc":{"Ber\u00e4knad l\u00e4stid":"2 minuter"},"schema":{"@context":"https:\/\/schema.org","@graph":[{"@type":"WebPage","@id":"https:\/\/langeland-lolland.com\/se\/tidtabell\/","url":"https:\/\/langeland-lolland.com\/se\/tidtabell\/","name":"Langeland Lolland f\u00e4rja tidtabell","isPartOf":{"@id":"https:\/\/langeland-lolland.com\/se\/#website"},"datePublished":"2024-05-01T11:59:11+00:00","dateModified":"2025-07-07T14:07:53+00:00","description":"Uppt\u00e4ck den kompletta f\u00e4rje\u00f6verfartens tidtabell f\u00f6r Langeland Lolland (Langelandslinjen).","breadcrumb":{"@id":"https:\/\/langeland-lolland.com\/se\/tidtabell\/#breadcrumb"},"inLanguage":"sv-SE","potentialAction":[{"@type":"ReadAction","target":["https:\/\/langeland-lolland.com\/se\/tidtabell\/"]}]},{"@type":"BreadcrumbList","@id":"https:\/\/langeland-lolland.com\/se\/tidtabell\/#breadcrumb","itemListElement":[{"@type":"ListItem","position":1,"name":"Home","item":"https:\/\/langeland-lolland.com\/se\/"},{"@type":"ListItem","position":2,"name":"Langeland Lolland f\u00e4rja tidtabell"}]},{"@type":"WebSite","@id":"https:\/\/langeland-lolland.com\/se\/#website","url":"https:\/\/langeland-lolland.com\/se\/","name":"Langeland Lolland f\u00e4rja","description":"","publisher":{"@id":"https:\/\/langeland-lolland.com\/se\/#organization"},"potentialAction":[{"@type":"SearchAction","target":{"@type":"EntryPoint","urlTemplate":"https:\/\/langeland-lolland.com\/se\/?s={search_term_string}"},"query-input":{"@type":"PropertyValueSpecification","valueRequired":true,"valueName":"search_term_string"}}],"inLanguage":"sv-SE"},{"@type":"Organization","@id":"https:\/\/langeland-lolland.com\/se\/#organization","name":"Langeland Lolland f\u00e4rja","url":"https:\/\/langeland-lolland.com\/se\/","logo":{"@type":"ImageObject","inLanguage":"sv-SE","@id":"https:\/\/langeland-lolland.com\/se\/#\/schema\/logo\/image\/","url":"https:\/\/langeland-lolland.com\/se\/wp-content\/uploads\/sites\/4\/2025\/06\/langeland-lolland-ferry.png","contentUrl":"https:\/\/langeland-lolland.com\/se\/wp-content\/uploads\/sites\/4\/2025\/06\/langeland-lolland-ferry.png","width":750,"height":125,"caption":"Langeland Lolland f\u00e4rja"},"image":{"@id":"https:\/\/langeland-lolland.com\/se\/#\/schema\/logo\/image\/"}}]}},"_links":{"self":[{"href":"https:\/\/langeland-lolland.com\/se\/wp-json\/wp\/v2\/pages\/110","targetHints":{"allow":["GET"]}}],"collection":[{"href":"https:\/\/langeland-lolland.com\/se\/wp-json\/wp\/v2\/pages"}],"about":[{"href":"https:\/\/langeland-lolland.com\/se\/wp-json\/wp\/v2\/types\/page"}],"author":[{"embeddable":true,"href":"https:\/\/langeland-lolland.com\/se\/wp-json\/wp\/v2\/users\/2"}],"replies":[{"embeddable":true,"href":"https:\/\/langeland-lolland.com\/se\/wp-json\/wp\/v2\/comments?post=110"}],"version-history":[{"count":5,"href":"https:\/\/langeland-lolland.com\/se\/wp-json\/wp\/v2\/pages\/110\/revisions"}],"predecessor-version":[{"id":215,"href":"https:\/\/langeland-lolland.com\/se\/wp-json\/wp\/v2\/pages\/110\/revisions\/215"}],"wp:attachment":[{"href":"https:\/\/langeland-lolland.com\/se\/wp-json\/wp\/v2\/media?parent=110"}],"curies":[{"name":"wp","href":"https:\/\/api.w.org\/{rel}","templated":true}]}}