{"id":104,"date":"2024-05-01T11:51:18","date_gmt":"2024-05-01T11:51:18","guid":{"rendered":"https:\/\/langeland-lolland.com\/se\/?page_id=104"},"modified":"2025-07-07T13:50:27","modified_gmt":"2025-07-07T13:50:27","slug":"vaderprognos","status":"publish","type":"page","link":"https:\/\/langeland-lolland.com\/se\/vaderprognos\/","title":{"rendered":"V\u00e4derprognos"},"content":{"rendered":"\n<p>Hur kommer v\u00e4dret att vara n\u00e4r du anl\u00e4nder? Och hur blir det under \u00f6verfarten? P\u00e5 den h\u00e4r sidan listar vi v\u00e4derprognosen f\u00f6r de kommande dagarna: fr\u00e5n temperaturen p\u00e5 Lolland till v\u00e5gh\u00f6jderna l\u00e4ngs rutten.<\/p>\n\n\n\n<h2 class=\"wp-block-heading\">V\u00e4dret i Spodsbjerg\u00a0i Langeland<\/h2>\n\n\n\n<p>Se nedan 5-dagars v\u00e4derprognosen f\u00f6r <a href=\"https:\/\/langeland-lolland.com\/se\/spodsbjerg\/\">hamnen i Spodsbjerg<\/a> p\u00e5 Langeland.<\/p>\n\n\n<p><iframe width=\"650\" height=\"187\" src=\"https:\/\/embed.windy.com\/embed.html?type=forecast&#038;location=coordinates&#038;detail=true&#038;detailLat=54.934975127673596&#038;detailLon=10.833666573158297&#038;metricTemp=default&#038;metricRain=default&#038;metricWind=default\" frameborder=\"0\"><\/iframe><\/p>\n\n\n\n<h2 class=\"wp-block-heading\">V\u00e4der i T\u00e5rs hamn (Lolland)<\/h2>\n\n\n\n<p>Nedan hittar du v\u00e4derprognosen f\u00f6r de kommande fem dagarna f\u00f6r <a href=\"https:\/\/langeland-lolland.com\/se\/tars\/\">hamnen i T\u00e5rs<\/a>.<\/p>\n\n\n<p><iframe width=\"650\" height=\"187\" src=\"https:\/\/embed.windy.com\/embed.html?type=forecast&#038;location=coordinates&#038;detail=true&#038;detailLat=54.87602876615651&#038;detailLon=11.030724101503722&#038;metricTemp=default&#038;metricRain=default&#038;metricWind=default\" frameborder=\"0\"><\/iframe><\/p>\n\n\n\n<h2 class=\"wp-block-heading\">V\u00e4derprognos Langelandsb\u00e6lt<\/h2>\n\n\n\n<p>Kommer det att bli stormigt under \u00f6verfarten? Och hur \u00e4r det med temperaturen? Kolla nedan v\u00e4derprognosen f\u00f6r Langelandsb\u00e6lt, vattnet mellan Langeland och Lolland.<\/p>\n\n\n<p><iframe width=\"650\" height=\"450\" src=\"https:\/\/embed.windy.com\/embed.html?type=map&#038;location=coordinates&#038;metricRain=default&#038;metricTemp=default&#038;metricWind=default&#038;zoom=11&#038;overlay=waves&#038;product=ecmwfWaves&#038;level=surface&#038;lat=54.904&#038;lon=10.869\" frameborder=\"0\"><\/iframe><\/p>\n","protected":false},"excerpt":{"rendered":"<p>Hur kommer v\u00e4dret att vara n\u00e4r du anl\u00e4nder? Och hur blir det under \u00f6verfarten? P\u00e5 den h\u00e4r sidan listar vi [&hellip;]<\/p>\n","protected":false},"author":2,"featured_media":0,"parent":0,"menu_order":0,"comment_status":"closed","ping_status":"closed","template":"","meta":{"inline_featured_image":false,"site-sidebar-layout":"default","site-content-layout":"","ast-site-content-layout":"default","site-content-style":"default","site-sidebar-style":"default","ast-global-header-display":"","ast-banner-title-visibility":"","ast-main-header-display":"","ast-hfb-above-header-display":"","ast-hfb-below-header-display":"","ast-hfb-mobile-header-display":"","site-post-title":"","ast-breadcrumbs-content":"","ast-featured-img":"","footer-sml-layout":"","ast-disable-related-posts":"","theme-transparent-header-meta":"","adv-header-id-meta":"","stick-header-meta":"","header-above-stick-meta":"","header-main-stick-meta":"","header-below-stick-meta":"","astra-migrate-meta-layouts":"default","ast-page-background-enabled":"default","ast-page-background-meta":{"desktop":{"background-color":"var(--ast-global-color-4)","background-image":"","background-repeat":"repeat","background-position":"center center","background-size":"auto","background-attachment":"scroll","background-type":"","background-media":"","overlay-type":"","overlay-color":"","overlay-opacity":"","overlay-gradient":""},"tablet":{"background-color":"","background-image":"","background-repeat":"repeat","background-position":"center center","background-size":"auto","background-attachment":"scroll","background-type":"","background-media":"","overlay-type":"","overlay-color":"","overlay-opacity":"","overlay-gradient":""},"mobile":{"background-color":"","background-image":"","background-repeat":"repeat","background-position":"center center","background-size":"auto","background-attachment":"scroll","background-type":"","background-media":"","overlay-type":"","overlay-color":"","overlay-opacity":"","overlay-gradient":""}},"ast-content-background-meta":{"desktop":{"background-color":"var(--ast-global-color-5)","background-image":"","background-repeat":"repeat","background-position":"center center","background-size":"auto","background-attachment":"scroll","background-type":"","background-media":"","overlay-type":"","overlay-color":"","overlay-opacity":"","overlay-gradient":""},"tablet":{"background-color":"var(--ast-global-color-5)","background-image":"","background-repeat":"repeat","background-position":"center center","background-size":"auto","background-attachment":"scroll","background-type":"","background-media":"","overlay-type":"","overlay-color":"","overlay-opacity":"","overlay-gradient":""},"mobile":{"background-color":"var(--ast-global-color-5)","background-image":"","background-repeat":"repeat","background-position":"center center","background-size":"auto","background-attachment":"scroll","background-type":"","background-media":"","overlay-type":"","overlay-color":"","overlay-opacity":"","overlay-gradient":""}},"footnotes":""},"class_list":["post-104","page","type-page","status-publish","hentry"],"yoast_head":"<!-- This site is optimized with the Yoast SEO plugin v27.4 - https:\/\/yoast.com\/product\/yoast-seo-wordpress\/ -->\n<title>V\u00e4derprognos - Langeland Lolland f\u00e4rja<\/title>\n<meta name=\"description\" content=\"Ta reda p\u00e5 den aktuella v\u00e4derprognosen under \u00f6verfarten mellan Langeland och Lolland med f\u00e4rja (Langelandsb\u00e6lt).\" \/>\n<meta name=\"robots\" content=\"index, follow, max-snippet:-1, max-image-preview:large, max-video-preview:-1\" \/>\n<link rel=\"canonical\" href=\"https:\/\/langeland-lolland.com\/se\/vaderprognos\/\" \/>\n<meta property=\"og:locale\" content=\"sv_SE\" \/>\n<meta property=\"og:type\" content=\"article\" \/>\n<meta property=\"og:title\" content=\"V\u00e4derprognos - Langeland Lolland f\u00e4rja\" \/>\n<meta property=\"og:description\" content=\"Ta reda p\u00e5 den aktuella v\u00e4derprognosen under \u00f6verfarten mellan Langeland och Lolland med f\u00e4rja (Langelandsb\u00e6lt).\" \/>\n<meta property=\"og:url\" content=\"https:\/\/langeland-lolland.com\/se\/vaderprognos\/\" \/>\n<meta property=\"og:site_name\" content=\"Langeland Lolland f\u00e4rja\" \/>\n<meta property=\"article:modified_time\" content=\"2025-07-07T13:50:27+00:00\" \/>\n<meta name=\"twitter:card\" content=\"summary_large_image\" \/>\n<meta name=\"twitter:label1\" content=\"Ber\u00e4knad l\u00e4stid\" \/>\n\t<meta name=\"twitter:data1\" content=\"1 minut\" \/>\n<script type=\"application\/ld+json\" class=\"yoast-schema-graph\">{\"@context\":\"https:\\\/\\\/schema.org\",\"@graph\":[{\"@type\":\"WebPage\",\"@id\":\"https:\\\/\\\/langeland-lolland.com\\\/se\\\/vaderprognos\\\/\",\"url\":\"https:\\\/\\\/langeland-lolland.com\\\/se\\\/vaderprognos\\\/\",\"name\":\"V\u00e4derprognos - Langeland Lolland f\u00e4rja\",\"isPartOf\":{\"@id\":\"https:\\\/\\\/langeland-lolland.com\\\/se\\\/#website\"},\"datePublished\":\"2024-05-01T11:51:18+00:00\",\"dateModified\":\"2025-07-07T13:50:27+00:00\",\"description\":\"Ta reda p\u00e5 den aktuella v\u00e4derprognosen under \u00f6verfarten mellan Langeland och Lolland med f\u00e4rja (Langelandsb\u00e6lt).\",\"breadcrumb\":{\"@id\":\"https:\\\/\\\/langeland-lolland.com\\\/se\\\/vaderprognos\\\/#breadcrumb\"},\"inLanguage\":\"sv-SE\",\"potentialAction\":[{\"@type\":\"ReadAction\",\"target\":[\"https:\\\/\\\/langeland-lolland.com\\\/se\\\/vaderprognos\\\/\"]}]},{\"@type\":\"BreadcrumbList\",\"@id\":\"https:\\\/\\\/langeland-lolland.com\\\/se\\\/vaderprognos\\\/#breadcrumb\",\"itemListElement\":[{\"@type\":\"ListItem\",\"position\":1,\"name\":\"Home\",\"item\":\"https:\\\/\\\/langeland-lolland.com\\\/se\\\/\"},{\"@type\":\"ListItem\",\"position\":2,\"name\":\"V\u00e4derprognos\"}]},{\"@type\":\"WebSite\",\"@id\":\"https:\\\/\\\/langeland-lolland.com\\\/se\\\/#website\",\"url\":\"https:\\\/\\\/langeland-lolland.com\\\/se\\\/\",\"name\":\"Langeland Lolland f\u00e4rja\",\"description\":\"\",\"publisher\":{\"@id\":\"https:\\\/\\\/langeland-lolland.com\\\/se\\\/#organization\"},\"potentialAction\":[{\"@type\":\"SearchAction\",\"target\":{\"@type\":\"EntryPoint\",\"urlTemplate\":\"https:\\\/\\\/langeland-lolland.com\\\/se\\\/?s={search_term_string}\"},\"query-input\":{\"@type\":\"PropertyValueSpecification\",\"valueRequired\":true,\"valueName\":\"search_term_string\"}}],\"inLanguage\":\"sv-SE\"},{\"@type\":\"Organization\",\"@id\":\"https:\\\/\\\/langeland-lolland.com\\\/se\\\/#organization\",\"name\":\"Langeland Lolland f\u00e4rja\",\"url\":\"https:\\\/\\\/langeland-lolland.com\\\/se\\\/\",\"logo\":{\"@type\":\"ImageObject\",\"inLanguage\":\"sv-SE\",\"@id\":\"https:\\\/\\\/langeland-lolland.com\\\/se\\\/#\\\/schema\\\/logo\\\/image\\\/\",\"url\":\"https:\\\/\\\/langeland-lolland.com\\\/se\\\/wp-content\\\/uploads\\\/sites\\\/4\\\/2025\\\/06\\\/langeland-lolland-ferry.png\",\"contentUrl\":\"https:\\\/\\\/langeland-lolland.com\\\/se\\\/wp-content\\\/uploads\\\/sites\\\/4\\\/2025\\\/06\\\/langeland-lolland-ferry.png\",\"width\":750,\"height\":125,\"caption\":\"Langeland Lolland f\u00e4rja\"},\"image\":{\"@id\":\"https:\\\/\\\/langeland-lolland.com\\\/se\\\/#\\\/schema\\\/logo\\\/image\\\/\"}}]}<\/script>\n<!-- \/ Yoast SEO plugin. -->","yoast_head_json":{"title":"V\u00e4derprognos - Langeland Lolland f\u00e4rja","description":"Ta reda p\u00e5 den aktuella v\u00e4derprognosen under \u00f6verfarten mellan Langeland och Lolland med f\u00e4rja (Langelandsb\u00e6lt).","robots":{"index":"index","follow":"follow","max-snippet":"max-snippet:-1","max-image-preview":"max-image-preview:large","max-video-preview":"max-video-preview:-1"},"canonical":"https:\/\/langeland-lolland.com\/se\/vaderprognos\/","og_locale":"sv_SE","og_type":"article","og_title":"V\u00e4derprognos - Langeland Lolland f\u00e4rja","og_description":"Ta reda p\u00e5 den aktuella v\u00e4derprognosen under \u00f6verfarten mellan Langeland och Lolland med f\u00e4rja (Langelandsb\u00e6lt).","og_url":"https:\/\/langeland-lolland.com\/se\/vaderprognos\/","og_site_name":"Langeland Lolland f\u00e4rja","article_modified_time":"2025-07-07T13:50:27+00:00","twitter_card":"summary_large_image","twitter_misc":{"Ber\u00e4knad l\u00e4stid":"1 minut"},"schema":{"@context":"https:\/\/schema.org","@graph":[{"@type":"WebPage","@id":"https:\/\/langeland-lolland.com\/se\/vaderprognos\/","url":"https:\/\/langeland-lolland.com\/se\/vaderprognos\/","name":"V\u00e4derprognos - Langeland Lolland f\u00e4rja","isPartOf":{"@id":"https:\/\/langeland-lolland.com\/se\/#website"},"datePublished":"2024-05-01T11:51:18+00:00","dateModified":"2025-07-07T13:50:27+00:00","description":"Ta reda p\u00e5 den aktuella v\u00e4derprognosen under \u00f6verfarten mellan Langeland och Lolland med f\u00e4rja (Langelandsb\u00e6lt).","breadcrumb":{"@id":"https:\/\/langeland-lolland.com\/se\/vaderprognos\/#breadcrumb"},"inLanguage":"sv-SE","potentialAction":[{"@type":"ReadAction","target":["https:\/\/langeland-lolland.com\/se\/vaderprognos\/"]}]},{"@type":"BreadcrumbList","@id":"https:\/\/langeland-lolland.com\/se\/vaderprognos\/#breadcrumb","itemListElement":[{"@type":"ListItem","position":1,"name":"Home","item":"https:\/\/langeland-lolland.com\/se\/"},{"@type":"ListItem","position":2,"name":"V\u00e4derprognos"}]},{"@type":"WebSite","@id":"https:\/\/langeland-lolland.com\/se\/#website","url":"https:\/\/langeland-lolland.com\/se\/","name":"Langeland Lolland f\u00e4rja","description":"","publisher":{"@id":"https:\/\/langeland-lolland.com\/se\/#organization"},"potentialAction":[{"@type":"SearchAction","target":{"@type":"EntryPoint","urlTemplate":"https:\/\/langeland-lolland.com\/se\/?s={search_term_string}"},"query-input":{"@type":"PropertyValueSpecification","valueRequired":true,"valueName":"search_term_string"}}],"inLanguage":"sv-SE"},{"@type":"Organization","@id":"https:\/\/langeland-lolland.com\/se\/#organization","name":"Langeland Lolland f\u00e4rja","url":"https:\/\/langeland-lolland.com\/se\/","logo":{"@type":"ImageObject","inLanguage":"sv-SE","@id":"https:\/\/langeland-lolland.com\/se\/#\/schema\/logo\/image\/","url":"https:\/\/langeland-lolland.com\/se\/wp-content\/uploads\/sites\/4\/2025\/06\/langeland-lolland-ferry.png","contentUrl":"https:\/\/langeland-lolland.com\/se\/wp-content\/uploads\/sites\/4\/2025\/06\/langeland-lolland-ferry.png","width":750,"height":125,"caption":"Langeland Lolland f\u00e4rja"},"image":{"@id":"https:\/\/langeland-lolland.com\/se\/#\/schema\/logo\/image\/"}}]}},"_links":{"self":[{"href":"https:\/\/langeland-lolland.com\/se\/wp-json\/wp\/v2\/pages\/104","targetHints":{"allow":["GET"]}}],"collection":[{"href":"https:\/\/langeland-lolland.com\/se\/wp-json\/wp\/v2\/pages"}],"about":[{"href":"https:\/\/langeland-lolland.com\/se\/wp-json\/wp\/v2\/types\/page"}],"author":[{"embeddable":true,"href":"https:\/\/langeland-lolland.com\/se\/wp-json\/wp\/v2\/users\/2"}],"replies":[{"embeddable":true,"href":"https:\/\/langeland-lolland.com\/se\/wp-json\/wp\/v2\/comments?post=104"}],"version-history":[{"count":4,"href":"https:\/\/langeland-lolland.com\/se\/wp-json\/wp\/v2\/pages\/104\/revisions"}],"predecessor-version":[{"id":204,"href":"https:\/\/langeland-lolland.com\/se\/wp-json\/wp\/v2\/pages\/104\/revisions\/204"}],"wp:attachment":[{"href":"https:\/\/langeland-lolland.com\/se\/wp-json\/wp\/v2\/media?parent=104"}],"curies":[{"name":"wp","href":"https:\/\/api.w.org\/{rel}","templated":true}]}}