{"id":98,"date":"2024-05-27T08:06:58","date_gmt":"2024-05-27T08:06:58","guid":{"rendered":"https:\/\/langeland-lolland.com\/no\/?page_id=98"},"modified":"2025-07-07T12:50:17","modified_gmt":"2025-07-07T12:50:17","slug":"rutetider","status":"publish","type":"page","link":"https:\/\/langeland-lolland.com\/no\/rutetider\/","title":{"rendered":"Fergeplan for Langeland Lolland"},"content":{"rendered":"\n<p>Hver dag i uken g\u00e5r det flere <a href=\"https:\/\/langeland-lolland.com\/no\/?elementor_library=home\">ferger fra Langeland til Lolland<\/a>. Fergen legger ut fra havnen i Spodsbjerg og ankommer havnen i T\u00e5rs.<\/p>\n\n\n\n<p>Overfartene utf\u00f8res av Langelandslinjen. P\u00e5 denne siden kan du finne den oppdaterte rutetabellen for dette ferjeselskapet.<\/p>\n\n\n\n<h2 class=\"wp-block-heading\">Rutetabell Spodsbjerg \u2192 T\u00e5rs<\/h2>\n\n\n\n<p>Skal du reise fra Langeland til Lolland og dermed dra fra <a href=\"https:\/\/langeland-lolland.com\/no\/spodsbjerg\/\">havnen i Spodsbjerg<\/a>? Da kan du sjekke rutetabellen nedenfor.<\/p>\n\n\n\n<figure class=\"wp-block-table is-style-stripes has-small-font-size\"><table class=\"has-fixed-layout\"><thead><tr><th class=\"has-text-align-left\" data-align=\"left\">Avgang Spodsbjerg<\/th><th class=\"has-text-align-left\" data-align=\"left\">Ankomst T\u00e5rs<\/th><th class=\"has-text-align-left\" data-align=\"left\">Avgangsdager<\/th><\/tr><\/thead><tbody><tr><td class=\"has-text-align-left\" data-align=\"left\">05:15<\/td><td class=\"has-text-align-left\" data-align=\"left\">06:00<\/td><td class=\"has-text-align-left\" data-align=\"left\">Mandag til fredag<\/td><\/tr><tr><td class=\"has-text-align-left\" data-align=\"left\">06:15<\/td><td class=\"has-text-align-left\" data-align=\"left\">07:00<\/td><td class=\"has-text-align-left\" data-align=\"left\">Mandag til s\u00f8ndag<\/td><\/tr><tr><td class=\"has-text-align-left\" data-align=\"left\">07:15<\/td><td class=\"has-text-align-left\" data-align=\"left\">08:00<\/td><td class=\"has-text-align-left\" data-align=\"left\">Mandag til s\u00f8ndag<\/td><\/tr><tr><td class=\"has-text-align-left\" data-align=\"left\">08:15<\/td><td class=\"has-text-align-left\" data-align=\"left\">09:00<\/td><td class=\"has-text-align-left\" data-align=\"left\">Mandag til s\u00f8ndag<\/td><\/tr><tr><td class=\"has-text-align-left\" data-align=\"left\">09:15<\/td><td class=\"has-text-align-left\" data-align=\"left\">10:00<\/td><td class=\"has-text-align-left\" data-align=\"left\">Mandag til s\u00f8ndag<\/td><\/tr><tr><td class=\"has-text-align-left\" data-align=\"left\">10:15<\/td><td class=\"has-text-align-left\" data-align=\"left\">11:00<\/td><td class=\"has-text-align-left\" data-align=\"left\">Mandag til s\u00f8ndag<\/td><\/tr><tr><td class=\"has-text-align-left\" data-align=\"left\">11:15<\/td><td class=\"has-text-align-left\" data-align=\"left\">12:00<\/td><td class=\"has-text-align-left\" data-align=\"left\">Mandag til s\u00f8ndag<\/td><\/tr><tr><td class=\"has-text-align-left\" data-align=\"left\">12:15<\/td><td class=\"has-text-align-left\" data-align=\"left\">13:00<\/td><td class=\"has-text-align-left\" data-align=\"left\">Mandag til s\u00f8ndag<\/td><\/tr><tr><td class=\"has-text-align-left\" data-align=\"left\">13:15<\/td><td class=\"has-text-align-left\" data-align=\"left\">14:00<\/td><td class=\"has-text-align-left\" data-align=\"left\">Mandag til s\u00f8ndag<\/td><\/tr><tr><td class=\"has-text-align-left\" data-align=\"left\">14:15<\/td><td class=\"has-text-align-left\" data-align=\"left\">15:00<\/td><td class=\"has-text-align-left\" data-align=\"left\">Mandag til s\u00f8ndag<\/td><\/tr><tr><td class=\"has-text-align-left\" data-align=\"left\">15:15<\/td><td class=\"has-text-align-left\" data-align=\"left\">16:00<\/td><td class=\"has-text-align-left\" data-align=\"left\">Mandag til s\u00f8ndag<\/td><\/tr><tr><td class=\"has-text-align-left\" data-align=\"left\">16:15<\/td><td class=\"has-text-align-left\" data-align=\"left\">17:00<\/td><td class=\"has-text-align-left\" data-align=\"left\">Mandag til s\u00f8ndag<\/td><\/tr><tr><td class=\"has-text-align-left\" data-align=\"left\">17:15<\/td><td class=\"has-text-align-left\" data-align=\"left\">18:00<\/td><td class=\"has-text-align-left\" data-align=\"left\">Mandag til s\u00f8ndag<\/td><\/tr><tr><td class=\"has-text-align-left\" data-align=\"left\">18:15<\/td><td class=\"has-text-align-left\" data-align=\"left\">19:00<\/td><td class=\"has-text-align-left\" data-align=\"left\">Mandag til s\u00f8ndag<\/td><\/tr><tr><td class=\"has-text-align-left\" data-align=\"left\">19:15<\/td><td class=\"has-text-align-left\" data-align=\"left\">20:00<\/td><td class=\"has-text-align-left\" data-align=\"left\">Mandag til s\u00f8ndag<\/td><\/tr><tr><td class=\"has-text-align-left\" data-align=\"left\">20:15<\/td><td class=\"has-text-align-left\" data-align=\"left\">21:00<\/td><td class=\"has-text-align-left\" data-align=\"left\">Mandag til s\u00f8ndag<\/td><\/tr><tr><td class=\"has-text-align-left\" data-align=\"left\">21:15<\/td><td class=\"has-text-align-left\" data-align=\"left\">22:00<\/td><td class=\"has-text-align-left\" data-align=\"left\">Mandag til s\u00f8ndag<\/td><\/tr><tr><td class=\"has-text-align-left\" data-align=\"left\">22:15<\/td><td class=\"has-text-align-left\" data-align=\"left\">23:00<\/td><td class=\"has-text-align-left\" data-align=\"left\">Mandag til fredag<\/td><\/tr><\/tbody><\/table><\/figure>\n\n\n\n<h2 class=\"wp-block-heading\">Rutetabell T\u00e5rs \u2192 Spodsbjerg <\/h2>\n\n\n\n<p>Nedenfor kan du sjekke rutetabellen for den andre retningen (alts\u00e5 n\u00e5r du drar fra <a href=\"https:\/\/langeland-lolland.com\/no\/tars\/\">havnen i T\u00e5rs<\/a> p\u00e5 Lolland).<\/p>\n\n\n\n<figure class=\"wp-block-table is-style-stripes has-small-font-size\"><table class=\"has-fixed-layout\"><thead><tr><th class=\"has-text-align-left\" data-align=\"left\">Avgang T\u00e5rs<\/th><th class=\"has-text-align-left\" data-align=\"left\">Ankomst Spodsbjerg <\/th><th class=\"has-text-align-left\" data-align=\"left\">Avgangsdager<\/th><\/tr><\/thead><tbody><tr><td class=\"has-text-align-left\" data-align=\"left\">05:15<\/td><td class=\"has-text-align-left\" data-align=\"left\">06:00<\/td><td class=\"has-text-align-left\" data-align=\"left\">Mandag til fredag<\/td><\/tr><tr><td class=\"has-text-align-left\" data-align=\"left\">06:15<\/td><td class=\"has-text-align-left\" data-align=\"left\">07:00<\/td><td class=\"has-text-align-left\" data-align=\"left\">Mandag til s\u00f8ndag<\/td><\/tr><tr><td class=\"has-text-align-left\" data-align=\"left\">07:15<\/td><td class=\"has-text-align-left\" data-align=\"left\">08:00<\/td><td class=\"has-text-align-left\" data-align=\"left\">Mandag til s\u00f8ndag<\/td><\/tr><tr><td class=\"has-text-align-left\" data-align=\"left\">08:15<\/td><td class=\"has-text-align-left\" data-align=\"left\">09:00<\/td><td class=\"has-text-align-left\" data-align=\"left\">Mandag til s\u00f8ndag<\/td><\/tr><tr><td class=\"has-text-align-left\" data-align=\"left\">09:15<\/td><td class=\"has-text-align-left\" data-align=\"left\">10:00<\/td><td class=\"has-text-align-left\" data-align=\"left\">Mandag til s\u00f8ndag<\/td><\/tr><tr><td class=\"has-text-align-left\" data-align=\"left\">10:15<\/td><td class=\"has-text-align-left\" data-align=\"left\">11:00<\/td><td class=\"has-text-align-left\" data-align=\"left\">Mandag til s\u00f8ndag<\/td><\/tr><tr><td class=\"has-text-align-left\" data-align=\"left\">11:15<\/td><td class=\"has-text-align-left\" data-align=\"left\">12:00<\/td><td class=\"has-text-align-left\" data-align=\"left\">Mandag til s\u00f8ndag<\/td><\/tr><tr><td class=\"has-text-align-left\" data-align=\"left\">12:15<\/td><td class=\"has-text-align-left\" data-align=\"left\">13:00<\/td><td class=\"has-text-align-left\" data-align=\"left\">Mandag til s\u00f8ndag<\/td><\/tr><tr><td class=\"has-text-align-left\" data-align=\"left\">13:15<\/td><td class=\"has-text-align-left\" data-align=\"left\">14:00<\/td><td class=\"has-text-align-left\" data-align=\"left\">Mandag til s\u00f8ndag<\/td><\/tr><tr><td class=\"has-text-align-left\" data-align=\"left\">14:15<\/td><td class=\"has-text-align-left\" data-align=\"left\">15:00<\/td><td class=\"has-text-align-left\" data-align=\"left\">Mandag til s\u00f8ndag<\/td><\/tr><tr><td class=\"has-text-align-left\" data-align=\"left\">15:15<\/td><td class=\"has-text-align-left\" data-align=\"left\">16:00<\/td><td class=\"has-text-align-left\" data-align=\"left\">Mandag til s\u00f8ndag<\/td><\/tr><tr><td class=\"has-text-align-left\" data-align=\"left\">16:15<\/td><td class=\"has-text-align-left\" data-align=\"left\">17:00<\/td><td class=\"has-text-align-left\" data-align=\"left\">Mandag til s\u00f8ndag<\/td><\/tr><tr><td class=\"has-text-align-left\" data-align=\"left\">17:15<\/td><td class=\"has-text-align-left\" data-align=\"left\">18:00<\/td><td class=\"has-text-align-left\" data-align=\"left\">Mandag til s\u00f8ndag<\/td><\/tr><tr><td class=\"has-text-align-left\" data-align=\"left\">18:15<\/td><td class=\"has-text-align-left\" data-align=\"left\">19:00<\/td><td class=\"has-text-align-left\" data-align=\"left\">Mandag til s\u00f8ndag<\/td><\/tr><tr><td class=\"has-text-align-left\" data-align=\"left\">19:15<\/td><td class=\"has-text-align-left\" data-align=\"left\">20:00<\/td><td class=\"has-text-align-left\" data-align=\"left\">Mandag til s\u00f8ndag<\/td><\/tr><tr><td class=\"has-text-align-left\" data-align=\"left\">20:15<\/td><td class=\"has-text-align-left\" data-align=\"left\">21:00<\/td><td class=\"has-text-align-left\" data-align=\"left\">Mandag til s\u00f8ndag<\/td><\/tr><tr><td class=\"has-text-align-left\" data-align=\"left\">21:15<\/td><td class=\"has-text-align-left\" data-align=\"left\">22:00<\/td><td class=\"has-text-align-left\" data-align=\"left\">Mandag til s\u00f8ndag<\/td><\/tr><tr><td class=\"has-text-align-left\" data-align=\"left\">22:15<\/td><td class=\"has-text-align-left\" data-align=\"left\">23:00<\/td><td class=\"has-text-align-left\" data-align=\"left\">Mandag til fredag<\/td><\/tr><\/tbody><\/table><\/figure>\n\n\n\n<h2 class=\"wp-block-heading\">Merk: v\u00e6r i god tid til innsjekkingen<\/h2>\n\n\n\n<p>Avgangstidene i rutetabellen ovenfor er de faktiske avgangstidene. Du m\u00e5 v\u00e6re sjekket inn godt i forkant (med eller uten kj\u00f8ret\u00f8y) ved terminalen til <a href=\"https:\/\/langeland-lolland.com\/no\/langelandslinjen\/\">Langelandslinjen<\/a>.<\/p>\n\n\n\n<p>Ta derfor hensyn til trafikkmengde p\u00e5 ruten. Det kan ogs\u00e5 v\u00e6re lurt \u00e5 sette seg inn i <a href=\"https:\/\/langeland-lolland.com\/no\/vaermelding\/\">v\u00e6rmeldingen<\/a>.<\/p>\n","protected":false},"excerpt":{"rendered":"<p>Hver dag i uken g\u00e5r det flere ferger fra Langeland til Lolland. Fergen legger ut fra havnen i Spodsbjerg og [&hellip;]<\/p>\n","protected":false},"author":2,"featured_media":0,"parent":0,"menu_order":0,"comment_status":"closed","ping_status":"closed","template":"","meta":{"inline_featured_image":false,"site-sidebar-layout":"default","site-content-layout":"","ast-site-content-layout":"default","site-content-style":"default","site-sidebar-style":"default","ast-global-header-display":"","ast-banner-title-visibility":"","ast-main-header-display":"","ast-hfb-above-header-display":"","ast-hfb-below-header-display":"","ast-hfb-mobile-header-display":"","site-post-title":"","ast-breadcrumbs-content":"","ast-featured-img":"","footer-sml-layout":"","ast-disable-related-posts":"","theme-transparent-header-meta":"","adv-header-id-meta":"","stick-header-meta":"","header-above-stick-meta":"","header-main-stick-meta":"","header-below-stick-meta":"","astra-migrate-meta-layouts":"default","ast-page-background-enabled":"default","ast-page-background-meta":{"desktop":{"background-color":"var(--ast-global-color-4)","background-image":"","background-repeat":"repeat","background-position":"center center","background-size":"auto","background-attachment":"scroll","background-type":"","background-media":"","overlay-type":"","overlay-color":"","overlay-opacity":"","overlay-gradient":""},"tablet":{"background-color":"","background-image":"","background-repeat":"repeat","background-position":"center center","background-size":"auto","background-attachment":"scroll","background-type":"","background-media":"","overlay-type":"","overlay-color":"","overlay-opacity":"","overlay-gradient":""},"mobile":{"background-color":"","background-image":"","background-repeat":"repeat","background-position":"center center","background-size":"auto","background-attachment":"scroll","background-type":"","background-media":"","overlay-type":"","overlay-color":"","overlay-opacity":"","overlay-gradient":""}},"ast-content-background-meta":{"desktop":{"background-color":"var(--ast-global-color-5)","background-image":"","background-repeat":"repeat","background-position":"center center","background-size":"auto","background-attachment":"scroll","background-type":"","background-media":"","overlay-type":"","overlay-color":"","overlay-opacity":"","overlay-gradient":""},"tablet":{"background-color":"var(--ast-global-color-5)","background-image":"","background-repeat":"repeat","background-position":"center center","background-size":"auto","background-attachment":"scroll","background-type":"","background-media":"","overlay-type":"","overlay-color":"","overlay-opacity":"","overlay-gradient":""},"mobile":{"background-color":"var(--ast-global-color-5)","background-image":"","background-repeat":"repeat","background-position":"center center","background-size":"auto","background-attachment":"scroll","background-type":"","background-media":"","overlay-type":"","overlay-color":"","overlay-opacity":"","overlay-gradient":""}},"footnotes":""},"class_list":["post-98","page","type-page","status-publish","hentry"],"yoast_head":"<!-- This site is optimized with the Yoast SEO plugin v27.4 - https:\/\/yoast.com\/product\/yoast-seo-wordpress\/ -->\n<title>Fergeplan for Langeland Lolland<\/title>\n<meta name=\"description\" content=\"Oppdag den komplette rutetabellen for fergeoverfarten mellom Langeland og Lolland (Langelandslinjen).\" \/>\n<meta name=\"robots\" content=\"index, follow, max-snippet:-1, max-image-preview:large, max-video-preview:-1\" \/>\n<link rel=\"canonical\" href=\"https:\/\/langeland-lolland.com\/no\/rutetider\/\" \/>\n<meta property=\"og:locale\" content=\"nb_NO\" \/>\n<meta property=\"og:type\" content=\"article\" \/>\n<meta property=\"og:title\" content=\"Fergeplan for Langeland Lolland\" \/>\n<meta property=\"og:description\" content=\"Oppdag den komplette rutetabellen for fergeoverfarten mellom Langeland og Lolland (Langelandslinjen).\" \/>\n<meta property=\"og:url\" content=\"https:\/\/langeland-lolland.com\/no\/rutetider\/\" \/>\n<meta property=\"og:site_name\" content=\"Langeland Lolland ferge\" \/>\n<meta property=\"article:modified_time\" content=\"2025-07-07T12:50:17+00:00\" \/>\n<meta name=\"twitter:card\" content=\"summary_large_image\" \/>\n<meta name=\"twitter:label1\" content=\"Ansl. lesetid\" \/>\n\t<meta name=\"twitter:data1\" content=\"2 minutter\" \/>\n<script type=\"application\/ld+json\" class=\"yoast-schema-graph\">{\"@context\":\"https:\\\/\\\/schema.org\",\"@graph\":[{\"@type\":\"WebPage\",\"@id\":\"https:\\\/\\\/langeland-lolland.com\\\/no\\\/rutetider\\\/\",\"url\":\"https:\\\/\\\/langeland-lolland.com\\\/no\\\/rutetider\\\/\",\"name\":\"Fergeplan for Langeland Lolland\",\"isPartOf\":{\"@id\":\"https:\\\/\\\/langeland-lolland.com\\\/no\\\/#website\"},\"datePublished\":\"2024-05-27T08:06:58+00:00\",\"dateModified\":\"2025-07-07T12:50:17+00:00\",\"description\":\"Oppdag den komplette rutetabellen for fergeoverfarten mellom Langeland og Lolland (Langelandslinjen).\",\"breadcrumb\":{\"@id\":\"https:\\\/\\\/langeland-lolland.com\\\/no\\\/rutetider\\\/#breadcrumb\"},\"inLanguage\":\"nb-NO\",\"potentialAction\":[{\"@type\":\"ReadAction\",\"target\":[\"https:\\\/\\\/langeland-lolland.com\\\/no\\\/rutetider\\\/\"]}]},{\"@type\":\"BreadcrumbList\",\"@id\":\"https:\\\/\\\/langeland-lolland.com\\\/no\\\/rutetider\\\/#breadcrumb\",\"itemListElement\":[{\"@type\":\"ListItem\",\"position\":1,\"name\":\"Home\",\"item\":\"https:\\\/\\\/langeland-lolland.com\\\/no\\\/\"},{\"@type\":\"ListItem\",\"position\":2,\"name\":\"Fergeplan for Langeland Lolland\"}]},{\"@type\":\"WebSite\",\"@id\":\"https:\\\/\\\/langeland-lolland.com\\\/no\\\/#website\",\"url\":\"https:\\\/\\\/langeland-lolland.com\\\/no\\\/\",\"name\":\"Langeland Lolland ferge\",\"description\":\"\",\"publisher\":{\"@id\":\"https:\\\/\\\/langeland-lolland.com\\\/no\\\/#organization\"},\"potentialAction\":[{\"@type\":\"SearchAction\",\"target\":{\"@type\":\"EntryPoint\",\"urlTemplate\":\"https:\\\/\\\/langeland-lolland.com\\\/no\\\/?s={search_term_string}\"},\"query-input\":{\"@type\":\"PropertyValueSpecification\",\"valueRequired\":true,\"valueName\":\"search_term_string\"}}],\"inLanguage\":\"nb-NO\"},{\"@type\":\"Organization\",\"@id\":\"https:\\\/\\\/langeland-lolland.com\\\/no\\\/#organization\",\"name\":\"Langeland Lolland ferge\",\"url\":\"https:\\\/\\\/langeland-lolland.com\\\/no\\\/\",\"logo\":{\"@type\":\"ImageObject\",\"inLanguage\":\"nb-NO\",\"@id\":\"https:\\\/\\\/langeland-lolland.com\\\/no\\\/#\\\/schema\\\/logo\\\/image\\\/\",\"url\":\"https:\\\/\\\/langeland-lolland.com\\\/no\\\/wp-content\\\/uploads\\\/sites\\\/5\\\/2025\\\/06\\\/langeland-lolland-ferry.png\",\"contentUrl\":\"https:\\\/\\\/langeland-lolland.com\\\/no\\\/wp-content\\\/uploads\\\/sites\\\/5\\\/2025\\\/06\\\/langeland-lolland-ferry.png\",\"width\":750,\"height\":125,\"caption\":\"Langeland Lolland ferge\"},\"image\":{\"@id\":\"https:\\\/\\\/langeland-lolland.com\\\/no\\\/#\\\/schema\\\/logo\\\/image\\\/\"}}]}<\/script>\n<!-- \/ Yoast SEO plugin. -->","yoast_head_json":{"title":"Fergeplan for Langeland Lolland","description":"Oppdag den komplette rutetabellen for fergeoverfarten mellom Langeland og Lolland (Langelandslinjen).","robots":{"index":"index","follow":"follow","max-snippet":"max-snippet:-1","max-image-preview":"max-image-preview:large","max-video-preview":"max-video-preview:-1"},"canonical":"https:\/\/langeland-lolland.com\/no\/rutetider\/","og_locale":"nb_NO","og_type":"article","og_title":"Fergeplan for Langeland Lolland","og_description":"Oppdag den komplette rutetabellen for fergeoverfarten mellom Langeland og Lolland (Langelandslinjen).","og_url":"https:\/\/langeland-lolland.com\/no\/rutetider\/","og_site_name":"Langeland Lolland ferge","article_modified_time":"2025-07-07T12:50:17+00:00","twitter_card":"summary_large_image","twitter_misc":{"Ansl. lesetid":"2 minutter"},"schema":{"@context":"https:\/\/schema.org","@graph":[{"@type":"WebPage","@id":"https:\/\/langeland-lolland.com\/no\/rutetider\/","url":"https:\/\/langeland-lolland.com\/no\/rutetider\/","name":"Fergeplan for Langeland Lolland","isPartOf":{"@id":"https:\/\/langeland-lolland.com\/no\/#website"},"datePublished":"2024-05-27T08:06:58+00:00","dateModified":"2025-07-07T12:50:17+00:00","description":"Oppdag den komplette rutetabellen for fergeoverfarten mellom Langeland og Lolland (Langelandslinjen).","breadcrumb":{"@id":"https:\/\/langeland-lolland.com\/no\/rutetider\/#breadcrumb"},"inLanguage":"nb-NO","potentialAction":[{"@type":"ReadAction","target":["https:\/\/langeland-lolland.com\/no\/rutetider\/"]}]},{"@type":"BreadcrumbList","@id":"https:\/\/langeland-lolland.com\/no\/rutetider\/#breadcrumb","itemListElement":[{"@type":"ListItem","position":1,"name":"Home","item":"https:\/\/langeland-lolland.com\/no\/"},{"@type":"ListItem","position":2,"name":"Fergeplan for Langeland Lolland"}]},{"@type":"WebSite","@id":"https:\/\/langeland-lolland.com\/no\/#website","url":"https:\/\/langeland-lolland.com\/no\/","name":"Langeland Lolland ferge","description":"","publisher":{"@id":"https:\/\/langeland-lolland.com\/no\/#organization"},"potentialAction":[{"@type":"SearchAction","target":{"@type":"EntryPoint","urlTemplate":"https:\/\/langeland-lolland.com\/no\/?s={search_term_string}"},"query-input":{"@type":"PropertyValueSpecification","valueRequired":true,"valueName":"search_term_string"}}],"inLanguage":"nb-NO"},{"@type":"Organization","@id":"https:\/\/langeland-lolland.com\/no\/#organization","name":"Langeland Lolland ferge","url":"https:\/\/langeland-lolland.com\/no\/","logo":{"@type":"ImageObject","inLanguage":"nb-NO","@id":"https:\/\/langeland-lolland.com\/no\/#\/schema\/logo\/image\/","url":"https:\/\/langeland-lolland.com\/no\/wp-content\/uploads\/sites\/5\/2025\/06\/langeland-lolland-ferry.png","contentUrl":"https:\/\/langeland-lolland.com\/no\/wp-content\/uploads\/sites\/5\/2025\/06\/langeland-lolland-ferry.png","width":750,"height":125,"caption":"Langeland Lolland ferge"},"image":{"@id":"https:\/\/langeland-lolland.com\/no\/#\/schema\/logo\/image\/"}}]}},"_links":{"self":[{"href":"https:\/\/langeland-lolland.com\/no\/wp-json\/wp\/v2\/pages\/98","targetHints":{"allow":["GET"]}}],"collection":[{"href":"https:\/\/langeland-lolland.com\/no\/wp-json\/wp\/v2\/pages"}],"about":[{"href":"https:\/\/langeland-lolland.com\/no\/wp-json\/wp\/v2\/types\/page"}],"author":[{"embeddable":true,"href":"https:\/\/langeland-lolland.com\/no\/wp-json\/wp\/v2\/users\/2"}],"replies":[{"embeddable":true,"href":"https:\/\/langeland-lolland.com\/no\/wp-json\/wp\/v2\/comments?post=98"}],"version-history":[{"count":8,"href":"https:\/\/langeland-lolland.com\/no\/wp-json\/wp\/v2\/pages\/98\/revisions"}],"predecessor-version":[{"id":182,"href":"https:\/\/langeland-lolland.com\/no\/wp-json\/wp\/v2\/pages\/98\/revisions\/182"}],"wp:attachment":[{"href":"https:\/\/langeland-lolland.com\/no\/wp-json\/wp\/v2\/media?parent=98"}],"curies":[{"name":"wp","href":"https:\/\/api.w.org\/{rel}","templated":true}]}}