{"id":84,"date":"2024-05-27T07:49:03","date_gmt":"2024-05-27T07:49:03","guid":{"rendered":"https:\/\/langeland-lolland.com\/no\/?page_id=84"},"modified":"2025-07-07T12:21:49","modified_gmt":"2025-07-07T12:21:49","slug":"spodsbjerg","status":"publish","type":"page","link":"https:\/\/langeland-lolland.com\/no\/spodsbjerg\/","title":{"rendered":"Spodsbjerg havn p\u00e5 Langeland (Danmark)"},"content":{"rendered":"\n<p>Fergen fra Langeland g\u00e5r fra havnen i Spodsbjerg, en liten havneby p\u00e5 \u00f8stkysten av \u00f8ya Langeland i Danmark. I havnen finner du terminalen til Langelandslinjen, hvor du kan sjekke inn og g\u00e5 om bord p\u00e5 fergen.<\/p>\n\n\n\n<figure class=\"wp-block-image size-large\"><img fetchpriority=\"high\" decoding=\"async\" width=\"1024\" height=\"683\" src=\"https:\/\/langeland-lolland.com\/no\/wp-content\/uploads\/sites\/5\/2025\/06\/spodsbjerg-1024x683.jpg\" alt=\"\" class=\"wp-image-136\" srcset=\"https:\/\/langeland-lolland.com\/no\/wp-content\/uploads\/sites\/5\/2025\/06\/spodsbjerg-1024x683.jpg 1024w, https:\/\/langeland-lolland.com\/no\/wp-content\/uploads\/sites\/5\/2025\/06\/spodsbjerg-300x200.jpg 300w, https:\/\/langeland-lolland.com\/no\/wp-content\/uploads\/sites\/5\/2025\/06\/spodsbjerg-768x512.jpg 768w, https:\/\/langeland-lolland.com\/no\/wp-content\/uploads\/sites\/5\/2025\/06\/spodsbjerg.jpg 1200w\" sizes=\"(max-width: 1024px) 100vw, 1024px\" \/><\/figure>\n\n\n\n<h2 class=\"wp-block-heading\" id=\"terminal\">Langelandslinjen-terminalen i Spodsbjerg<\/h2>\n\n\n\n<p>Se adressen til terminalen til <a href=\"https:\/\/langeland-lolland.com\/no\/langelandslinjen\/\">Langelandslinjen<\/a> i havnen i Spodsbjerg p\u00e5 kartet nedenfor.<\/p>\n\n\n<p><iframe src=\"https:\/\/www.google.com\/maps\/embed?pb=!1m18!1m12!1m3!1d573.0411580395383!2d10.82999817357681!3d54.93512984120323!2m3!1f0!2f0!3f0!3m2!1i1024!2i768!4f13.1!3m3!1m2!1s0x47b2b40e23092fb9%3A0xa80a8fd5ab31f764!2sLANGELANDSLINJEN!5e0!3m2!1snl!2snl!4v1750766005210!5m2!1snl!2snl\" width=\"800\" height=\"450\" style=\"border:0;\" allowfullscreen=\"\" loading=\"lazy\" referrerpolicy=\"no-referrer-when-downgrade\"><\/iframe><\/p>\n\n\n\n<ul class=\"wp-block-list\">\n<li><strong>Adresse: <\/strong>Ny Spodsbjergvej 339B, 5900 Rudk\u00f8bing, Danmark<\/li>\n\n\n\n<li><strong>Telefonnummer:<\/strong> +45 70 25 10 25<\/li>\n<\/ul>\n\n\n\n<p>V\u00e6r oppmerksom p\u00e5 at du m\u00e5 v\u00e6re i god tid til innsjekk ved terminalen. Langelandslinjen understreker at du m\u00e5 v\u00e6re sjekket inn minst 15 minutter f\u00f8r avgang. Sjekk <a href=\"https:\/\/langeland-lolland.com\/no\/rutetider\/\">rutetabellen<\/a> her, ta eventuelt hensyn til <a href=\"https:\/\/langeland-lolland.com\/no\/vaermelding\/\">v\u00e6rmeldingen<\/a>, og planlegg reisen din.<\/p>\n\n\n\n<h2 class=\"wp-block-heading\">Fasiliteter i havnen<\/h2>\n\n\n\n<p>Er du tidlig ute i havnen? Da kan du benytte deg av f\u00f8lgende fasiliteter i havnen:<\/p>\n\n\n\n<ul class=\"wp-block-list\">\n<li>Toalettbygning<\/li>\n\n\n\n<li>Fiskerestaurant (Spodsbjerg Kutterfisk)<\/li>\n<\/ul>\n\n\n\n<figure class=\"wp-block-image size-large\"><img decoding=\"async\" width=\"1024\" height=\"683\" src=\"https:\/\/langeland-lolland.com\/no\/wp-content\/uploads\/sites\/5\/2025\/07\/spodsbjerg-haven-1024x683.jpg\" alt=\"\" class=\"wp-image-173\" srcset=\"https:\/\/langeland-lolland.com\/no\/wp-content\/uploads\/sites\/5\/2025\/07\/spodsbjerg-haven-1024x683.jpg 1024w, https:\/\/langeland-lolland.com\/no\/wp-content\/uploads\/sites\/5\/2025\/07\/spodsbjerg-haven-300x200.jpg 300w, https:\/\/langeland-lolland.com\/no\/wp-content\/uploads\/sites\/5\/2025\/07\/spodsbjerg-haven-768x512.jpg 768w, https:\/\/langeland-lolland.com\/no\/wp-content\/uploads\/sites\/5\/2025\/07\/spodsbjerg-haven.jpg 1200w\" sizes=\"(max-width: 1024px) 100vw, 1024px\" \/><\/figure>\n\n\n\n<h3 class=\"wp-block-heading\">Parkering i havnen i Spodsbjerg<\/h3>\n\n\n\n<p>Hvis du skal g\u00e5 om bord p\u00e5 fergen i Spodsbjerg som fotgjenger, er det mulig \u00e5 parkere bilen i havnen. Rett overfor fergeleiet finner du en stor parkeringsplass hvor du kan parkere b\u00e5de kort- og langtidsparkering.<\/p>\n","protected":false},"excerpt":{"rendered":"<p>Fergen fra Langeland g\u00e5r fra havnen i Spodsbjerg, en liten havneby p\u00e5 \u00f8stkysten av \u00f8ya Langeland i Danmark. I havnen [&hellip;]<\/p>\n","protected":false},"author":2,"featured_media":0,"parent":0,"menu_order":0,"comment_status":"closed","ping_status":"closed","template":"","meta":{"inline_featured_image":false,"site-sidebar-layout":"default","site-content-layout":"","ast-site-content-layout":"default","site-content-style":"default","site-sidebar-style":"default","ast-global-header-display":"","ast-banner-title-visibility":"","ast-main-header-display":"","ast-hfb-above-header-display":"","ast-hfb-below-header-display":"","ast-hfb-mobile-header-display":"","site-post-title":"","ast-breadcrumbs-content":"","ast-featured-img":"","footer-sml-layout":"","ast-disable-related-posts":"","theme-transparent-header-meta":"","adv-header-id-meta":"","stick-header-meta":"","header-above-stick-meta":"","header-main-stick-meta":"","header-below-stick-meta":"","astra-migrate-meta-layouts":"default","ast-page-background-enabled":"default","ast-page-background-meta":{"desktop":{"background-color":"var(--ast-global-color-4)","background-image":"","background-repeat":"repeat","background-position":"center center","background-size":"auto","background-attachment":"scroll","background-type":"","background-media":"","overlay-type":"","overlay-color":"","overlay-opacity":"","overlay-gradient":""},"tablet":{"background-color":"","background-image":"","background-repeat":"repeat","background-position":"center center","background-size":"auto","background-attachment":"scroll","background-type":"","background-media":"","overlay-type":"","overlay-color":"","overlay-opacity":"","overlay-gradient":""},"mobile":{"background-color":"","background-image":"","background-repeat":"repeat","background-position":"center center","background-size":"auto","background-attachment":"scroll","background-type":"","background-media":"","overlay-type":"","overlay-color":"","overlay-opacity":"","overlay-gradient":""}},"ast-content-background-meta":{"desktop":{"background-color":"var(--ast-global-color-5)","background-image":"","background-repeat":"repeat","background-position":"center center","background-size":"auto","background-attachment":"scroll","background-type":"","background-media":"","overlay-type":"","overlay-color":"","overlay-opacity":"","overlay-gradient":""},"tablet":{"background-color":"var(--ast-global-color-5)","background-image":"","background-repeat":"repeat","background-position":"center center","background-size":"auto","background-attachment":"scroll","background-type":"","background-media":"","overlay-type":"","overlay-color":"","overlay-opacity":"","overlay-gradient":""},"mobile":{"background-color":"var(--ast-global-color-5)","background-image":"","background-repeat":"repeat","background-position":"center center","background-size":"auto","background-attachment":"scroll","background-type":"","background-media":"","overlay-type":"","overlay-color":"","overlay-opacity":"","overlay-gradient":""}},"footnotes":""},"class_list":["post-84","page","type-page","status-publish","hentry"],"yoast_head":"<!-- This site is optimized with the Yoast SEO plugin v27.4 - https:\/\/yoast.com\/product\/yoast-seo-wordpress\/ -->\n<title>Spodsbjerg havn (Langeland): terminal, parkering og fasiliteter<\/title>\n<meta name=\"description\" content=\"Oppdag alt om havnen i Spodsbjerg p\u00e5 Langeland: Langelandslinjen-terminalen, parkering i havnen og fasiliteter.\" \/>\n<meta name=\"robots\" content=\"index, follow, max-snippet:-1, max-image-preview:large, max-video-preview:-1\" \/>\n<link rel=\"canonical\" href=\"https:\/\/langeland-lolland.com\/no\/spodsbjerg\/\" \/>\n<meta property=\"og:locale\" content=\"nb_NO\" \/>\n<meta property=\"og:type\" content=\"article\" \/>\n<meta property=\"og:title\" content=\"Spodsbjerg havn (Langeland): terminal, parkering og fasiliteter\" \/>\n<meta property=\"og:description\" content=\"Oppdag alt om havnen i Spodsbjerg p\u00e5 Langeland: Langelandslinjen-terminalen, parkering i havnen og fasiliteter.\" \/>\n<meta property=\"og:url\" content=\"https:\/\/langeland-lolland.com\/no\/spodsbjerg\/\" \/>\n<meta property=\"og:site_name\" content=\"Langeland Lolland ferge\" \/>\n<meta property=\"article:modified_time\" content=\"2025-07-07T12:21:49+00:00\" \/>\n<meta property=\"og:image\" content=\"https:\/\/langeland-lolland.com\/no\/wp-content\/uploads\/sites\/5\/2025\/06\/spodsbjerg.jpg\" \/>\n\t<meta property=\"og:image:width\" content=\"1200\" \/>\n\t<meta property=\"og:image:height\" content=\"800\" \/>\n\t<meta property=\"og:image:type\" content=\"image\/jpeg\" \/>\n<meta name=\"twitter:card\" content=\"summary_large_image\" \/>\n<meta name=\"twitter:label1\" content=\"Ansl. lesetid\" \/>\n\t<meta name=\"twitter:data1\" content=\"2 minutter\" \/>\n<script type=\"application\/ld+json\" class=\"yoast-schema-graph\">{\"@context\":\"https:\\\/\\\/schema.org\",\"@graph\":[{\"@type\":\"WebPage\",\"@id\":\"https:\\\/\\\/langeland-lolland.com\\\/no\\\/spodsbjerg\\\/\",\"url\":\"https:\\\/\\\/langeland-lolland.com\\\/no\\\/spodsbjerg\\\/\",\"name\":\"Spodsbjerg havn (Langeland): terminal, parkering og fasiliteter\",\"isPartOf\":{\"@id\":\"https:\\\/\\\/langeland-lolland.com\\\/no\\\/#website\"},\"primaryImageOfPage\":{\"@id\":\"https:\\\/\\\/langeland-lolland.com\\\/no\\\/spodsbjerg\\\/#primaryimage\"},\"image\":{\"@id\":\"https:\\\/\\\/langeland-lolland.com\\\/no\\\/spodsbjerg\\\/#primaryimage\"},\"thumbnailUrl\":\"https:\\\/\\\/langeland-lolland.com\\\/no\\\/wp-content\\\/uploads\\\/sites\\\/5\\\/2025\\\/06\\\/spodsbjerg-1024x683.jpg\",\"datePublished\":\"2024-05-27T07:49:03+00:00\",\"dateModified\":\"2025-07-07T12:21:49+00:00\",\"description\":\"Oppdag alt om havnen i Spodsbjerg p\u00e5 Langeland: Langelandslinjen-terminalen, parkering i havnen og fasiliteter.\",\"breadcrumb\":{\"@id\":\"https:\\\/\\\/langeland-lolland.com\\\/no\\\/spodsbjerg\\\/#breadcrumb\"},\"inLanguage\":\"nb-NO\",\"potentialAction\":[{\"@type\":\"ReadAction\",\"target\":[\"https:\\\/\\\/langeland-lolland.com\\\/no\\\/spodsbjerg\\\/\"]}]},{\"@type\":\"ImageObject\",\"inLanguage\":\"nb-NO\",\"@id\":\"https:\\\/\\\/langeland-lolland.com\\\/no\\\/spodsbjerg\\\/#primaryimage\",\"url\":\"https:\\\/\\\/langeland-lolland.com\\\/no\\\/wp-content\\\/uploads\\\/sites\\\/5\\\/2025\\\/06\\\/spodsbjerg.jpg\",\"contentUrl\":\"https:\\\/\\\/langeland-lolland.com\\\/no\\\/wp-content\\\/uploads\\\/sites\\\/5\\\/2025\\\/06\\\/spodsbjerg.jpg\",\"width\":1200,\"height\":800},{\"@type\":\"BreadcrumbList\",\"@id\":\"https:\\\/\\\/langeland-lolland.com\\\/no\\\/spodsbjerg\\\/#breadcrumb\",\"itemListElement\":[{\"@type\":\"ListItem\",\"position\":1,\"name\":\"Home\",\"item\":\"https:\\\/\\\/langeland-lolland.com\\\/no\\\/\"},{\"@type\":\"ListItem\",\"position\":2,\"name\":\"Spodsbjerg havn p\u00e5 Langeland (Danmark)\"}]},{\"@type\":\"WebSite\",\"@id\":\"https:\\\/\\\/langeland-lolland.com\\\/no\\\/#website\",\"url\":\"https:\\\/\\\/langeland-lolland.com\\\/no\\\/\",\"name\":\"Langeland Lolland ferge\",\"description\":\"\",\"publisher\":{\"@id\":\"https:\\\/\\\/langeland-lolland.com\\\/no\\\/#organization\"},\"potentialAction\":[{\"@type\":\"SearchAction\",\"target\":{\"@type\":\"EntryPoint\",\"urlTemplate\":\"https:\\\/\\\/langeland-lolland.com\\\/no\\\/?s={search_term_string}\"},\"query-input\":{\"@type\":\"PropertyValueSpecification\",\"valueRequired\":true,\"valueName\":\"search_term_string\"}}],\"inLanguage\":\"nb-NO\"},{\"@type\":\"Organization\",\"@id\":\"https:\\\/\\\/langeland-lolland.com\\\/no\\\/#organization\",\"name\":\"Langeland Lolland ferge\",\"url\":\"https:\\\/\\\/langeland-lolland.com\\\/no\\\/\",\"logo\":{\"@type\":\"ImageObject\",\"inLanguage\":\"nb-NO\",\"@id\":\"https:\\\/\\\/langeland-lolland.com\\\/no\\\/#\\\/schema\\\/logo\\\/image\\\/\",\"url\":\"https:\\\/\\\/langeland-lolland.com\\\/no\\\/wp-content\\\/uploads\\\/sites\\\/5\\\/2025\\\/06\\\/langeland-lolland-ferry.png\",\"contentUrl\":\"https:\\\/\\\/langeland-lolland.com\\\/no\\\/wp-content\\\/uploads\\\/sites\\\/5\\\/2025\\\/06\\\/langeland-lolland-ferry.png\",\"width\":750,\"height\":125,\"caption\":\"Langeland Lolland ferge\"},\"image\":{\"@id\":\"https:\\\/\\\/langeland-lolland.com\\\/no\\\/#\\\/schema\\\/logo\\\/image\\\/\"}}]}<\/script>\n<!-- \/ Yoast SEO plugin. -->","yoast_head_json":{"title":"Spodsbjerg havn (Langeland): terminal, parkering og fasiliteter","description":"Oppdag alt om havnen i Spodsbjerg p\u00e5 Langeland: Langelandslinjen-terminalen, parkering i havnen og fasiliteter.","robots":{"index":"index","follow":"follow","max-snippet":"max-snippet:-1","max-image-preview":"max-image-preview:large","max-video-preview":"max-video-preview:-1"},"canonical":"https:\/\/langeland-lolland.com\/no\/spodsbjerg\/","og_locale":"nb_NO","og_type":"article","og_title":"Spodsbjerg havn (Langeland): terminal, parkering og fasiliteter","og_description":"Oppdag alt om havnen i Spodsbjerg p\u00e5 Langeland: Langelandslinjen-terminalen, parkering i havnen og fasiliteter.","og_url":"https:\/\/langeland-lolland.com\/no\/spodsbjerg\/","og_site_name":"Langeland Lolland ferge","article_modified_time":"2025-07-07T12:21:49+00:00","og_image":[{"width":1200,"height":800,"url":"https:\/\/langeland-lolland.com\/no\/wp-content\/uploads\/sites\/5\/2025\/06\/spodsbjerg.jpg","type":"image\/jpeg"}],"twitter_card":"summary_large_image","twitter_misc":{"Ansl. lesetid":"2 minutter"},"schema":{"@context":"https:\/\/schema.org","@graph":[{"@type":"WebPage","@id":"https:\/\/langeland-lolland.com\/no\/spodsbjerg\/","url":"https:\/\/langeland-lolland.com\/no\/spodsbjerg\/","name":"Spodsbjerg havn (Langeland): terminal, parkering og fasiliteter","isPartOf":{"@id":"https:\/\/langeland-lolland.com\/no\/#website"},"primaryImageOfPage":{"@id":"https:\/\/langeland-lolland.com\/no\/spodsbjerg\/#primaryimage"},"image":{"@id":"https:\/\/langeland-lolland.com\/no\/spodsbjerg\/#primaryimage"},"thumbnailUrl":"https:\/\/langeland-lolland.com\/no\/wp-content\/uploads\/sites\/5\/2025\/06\/spodsbjerg-1024x683.jpg","datePublished":"2024-05-27T07:49:03+00:00","dateModified":"2025-07-07T12:21:49+00:00","description":"Oppdag alt om havnen i Spodsbjerg p\u00e5 Langeland: Langelandslinjen-terminalen, parkering i havnen og fasiliteter.","breadcrumb":{"@id":"https:\/\/langeland-lolland.com\/no\/spodsbjerg\/#breadcrumb"},"inLanguage":"nb-NO","potentialAction":[{"@type":"ReadAction","target":["https:\/\/langeland-lolland.com\/no\/spodsbjerg\/"]}]},{"@type":"ImageObject","inLanguage":"nb-NO","@id":"https:\/\/langeland-lolland.com\/no\/spodsbjerg\/#primaryimage","url":"https:\/\/langeland-lolland.com\/no\/wp-content\/uploads\/sites\/5\/2025\/06\/spodsbjerg.jpg","contentUrl":"https:\/\/langeland-lolland.com\/no\/wp-content\/uploads\/sites\/5\/2025\/06\/spodsbjerg.jpg","width":1200,"height":800},{"@type":"BreadcrumbList","@id":"https:\/\/langeland-lolland.com\/no\/spodsbjerg\/#breadcrumb","itemListElement":[{"@type":"ListItem","position":1,"name":"Home","item":"https:\/\/langeland-lolland.com\/no\/"},{"@type":"ListItem","position":2,"name":"Spodsbjerg havn p\u00e5 Langeland (Danmark)"}]},{"@type":"WebSite","@id":"https:\/\/langeland-lolland.com\/no\/#website","url":"https:\/\/langeland-lolland.com\/no\/","name":"Langeland Lolland ferge","description":"","publisher":{"@id":"https:\/\/langeland-lolland.com\/no\/#organization"},"potentialAction":[{"@type":"SearchAction","target":{"@type":"EntryPoint","urlTemplate":"https:\/\/langeland-lolland.com\/no\/?s={search_term_string}"},"query-input":{"@type":"PropertyValueSpecification","valueRequired":true,"valueName":"search_term_string"}}],"inLanguage":"nb-NO"},{"@type":"Organization","@id":"https:\/\/langeland-lolland.com\/no\/#organization","name":"Langeland Lolland ferge","url":"https:\/\/langeland-lolland.com\/no\/","logo":{"@type":"ImageObject","inLanguage":"nb-NO","@id":"https:\/\/langeland-lolland.com\/no\/#\/schema\/logo\/image\/","url":"https:\/\/langeland-lolland.com\/no\/wp-content\/uploads\/sites\/5\/2025\/06\/langeland-lolland-ferry.png","contentUrl":"https:\/\/langeland-lolland.com\/no\/wp-content\/uploads\/sites\/5\/2025\/06\/langeland-lolland-ferry.png","width":750,"height":125,"caption":"Langeland Lolland ferge"},"image":{"@id":"https:\/\/langeland-lolland.com\/no\/#\/schema\/logo\/image\/"}}]}},"_links":{"self":[{"href":"https:\/\/langeland-lolland.com\/no\/wp-json\/wp\/v2\/pages\/84","targetHints":{"allow":["GET"]}}],"collection":[{"href":"https:\/\/langeland-lolland.com\/no\/wp-json\/wp\/v2\/pages"}],"about":[{"href":"https:\/\/langeland-lolland.com\/no\/wp-json\/wp\/v2\/types\/page"}],"author":[{"embeddable":true,"href":"https:\/\/langeland-lolland.com\/no\/wp-json\/wp\/v2\/users\/2"}],"replies":[{"embeddable":true,"href":"https:\/\/langeland-lolland.com\/no\/wp-json\/wp\/v2\/comments?post=84"}],"version-history":[{"count":4,"href":"https:\/\/langeland-lolland.com\/no\/wp-json\/wp\/v2\/pages\/84\/revisions"}],"predecessor-version":[{"id":175,"href":"https:\/\/langeland-lolland.com\/no\/wp-json\/wp\/v2\/pages\/84\/revisions\/175"}],"wp:attachment":[{"href":"https:\/\/langeland-lolland.com\/no\/wp-json\/wp\/v2\/media?parent=84"}],"curies":[{"name":"wp","href":"https:\/\/api.w.org\/{rel}","templated":true}]}}