{"id":52,"date":"2024-05-15T09:43:37","date_gmt":"2024-05-15T09:43:37","guid":{"rendered":"https:\/\/langeland-lolland.com\/no\/?page_id=52"},"modified":"2025-07-07T12:11:17","modified_gmt":"2025-07-07T12:11:17","slug":"langelandslinjen","status":"publish","type":"page","link":"https:\/\/langeland-lolland.com\/no\/langelandslinjen\/","title":{"rendered":"Med Langelandslinjen fra Langeland til Lolland"},"content":{"rendered":"\n<p>Langelandslinjen er det eneste ferjeselskapet som betjener fergeoverfarten mellom <a href=\"https:\/\/langeland-lolland.com\/no\/spodsbjerg\/\">Spodsbjerg<\/a> og Lolland. Overfarten tar omtrent 45 minutter og dekker en distanse p\u00e5 23 kilometer.<\/p>\n\n\n\n<p>Fergene til Langelandslinjen g\u00e5r 16 ganger daglig til den andre siden. Billetter f\u00e5s fra 41 euro (<a href=\"https:\/\/langeland-lolland.com\/no\/priser\/\">se mer informasjon om prisene<\/a>).<\/p>\n\n\n\n<figure class=\"wp-block-image size-large\"><img fetchpriority=\"high\" decoding=\"async\" width=\"1024\" height=\"683\" src=\"https:\/\/langeland-lolland.com\/no\/wp-content\/uploads\/sites\/5\/2025\/06\/langelandslinjen-ferry-1024x683.jpg\" alt=\"\" class=\"wp-image-134\" srcset=\"https:\/\/langeland-lolland.com\/no\/wp-content\/uploads\/sites\/5\/2025\/06\/langelandslinjen-ferry-1024x683.jpg 1024w, https:\/\/langeland-lolland.com\/no\/wp-content\/uploads\/sites\/5\/2025\/06\/langelandslinjen-ferry-300x200.jpg 300w, https:\/\/langeland-lolland.com\/no\/wp-content\/uploads\/sites\/5\/2025\/06\/langelandslinjen-ferry-768x512.jpg 768w, https:\/\/langeland-lolland.com\/no\/wp-content\/uploads\/sites\/5\/2025\/06\/langelandslinjen-ferry.jpg 1200w\" sizes=\"(max-width: 1024px) 100vw, 1024px\" \/><\/figure>\n\n\n\n<h2 class=\"wp-block-heading\">Ferger: M\/V Holland og M\/V Langeland<\/h2>\n\n\n\n<p>P\u00e5 <a href=\"\/no\/\">ruten fra Langeland til Lolland<\/a> bruker Langelandslinjen to ferger: M\/V Holland og M\/V Langeland. Selv om det er to forskjellige ferger, er spesifikasjonene identiske:<\/p>\n\n\n\n<ul class=\"wp-block-list\">\n<li>99,9 meter lang, 18,2 meter bred<\/li>\n\n\n\n<li>Maksimal hastighet er 16 knop<\/li>\n\n\n\n<li>Kapasitet: 591 passasjerer, 122 personbiler<\/li>\n<\/ul>\n\n\n\n<p>I videoen nedenfor kan du se M\/V Langeland som ankommer <a href=\"https:\/\/langeland-lolland.com\/no\/tars\/\">havnen i T\u00e5rs<\/a> i Danmark.<\/p>\n\n\n\n<figure class=\"wp-block-embed is-type-video is-provider-youtube wp-block-embed-youtube wp-embed-aspect-16-9 wp-has-aspect-ratio\"><div class=\"wp-block-embed__wrapper\">\n<iframe title=\"MS Langeland ferry of Langelandslinjen | Spodsbjerg - T\u00e5rs Denmark\" width=\"500\" height=\"281\" src=\"https:\/\/www.youtube.com\/embed\/TfR1Ro72KZw?feature=oembed\" frameborder=\"0\" allow=\"accelerometer; autoplay; clipboard-write; encrypted-media; gyroscope; picture-in-picture; web-share\" referrerpolicy=\"strict-origin-when-cross-origin\" allowfullscreen><\/iframe>\n<\/div><\/figure>\n\n\n\n<h3 class=\"wp-block-heading\">Fasiliteter om bord<\/h3>\n\n\n\n<p>Akkurat som spesifikasjonene, er fasilitetene om bord p\u00e5 skipene til Langelandslinjen like. Om bord kan du nyte f\u00f8lgende fasiliteter:<\/p>\n\n\n\n<ul class=\"wp-block-list\">\n<li>Bistro (restaurant)<\/li>\n\n\n\n<li>Toaletter<\/li>\n\n\n\n<li>Heis<\/li>\n\n\n\n<li>Soldekk (med sitteplasser)<\/li>\n<\/ul>\n\n\n\n<h2 class=\"wp-block-heading\">Innsjekkingsprosedyre<\/h2>\n\n\n\n<p>Hos Langelandslinjen m\u00e5 du sjekke inn minst 15 minutter f\u00f8r avgang (for spesialtransport er dette til og med 30 minutter). Det er derfor lurt \u00e5 sjekke den <a href=\"https:\/\/langeland-lolland.com\/no\/rutetider\/\">aktuelle rutetabellen<\/a> og v\u00e6re godt ute i god tid ved terminalen.<\/p>\n\n\n\n<p>Oppdag adresseopplysningene til terminalene til <a href=\"https:\/\/langeland-lolland.com\/no\/langelandslinjen\/\">Langelandslinjen<\/a> her:<\/p>\n\n\n\n<ul class=\"wp-block-list\">\n<li><a href=\"https:\/\/langeland-lolland.com\/no\/spodsbjerg\/#terminal\">Terminal Spodsbjerg<\/a><\/li>\n\n\n\n<li><a href=\"https:\/\/langeland-lolland.com\/no\/tars\/#terminal\">Terminal T\u00e5rs\u00a0<\/a><\/li>\n<\/ul>\n","protected":false},"excerpt":{"rendered":"<p>Langelandslinjen er det eneste ferjeselskapet som betjener fergeoverfarten mellom Spodsbjerg og Lolland. Overfarten tar omtrent 45 minutter og dekker en [&hellip;]<\/p>\n","protected":false},"author":2,"featured_media":0,"parent":0,"menu_order":0,"comment_status":"closed","ping_status":"closed","template":"","meta":{"inline_featured_image":false,"site-sidebar-layout":"default","site-content-layout":"","ast-site-content-layout":"default","site-content-style":"default","site-sidebar-style":"default","ast-global-header-display":"","ast-banner-title-visibility":"","ast-main-header-display":"","ast-hfb-above-header-display":"","ast-hfb-below-header-display":"","ast-hfb-mobile-header-display":"","site-post-title":"","ast-breadcrumbs-content":"","ast-featured-img":"","footer-sml-layout":"","ast-disable-related-posts":"","theme-transparent-header-meta":"","adv-header-id-meta":"","stick-header-meta":"","header-above-stick-meta":"","header-main-stick-meta":"","header-below-stick-meta":"","astra-migrate-meta-layouts":"default","ast-page-background-enabled":"default","ast-page-background-meta":{"desktop":{"background-color":"var(--ast-global-color-4)","background-image":"","background-repeat":"repeat","background-position":"center center","background-size":"auto","background-attachment":"scroll","background-type":"","background-media":"","overlay-type":"","overlay-color":"","overlay-opacity":"","overlay-gradient":""},"tablet":{"background-color":"","background-image":"","background-repeat":"repeat","background-position":"center center","background-size":"auto","background-attachment":"scroll","background-type":"","background-media":"","overlay-type":"","overlay-color":"","overlay-opacity":"","overlay-gradient":""},"mobile":{"background-color":"","background-image":"","background-repeat":"repeat","background-position":"center center","background-size":"auto","background-attachment":"scroll","background-type":"","background-media":"","overlay-type":"","overlay-color":"","overlay-opacity":"","overlay-gradient":""}},"ast-content-background-meta":{"desktop":{"background-color":"var(--ast-global-color-5)","background-image":"","background-repeat":"repeat","background-position":"center center","background-size":"auto","background-attachment":"scroll","background-type":"","background-media":"","overlay-type":"","overlay-color":"","overlay-opacity":"","overlay-gradient":""},"tablet":{"background-color":"var(--ast-global-color-5)","background-image":"","background-repeat":"repeat","background-position":"center center","background-size":"auto","background-attachment":"scroll","background-type":"","background-media":"","overlay-type":"","overlay-color":"","overlay-opacity":"","overlay-gradient":""},"mobile":{"background-color":"var(--ast-global-color-5)","background-image":"","background-repeat":"repeat","background-position":"center center","background-size":"auto","background-attachment":"scroll","background-type":"","background-media":"","overlay-type":"","overlay-color":"","overlay-opacity":"","overlay-gradient":""}},"footnotes":""},"class_list":["post-52","page","type-page","status-publish","hentry"],"yoast_head":"<!-- This site is optimized with the Yoast SEO plugin v27.4 - https:\/\/yoast.com\/product\/yoast-seo-wordpress\/ -->\n<title>Med Langelandslinjen fra Langeland til Lolland<\/title>\n<meta name=\"description\" content=\"Alt om fergeturen med Langelandslinjen mellom Langeland og Lolland: ruteinformasjon, priser, kj\u00e6ledyrpolicy og kontakt.\" \/>\n<meta name=\"robots\" content=\"index, follow, max-snippet:-1, max-image-preview:large, max-video-preview:-1\" \/>\n<link rel=\"canonical\" href=\"https:\/\/langeland-lolland.com\/no\/langelandslinjen\/\" \/>\n<meta property=\"og:locale\" content=\"nb_NO\" \/>\n<meta property=\"og:type\" content=\"article\" \/>\n<meta property=\"og:title\" content=\"Med Langelandslinjen fra Langeland til Lolland\" \/>\n<meta property=\"og:description\" content=\"Alt om fergeturen med Langelandslinjen mellom Langeland og Lolland: ruteinformasjon, priser, kj\u00e6ledyrpolicy og kontakt.\" \/>\n<meta property=\"og:url\" content=\"https:\/\/langeland-lolland.com\/no\/langelandslinjen\/\" \/>\n<meta property=\"og:site_name\" content=\"Langeland Lolland ferge\" \/>\n<meta property=\"article:modified_time\" content=\"2025-07-07T12:11:17+00:00\" \/>\n<meta property=\"og:image\" content=\"https:\/\/langeland-lolland.com\/no\/wp-content\/uploads\/sites\/5\/2025\/06\/langelandslinjen-ferry.jpg\" \/>\n\t<meta property=\"og:image:width\" content=\"1200\" \/>\n\t<meta property=\"og:image:height\" content=\"800\" \/>\n\t<meta property=\"og:image:type\" content=\"image\/jpeg\" \/>\n<meta name=\"twitter:card\" content=\"summary_large_image\" \/>\n<meta name=\"twitter:label1\" content=\"Ansl. lesetid\" \/>\n\t<meta name=\"twitter:data1\" content=\"2 minutter\" \/>\n<script type=\"application\/ld+json\" class=\"yoast-schema-graph\">{\"@context\":\"https:\\\/\\\/schema.org\",\"@graph\":[{\"@type\":\"WebPage\",\"@id\":\"https:\\\/\\\/langeland-lolland.com\\\/no\\\/langelandslinjen\\\/\",\"url\":\"https:\\\/\\\/langeland-lolland.com\\\/no\\\/langelandslinjen\\\/\",\"name\":\"Med Langelandslinjen fra Langeland til Lolland\",\"isPartOf\":{\"@id\":\"https:\\\/\\\/langeland-lolland.com\\\/no\\\/#website\"},\"primaryImageOfPage\":{\"@id\":\"https:\\\/\\\/langeland-lolland.com\\\/no\\\/langelandslinjen\\\/#primaryimage\"},\"image\":{\"@id\":\"https:\\\/\\\/langeland-lolland.com\\\/no\\\/langelandslinjen\\\/#primaryimage\"},\"thumbnailUrl\":\"https:\\\/\\\/langeland-lolland.com\\\/no\\\/wp-content\\\/uploads\\\/sites\\\/5\\\/2025\\\/06\\\/langelandslinjen-ferry-1024x683.jpg\",\"datePublished\":\"2024-05-15T09:43:37+00:00\",\"dateModified\":\"2025-07-07T12:11:17+00:00\",\"description\":\"Alt om fergeturen med Langelandslinjen mellom Langeland og Lolland: ruteinformasjon, priser, kj\u00e6ledyrpolicy og kontakt.\",\"breadcrumb\":{\"@id\":\"https:\\\/\\\/langeland-lolland.com\\\/no\\\/langelandslinjen\\\/#breadcrumb\"},\"inLanguage\":\"nb-NO\",\"potentialAction\":[{\"@type\":\"ReadAction\",\"target\":[\"https:\\\/\\\/langeland-lolland.com\\\/no\\\/langelandslinjen\\\/\"]}]},{\"@type\":\"ImageObject\",\"inLanguage\":\"nb-NO\",\"@id\":\"https:\\\/\\\/langeland-lolland.com\\\/no\\\/langelandslinjen\\\/#primaryimage\",\"url\":\"https:\\\/\\\/langeland-lolland.com\\\/no\\\/wp-content\\\/uploads\\\/sites\\\/5\\\/2025\\\/06\\\/langelandslinjen-ferry.jpg\",\"contentUrl\":\"https:\\\/\\\/langeland-lolland.com\\\/no\\\/wp-content\\\/uploads\\\/sites\\\/5\\\/2025\\\/06\\\/langelandslinjen-ferry.jpg\",\"width\":1200,\"height\":800},{\"@type\":\"BreadcrumbList\",\"@id\":\"https:\\\/\\\/langeland-lolland.com\\\/no\\\/langelandslinjen\\\/#breadcrumb\",\"itemListElement\":[{\"@type\":\"ListItem\",\"position\":1,\"name\":\"Home\",\"item\":\"https:\\\/\\\/langeland-lolland.com\\\/no\\\/\"},{\"@type\":\"ListItem\",\"position\":2,\"name\":\"Med Langelandslinjen fra Langeland til Lolland\"}]},{\"@type\":\"WebSite\",\"@id\":\"https:\\\/\\\/langeland-lolland.com\\\/no\\\/#website\",\"url\":\"https:\\\/\\\/langeland-lolland.com\\\/no\\\/\",\"name\":\"Langeland Lolland ferge\",\"description\":\"\",\"publisher\":{\"@id\":\"https:\\\/\\\/langeland-lolland.com\\\/no\\\/#organization\"},\"potentialAction\":[{\"@type\":\"SearchAction\",\"target\":{\"@type\":\"EntryPoint\",\"urlTemplate\":\"https:\\\/\\\/langeland-lolland.com\\\/no\\\/?s={search_term_string}\"},\"query-input\":{\"@type\":\"PropertyValueSpecification\",\"valueRequired\":true,\"valueName\":\"search_term_string\"}}],\"inLanguage\":\"nb-NO\"},{\"@type\":\"Organization\",\"@id\":\"https:\\\/\\\/langeland-lolland.com\\\/no\\\/#organization\",\"name\":\"Langeland Lolland ferge\",\"url\":\"https:\\\/\\\/langeland-lolland.com\\\/no\\\/\",\"logo\":{\"@type\":\"ImageObject\",\"inLanguage\":\"nb-NO\",\"@id\":\"https:\\\/\\\/langeland-lolland.com\\\/no\\\/#\\\/schema\\\/logo\\\/image\\\/\",\"url\":\"https:\\\/\\\/langeland-lolland.com\\\/no\\\/wp-content\\\/uploads\\\/sites\\\/5\\\/2025\\\/06\\\/langeland-lolland-ferry.png\",\"contentUrl\":\"https:\\\/\\\/langeland-lolland.com\\\/no\\\/wp-content\\\/uploads\\\/sites\\\/5\\\/2025\\\/06\\\/langeland-lolland-ferry.png\",\"width\":750,\"height\":125,\"caption\":\"Langeland Lolland ferge\"},\"image\":{\"@id\":\"https:\\\/\\\/langeland-lolland.com\\\/no\\\/#\\\/schema\\\/logo\\\/image\\\/\"}}]}<\/script>\n<!-- \/ Yoast SEO plugin. -->","yoast_head_json":{"title":"Med Langelandslinjen fra Langeland til Lolland","description":"Alt om fergeturen med Langelandslinjen mellom Langeland og Lolland: ruteinformasjon, priser, kj\u00e6ledyrpolicy og kontakt.","robots":{"index":"index","follow":"follow","max-snippet":"max-snippet:-1","max-image-preview":"max-image-preview:large","max-video-preview":"max-video-preview:-1"},"canonical":"https:\/\/langeland-lolland.com\/no\/langelandslinjen\/","og_locale":"nb_NO","og_type":"article","og_title":"Med Langelandslinjen fra Langeland til Lolland","og_description":"Alt om fergeturen med Langelandslinjen mellom Langeland og Lolland: ruteinformasjon, priser, kj\u00e6ledyrpolicy og kontakt.","og_url":"https:\/\/langeland-lolland.com\/no\/langelandslinjen\/","og_site_name":"Langeland Lolland ferge","article_modified_time":"2025-07-07T12:11:17+00:00","og_image":[{"width":1200,"height":800,"url":"https:\/\/langeland-lolland.com\/no\/wp-content\/uploads\/sites\/5\/2025\/06\/langelandslinjen-ferry.jpg","type":"image\/jpeg"}],"twitter_card":"summary_large_image","twitter_misc":{"Ansl. lesetid":"2 minutter"},"schema":{"@context":"https:\/\/schema.org","@graph":[{"@type":"WebPage","@id":"https:\/\/langeland-lolland.com\/no\/langelandslinjen\/","url":"https:\/\/langeland-lolland.com\/no\/langelandslinjen\/","name":"Med Langelandslinjen fra Langeland til Lolland","isPartOf":{"@id":"https:\/\/langeland-lolland.com\/no\/#website"},"primaryImageOfPage":{"@id":"https:\/\/langeland-lolland.com\/no\/langelandslinjen\/#primaryimage"},"image":{"@id":"https:\/\/langeland-lolland.com\/no\/langelandslinjen\/#primaryimage"},"thumbnailUrl":"https:\/\/langeland-lolland.com\/no\/wp-content\/uploads\/sites\/5\/2025\/06\/langelandslinjen-ferry-1024x683.jpg","datePublished":"2024-05-15T09:43:37+00:00","dateModified":"2025-07-07T12:11:17+00:00","description":"Alt om fergeturen med Langelandslinjen mellom Langeland og Lolland: ruteinformasjon, priser, kj\u00e6ledyrpolicy og kontakt.","breadcrumb":{"@id":"https:\/\/langeland-lolland.com\/no\/langelandslinjen\/#breadcrumb"},"inLanguage":"nb-NO","potentialAction":[{"@type":"ReadAction","target":["https:\/\/langeland-lolland.com\/no\/langelandslinjen\/"]}]},{"@type":"ImageObject","inLanguage":"nb-NO","@id":"https:\/\/langeland-lolland.com\/no\/langelandslinjen\/#primaryimage","url":"https:\/\/langeland-lolland.com\/no\/wp-content\/uploads\/sites\/5\/2025\/06\/langelandslinjen-ferry.jpg","contentUrl":"https:\/\/langeland-lolland.com\/no\/wp-content\/uploads\/sites\/5\/2025\/06\/langelandslinjen-ferry.jpg","width":1200,"height":800},{"@type":"BreadcrumbList","@id":"https:\/\/langeland-lolland.com\/no\/langelandslinjen\/#breadcrumb","itemListElement":[{"@type":"ListItem","position":1,"name":"Home","item":"https:\/\/langeland-lolland.com\/no\/"},{"@type":"ListItem","position":2,"name":"Med Langelandslinjen fra Langeland til Lolland"}]},{"@type":"WebSite","@id":"https:\/\/langeland-lolland.com\/no\/#website","url":"https:\/\/langeland-lolland.com\/no\/","name":"Langeland Lolland ferge","description":"","publisher":{"@id":"https:\/\/langeland-lolland.com\/no\/#organization"},"potentialAction":[{"@type":"SearchAction","target":{"@type":"EntryPoint","urlTemplate":"https:\/\/langeland-lolland.com\/no\/?s={search_term_string}"},"query-input":{"@type":"PropertyValueSpecification","valueRequired":true,"valueName":"search_term_string"}}],"inLanguage":"nb-NO"},{"@type":"Organization","@id":"https:\/\/langeland-lolland.com\/no\/#organization","name":"Langeland Lolland ferge","url":"https:\/\/langeland-lolland.com\/no\/","logo":{"@type":"ImageObject","inLanguage":"nb-NO","@id":"https:\/\/langeland-lolland.com\/no\/#\/schema\/logo\/image\/","url":"https:\/\/langeland-lolland.com\/no\/wp-content\/uploads\/sites\/5\/2025\/06\/langeland-lolland-ferry.png","contentUrl":"https:\/\/langeland-lolland.com\/no\/wp-content\/uploads\/sites\/5\/2025\/06\/langeland-lolland-ferry.png","width":750,"height":125,"caption":"Langeland Lolland ferge"},"image":{"@id":"https:\/\/langeland-lolland.com\/no\/#\/schema\/logo\/image\/"}}]}},"_links":{"self":[{"href":"https:\/\/langeland-lolland.com\/no\/wp-json\/wp\/v2\/pages\/52","targetHints":{"allow":["GET"]}}],"collection":[{"href":"https:\/\/langeland-lolland.com\/no\/wp-json\/wp\/v2\/pages"}],"about":[{"href":"https:\/\/langeland-lolland.com\/no\/wp-json\/wp\/v2\/types\/page"}],"author":[{"embeddable":true,"href":"https:\/\/langeland-lolland.com\/no\/wp-json\/wp\/v2\/users\/2"}],"replies":[{"embeddable":true,"href":"https:\/\/langeland-lolland.com\/no\/wp-json\/wp\/v2\/comments?post=52"}],"version-history":[{"count":5,"href":"https:\/\/langeland-lolland.com\/no\/wp-json\/wp\/v2\/pages\/52\/revisions"}],"predecessor-version":[{"id":172,"href":"https:\/\/langeland-lolland.com\/no\/wp-json\/wp\/v2\/pages\/52\/revisions\/172"}],"wp:attachment":[{"href":"https:\/\/langeland-lolland.com\/no\/wp-json\/wp\/v2\/media?parent=52"}],"curies":[{"name":"wp","href":"https:\/\/api.w.org\/{rel}","templated":true}]}}