{"id":116,"date":"2024-05-27T08:34:54","date_gmt":"2024-05-27T08:34:54","guid":{"rendered":"https:\/\/langeland-lolland.com\/no\/?page_id=116"},"modified":"2025-07-07T10:48:56","modified_gmt":"2025-07-07T10:48:56","slug":"personvernerklaering","status":"publish","type":"page","link":"https:\/\/langeland-lolland.com\/no\/personvernerklaering\/","title":{"rendered":"Personvernerkl\u00e6ring"},"content":{"rendered":"\n<h2 class=\"wp-block-heading\">Hvem er vi<\/h2>\n\n\n\n<p>V\u00e5r nettsideadresse er: https:\/\/langeland-lolland.com\/<\/p>\n\n\n\n<h2 class=\"wp-block-heading\">Kommentarer<\/h2>\n\n\n\n<p>N\u00e5r bes\u00f8kende legger igjen kommentarer p\u00e5 nettstedet, samler vi inn dataene som vises i kommentarskjemaet, og ogs\u00e5 bes\u00f8kendes IP-adresse og nettleser-brukeragentstreng for \u00e5 oppdage spam.<\/p>\n\n\n\n<p>En anonymisert streng opprettet fra e-postadressen din (ogs\u00e5 kalt en hash) kan sendes til Gravatar-tjenesten hvis du bruker den. Gravatar-tjenestens personvernerkl\u00e6ring finner du her: https:\/\/automattic.com\/privacy\/. Etter at kommentaren din er godkjent, vil profilbildet ditt bli offentlig synlig i forbindelse med kommentaren din.<\/p>\n\n\n\n<h2 class=\"wp-block-heading\">Media<\/h2>\n\n\n\n<p>Hvis du er en registrert bruker og laster opp bilder til nettstedet, b\u00f8r du unng\u00e5 bilder som inneholder EXIF-GPS-posisjonsdata. Bes\u00f8kende p\u00e5 nettstedet kan laste ned nettstedets bilder og se stedsdataene.<\/p>\n\n\n\n<h2 class=\"wp-block-heading\">Cookies<\/h2>\n\n\n\n<p>N\u00e5r du legger igjen en kommentar p\u00e5 nettstedet v\u00e5rt, kan du velge \u00e5 lagre navn, e-postadresse og nettside i informasjonskapsler. Vi gj\u00f8r dette for enkelhets skyld, slik at du ikke trenger \u00e5 skrive inn denne informasjonen p\u00e5 nytt n\u00e5r du legger igjen en kommentar. Disse informasjonskapslene er gyldige i ett \u00e5r.<\/p>\n\n\n\n<p>N\u00e5r du bes\u00f8ker v\u00e5r p\u00e5loggingsside, lagrer vi en midlertidig informasjonskapsel for \u00e5 sjekke om nettleseren din godtar informasjonskapsler. Denne informasjonskapselen inneholder ingen personlige data og slettes n\u00e5r du lukker nettleseren din.<\/p>\n\n\n\n<p>N\u00e5r du har logget inn, vil vi lagre noen informasjonskapsler i forbindelse med dine p\u00e5loggingsdetaljer og skjermvisningsalternativer. Innloggingsinformasjonskapsler er gyldige i to dager og skjermvisningsalternativer er gyldige i ett \u00e5r. Hvis du velger &laquo;Husk meg&raquo;, vil p\u00e5loggingen din v\u00e6re gyldig i to uker. N\u00e5r du logger ut av kontoen din, slettes informasjonskapsler for p\u00e5logging.<\/p>\n\n\n\n<p>N\u00e5r du redigerer eller publiserer en melding, lagres en ekstra informasjonskapsel av nettleseren din. Denne informasjonskapselen inneholder ingen personlige data og inneholder bare post-ID-en til artikkelen du redigerte. Denne informasjonskapselen utl\u00f8per etter \u00e9n dag.<\/p>\n\n\n\n<h2 class=\"wp-block-heading\">Innebygd innhold fra andre nettsteder<\/h2>\n\n\n\n<p>Innlegg p\u00e5 dette nettstedet kan inneholde innebygd innhold (f.eks. videoer, bilder, meldinger osv.). Innebygd innhold fra andre nettsteder oppf\u00f8rer seg n\u00f8yaktig p\u00e5 samme m\u00e5te som om den bes\u00f8kende hadde bes\u00f8kt det andre nettstedet.<\/p>\n\n\n\n<p>Disse nettstedene kan samle inn data om deg, bruke informasjonskapsler, bygge inn ytterligere tredjepartssporing og overv\u00e5ke interaksjonen din med det innebygde innholdet, inkludert registrering av interaksjonen din med det innebygde innholdet hvis du har en konto og er logget p\u00e5 det nettstedet.<\/p>\n","protected":false},"excerpt":{"rendered":"<p>Hvem er vi V\u00e5r nettsideadresse er: https:\/\/langeland-lolland.com\/ Kommentarer N\u00e5r bes\u00f8kende legger igjen kommentarer p\u00e5 nettstedet, samler vi inn dataene som [&hellip;]<\/p>\n","protected":false},"author":2,"featured_media":0,"parent":0,"menu_order":0,"comment_status":"closed","ping_status":"closed","template":"","meta":{"inline_featured_image":false,"site-sidebar-layout":"default","site-content-layout":"","ast-site-content-layout":"default","site-content-style":"default","site-sidebar-style":"default","ast-global-header-display":"","ast-banner-title-visibility":"","ast-main-header-display":"","ast-hfb-above-header-display":"","ast-hfb-below-header-display":"","ast-hfb-mobile-header-display":"","site-post-title":"","ast-breadcrumbs-content":"","ast-featured-img":"","footer-sml-layout":"","ast-disable-related-posts":"","theme-transparent-header-meta":"","adv-header-id-meta":"","stick-header-meta":"","header-above-stick-meta":"","header-main-stick-meta":"","header-below-stick-meta":"","astra-migrate-meta-layouts":"default","ast-page-background-enabled":"default","ast-page-background-meta":{"desktop":{"background-color":"var(--ast-global-color-4)","background-image":"","background-repeat":"repeat","background-position":"center center","background-size":"auto","background-attachment":"scroll","background-type":"","background-media":"","overlay-type":"","overlay-color":"","overlay-opacity":"","overlay-gradient":""},"tablet":{"background-color":"","background-image":"","background-repeat":"repeat","background-position":"center center","background-size":"auto","background-attachment":"scroll","background-type":"","background-media":"","overlay-type":"","overlay-color":"","overlay-opacity":"","overlay-gradient":""},"mobile":{"background-color":"","background-image":"","background-repeat":"repeat","background-position":"center center","background-size":"auto","background-attachment":"scroll","background-type":"","background-media":"","overlay-type":"","overlay-color":"","overlay-opacity":"","overlay-gradient":""}},"ast-content-background-meta":{"desktop":{"background-color":"var(--ast-global-color-5)","background-image":"","background-repeat":"repeat","background-position":"center center","background-size":"auto","background-attachment":"scroll","background-type":"","background-media":"","overlay-type":"","overlay-color":"","overlay-opacity":"","overlay-gradient":""},"tablet":{"background-color":"var(--ast-global-color-5)","background-image":"","background-repeat":"repeat","background-position":"center center","background-size":"auto","background-attachment":"scroll","background-type":"","background-media":"","overlay-type":"","overlay-color":"","overlay-opacity":"","overlay-gradient":""},"mobile":{"background-color":"var(--ast-global-color-5)","background-image":"","background-repeat":"repeat","background-position":"center center","background-size":"auto","background-attachment":"scroll","background-type":"","background-media":"","overlay-type":"","overlay-color":"","overlay-opacity":"","overlay-gradient":""}},"footnotes":""},"class_list":["post-116","page","type-page","status-publish","hentry"],"yoast_head":"<!-- This site is optimized with the Yoast SEO plugin v27.4 - https:\/\/yoast.com\/product\/yoast-seo-wordpress\/ -->\n<title>Personvernerkl\u00e6ring - Langeland Lolland ferge<\/title>\n<meta name=\"description\" content=\"Finn ut hvordan Langeland-Lolland.com kan motta personopplysninger, til hvilket form\u00e5l og hvordan disse blir beskyttet.\" \/>\n<meta name=\"robots\" content=\"index, follow, max-snippet:-1, max-image-preview:large, max-video-preview:-1\" \/>\n<link rel=\"canonical\" href=\"https:\/\/langeland-lolland.com\/no\/personvernerklaering\/\" \/>\n<meta property=\"og:locale\" content=\"nb_NO\" \/>\n<meta property=\"og:type\" content=\"article\" \/>\n<meta property=\"og:title\" content=\"Personvernerkl\u00e6ring - Langeland Lolland ferge\" \/>\n<meta property=\"og:description\" content=\"Finn ut hvordan Langeland-Lolland.com kan motta personopplysninger, til hvilket form\u00e5l og hvordan disse blir beskyttet.\" \/>\n<meta property=\"og:url\" content=\"https:\/\/langeland-lolland.com\/no\/personvernerklaering\/\" \/>\n<meta property=\"og:site_name\" content=\"Langeland Lolland ferge\" \/>\n<meta property=\"article:modified_time\" content=\"2025-07-07T10:48:56+00:00\" \/>\n<meta name=\"twitter:card\" content=\"summary_large_image\" \/>\n<meta name=\"twitter:label1\" content=\"Ansl. lesetid\" \/>\n\t<meta name=\"twitter:data1\" content=\"2 minutter\" \/>\n<script type=\"application\/ld+json\" class=\"yoast-schema-graph\">{\"@context\":\"https:\\\/\\\/schema.org\",\"@graph\":[{\"@type\":\"WebPage\",\"@id\":\"https:\\\/\\\/langeland-lolland.com\\\/no\\\/personvernerklaering\\\/\",\"url\":\"https:\\\/\\\/langeland-lolland.com\\\/no\\\/personvernerklaering\\\/\",\"name\":\"Personvernerkl\u00e6ring - Langeland Lolland ferge\",\"isPartOf\":{\"@id\":\"https:\\\/\\\/langeland-lolland.com\\\/no\\\/#website\"},\"datePublished\":\"2024-05-27T08:34:54+00:00\",\"dateModified\":\"2025-07-07T10:48:56+00:00\",\"description\":\"Finn ut hvordan Langeland-Lolland.com kan motta personopplysninger, til hvilket form\u00e5l og hvordan disse blir beskyttet.\",\"breadcrumb\":{\"@id\":\"https:\\\/\\\/langeland-lolland.com\\\/no\\\/personvernerklaering\\\/#breadcrumb\"},\"inLanguage\":\"nb-NO\",\"potentialAction\":[{\"@type\":\"ReadAction\",\"target\":[\"https:\\\/\\\/langeland-lolland.com\\\/no\\\/personvernerklaering\\\/\"]}]},{\"@type\":\"BreadcrumbList\",\"@id\":\"https:\\\/\\\/langeland-lolland.com\\\/no\\\/personvernerklaering\\\/#breadcrumb\",\"itemListElement\":[{\"@type\":\"ListItem\",\"position\":1,\"name\":\"Home\",\"item\":\"https:\\\/\\\/langeland-lolland.com\\\/no\\\/\"},{\"@type\":\"ListItem\",\"position\":2,\"name\":\"Personvernerkl\u00e6ring\"}]},{\"@type\":\"WebSite\",\"@id\":\"https:\\\/\\\/langeland-lolland.com\\\/no\\\/#website\",\"url\":\"https:\\\/\\\/langeland-lolland.com\\\/no\\\/\",\"name\":\"Langeland Lolland ferge\",\"description\":\"\",\"publisher\":{\"@id\":\"https:\\\/\\\/langeland-lolland.com\\\/no\\\/#organization\"},\"potentialAction\":[{\"@type\":\"SearchAction\",\"target\":{\"@type\":\"EntryPoint\",\"urlTemplate\":\"https:\\\/\\\/langeland-lolland.com\\\/no\\\/?s={search_term_string}\"},\"query-input\":{\"@type\":\"PropertyValueSpecification\",\"valueRequired\":true,\"valueName\":\"search_term_string\"}}],\"inLanguage\":\"nb-NO\"},{\"@type\":\"Organization\",\"@id\":\"https:\\\/\\\/langeland-lolland.com\\\/no\\\/#organization\",\"name\":\"Langeland Lolland ferge\",\"url\":\"https:\\\/\\\/langeland-lolland.com\\\/no\\\/\",\"logo\":{\"@type\":\"ImageObject\",\"inLanguage\":\"nb-NO\",\"@id\":\"https:\\\/\\\/langeland-lolland.com\\\/no\\\/#\\\/schema\\\/logo\\\/image\\\/\",\"url\":\"https:\\\/\\\/langeland-lolland.com\\\/no\\\/wp-content\\\/uploads\\\/sites\\\/5\\\/2025\\\/06\\\/langeland-lolland-ferry.png\",\"contentUrl\":\"https:\\\/\\\/langeland-lolland.com\\\/no\\\/wp-content\\\/uploads\\\/sites\\\/5\\\/2025\\\/06\\\/langeland-lolland-ferry.png\",\"width\":750,\"height\":125,\"caption\":\"Langeland Lolland ferge\"},\"image\":{\"@id\":\"https:\\\/\\\/langeland-lolland.com\\\/no\\\/#\\\/schema\\\/logo\\\/image\\\/\"}}]}<\/script>\n<!-- \/ Yoast SEO plugin. -->","yoast_head_json":{"title":"Personvernerkl\u00e6ring - Langeland Lolland ferge","description":"Finn ut hvordan Langeland-Lolland.com kan motta personopplysninger, til hvilket form\u00e5l og hvordan disse blir beskyttet.","robots":{"index":"index","follow":"follow","max-snippet":"max-snippet:-1","max-image-preview":"max-image-preview:large","max-video-preview":"max-video-preview:-1"},"canonical":"https:\/\/langeland-lolland.com\/no\/personvernerklaering\/","og_locale":"nb_NO","og_type":"article","og_title":"Personvernerkl\u00e6ring - Langeland Lolland ferge","og_description":"Finn ut hvordan Langeland-Lolland.com kan motta personopplysninger, til hvilket form\u00e5l og hvordan disse blir beskyttet.","og_url":"https:\/\/langeland-lolland.com\/no\/personvernerklaering\/","og_site_name":"Langeland Lolland ferge","article_modified_time":"2025-07-07T10:48:56+00:00","twitter_card":"summary_large_image","twitter_misc":{"Ansl. lesetid":"2 minutter"},"schema":{"@context":"https:\/\/schema.org","@graph":[{"@type":"WebPage","@id":"https:\/\/langeland-lolland.com\/no\/personvernerklaering\/","url":"https:\/\/langeland-lolland.com\/no\/personvernerklaering\/","name":"Personvernerkl\u00e6ring - Langeland Lolland ferge","isPartOf":{"@id":"https:\/\/langeland-lolland.com\/no\/#website"},"datePublished":"2024-05-27T08:34:54+00:00","dateModified":"2025-07-07T10:48:56+00:00","description":"Finn ut hvordan Langeland-Lolland.com kan motta personopplysninger, til hvilket form\u00e5l og hvordan disse blir beskyttet.","breadcrumb":{"@id":"https:\/\/langeland-lolland.com\/no\/personvernerklaering\/#breadcrumb"},"inLanguage":"nb-NO","potentialAction":[{"@type":"ReadAction","target":["https:\/\/langeland-lolland.com\/no\/personvernerklaering\/"]}]},{"@type":"BreadcrumbList","@id":"https:\/\/langeland-lolland.com\/no\/personvernerklaering\/#breadcrumb","itemListElement":[{"@type":"ListItem","position":1,"name":"Home","item":"https:\/\/langeland-lolland.com\/no\/"},{"@type":"ListItem","position":2,"name":"Personvernerkl\u00e6ring"}]},{"@type":"WebSite","@id":"https:\/\/langeland-lolland.com\/no\/#website","url":"https:\/\/langeland-lolland.com\/no\/","name":"Langeland Lolland ferge","description":"","publisher":{"@id":"https:\/\/langeland-lolland.com\/no\/#organization"},"potentialAction":[{"@type":"SearchAction","target":{"@type":"EntryPoint","urlTemplate":"https:\/\/langeland-lolland.com\/no\/?s={search_term_string}"},"query-input":{"@type":"PropertyValueSpecification","valueRequired":true,"valueName":"search_term_string"}}],"inLanguage":"nb-NO"},{"@type":"Organization","@id":"https:\/\/langeland-lolland.com\/no\/#organization","name":"Langeland Lolland ferge","url":"https:\/\/langeland-lolland.com\/no\/","logo":{"@type":"ImageObject","inLanguage":"nb-NO","@id":"https:\/\/langeland-lolland.com\/no\/#\/schema\/logo\/image\/","url":"https:\/\/langeland-lolland.com\/no\/wp-content\/uploads\/sites\/5\/2025\/06\/langeland-lolland-ferry.png","contentUrl":"https:\/\/langeland-lolland.com\/no\/wp-content\/uploads\/sites\/5\/2025\/06\/langeland-lolland-ferry.png","width":750,"height":125,"caption":"Langeland Lolland ferge"},"image":{"@id":"https:\/\/langeland-lolland.com\/no\/#\/schema\/logo\/image\/"}}]}},"_links":{"self":[{"href":"https:\/\/langeland-lolland.com\/no\/wp-json\/wp\/v2\/pages\/116","targetHints":{"allow":["GET"]}}],"collection":[{"href":"https:\/\/langeland-lolland.com\/no\/wp-json\/wp\/v2\/pages"}],"about":[{"href":"https:\/\/langeland-lolland.com\/no\/wp-json\/wp\/v2\/types\/page"}],"author":[{"embeddable":true,"href":"https:\/\/langeland-lolland.com\/no\/wp-json\/wp\/v2\/users\/2"}],"replies":[{"embeddable":true,"href":"https:\/\/langeland-lolland.com\/no\/wp-json\/wp\/v2\/comments?post=116"}],"version-history":[{"count":1,"href":"https:\/\/langeland-lolland.com\/no\/wp-json\/wp\/v2\/pages\/116\/revisions"}],"predecessor-version":[{"id":117,"href":"https:\/\/langeland-lolland.com\/no\/wp-json\/wp\/v2\/pages\/116\/revisions\/117"}],"wp:attachment":[{"href":"https:\/\/langeland-lolland.com\/no\/wp-json\/wp\/v2\/media?parent=116"}],"curies":[{"name":"wp","href":"https:\/\/api.w.org\/{rel}","templated":true}]}}