{"id":107,"date":"2024-05-27T08:28:11","date_gmt":"2024-05-27T08:28:11","guid":{"rendered":"https:\/\/langeland-lolland.com\/no\/?page_id=107"},"modified":"2025-07-07T12:57:27","modified_gmt":"2025-07-07T12:57:27","slug":"vaermelding","status":"publish","type":"page","link":"https:\/\/langeland-lolland.com\/no\/vaermelding\/","title":{"rendered":"V\u00e6rmelding"},"content":{"rendered":"\n<p>Hvordan blir v\u00e6ret ved ankomst? Og hvordan blir v\u00e6ret under overfarten? P\u00e5 denne siden har vi samlet v\u00e6rmeldingen for de kommende dagene: fra temperaturen i Lolland til b\u00f8lgeh\u00f8yder langs ruten.<\/p>\n\n\n\n<h2 class=\"wp-block-heading\">V\u00e6ret i Spodsbjerg p\u00e5 Langeland<\/h2>\n\n\n\n<p>Se den 5-dagers v\u00e6rmeldingen for <a href=\"https:\/\/langeland-lolland.com\/no\/spodsbjerg\/\">havnen i Spodsbjerg<\/a> p\u00e5 Langeland nedenfor.<\/p>\n\n\n<p><iframe width=\"650\" height=\"187\" src=\"https:\/\/embed.windy.com\/embed.html?type=forecast&#038;location=coordinates&#038;detail=true&#038;detailLat=54.934975127673596&#038;detailLon=10.833666573158297&#038;metricTemp=default&#038;metricRain=default&#038;metricWind=default\" frameborder=\"0\"><\/iframe><\/p>\n\n\n\n<h2 class=\"wp-block-heading\">V\u00e6ret i havnen i T\u00e5rs (Lolland)<\/h2>\n\n\n\n<p>Nedenfor finner du v\u00e6rmeldingen for de neste fem dagene for <a href=\"https:\/\/langeland-lolland.com\/no\/tars\/\">havnen i T\u00e5rs<\/a>.<\/p>\n\n\n<p><iframe width=\"650\" height=\"187\" src=\"https:\/\/embed.windy.com\/embed.html?type=forecast&#038;location=coordinates&#038;detail=true&#038;detailLat=54.87602876615651&#038;detailLon=11.030724101503722&#038;metricTemp=default&#038;metricRain=default&#038;metricWind=default\" frameborder=\"0\"><\/iframe><\/p>\n\n\n\n<h2 class=\"wp-block-heading\">V\u00e6rmelding for Langelandsb\u00e6lt<\/h2>\n\n\n\n<p>Blir det storm under overfarten? Og hvordan blir temperaturen? Sjekk v\u00e6rmeldingen for Langelandsb\u00e6lt, vannet mellom Langeland og Lolland, nedenfor.<\/p>\n\n\n<p><iframe width=\"650\" height=\"450\" src=\"https:\/\/embed.windy.com\/embed.html?type=map&#038;location=coordinates&#038;metricRain=default&#038;metricTemp=default&#038;metricWind=default&#038;zoom=11&#038;overlay=waves&#038;product=ecmwfWaves&#038;level=surface&#038;lat=54.904&#038;lon=10.869\" frameborder=\"0\"><\/iframe><\/p>\n","protected":false},"excerpt":{"rendered":"<p>Hvordan blir v\u00e6ret ved ankomst? Og hvordan blir v\u00e6ret under overfarten? P\u00e5 denne siden har vi samlet v\u00e6rmeldingen for de [&hellip;]<\/p>\n","protected":false},"author":2,"featured_media":0,"parent":0,"menu_order":0,"comment_status":"closed","ping_status":"closed","template":"","meta":{"inline_featured_image":false,"site-sidebar-layout":"default","site-content-layout":"","ast-site-content-layout":"default","site-content-style":"default","site-sidebar-style":"default","ast-global-header-display":"","ast-banner-title-visibility":"","ast-main-header-display":"","ast-hfb-above-header-display":"","ast-hfb-below-header-display":"","ast-hfb-mobile-header-display":"","site-post-title":"","ast-breadcrumbs-content":"","ast-featured-img":"","footer-sml-layout":"","ast-disable-related-posts":"","theme-transparent-header-meta":"","adv-header-id-meta":"","stick-header-meta":"","header-above-stick-meta":"","header-main-stick-meta":"","header-below-stick-meta":"","astra-migrate-meta-layouts":"default","ast-page-background-enabled":"default","ast-page-background-meta":{"desktop":{"background-color":"var(--ast-global-color-4)","background-image":"","background-repeat":"repeat","background-position":"center center","background-size":"auto","background-attachment":"scroll","background-type":"","background-media":"","overlay-type":"","overlay-color":"","overlay-opacity":"","overlay-gradient":""},"tablet":{"background-color":"","background-image":"","background-repeat":"repeat","background-position":"center center","background-size":"auto","background-attachment":"scroll","background-type":"","background-media":"","overlay-type":"","overlay-color":"","overlay-opacity":"","overlay-gradient":""},"mobile":{"background-color":"","background-image":"","background-repeat":"repeat","background-position":"center center","background-size":"auto","background-attachment":"scroll","background-type":"","background-media":"","overlay-type":"","overlay-color":"","overlay-opacity":"","overlay-gradient":""}},"ast-content-background-meta":{"desktop":{"background-color":"var(--ast-global-color-5)","background-image":"","background-repeat":"repeat","background-position":"center center","background-size":"auto","background-attachment":"scroll","background-type":"","background-media":"","overlay-type":"","overlay-color":"","overlay-opacity":"","overlay-gradient":""},"tablet":{"background-color":"var(--ast-global-color-5)","background-image":"","background-repeat":"repeat","background-position":"center center","background-size":"auto","background-attachment":"scroll","background-type":"","background-media":"","overlay-type":"","overlay-color":"","overlay-opacity":"","overlay-gradient":""},"mobile":{"background-color":"var(--ast-global-color-5)","background-image":"","background-repeat":"repeat","background-position":"center center","background-size":"auto","background-attachment":"scroll","background-type":"","background-media":"","overlay-type":"","overlay-color":"","overlay-opacity":"","overlay-gradient":""}},"footnotes":""},"class_list":["post-107","page","type-page","status-publish","hentry"],"yoast_head":"<!-- This site is optimized with the Yoast SEO plugin v27.4 - https:\/\/yoast.com\/product\/yoast-seo-wordpress\/ -->\n<title>V\u00e6rmelding Langeland Lolland (Langelandsb\u00e6lt)<\/title>\n<meta name=\"description\" content=\"Se den oppdaterte v\u00e6rmeldingen for fergeturen mellom Langeland og Lolland over Langelandsb\u00e6lt.\" \/>\n<meta name=\"robots\" content=\"index, follow, max-snippet:-1, max-image-preview:large, max-video-preview:-1\" \/>\n<link rel=\"canonical\" href=\"https:\/\/langeland-lolland.com\/no\/vaermelding\/\" \/>\n<meta property=\"og:locale\" content=\"nb_NO\" \/>\n<meta property=\"og:type\" content=\"article\" \/>\n<meta property=\"og:title\" content=\"V\u00e6rmelding Langeland Lolland (Langelandsb\u00e6lt)\" \/>\n<meta property=\"og:description\" content=\"Se den oppdaterte v\u00e6rmeldingen for fergeturen mellom Langeland og Lolland over Langelandsb\u00e6lt.\" \/>\n<meta property=\"og:url\" content=\"https:\/\/langeland-lolland.com\/no\/vaermelding\/\" \/>\n<meta property=\"og:site_name\" content=\"Langeland Lolland ferge\" \/>\n<meta property=\"article:modified_time\" content=\"2025-07-07T12:57:27+00:00\" \/>\n<meta name=\"twitter:card\" content=\"summary_large_image\" \/>\n<meta name=\"twitter:label1\" content=\"Ansl. lesetid\" \/>\n\t<meta name=\"twitter:data1\" content=\"1 minutt\" \/>\n<script type=\"application\/ld+json\" class=\"yoast-schema-graph\">{\"@context\":\"https:\\\/\\\/schema.org\",\"@graph\":[{\"@type\":\"WebPage\",\"@id\":\"https:\\\/\\\/langeland-lolland.com\\\/no\\\/vaermelding\\\/\",\"url\":\"https:\\\/\\\/langeland-lolland.com\\\/no\\\/vaermelding\\\/\",\"name\":\"V\u00e6rmelding Langeland Lolland (Langelandsb\u00e6lt)\",\"isPartOf\":{\"@id\":\"https:\\\/\\\/langeland-lolland.com\\\/no\\\/#website\"},\"datePublished\":\"2024-05-27T08:28:11+00:00\",\"dateModified\":\"2025-07-07T12:57:27+00:00\",\"description\":\"Se den oppdaterte v\u00e6rmeldingen for fergeturen mellom Langeland og Lolland over Langelandsb\u00e6lt.\",\"breadcrumb\":{\"@id\":\"https:\\\/\\\/langeland-lolland.com\\\/no\\\/vaermelding\\\/#breadcrumb\"},\"inLanguage\":\"nb-NO\",\"potentialAction\":[{\"@type\":\"ReadAction\",\"target\":[\"https:\\\/\\\/langeland-lolland.com\\\/no\\\/vaermelding\\\/\"]}]},{\"@type\":\"BreadcrumbList\",\"@id\":\"https:\\\/\\\/langeland-lolland.com\\\/no\\\/vaermelding\\\/#breadcrumb\",\"itemListElement\":[{\"@type\":\"ListItem\",\"position\":1,\"name\":\"Home\",\"item\":\"https:\\\/\\\/langeland-lolland.com\\\/no\\\/\"},{\"@type\":\"ListItem\",\"position\":2,\"name\":\"V\u00e6rmelding\"}]},{\"@type\":\"WebSite\",\"@id\":\"https:\\\/\\\/langeland-lolland.com\\\/no\\\/#website\",\"url\":\"https:\\\/\\\/langeland-lolland.com\\\/no\\\/\",\"name\":\"Langeland Lolland ferge\",\"description\":\"\",\"publisher\":{\"@id\":\"https:\\\/\\\/langeland-lolland.com\\\/no\\\/#organization\"},\"potentialAction\":[{\"@type\":\"SearchAction\",\"target\":{\"@type\":\"EntryPoint\",\"urlTemplate\":\"https:\\\/\\\/langeland-lolland.com\\\/no\\\/?s={search_term_string}\"},\"query-input\":{\"@type\":\"PropertyValueSpecification\",\"valueRequired\":true,\"valueName\":\"search_term_string\"}}],\"inLanguage\":\"nb-NO\"},{\"@type\":\"Organization\",\"@id\":\"https:\\\/\\\/langeland-lolland.com\\\/no\\\/#organization\",\"name\":\"Langeland Lolland ferge\",\"url\":\"https:\\\/\\\/langeland-lolland.com\\\/no\\\/\",\"logo\":{\"@type\":\"ImageObject\",\"inLanguage\":\"nb-NO\",\"@id\":\"https:\\\/\\\/langeland-lolland.com\\\/no\\\/#\\\/schema\\\/logo\\\/image\\\/\",\"url\":\"https:\\\/\\\/langeland-lolland.com\\\/no\\\/wp-content\\\/uploads\\\/sites\\\/5\\\/2025\\\/06\\\/langeland-lolland-ferry.png\",\"contentUrl\":\"https:\\\/\\\/langeland-lolland.com\\\/no\\\/wp-content\\\/uploads\\\/sites\\\/5\\\/2025\\\/06\\\/langeland-lolland-ferry.png\",\"width\":750,\"height\":125,\"caption\":\"Langeland Lolland ferge\"},\"image\":{\"@id\":\"https:\\\/\\\/langeland-lolland.com\\\/no\\\/#\\\/schema\\\/logo\\\/image\\\/\"}}]}<\/script>\n<!-- \/ Yoast SEO plugin. -->","yoast_head_json":{"title":"V\u00e6rmelding Langeland Lolland (Langelandsb\u00e6lt)","description":"Se den oppdaterte v\u00e6rmeldingen for fergeturen mellom Langeland og Lolland over Langelandsb\u00e6lt.","robots":{"index":"index","follow":"follow","max-snippet":"max-snippet:-1","max-image-preview":"max-image-preview:large","max-video-preview":"max-video-preview:-1"},"canonical":"https:\/\/langeland-lolland.com\/no\/vaermelding\/","og_locale":"nb_NO","og_type":"article","og_title":"V\u00e6rmelding Langeland Lolland (Langelandsb\u00e6lt)","og_description":"Se den oppdaterte v\u00e6rmeldingen for fergeturen mellom Langeland og Lolland over Langelandsb\u00e6lt.","og_url":"https:\/\/langeland-lolland.com\/no\/vaermelding\/","og_site_name":"Langeland Lolland ferge","article_modified_time":"2025-07-07T12:57:27+00:00","twitter_card":"summary_large_image","twitter_misc":{"Ansl. lesetid":"1 minutt"},"schema":{"@context":"https:\/\/schema.org","@graph":[{"@type":"WebPage","@id":"https:\/\/langeland-lolland.com\/no\/vaermelding\/","url":"https:\/\/langeland-lolland.com\/no\/vaermelding\/","name":"V\u00e6rmelding Langeland Lolland (Langelandsb\u00e6lt)","isPartOf":{"@id":"https:\/\/langeland-lolland.com\/no\/#website"},"datePublished":"2024-05-27T08:28:11+00:00","dateModified":"2025-07-07T12:57:27+00:00","description":"Se den oppdaterte v\u00e6rmeldingen for fergeturen mellom Langeland og Lolland over Langelandsb\u00e6lt.","breadcrumb":{"@id":"https:\/\/langeland-lolland.com\/no\/vaermelding\/#breadcrumb"},"inLanguage":"nb-NO","potentialAction":[{"@type":"ReadAction","target":["https:\/\/langeland-lolland.com\/no\/vaermelding\/"]}]},{"@type":"BreadcrumbList","@id":"https:\/\/langeland-lolland.com\/no\/vaermelding\/#breadcrumb","itemListElement":[{"@type":"ListItem","position":1,"name":"Home","item":"https:\/\/langeland-lolland.com\/no\/"},{"@type":"ListItem","position":2,"name":"V\u00e6rmelding"}]},{"@type":"WebSite","@id":"https:\/\/langeland-lolland.com\/no\/#website","url":"https:\/\/langeland-lolland.com\/no\/","name":"Langeland Lolland ferge","description":"","publisher":{"@id":"https:\/\/langeland-lolland.com\/no\/#organization"},"potentialAction":[{"@type":"SearchAction","target":{"@type":"EntryPoint","urlTemplate":"https:\/\/langeland-lolland.com\/no\/?s={search_term_string}"},"query-input":{"@type":"PropertyValueSpecification","valueRequired":true,"valueName":"search_term_string"}}],"inLanguage":"nb-NO"},{"@type":"Organization","@id":"https:\/\/langeland-lolland.com\/no\/#organization","name":"Langeland Lolland ferge","url":"https:\/\/langeland-lolland.com\/no\/","logo":{"@type":"ImageObject","inLanguage":"nb-NO","@id":"https:\/\/langeland-lolland.com\/no\/#\/schema\/logo\/image\/","url":"https:\/\/langeland-lolland.com\/no\/wp-content\/uploads\/sites\/5\/2025\/06\/langeland-lolland-ferry.png","contentUrl":"https:\/\/langeland-lolland.com\/no\/wp-content\/uploads\/sites\/5\/2025\/06\/langeland-lolland-ferry.png","width":750,"height":125,"caption":"Langeland Lolland ferge"},"image":{"@id":"https:\/\/langeland-lolland.com\/no\/#\/schema\/logo\/image\/"}}]}},"_links":{"self":[{"href":"https:\/\/langeland-lolland.com\/no\/wp-json\/wp\/v2\/pages\/107","targetHints":{"allow":["GET"]}}],"collection":[{"href":"https:\/\/langeland-lolland.com\/no\/wp-json\/wp\/v2\/pages"}],"about":[{"href":"https:\/\/langeland-lolland.com\/no\/wp-json\/wp\/v2\/types\/page"}],"author":[{"embeddable":true,"href":"https:\/\/langeland-lolland.com\/no\/wp-json\/wp\/v2\/users\/2"}],"replies":[{"embeddable":true,"href":"https:\/\/langeland-lolland.com\/no\/wp-json\/wp\/v2\/comments?post=107"}],"version-history":[{"count":4,"href":"https:\/\/langeland-lolland.com\/no\/wp-json\/wp\/v2\/pages\/107\/revisions"}],"predecessor-version":[{"id":186,"href":"https:\/\/langeland-lolland.com\/no\/wp-json\/wp\/v2\/pages\/107\/revisions\/186"}],"wp:attachment":[{"href":"https:\/\/langeland-lolland.com\/no\/wp-json\/wp\/v2\/media?parent=107"}],"curies":[{"name":"wp","href":"https:\/\/api.w.org\/{rel}","templated":true}]}}