{"id":98,"date":"2024-04-30T09:20:45","date_gmt":"2024-04-30T09:20:45","guid":{"rendered":"https:\/\/langeland-lolland.com\/de\/?page_id=98"},"modified":"2025-07-07T09:49:59","modified_gmt":"2025-07-07T09:49:59","slug":"spodsbjerg","status":"publish","type":"page","link":"https:\/\/langeland-lolland.com\/de\/spodsbjerg\/","title":{"rendered":"Hafen Spodsbjerg auf Langeland (D\u00e4nemark)"},"content":{"rendered":"\n<p>Die F\u00e4hre von Langeland legt im Hafen von Spodsbjerg ab: Dies ist eine kleine Hafenstadt im Osten der Insel Langeland in D\u00e4nemark. Im Hafen finden Sie das Terminal von Langelandslinjen, wo Sie einchecken und an Bord der F\u00e4hre gehen k\u00f6nnen.<\/p>\n\n\n\n<figure class=\"wp-block-image size-large\"><img fetchpriority=\"high\" decoding=\"async\" width=\"1024\" height=\"683\" src=\"https:\/\/langeland-lolland.com\/de\/wp-content\/uploads\/sites\/3\/2025\/06\/spodsbjerg-1024x683.jpg\" alt=\"spodsbjerg.jpg\" class=\"wp-image-166\" srcset=\"https:\/\/langeland-lolland.com\/de\/wp-content\/uploads\/sites\/3\/2025\/06\/spodsbjerg-1024x683.jpg 1024w, https:\/\/langeland-lolland.com\/de\/wp-content\/uploads\/sites\/3\/2025\/06\/spodsbjerg-300x200.jpg 300w, https:\/\/langeland-lolland.com\/de\/wp-content\/uploads\/sites\/3\/2025\/06\/spodsbjerg-768x512.jpg 768w, https:\/\/langeland-lolland.com\/de\/wp-content\/uploads\/sites\/3\/2025\/06\/spodsbjerg.jpg 1200w\" sizes=\"(max-width: 1024px) 100vw, 1024px\" \/><\/figure>\n\n\n\n<h2 class=\"wp-block-heading\" id=\"terminal\">Terminal von Langelandslinjen in Spodsbjerg<\/h2>\n\n\n\n<p>Sehen Sie die Adresse des Terminals von <a href=\"https:\/\/langeland-lolland.com\/de\/langelandslinjen\/\">Langelandslinjen<\/a> im Hafen von Spodsbjerg auf der untenstehenden Karte.<\/p>\n\n\n<p><iframe src=\"https:\/\/www.google.com\/maps\/embed?pb=!1m18!1m12!1m3!1d573.0411580395383!2d10.82999817357681!3d54.93512984120323!2m3!1f0!2f0!3f0!3m2!1i1024!2i768!4f13.1!3m3!1m2!1s0x47b2b40e23092fb9%3A0xa80a8fd5ab31f764!2sLANGELANDSLINJEN!5e0!3m2!1snl!2snl!4v1750766005210!5m2!1snl!2snl\" width=\"800\" height=\"450\" style=\"border:0;\" allowfullscreen=\"\" loading=\"lazy\" referrerpolicy=\"no-referrer-when-downgrade\"><\/iframe><\/p>\n\n\n\n<ul class=\"wp-block-list\">\n<li><strong>Adresse:<\/strong> Ny Spodsbjergvej 339B, 5900 Rudk\u00f8bing, D\u00e4nemark<\/li>\n\n\n\n<li><strong>Telefonnummer:<\/strong> +45 70 25 10 25<\/li>\n<\/ul>\n\n\n\n<p>Achtung: Bitte beachten Sie, dass Sie rechtzeitig beim Terminal einchecken. Langelandslinjen betont, dass Sie mindestens 15 Minuten vor Abfahrt eingecheckt sein m\u00fcssen. \u00dcberpr\u00fcfen Sie hier den <a href=\"https:\/\/langeland-lolland.com\/de\/fahrplan\/\">Fahrplan<\/a>, ber\u00fccksichtigen Sie gegebenenfalls die <a href=\"https:\/\/langeland-lolland.com\/de\/wettervorhersage\/\">Wettervorhersage<\/a> und planen Sie Ihre Reise entsprechend.<\/p>\n\n\n\n<h2 class=\"wp-block-heading\">Einrichtungen im Hafen<\/h2>\n\n\n\n<p>Sind Sie fr\u00fch im Hafen? Dann k\u00f6nnen Sie die folgenden Einrichtungen im Hafen nutzen:<\/p>\n\n\n\n<ul class=\"wp-block-list\">\n<li>Toilettenanlage<\/li>\n\n\n\n<li>Fischrestaurant (Spodsbjerg Kutterfisk)<\/li>\n<\/ul>\n\n\n\n<figure class=\"wp-block-image size-large\"><img decoding=\"async\" width=\"1024\" height=\"683\" src=\"https:\/\/langeland-lolland.com\/de\/wp-content\/uploads\/sites\/3\/2025\/07\/spodsbjerg-haven-1024x683.jpg\" alt=\"\" class=\"wp-image-215\" srcset=\"https:\/\/langeland-lolland.com\/de\/wp-content\/uploads\/sites\/3\/2025\/07\/spodsbjerg-haven-1024x683.jpg 1024w, https:\/\/langeland-lolland.com\/de\/wp-content\/uploads\/sites\/3\/2025\/07\/spodsbjerg-haven-300x200.jpg 300w, https:\/\/langeland-lolland.com\/de\/wp-content\/uploads\/sites\/3\/2025\/07\/spodsbjerg-haven-768x512.jpg 768w, https:\/\/langeland-lolland.com\/de\/wp-content\/uploads\/sites\/3\/2025\/07\/spodsbjerg-haven.jpg 1200w\" sizes=\"(max-width: 1024px) 100vw, 1024px\" \/><\/figure>\n\n\n\n<h3 class=\"wp-block-heading\">Parken im Hafen von Spodsbjerg<\/h3>\n\n\n\n<p>Wenn Sie als Fu\u00dfg\u00e4nger an Bord der F\u00e4hre in Spodsbjerg gehen m\u00f6chten, ist es m\u00f6glich, Ihr Auto im Hafen zu parken. Gegen\u00fcber der Anlegestelle der F\u00e4hre befindet sich ein gro\u00dfer Parkplatz, auf dem Sie sowohl kurz- als auch langfristig parken k\u00f6nnen.<\/p>\n","protected":false},"excerpt":{"rendered":"<p>Die F\u00e4hre von Langeland legt im Hafen von Spodsbjerg ab: Dies ist eine kleine Hafenstadt im Osten der Insel Langeland [&hellip;]<\/p>\n","protected":false},"author":2,"featured_media":0,"parent":0,"menu_order":0,"comment_status":"closed","ping_status":"closed","template":"","meta":{"inline_featured_image":false,"site-sidebar-layout":"default","site-content-layout":"","ast-site-content-layout":"default","site-content-style":"default","site-sidebar-style":"default","ast-global-header-display":"","ast-banner-title-visibility":"","ast-main-header-display":"","ast-hfb-above-header-display":"","ast-hfb-below-header-display":"","ast-hfb-mobile-header-display":"","site-post-title":"","ast-breadcrumbs-content":"","ast-featured-img":"","footer-sml-layout":"","ast-disable-related-posts":"","theme-transparent-header-meta":"","adv-header-id-meta":"","stick-header-meta":"","header-above-stick-meta":"","header-main-stick-meta":"","header-below-stick-meta":"","astra-migrate-meta-layouts":"default","ast-page-background-enabled":"default","ast-page-background-meta":{"desktop":{"background-color":"var(--ast-global-color-4)","background-image":"","background-repeat":"repeat","background-position":"center center","background-size":"auto","background-attachment":"scroll","background-type":"","background-media":"","overlay-type":"","overlay-color":"","overlay-opacity":"","overlay-gradient":""},"tablet":{"background-color":"","background-image":"","background-repeat":"repeat","background-position":"center center","background-size":"auto","background-attachment":"scroll","background-type":"","background-media":"","overlay-type":"","overlay-color":"","overlay-opacity":"","overlay-gradient":""},"mobile":{"background-color":"","background-image":"","background-repeat":"repeat","background-position":"center center","background-size":"auto","background-attachment":"scroll","background-type":"","background-media":"","overlay-type":"","overlay-color":"","overlay-opacity":"","overlay-gradient":""}},"ast-content-background-meta":{"desktop":{"background-color":"var(--ast-global-color-5)","background-image":"","background-repeat":"repeat","background-position":"center center","background-size":"auto","background-attachment":"scroll","background-type":"","background-media":"","overlay-type":"","overlay-color":"","overlay-opacity":"","overlay-gradient":""},"tablet":{"background-color":"var(--ast-global-color-5)","background-image":"","background-repeat":"repeat","background-position":"center center","background-size":"auto","background-attachment":"scroll","background-type":"","background-media":"","overlay-type":"","overlay-color":"","overlay-opacity":"","overlay-gradient":""},"mobile":{"background-color":"var(--ast-global-color-5)","background-image":"","background-repeat":"repeat","background-position":"center center","background-size":"auto","background-attachment":"scroll","background-type":"","background-media":"","overlay-type":"","overlay-color":"","overlay-opacity":"","overlay-gradient":""}},"footnotes":""},"class_list":["post-98","page","type-page","status-publish","hentry"],"yoast_head":"<!-- This site is optimized with the Yoast SEO plugin v27.4 - https:\/\/yoast.com\/product\/yoast-seo-wordpress\/ -->\n<title>Hafen Spodsbjerg (Langeland): Terminal, Parken und Einrichtungen<\/title>\n<meta name=\"description\" content=\"Entdecken Sie alles \u00fcber den Hafen von Spodsbjerg auf Langeland: Terminal von Langelandslinjen, Parkm\u00f6glichkeiten im Hafen und Einrichtungen.\" \/>\n<meta name=\"robots\" content=\"index, follow, max-snippet:-1, max-image-preview:large, max-video-preview:-1\" \/>\n<link rel=\"canonical\" href=\"https:\/\/langeland-lolland.com\/de\/spodsbjerg\/\" \/>\n<meta property=\"og:locale\" content=\"de_DE\" \/>\n<meta property=\"og:type\" content=\"article\" \/>\n<meta property=\"og:title\" content=\"Hafen Spodsbjerg (Langeland): Terminal, Parken und Einrichtungen\" \/>\n<meta property=\"og:description\" content=\"Entdecken Sie alles \u00fcber den Hafen von Spodsbjerg auf Langeland: Terminal von Langelandslinjen, Parkm\u00f6glichkeiten im Hafen und Einrichtungen.\" \/>\n<meta property=\"og:url\" content=\"https:\/\/langeland-lolland.com\/de\/spodsbjerg\/\" \/>\n<meta property=\"og:site_name\" content=\"F\u00e4hre Langeland Lolland\" \/>\n<meta property=\"article:modified_time\" content=\"2025-07-07T09:49:59+00:00\" \/>\n<meta property=\"og:image\" content=\"https:\/\/langeland-lolland.com\/de\/wp-content\/uploads\/sites\/3\/2025\/06\/spodsbjerg.jpg\" \/>\n\t<meta property=\"og:image:width\" content=\"1200\" \/>\n\t<meta property=\"og:image:height\" content=\"800\" \/>\n\t<meta property=\"og:image:type\" content=\"image\/jpeg\" \/>\n<meta name=\"twitter:card\" content=\"summary_large_image\" \/>\n<meta name=\"twitter:label1\" content=\"Gesch\u00e4tzte Lesezeit\" \/>\n\t<meta name=\"twitter:data1\" content=\"2\u00a0Minuten\" \/>\n<script type=\"application\/ld+json\" class=\"yoast-schema-graph\">{\"@context\":\"https:\\\/\\\/schema.org\",\"@graph\":[{\"@type\":\"WebPage\",\"@id\":\"https:\\\/\\\/langeland-lolland.com\\\/de\\\/spodsbjerg\\\/\",\"url\":\"https:\\\/\\\/langeland-lolland.com\\\/de\\\/spodsbjerg\\\/\",\"name\":\"Hafen Spodsbjerg (Langeland): Terminal, Parken und Einrichtungen\",\"isPartOf\":{\"@id\":\"https:\\\/\\\/langeland-lolland.com\\\/de\\\/#website\"},\"primaryImageOfPage\":{\"@id\":\"https:\\\/\\\/langeland-lolland.com\\\/de\\\/spodsbjerg\\\/#primaryimage\"},\"image\":{\"@id\":\"https:\\\/\\\/langeland-lolland.com\\\/de\\\/spodsbjerg\\\/#primaryimage\"},\"thumbnailUrl\":\"https:\\\/\\\/langeland-lolland.com\\\/de\\\/wp-content\\\/uploads\\\/sites\\\/3\\\/2025\\\/06\\\/spodsbjerg-1024x683.jpg\",\"datePublished\":\"2024-04-30T09:20:45+00:00\",\"dateModified\":\"2025-07-07T09:49:59+00:00\",\"description\":\"Entdecken Sie alles \u00fcber den Hafen von Spodsbjerg auf Langeland: Terminal von Langelandslinjen, Parkm\u00f6glichkeiten im Hafen und Einrichtungen.\",\"breadcrumb\":{\"@id\":\"https:\\\/\\\/langeland-lolland.com\\\/de\\\/spodsbjerg\\\/#breadcrumb\"},\"inLanguage\":\"de\",\"potentialAction\":[{\"@type\":\"ReadAction\",\"target\":[\"https:\\\/\\\/langeland-lolland.com\\\/de\\\/spodsbjerg\\\/\"]}]},{\"@type\":\"ImageObject\",\"inLanguage\":\"de\",\"@id\":\"https:\\\/\\\/langeland-lolland.com\\\/de\\\/spodsbjerg\\\/#primaryimage\",\"url\":\"https:\\\/\\\/langeland-lolland.com\\\/de\\\/wp-content\\\/uploads\\\/sites\\\/3\\\/2025\\\/06\\\/spodsbjerg.jpg\",\"contentUrl\":\"https:\\\/\\\/langeland-lolland.com\\\/de\\\/wp-content\\\/uploads\\\/sites\\\/3\\\/2025\\\/06\\\/spodsbjerg.jpg\",\"width\":1200,\"height\":800,\"caption\":\"spodsbjerg.jpg\"},{\"@type\":\"BreadcrumbList\",\"@id\":\"https:\\\/\\\/langeland-lolland.com\\\/de\\\/spodsbjerg\\\/#breadcrumb\",\"itemListElement\":[{\"@type\":\"ListItem\",\"position\":1,\"name\":\"Home\",\"item\":\"https:\\\/\\\/langeland-lolland.com\\\/de\\\/\"},{\"@type\":\"ListItem\",\"position\":2,\"name\":\"Hafen Spodsbjerg auf Langeland (D\u00e4nemark)\"}]},{\"@type\":\"WebSite\",\"@id\":\"https:\\\/\\\/langeland-lolland.com\\\/de\\\/#website\",\"url\":\"https:\\\/\\\/langeland-lolland.com\\\/de\\\/\",\"name\":\"F\u00e4hre Langeland Lolland\",\"description\":\"\",\"publisher\":{\"@id\":\"https:\\\/\\\/langeland-lolland.com\\\/de\\\/#organization\"},\"potentialAction\":[{\"@type\":\"SearchAction\",\"target\":{\"@type\":\"EntryPoint\",\"urlTemplate\":\"https:\\\/\\\/langeland-lolland.com\\\/de\\\/?s={search_term_string}\"},\"query-input\":{\"@type\":\"PropertyValueSpecification\",\"valueRequired\":true,\"valueName\":\"search_term_string\"}}],\"inLanguage\":\"de\"},{\"@type\":\"Organization\",\"@id\":\"https:\\\/\\\/langeland-lolland.com\\\/de\\\/#organization\",\"name\":\"F\u00e4hre Langeland Lolland\",\"url\":\"https:\\\/\\\/langeland-lolland.com\\\/de\\\/\",\"logo\":{\"@type\":\"ImageObject\",\"inLanguage\":\"de\",\"@id\":\"https:\\\/\\\/langeland-lolland.com\\\/de\\\/#\\\/schema\\\/logo\\\/image\\\/\",\"url\":\"https:\\\/\\\/langeland-lolland.com\\\/de\\\/wp-content\\\/uploads\\\/sites\\\/3\\\/2025\\\/06\\\/langeland-lolland-ferry.png\",\"contentUrl\":\"https:\\\/\\\/langeland-lolland.com\\\/de\\\/wp-content\\\/uploads\\\/sites\\\/3\\\/2025\\\/06\\\/langeland-lolland-ferry.png\",\"width\":750,\"height\":125,\"caption\":\"F\u00e4hre Langeland Lolland\"},\"image\":{\"@id\":\"https:\\\/\\\/langeland-lolland.com\\\/de\\\/#\\\/schema\\\/logo\\\/image\\\/\"}}]}<\/script>\n<!-- \/ Yoast SEO plugin. -->","yoast_head_json":{"title":"Hafen Spodsbjerg (Langeland): Terminal, Parken und Einrichtungen","description":"Entdecken Sie alles \u00fcber den Hafen von Spodsbjerg auf Langeland: Terminal von Langelandslinjen, Parkm\u00f6glichkeiten im Hafen und Einrichtungen.","robots":{"index":"index","follow":"follow","max-snippet":"max-snippet:-1","max-image-preview":"max-image-preview:large","max-video-preview":"max-video-preview:-1"},"canonical":"https:\/\/langeland-lolland.com\/de\/spodsbjerg\/","og_locale":"de_DE","og_type":"article","og_title":"Hafen Spodsbjerg (Langeland): Terminal, Parken und Einrichtungen","og_description":"Entdecken Sie alles \u00fcber den Hafen von Spodsbjerg auf Langeland: Terminal von Langelandslinjen, Parkm\u00f6glichkeiten im Hafen und Einrichtungen.","og_url":"https:\/\/langeland-lolland.com\/de\/spodsbjerg\/","og_site_name":"F\u00e4hre Langeland Lolland","article_modified_time":"2025-07-07T09:49:59+00:00","og_image":[{"width":1200,"height":800,"url":"https:\/\/langeland-lolland.com\/de\/wp-content\/uploads\/sites\/3\/2025\/06\/spodsbjerg.jpg","type":"image\/jpeg"}],"twitter_card":"summary_large_image","twitter_misc":{"Gesch\u00e4tzte Lesezeit":"2\u00a0Minuten"},"schema":{"@context":"https:\/\/schema.org","@graph":[{"@type":"WebPage","@id":"https:\/\/langeland-lolland.com\/de\/spodsbjerg\/","url":"https:\/\/langeland-lolland.com\/de\/spodsbjerg\/","name":"Hafen Spodsbjerg (Langeland): Terminal, Parken und Einrichtungen","isPartOf":{"@id":"https:\/\/langeland-lolland.com\/de\/#website"},"primaryImageOfPage":{"@id":"https:\/\/langeland-lolland.com\/de\/spodsbjerg\/#primaryimage"},"image":{"@id":"https:\/\/langeland-lolland.com\/de\/spodsbjerg\/#primaryimage"},"thumbnailUrl":"https:\/\/langeland-lolland.com\/de\/wp-content\/uploads\/sites\/3\/2025\/06\/spodsbjerg-1024x683.jpg","datePublished":"2024-04-30T09:20:45+00:00","dateModified":"2025-07-07T09:49:59+00:00","description":"Entdecken Sie alles \u00fcber den Hafen von Spodsbjerg auf Langeland: Terminal von Langelandslinjen, Parkm\u00f6glichkeiten im Hafen und Einrichtungen.","breadcrumb":{"@id":"https:\/\/langeland-lolland.com\/de\/spodsbjerg\/#breadcrumb"},"inLanguage":"de","potentialAction":[{"@type":"ReadAction","target":["https:\/\/langeland-lolland.com\/de\/spodsbjerg\/"]}]},{"@type":"ImageObject","inLanguage":"de","@id":"https:\/\/langeland-lolland.com\/de\/spodsbjerg\/#primaryimage","url":"https:\/\/langeland-lolland.com\/de\/wp-content\/uploads\/sites\/3\/2025\/06\/spodsbjerg.jpg","contentUrl":"https:\/\/langeland-lolland.com\/de\/wp-content\/uploads\/sites\/3\/2025\/06\/spodsbjerg.jpg","width":1200,"height":800,"caption":"spodsbjerg.jpg"},{"@type":"BreadcrumbList","@id":"https:\/\/langeland-lolland.com\/de\/spodsbjerg\/#breadcrumb","itemListElement":[{"@type":"ListItem","position":1,"name":"Home","item":"https:\/\/langeland-lolland.com\/de\/"},{"@type":"ListItem","position":2,"name":"Hafen Spodsbjerg auf Langeland (D\u00e4nemark)"}]},{"@type":"WebSite","@id":"https:\/\/langeland-lolland.com\/de\/#website","url":"https:\/\/langeland-lolland.com\/de\/","name":"F\u00e4hre Langeland Lolland","description":"","publisher":{"@id":"https:\/\/langeland-lolland.com\/de\/#organization"},"potentialAction":[{"@type":"SearchAction","target":{"@type":"EntryPoint","urlTemplate":"https:\/\/langeland-lolland.com\/de\/?s={search_term_string}"},"query-input":{"@type":"PropertyValueSpecification","valueRequired":true,"valueName":"search_term_string"}}],"inLanguage":"de"},{"@type":"Organization","@id":"https:\/\/langeland-lolland.com\/de\/#organization","name":"F\u00e4hre Langeland Lolland","url":"https:\/\/langeland-lolland.com\/de\/","logo":{"@type":"ImageObject","inLanguage":"de","@id":"https:\/\/langeland-lolland.com\/de\/#\/schema\/logo\/image\/","url":"https:\/\/langeland-lolland.com\/de\/wp-content\/uploads\/sites\/3\/2025\/06\/langeland-lolland-ferry.png","contentUrl":"https:\/\/langeland-lolland.com\/de\/wp-content\/uploads\/sites\/3\/2025\/06\/langeland-lolland-ferry.png","width":750,"height":125,"caption":"F\u00e4hre Langeland Lolland"},"image":{"@id":"https:\/\/langeland-lolland.com\/de\/#\/schema\/logo\/image\/"}}]}},"_links":{"self":[{"href":"https:\/\/langeland-lolland.com\/de\/wp-json\/wp\/v2\/pages\/98","targetHints":{"allow":["GET"]}}],"collection":[{"href":"https:\/\/langeland-lolland.com\/de\/wp-json\/wp\/v2\/pages"}],"about":[{"href":"https:\/\/langeland-lolland.com\/de\/wp-json\/wp\/v2\/types\/page"}],"author":[{"embeddable":true,"href":"https:\/\/langeland-lolland.com\/de\/wp-json\/wp\/v2\/users\/2"}],"replies":[{"embeddable":true,"href":"https:\/\/langeland-lolland.com\/de\/wp-json\/wp\/v2\/comments?post=98"}],"version-history":[{"count":3,"href":"https:\/\/langeland-lolland.com\/de\/wp-json\/wp\/v2\/pages\/98\/revisions"}],"predecessor-version":[{"id":217,"href":"https:\/\/langeland-lolland.com\/de\/wp-json\/wp\/v2\/pages\/98\/revisions\/217"}],"wp:attachment":[{"href":"https:\/\/langeland-lolland.com\/de\/wp-json\/wp\/v2\/media?parent=98"}],"curies":[{"name":"wp","href":"https:\/\/api.w.org\/{rel}","templated":true}]}}