{"id":89,"date":"2024-04-30T09:06:27","date_gmt":"2024-04-30T09:06:27","guid":{"rendered":"https:\/\/langeland-lolland.com\/de\/?page_id=89"},"modified":"2025-07-07T09:55:55","modified_gmt":"2025-07-07T09:55:55","slug":"tars","status":"publish","type":"page","link":"https:\/\/langeland-lolland.com\/de\/tars\/","title":{"rendered":"Hafen T\u00e5rs auf Lolland, D\u00e4nemark"},"content":{"rendered":"\n<p>Der Hafen von T\u00e5rs liegt an der Westk\u00fcste der d\u00e4nischen Insel Lolland. Er ist der Ankunfts- und Abfahrtsort f\u00fcr die F\u00e4hrverbindung mit <a href=\"https:\/\/langeland-lolland.com\/de\/spodsbjerg\/\">Spodsbjerg<\/a> auf Langeland.<\/p>\n\n\n\n<figure class=\"wp-block-image size-large\"><img fetchpriority=\"high\" decoding=\"async\" width=\"1024\" height=\"683\" src=\"https:\/\/langeland-lolland.com\/de\/wp-content\/uploads\/sites\/3\/2025\/06\/lolland-tars-haven-1024x683.jpg\" alt=\"\" class=\"wp-image-167\" srcset=\"https:\/\/langeland-lolland.com\/de\/wp-content\/uploads\/sites\/3\/2025\/06\/lolland-tars-haven-1024x683.jpg 1024w, https:\/\/langeland-lolland.com\/de\/wp-content\/uploads\/sites\/3\/2025\/06\/lolland-tars-haven-300x200.jpg 300w, https:\/\/langeland-lolland.com\/de\/wp-content\/uploads\/sites\/3\/2025\/06\/lolland-tars-haven-768x512.jpg 768w, https:\/\/langeland-lolland.com\/de\/wp-content\/uploads\/sites\/3\/2025\/06\/lolland-tars-haven.jpg 1200w\" sizes=\"(max-width: 1024px) 100vw, 1024px\" \/><\/figure>\n\n\n\n<h2 class=\"wp-block-heading\" id=\"terminal\">Terminal von Langelandslinjen in T\u00e5rs<\/h2>\n\n\n\n<p>Im Hafen befindet sich das Terminal von <a href=\"https:\/\/langeland-lolland.com\/de\/langelandslinjen\/\">Langelandslinjen<\/a>, der F\u00e4hrgesellschaft, die die F\u00e4hrverbindung betreibt. Die genaue Lage k\u00f6nnen Sie auf der untenstehenden Karte sehen.<\/p>\n\n\n<p><iframe src=\"https:\/\/www.google.com\/maps\/embed?pb=!1m18!1m12!1m3!1d1147.7652510802475!2d11.03080148310439!3d54.8760547641307!2m3!1f0!2f0!3f0!3m2!1i1024!2i768!4f13.1!3m3!1m2!1s0x47b2aeed9fb5ffd9%3A0x8f676de90197ae15!2sLangelandsF%C3%A6rgen!5e0!3m2!1snl!2snl!4v1750765386976!5m2!1snl!2snl\" width=\"800\" height=\"450\" style=\"border:0;\" allowfullscreen=\"\" loading=\"lazy\" referrerpolicy=\"no-referrer-when-downgrade\"><\/iframe><\/p>\n\n\n\n<ul class=\"wp-block-list\">\n<li><strong>Adresse:<\/strong> Spodsbjergvej 20, 4912 Harpelunde, D\u00e4nemark<\/li>\n\n\n\n<li><strong>Telefonnummer:<\/strong> +45 70 25 10 25<\/li>\n<\/ul>\n\n\n\n<p>Bitte beachten Sie, rechtzeitig am Terminal einzuchecken. Langelandslinjen gibt an, dass Sie mindestens 15 Minuten vor Abfahrt eingecheckt sein m\u00fcssen. Ber\u00fccksichtigen Sie <a href=\"https:\/\/langeland-lolland.com\/de\/wettervorhersage\/\">Wetterbedingungen<\/a> und <a href=\"https:\/\/langeland-lolland.com\/de\/fahrplan\/\">Fahrplan<\/a> und sorgen Sie daf\u00fcr, p\u00fcnktlich zu sein.<\/p>\n\n\n\n<h2 class=\"wp-block-heading\">Einrichtungen im Hafen von T\u00e5rs<\/h2>\n\n\n\n<p>T\u00e5rs ist ein kleiner Hafen: Es gibt wenig bis nichts zu erleben. Im Hafen sind jedoch die folgenden grundlegenden Einrichtungen vorhanden:<\/p>\n\n\n\n<ul class=\"wp-block-list\">\n<li>Toilettenanlage<\/li>\n\n\n\n<li>Spielplatz f\u00fcr Kinder<\/li>\n\n\n\n<li>Parkplatz (Kurz- und Langzeitparken)<\/li>\n<\/ul>\n\n\n\n<h3 class=\"wp-block-heading\">Parken im Hafen<\/h3>\n\n\n\n<p>Wenn Sie als Fu\u00dfg\u00e4nger an Bord gehen und Ihr Auto im Hafen von T\u00e5rs parken m\u00f6chten, ist das m\u00f6glich: Ein Parkplatz in der N\u00e4he befindet sich in der Spodsbjergvej 20 in Harpelunde. <a href=\"https:\/\/maps.app.goo.gl\/BYTsjtL4GePLEMHc9\" target=\"_blank\" rel=\"noreferrer noopener\">Sehen Sie sich die Lage auf Google Maps an<\/a>.<\/p>\n\n\n\n<h2 class=\"wp-block-heading\">\u00dcbernachtung in der N\u00e4he des Hafens?<\/h2>\n\n\n\n<p>M\u00f6chten Sie vor der Einschiffung auf die F\u00e4hre \u00fcbernachten? Das ist im nahegelegenen Yachthafen m\u00f6glich. Dort gibt es unter anderem einen Campingplatz mit Platz f\u00fcr 30 Personen sowie 12 Stellpl\u00e4tze f\u00fcr Wohnmobile.<\/p>\n\n\n\n<figure class=\"wp-block-image size-large\"><img decoding=\"async\" width=\"1024\" height=\"683\" src=\"https:\/\/langeland-lolland.com\/de\/wp-content\/uploads\/sites\/3\/2025\/07\/kamperen-camper-tars-haven-1024x683.jpg\" alt=\"\" class=\"wp-image-214\" srcset=\"https:\/\/langeland-lolland.com\/de\/wp-content\/uploads\/sites\/3\/2025\/07\/kamperen-camper-tars-haven-1024x683.jpg 1024w, https:\/\/langeland-lolland.com\/de\/wp-content\/uploads\/sites\/3\/2025\/07\/kamperen-camper-tars-haven-300x200.jpg 300w, https:\/\/langeland-lolland.com\/de\/wp-content\/uploads\/sites\/3\/2025\/07\/kamperen-camper-tars-haven-768x512.jpg 768w, https:\/\/langeland-lolland.com\/de\/wp-content\/uploads\/sites\/3\/2025\/07\/kamperen-camper-tars-haven.jpg 1200w\" sizes=\"(max-width: 1024px) 100vw, 1024px\" \/><\/figure>\n\n\n\n<p>Weitere Informationen finden Sie auf der Website <a href=\"https:\/\/www.taarshavn.dk\/\" target=\"_blank\" rel=\"noreferrer noopener\">Taarshavn.dk<\/a>.<\/p>\n","protected":false},"excerpt":{"rendered":"<p>Der Hafen von T\u00e5rs liegt an der Westk\u00fcste der d\u00e4nischen Insel Lolland. Er ist der Ankunfts- und Abfahrtsort f\u00fcr die [&hellip;]<\/p>\n","protected":false},"author":2,"featured_media":0,"parent":0,"menu_order":0,"comment_status":"closed","ping_status":"closed","template":"","meta":{"inline_featured_image":false,"site-sidebar-layout":"default","site-content-layout":"","ast-site-content-layout":"default","site-content-style":"default","site-sidebar-style":"default","ast-global-header-display":"","ast-banner-title-visibility":"","ast-main-header-display":"","ast-hfb-above-header-display":"","ast-hfb-below-header-display":"","ast-hfb-mobile-header-display":"","site-post-title":"","ast-breadcrumbs-content":"","ast-featured-img":"","footer-sml-layout":"","ast-disable-related-posts":"","theme-transparent-header-meta":"","adv-header-id-meta":"","stick-header-meta":"","header-above-stick-meta":"","header-main-stick-meta":"","header-below-stick-meta":"","astra-migrate-meta-layouts":"default","ast-page-background-enabled":"default","ast-page-background-meta":{"desktop":{"background-color":"var(--ast-global-color-4)","background-image":"","background-repeat":"repeat","background-position":"center center","background-size":"auto","background-attachment":"scroll","background-type":"","background-media":"","overlay-type":"","overlay-color":"","overlay-opacity":"","overlay-gradient":""},"tablet":{"background-color":"","background-image":"","background-repeat":"repeat","background-position":"center center","background-size":"auto","background-attachment":"scroll","background-type":"","background-media":"","overlay-type":"","overlay-color":"","overlay-opacity":"","overlay-gradient":""},"mobile":{"background-color":"","background-image":"","background-repeat":"repeat","background-position":"center center","background-size":"auto","background-attachment":"scroll","background-type":"","background-media":"","overlay-type":"","overlay-color":"","overlay-opacity":"","overlay-gradient":""}},"ast-content-background-meta":{"desktop":{"background-color":"var(--ast-global-color-5)","background-image":"","background-repeat":"repeat","background-position":"center center","background-size":"auto","background-attachment":"scroll","background-type":"","background-media":"","overlay-type":"","overlay-color":"","overlay-opacity":"","overlay-gradient":""},"tablet":{"background-color":"var(--ast-global-color-5)","background-image":"","background-repeat":"repeat","background-position":"center center","background-size":"auto","background-attachment":"scroll","background-type":"","background-media":"","overlay-type":"","overlay-color":"","overlay-opacity":"","overlay-gradient":""},"mobile":{"background-color":"var(--ast-global-color-5)","background-image":"","background-repeat":"repeat","background-position":"center center","background-size":"auto","background-attachment":"scroll","background-type":"","background-media":"","overlay-type":"","overlay-color":"","overlay-opacity":"","overlay-gradient":""}},"footnotes":""},"class_list":["post-89","page","type-page","status-publish","hentry"],"yoast_head":"<!-- This site is optimized with the Yoast SEO plugin v27.4 - https:\/\/yoast.com\/product\/yoast-seo-wordpress\/ -->\n<title>Hafen T\u00e5rs (Lolland): Terminal, Parken und Einrichtungen<\/title>\n<meta name=\"description\" content=\"Entdecken Sie alles \u00fcber den Hafen von T\u00e5rs auf Lolland: Terminal von Langelandslinjen, Parkm\u00f6glichkeiten im Hafen und Einrichtungen.\" \/>\n<meta name=\"robots\" content=\"index, follow, max-snippet:-1, max-image-preview:large, max-video-preview:-1\" \/>\n<link rel=\"canonical\" href=\"https:\/\/langeland-lolland.com\/de\/tars\/\" \/>\n<meta property=\"og:locale\" content=\"de_DE\" \/>\n<meta property=\"og:type\" content=\"article\" \/>\n<meta property=\"og:title\" content=\"Hafen T\u00e5rs (Lolland): Terminal, Parken und Einrichtungen\" \/>\n<meta property=\"og:description\" content=\"Entdecken Sie alles \u00fcber den Hafen von T\u00e5rs auf Lolland: Terminal von Langelandslinjen, Parkm\u00f6glichkeiten im Hafen und Einrichtungen.\" \/>\n<meta property=\"og:url\" content=\"https:\/\/langeland-lolland.com\/de\/tars\/\" \/>\n<meta property=\"og:site_name\" content=\"F\u00e4hre Langeland Lolland\" \/>\n<meta property=\"article:modified_time\" content=\"2025-07-07T09:55:55+00:00\" \/>\n<meta property=\"og:image\" content=\"https:\/\/langeland-lolland.com\/de\/wp-content\/uploads\/sites\/3\/2025\/06\/lolland-tars-haven.jpg\" \/>\n\t<meta property=\"og:image:width\" content=\"1200\" \/>\n\t<meta property=\"og:image:height\" content=\"800\" \/>\n\t<meta property=\"og:image:type\" content=\"image\/jpeg\" \/>\n<meta name=\"twitter:card\" content=\"summary_large_image\" \/>\n<meta name=\"twitter:label1\" content=\"Gesch\u00e4tzte Lesezeit\" \/>\n\t<meta name=\"twitter:data1\" content=\"2\u00a0Minuten\" \/>\n<script type=\"application\/ld+json\" class=\"yoast-schema-graph\">{\"@context\":\"https:\\\/\\\/schema.org\",\"@graph\":[{\"@type\":\"WebPage\",\"@id\":\"https:\\\/\\\/langeland-lolland.com\\\/de\\\/tars\\\/\",\"url\":\"https:\\\/\\\/langeland-lolland.com\\\/de\\\/tars\\\/\",\"name\":\"Hafen T\u00e5rs (Lolland): Terminal, Parken und Einrichtungen\",\"isPartOf\":{\"@id\":\"https:\\\/\\\/langeland-lolland.com\\\/de\\\/#website\"},\"primaryImageOfPage\":{\"@id\":\"https:\\\/\\\/langeland-lolland.com\\\/de\\\/tars\\\/#primaryimage\"},\"image\":{\"@id\":\"https:\\\/\\\/langeland-lolland.com\\\/de\\\/tars\\\/#primaryimage\"},\"thumbnailUrl\":\"https:\\\/\\\/langeland-lolland.com\\\/de\\\/wp-content\\\/uploads\\\/sites\\\/3\\\/2025\\\/06\\\/lolland-tars-haven-1024x683.jpg\",\"datePublished\":\"2024-04-30T09:06:27+00:00\",\"dateModified\":\"2025-07-07T09:55:55+00:00\",\"description\":\"Entdecken Sie alles \u00fcber den Hafen von T\u00e5rs auf Lolland: Terminal von Langelandslinjen, Parkm\u00f6glichkeiten im Hafen und Einrichtungen.\",\"breadcrumb\":{\"@id\":\"https:\\\/\\\/langeland-lolland.com\\\/de\\\/tars\\\/#breadcrumb\"},\"inLanguage\":\"de\",\"potentialAction\":[{\"@type\":\"ReadAction\",\"target\":[\"https:\\\/\\\/langeland-lolland.com\\\/de\\\/tars\\\/\"]}]},{\"@type\":\"ImageObject\",\"inLanguage\":\"de\",\"@id\":\"https:\\\/\\\/langeland-lolland.com\\\/de\\\/tars\\\/#primaryimage\",\"url\":\"https:\\\/\\\/langeland-lolland.com\\\/de\\\/wp-content\\\/uploads\\\/sites\\\/3\\\/2025\\\/06\\\/lolland-tars-haven.jpg\",\"contentUrl\":\"https:\\\/\\\/langeland-lolland.com\\\/de\\\/wp-content\\\/uploads\\\/sites\\\/3\\\/2025\\\/06\\\/lolland-tars-haven.jpg\",\"width\":1200,\"height\":800},{\"@type\":\"BreadcrumbList\",\"@id\":\"https:\\\/\\\/langeland-lolland.com\\\/de\\\/tars\\\/#breadcrumb\",\"itemListElement\":[{\"@type\":\"ListItem\",\"position\":1,\"name\":\"Home\",\"item\":\"https:\\\/\\\/langeland-lolland.com\\\/de\\\/\"},{\"@type\":\"ListItem\",\"position\":2,\"name\":\"Hafen T\u00e5rs auf Lolland, D\u00e4nemark\"}]},{\"@type\":\"WebSite\",\"@id\":\"https:\\\/\\\/langeland-lolland.com\\\/de\\\/#website\",\"url\":\"https:\\\/\\\/langeland-lolland.com\\\/de\\\/\",\"name\":\"F\u00e4hre Langeland Lolland\",\"description\":\"\",\"publisher\":{\"@id\":\"https:\\\/\\\/langeland-lolland.com\\\/de\\\/#organization\"},\"potentialAction\":[{\"@type\":\"SearchAction\",\"target\":{\"@type\":\"EntryPoint\",\"urlTemplate\":\"https:\\\/\\\/langeland-lolland.com\\\/de\\\/?s={search_term_string}\"},\"query-input\":{\"@type\":\"PropertyValueSpecification\",\"valueRequired\":true,\"valueName\":\"search_term_string\"}}],\"inLanguage\":\"de\"},{\"@type\":\"Organization\",\"@id\":\"https:\\\/\\\/langeland-lolland.com\\\/de\\\/#organization\",\"name\":\"F\u00e4hre Langeland Lolland\",\"url\":\"https:\\\/\\\/langeland-lolland.com\\\/de\\\/\",\"logo\":{\"@type\":\"ImageObject\",\"inLanguage\":\"de\",\"@id\":\"https:\\\/\\\/langeland-lolland.com\\\/de\\\/#\\\/schema\\\/logo\\\/image\\\/\",\"url\":\"https:\\\/\\\/langeland-lolland.com\\\/de\\\/wp-content\\\/uploads\\\/sites\\\/3\\\/2025\\\/06\\\/langeland-lolland-ferry.png\",\"contentUrl\":\"https:\\\/\\\/langeland-lolland.com\\\/de\\\/wp-content\\\/uploads\\\/sites\\\/3\\\/2025\\\/06\\\/langeland-lolland-ferry.png\",\"width\":750,\"height\":125,\"caption\":\"F\u00e4hre Langeland Lolland\"},\"image\":{\"@id\":\"https:\\\/\\\/langeland-lolland.com\\\/de\\\/#\\\/schema\\\/logo\\\/image\\\/\"}}]}<\/script>\n<!-- \/ Yoast SEO plugin. -->","yoast_head_json":{"title":"Hafen T\u00e5rs (Lolland): Terminal, Parken und Einrichtungen","description":"Entdecken Sie alles \u00fcber den Hafen von T\u00e5rs auf Lolland: Terminal von Langelandslinjen, Parkm\u00f6glichkeiten im Hafen und Einrichtungen.","robots":{"index":"index","follow":"follow","max-snippet":"max-snippet:-1","max-image-preview":"max-image-preview:large","max-video-preview":"max-video-preview:-1"},"canonical":"https:\/\/langeland-lolland.com\/de\/tars\/","og_locale":"de_DE","og_type":"article","og_title":"Hafen T\u00e5rs (Lolland): Terminal, Parken und Einrichtungen","og_description":"Entdecken Sie alles \u00fcber den Hafen von T\u00e5rs auf Lolland: Terminal von Langelandslinjen, Parkm\u00f6glichkeiten im Hafen und Einrichtungen.","og_url":"https:\/\/langeland-lolland.com\/de\/tars\/","og_site_name":"F\u00e4hre Langeland Lolland","article_modified_time":"2025-07-07T09:55:55+00:00","og_image":[{"width":1200,"height":800,"url":"https:\/\/langeland-lolland.com\/de\/wp-content\/uploads\/sites\/3\/2025\/06\/lolland-tars-haven.jpg","type":"image\/jpeg"}],"twitter_card":"summary_large_image","twitter_misc":{"Gesch\u00e4tzte Lesezeit":"2\u00a0Minuten"},"schema":{"@context":"https:\/\/schema.org","@graph":[{"@type":"WebPage","@id":"https:\/\/langeland-lolland.com\/de\/tars\/","url":"https:\/\/langeland-lolland.com\/de\/tars\/","name":"Hafen T\u00e5rs (Lolland): Terminal, Parken und Einrichtungen","isPartOf":{"@id":"https:\/\/langeland-lolland.com\/de\/#website"},"primaryImageOfPage":{"@id":"https:\/\/langeland-lolland.com\/de\/tars\/#primaryimage"},"image":{"@id":"https:\/\/langeland-lolland.com\/de\/tars\/#primaryimage"},"thumbnailUrl":"https:\/\/langeland-lolland.com\/de\/wp-content\/uploads\/sites\/3\/2025\/06\/lolland-tars-haven-1024x683.jpg","datePublished":"2024-04-30T09:06:27+00:00","dateModified":"2025-07-07T09:55:55+00:00","description":"Entdecken Sie alles \u00fcber den Hafen von T\u00e5rs auf Lolland: Terminal von Langelandslinjen, Parkm\u00f6glichkeiten im Hafen und Einrichtungen.","breadcrumb":{"@id":"https:\/\/langeland-lolland.com\/de\/tars\/#breadcrumb"},"inLanguage":"de","potentialAction":[{"@type":"ReadAction","target":["https:\/\/langeland-lolland.com\/de\/tars\/"]}]},{"@type":"ImageObject","inLanguage":"de","@id":"https:\/\/langeland-lolland.com\/de\/tars\/#primaryimage","url":"https:\/\/langeland-lolland.com\/de\/wp-content\/uploads\/sites\/3\/2025\/06\/lolland-tars-haven.jpg","contentUrl":"https:\/\/langeland-lolland.com\/de\/wp-content\/uploads\/sites\/3\/2025\/06\/lolland-tars-haven.jpg","width":1200,"height":800},{"@type":"BreadcrumbList","@id":"https:\/\/langeland-lolland.com\/de\/tars\/#breadcrumb","itemListElement":[{"@type":"ListItem","position":1,"name":"Home","item":"https:\/\/langeland-lolland.com\/de\/"},{"@type":"ListItem","position":2,"name":"Hafen T\u00e5rs auf Lolland, D\u00e4nemark"}]},{"@type":"WebSite","@id":"https:\/\/langeland-lolland.com\/de\/#website","url":"https:\/\/langeland-lolland.com\/de\/","name":"F\u00e4hre Langeland Lolland","description":"","publisher":{"@id":"https:\/\/langeland-lolland.com\/de\/#organization"},"potentialAction":[{"@type":"SearchAction","target":{"@type":"EntryPoint","urlTemplate":"https:\/\/langeland-lolland.com\/de\/?s={search_term_string}"},"query-input":{"@type":"PropertyValueSpecification","valueRequired":true,"valueName":"search_term_string"}}],"inLanguage":"de"},{"@type":"Organization","@id":"https:\/\/langeland-lolland.com\/de\/#organization","name":"F\u00e4hre Langeland Lolland","url":"https:\/\/langeland-lolland.com\/de\/","logo":{"@type":"ImageObject","inLanguage":"de","@id":"https:\/\/langeland-lolland.com\/de\/#\/schema\/logo\/image\/","url":"https:\/\/langeland-lolland.com\/de\/wp-content\/uploads\/sites\/3\/2025\/06\/langeland-lolland-ferry.png","contentUrl":"https:\/\/langeland-lolland.com\/de\/wp-content\/uploads\/sites\/3\/2025\/06\/langeland-lolland-ferry.png","width":750,"height":125,"caption":"F\u00e4hre Langeland Lolland"},"image":{"@id":"https:\/\/langeland-lolland.com\/de\/#\/schema\/logo\/image\/"}}]}},"_links":{"self":[{"href":"https:\/\/langeland-lolland.com\/de\/wp-json\/wp\/v2\/pages\/89","targetHints":{"allow":["GET"]}}],"collection":[{"href":"https:\/\/langeland-lolland.com\/de\/wp-json\/wp\/v2\/pages"}],"about":[{"href":"https:\/\/langeland-lolland.com\/de\/wp-json\/wp\/v2\/types\/page"}],"author":[{"embeddable":true,"href":"https:\/\/langeland-lolland.com\/de\/wp-json\/wp\/v2\/users\/2"}],"replies":[{"embeddable":true,"href":"https:\/\/langeland-lolland.com\/de\/wp-json\/wp\/v2\/comments?post=89"}],"version-history":[{"count":6,"href":"https:\/\/langeland-lolland.com\/de\/wp-json\/wp\/v2\/pages\/89\/revisions"}],"predecessor-version":[{"id":219,"href":"https:\/\/langeland-lolland.com\/de\/wp-json\/wp\/v2\/pages\/89\/revisions\/219"}],"wp:attachment":[{"href":"https:\/\/langeland-lolland.com\/de\/wp-json\/wp\/v2\/media?parent=89"}],"curies":[{"name":"wp","href":"https:\/\/api.w.org\/{rel}","templated":true}]}}