{"id":69,"date":"2024-04-30T08:49:06","date_gmt":"2024-04-30T08:49:06","guid":{"rendered":"https:\/\/langeland-lolland.com\/de\/?page_id=69"},"modified":"2025-07-07T09:44:24","modified_gmt":"2025-07-07T09:44:24","slug":"langelandslinjen","status":"publish","type":"page","link":"https:\/\/langeland-lolland.com\/de\/langelandslinjen\/","title":{"rendered":"Mit Langelandslinjen von Langeland nach Lolland"},"content":{"rendered":"\n<p>Langelandslinjen ist die einzige F\u00e4hrgesellschaft, die die F\u00e4hr\u00fcberfahrt zwischen <a href=\"https:\/\/langeland-lolland.com\/de\/spodsbjerg\/\">Spodsbjerg <\/a>und Lolland anbietet. Die \u00dcberfahrt dauert etwa 45 Minuten und \u00fcberbr\u00fcckt eine Entfernung von 23 Kilometern.<\/p>\n\n\n\n<p>Die F\u00e4hren von Langelandslinjen fahren 16 Mal am Tag zur anderen Seite. Tickets sind ab 41 Euro erh\u00e4ltlich (<a href=\"https:\/\/langeland-lolland.com\/de\/preise\/\">siehe weitere Informationen zu den Preisen<\/a>).<\/p>\n\n\n\n<figure class=\"wp-block-image size-large\"><img fetchpriority=\"high\" decoding=\"async\" width=\"1024\" height=\"683\" src=\"https:\/\/langeland-lolland.com\/de\/wp-content\/uploads\/sites\/3\/2025\/06\/langelandslinjen-ferry-1024x683.jpg\" alt=\"langelandslinjen-ferry.jpg\" class=\"wp-image-164\" srcset=\"https:\/\/langeland-lolland.com\/de\/wp-content\/uploads\/sites\/3\/2025\/06\/langelandslinjen-ferry-1024x683.jpg 1024w, https:\/\/langeland-lolland.com\/de\/wp-content\/uploads\/sites\/3\/2025\/06\/langelandslinjen-ferry-300x200.jpg 300w, https:\/\/langeland-lolland.com\/de\/wp-content\/uploads\/sites\/3\/2025\/06\/langelandslinjen-ferry-768x512.jpg 768w, https:\/\/langeland-lolland.com\/de\/wp-content\/uploads\/sites\/3\/2025\/06\/langelandslinjen-ferry.jpg 1200w\" sizes=\"(max-width: 1024px) 100vw, 1024px\" \/><\/figure>\n\n\n\n<h2 class=\"wp-block-heading\">F\u00e4hren: M\/V Holland und M\/V Langeland<\/h2>\n\n\n\n<p>Auf der <a href=\"\/de\/\">Strecke von Langeland nach Lolland<\/a> setzt Langelandslinjen zwei F\u00e4hren ein: die M\/V Holland und die M\/V Langeland. Obwohl es sich um zwei verschiedene F\u00e4hren handelt, sind die Spezifikationen identisch:<\/p>\n\n\n\n<ul class=\"wp-block-list\">\n<li>99,9 Meter lang, 18,2 Meter breit<\/li>\n\n\n\n<li>Maximale Geschwindigkeit: 16 Knoten<\/li>\n\n\n\n<li>Kapazit\u00e4t: 591 Passagiere, 122 Pk<\/li>\n<\/ul>\n\n\n\n<p>Im untenstehenden Video ist die M\/V Langeland zu sehen, die im <a href=\"https:\/\/langeland-lolland.com\/de\/tars\/\">Hafen von T\u00e5rs<\/a> in D\u00e4nemark ankommt.<\/p>\n\n\n\n<figure class=\"wp-block-embed is-type-video is-provider-youtube wp-block-embed-youtube wp-embed-aspect-16-9 wp-has-aspect-ratio\"><div class=\"wp-block-embed__wrapper\">\n<iframe title=\"MS Langeland ferry of Langelandslinjen | Spodsbjerg - T\u00e5rs Denmark\" width=\"500\" height=\"281\" src=\"https:\/\/www.youtube.com\/embed\/TfR1Ro72KZw?feature=oembed\" frameborder=\"0\" allow=\"accelerometer; autoplay; clipboard-write; encrypted-media; gyroscope; picture-in-picture; web-share\" referrerpolicy=\"strict-origin-when-cross-origin\" allowfullscreen><\/iframe>\n<\/div><\/figure>\n\n\n\n<h3 class=\"wp-block-heading\">Ausstattung an Bord<\/h3>\n\n\n\n<p>Wie bei den Spezifikationen sind auch die Einrichtungen an Bord der Schiffe von Langelandslinjen identisch. An Bord k\u00f6nnen Sie die folgenden Einrichtungen genie\u00dfen:<\/p>\n\n\n\n<ul class=\"wp-block-list\">\n<li>Bistro (Restaurant)<\/li>\n\n\n\n<li>Toiletten<\/li>\n\n\n\n<li>Aufzug<\/li>\n\n\n\n<li>Sonnendeck (mit Sitzgelegenheiten)<\/li>\n<\/ul>\n\n\n\n<h2 class=\"wp-block-heading\">Check-in-Verfahren<\/h2>\n\n\n\n<p>Bei Langelandslinjen m\u00fcssen Sie mindestens 15 Minuten vor Abfahrt einchecken (f\u00fcr Sondertransporte sogar 30 Minuten). Es ist daher ratsam, den <a href=\"https:\/\/langeland-lolland.com\/de\/fahrplan\/\">aktuellen Fahrplan<\/a> zu \u00fcberpr\u00fcfen und rechtzeitig am Terminal zu sein.<\/p>\n\n\n\n<p>Entdecken Sie hier die Adressdaten der Terminals von <a href=\"https:\/\/langeland-lolland.com\/de\/langelandslinjen\/\">Langelandslinjen<\/a>:<\/p>\n\n\n\n<ul class=\"wp-block-list\">\n<li><a href=\"https:\/\/langeland-lolland.com\/de\/spodsbjerg\/#terminal\">Terminal Spodsbjerg<\/a><\/li>\n\n\n\n<li><a href=\"https:\/\/langeland-lolland.com\/de\/tars\/#terminal\">Terminal T\u00e5rs\u00a0<\/a><\/li>\n<\/ul>\n","protected":false},"excerpt":{"rendered":"<p>Langelandslinjen ist die einzige F\u00e4hrgesellschaft, die die F\u00e4hr\u00fcberfahrt zwischen Spodsbjerg und Lolland anbietet. Die \u00dcberfahrt dauert etwa 45 Minuten und [&hellip;]<\/p>\n","protected":false},"author":2,"featured_media":0,"parent":0,"menu_order":0,"comment_status":"closed","ping_status":"closed","template":"","meta":{"inline_featured_image":false,"site-sidebar-layout":"default","site-content-layout":"","ast-site-content-layout":"default","site-content-style":"default","site-sidebar-style":"default","ast-global-header-display":"","ast-banner-title-visibility":"","ast-main-header-display":"","ast-hfb-above-header-display":"","ast-hfb-below-header-display":"","ast-hfb-mobile-header-display":"","site-post-title":"","ast-breadcrumbs-content":"","ast-featured-img":"","footer-sml-layout":"","ast-disable-related-posts":"","theme-transparent-header-meta":"","adv-header-id-meta":"","stick-header-meta":"","header-above-stick-meta":"","header-main-stick-meta":"","header-below-stick-meta":"","astra-migrate-meta-layouts":"default","ast-page-background-enabled":"default","ast-page-background-meta":{"desktop":{"background-color":"var(--ast-global-color-4)","background-image":"","background-repeat":"repeat","background-position":"center center","background-size":"auto","background-attachment":"scroll","background-type":"","background-media":"","overlay-type":"","overlay-color":"","overlay-opacity":"","overlay-gradient":""},"tablet":{"background-color":"","background-image":"","background-repeat":"repeat","background-position":"center center","background-size":"auto","background-attachment":"scroll","background-type":"","background-media":"","overlay-type":"","overlay-color":"","overlay-opacity":"","overlay-gradient":""},"mobile":{"background-color":"","background-image":"","background-repeat":"repeat","background-position":"center center","background-size":"auto","background-attachment":"scroll","background-type":"","background-media":"","overlay-type":"","overlay-color":"","overlay-opacity":"","overlay-gradient":""}},"ast-content-background-meta":{"desktop":{"background-color":"var(--ast-global-color-5)","background-image":"","background-repeat":"repeat","background-position":"center center","background-size":"auto","background-attachment":"scroll","background-type":"","background-media":"","overlay-type":"","overlay-color":"","overlay-opacity":"","overlay-gradient":""},"tablet":{"background-color":"var(--ast-global-color-5)","background-image":"","background-repeat":"repeat","background-position":"center center","background-size":"auto","background-attachment":"scroll","background-type":"","background-media":"","overlay-type":"","overlay-color":"","overlay-opacity":"","overlay-gradient":""},"mobile":{"background-color":"var(--ast-global-color-5)","background-image":"","background-repeat":"repeat","background-position":"center center","background-size":"auto","background-attachment":"scroll","background-type":"","background-media":"","overlay-type":"","overlay-color":"","overlay-opacity":"","overlay-gradient":""}},"footnotes":""},"class_list":["post-69","page","type-page","status-publish","hentry"],"yoast_head":"<!-- This site is optimized with the Yoast SEO plugin v27.4 - https:\/\/yoast.com\/product\/yoast-seo-wordpress\/ -->\n<title>Mit Langelandslinjen von Langeland nach Lolland<\/title>\n<meta name=\"description\" content=\"Alles \u00fcber die F\u00e4hr\u00fcberfahrt von Langelandslinjen zwischen Langeland und Lolland: Routeninformationen, Preise und Kontakt.\" \/>\n<meta name=\"robots\" content=\"index, follow, max-snippet:-1, max-image-preview:large, max-video-preview:-1\" \/>\n<link rel=\"canonical\" href=\"https:\/\/langeland-lolland.com\/de\/langelandslinjen\/\" \/>\n<meta property=\"og:locale\" content=\"de_DE\" \/>\n<meta property=\"og:type\" content=\"article\" \/>\n<meta property=\"og:title\" content=\"Mit Langelandslinjen von Langeland nach Lolland\" \/>\n<meta property=\"og:description\" content=\"Alles \u00fcber die F\u00e4hr\u00fcberfahrt von Langelandslinjen zwischen Langeland und Lolland: Routeninformationen, Preise und Kontakt.\" \/>\n<meta property=\"og:url\" content=\"https:\/\/langeland-lolland.com\/de\/langelandslinjen\/\" \/>\n<meta property=\"og:site_name\" content=\"F\u00e4hre Langeland Lolland\" \/>\n<meta property=\"article:modified_time\" content=\"2025-07-07T09:44:24+00:00\" \/>\n<meta property=\"og:image\" content=\"https:\/\/langeland-lolland.com\/de\/wp-content\/uploads\/sites\/3\/2025\/06\/langelandslinjen-ferry.jpg\" \/>\n\t<meta property=\"og:image:width\" content=\"1200\" \/>\n\t<meta property=\"og:image:height\" content=\"800\" \/>\n\t<meta property=\"og:image:type\" content=\"image\/jpeg\" \/>\n<meta name=\"twitter:card\" content=\"summary_large_image\" \/>\n<meta name=\"twitter:label1\" content=\"Gesch\u00e4tzte Lesezeit\" \/>\n\t<meta name=\"twitter:data1\" content=\"2\u00a0Minuten\" \/>\n<script type=\"application\/ld+json\" class=\"yoast-schema-graph\">{\"@context\":\"https:\\\/\\\/schema.org\",\"@graph\":[{\"@type\":\"WebPage\",\"@id\":\"https:\\\/\\\/langeland-lolland.com\\\/de\\\/langelandslinjen\\\/\",\"url\":\"https:\\\/\\\/langeland-lolland.com\\\/de\\\/langelandslinjen\\\/\",\"name\":\"Mit Langelandslinjen von Langeland nach Lolland\",\"isPartOf\":{\"@id\":\"https:\\\/\\\/langeland-lolland.com\\\/de\\\/#website\"},\"primaryImageOfPage\":{\"@id\":\"https:\\\/\\\/langeland-lolland.com\\\/de\\\/langelandslinjen\\\/#primaryimage\"},\"image\":{\"@id\":\"https:\\\/\\\/langeland-lolland.com\\\/de\\\/langelandslinjen\\\/#primaryimage\"},\"thumbnailUrl\":\"https:\\\/\\\/langeland-lolland.com\\\/de\\\/wp-content\\\/uploads\\\/sites\\\/3\\\/2025\\\/06\\\/langelandslinjen-ferry-1024x683.jpg\",\"datePublished\":\"2024-04-30T08:49:06+00:00\",\"dateModified\":\"2025-07-07T09:44:24+00:00\",\"description\":\"Alles \u00fcber die F\u00e4hr\u00fcberfahrt von Langelandslinjen zwischen Langeland und Lolland: Routeninformationen, Preise und Kontakt.\",\"breadcrumb\":{\"@id\":\"https:\\\/\\\/langeland-lolland.com\\\/de\\\/langelandslinjen\\\/#breadcrumb\"},\"inLanguage\":\"de\",\"potentialAction\":[{\"@type\":\"ReadAction\",\"target\":[\"https:\\\/\\\/langeland-lolland.com\\\/de\\\/langelandslinjen\\\/\"]}]},{\"@type\":\"ImageObject\",\"inLanguage\":\"de\",\"@id\":\"https:\\\/\\\/langeland-lolland.com\\\/de\\\/langelandslinjen\\\/#primaryimage\",\"url\":\"https:\\\/\\\/langeland-lolland.com\\\/de\\\/wp-content\\\/uploads\\\/sites\\\/3\\\/2025\\\/06\\\/langelandslinjen-ferry.jpg\",\"contentUrl\":\"https:\\\/\\\/langeland-lolland.com\\\/de\\\/wp-content\\\/uploads\\\/sites\\\/3\\\/2025\\\/06\\\/langelandslinjen-ferry.jpg\",\"width\":1200,\"height\":800,\"caption\":\"langelandslinjen-ferry.jpg\"},{\"@type\":\"BreadcrumbList\",\"@id\":\"https:\\\/\\\/langeland-lolland.com\\\/de\\\/langelandslinjen\\\/#breadcrumb\",\"itemListElement\":[{\"@type\":\"ListItem\",\"position\":1,\"name\":\"Home\",\"item\":\"https:\\\/\\\/langeland-lolland.com\\\/de\\\/\"},{\"@type\":\"ListItem\",\"position\":2,\"name\":\"Mit Langelandslinjen von Langeland nach Lolland\"}]},{\"@type\":\"WebSite\",\"@id\":\"https:\\\/\\\/langeland-lolland.com\\\/de\\\/#website\",\"url\":\"https:\\\/\\\/langeland-lolland.com\\\/de\\\/\",\"name\":\"F\u00e4hre Langeland Lolland\",\"description\":\"\",\"publisher\":{\"@id\":\"https:\\\/\\\/langeland-lolland.com\\\/de\\\/#organization\"},\"potentialAction\":[{\"@type\":\"SearchAction\",\"target\":{\"@type\":\"EntryPoint\",\"urlTemplate\":\"https:\\\/\\\/langeland-lolland.com\\\/de\\\/?s={search_term_string}\"},\"query-input\":{\"@type\":\"PropertyValueSpecification\",\"valueRequired\":true,\"valueName\":\"search_term_string\"}}],\"inLanguage\":\"de\"},{\"@type\":\"Organization\",\"@id\":\"https:\\\/\\\/langeland-lolland.com\\\/de\\\/#organization\",\"name\":\"F\u00e4hre Langeland Lolland\",\"url\":\"https:\\\/\\\/langeland-lolland.com\\\/de\\\/\",\"logo\":{\"@type\":\"ImageObject\",\"inLanguage\":\"de\",\"@id\":\"https:\\\/\\\/langeland-lolland.com\\\/de\\\/#\\\/schema\\\/logo\\\/image\\\/\",\"url\":\"https:\\\/\\\/langeland-lolland.com\\\/de\\\/wp-content\\\/uploads\\\/sites\\\/3\\\/2025\\\/06\\\/langeland-lolland-ferry.png\",\"contentUrl\":\"https:\\\/\\\/langeland-lolland.com\\\/de\\\/wp-content\\\/uploads\\\/sites\\\/3\\\/2025\\\/06\\\/langeland-lolland-ferry.png\",\"width\":750,\"height\":125,\"caption\":\"F\u00e4hre Langeland Lolland\"},\"image\":{\"@id\":\"https:\\\/\\\/langeland-lolland.com\\\/de\\\/#\\\/schema\\\/logo\\\/image\\\/\"}}]}<\/script>\n<!-- \/ Yoast SEO plugin. -->","yoast_head_json":{"title":"Mit Langelandslinjen von Langeland nach Lolland","description":"Alles \u00fcber die F\u00e4hr\u00fcberfahrt von Langelandslinjen zwischen Langeland und Lolland: Routeninformationen, Preise und Kontakt.","robots":{"index":"index","follow":"follow","max-snippet":"max-snippet:-1","max-image-preview":"max-image-preview:large","max-video-preview":"max-video-preview:-1"},"canonical":"https:\/\/langeland-lolland.com\/de\/langelandslinjen\/","og_locale":"de_DE","og_type":"article","og_title":"Mit Langelandslinjen von Langeland nach Lolland","og_description":"Alles \u00fcber die F\u00e4hr\u00fcberfahrt von Langelandslinjen zwischen Langeland und Lolland: Routeninformationen, Preise und Kontakt.","og_url":"https:\/\/langeland-lolland.com\/de\/langelandslinjen\/","og_site_name":"F\u00e4hre Langeland Lolland","article_modified_time":"2025-07-07T09:44:24+00:00","og_image":[{"width":1200,"height":800,"url":"https:\/\/langeland-lolland.com\/de\/wp-content\/uploads\/sites\/3\/2025\/06\/langelandslinjen-ferry.jpg","type":"image\/jpeg"}],"twitter_card":"summary_large_image","twitter_misc":{"Gesch\u00e4tzte Lesezeit":"2\u00a0Minuten"},"schema":{"@context":"https:\/\/schema.org","@graph":[{"@type":"WebPage","@id":"https:\/\/langeland-lolland.com\/de\/langelandslinjen\/","url":"https:\/\/langeland-lolland.com\/de\/langelandslinjen\/","name":"Mit Langelandslinjen von Langeland nach Lolland","isPartOf":{"@id":"https:\/\/langeland-lolland.com\/de\/#website"},"primaryImageOfPage":{"@id":"https:\/\/langeland-lolland.com\/de\/langelandslinjen\/#primaryimage"},"image":{"@id":"https:\/\/langeland-lolland.com\/de\/langelandslinjen\/#primaryimage"},"thumbnailUrl":"https:\/\/langeland-lolland.com\/de\/wp-content\/uploads\/sites\/3\/2025\/06\/langelandslinjen-ferry-1024x683.jpg","datePublished":"2024-04-30T08:49:06+00:00","dateModified":"2025-07-07T09:44:24+00:00","description":"Alles \u00fcber die F\u00e4hr\u00fcberfahrt von Langelandslinjen zwischen Langeland und Lolland: Routeninformationen, Preise und Kontakt.","breadcrumb":{"@id":"https:\/\/langeland-lolland.com\/de\/langelandslinjen\/#breadcrumb"},"inLanguage":"de","potentialAction":[{"@type":"ReadAction","target":["https:\/\/langeland-lolland.com\/de\/langelandslinjen\/"]}]},{"@type":"ImageObject","inLanguage":"de","@id":"https:\/\/langeland-lolland.com\/de\/langelandslinjen\/#primaryimage","url":"https:\/\/langeland-lolland.com\/de\/wp-content\/uploads\/sites\/3\/2025\/06\/langelandslinjen-ferry.jpg","contentUrl":"https:\/\/langeland-lolland.com\/de\/wp-content\/uploads\/sites\/3\/2025\/06\/langelandslinjen-ferry.jpg","width":1200,"height":800,"caption":"langelandslinjen-ferry.jpg"},{"@type":"BreadcrumbList","@id":"https:\/\/langeland-lolland.com\/de\/langelandslinjen\/#breadcrumb","itemListElement":[{"@type":"ListItem","position":1,"name":"Home","item":"https:\/\/langeland-lolland.com\/de\/"},{"@type":"ListItem","position":2,"name":"Mit Langelandslinjen von Langeland nach Lolland"}]},{"@type":"WebSite","@id":"https:\/\/langeland-lolland.com\/de\/#website","url":"https:\/\/langeland-lolland.com\/de\/","name":"F\u00e4hre Langeland Lolland","description":"","publisher":{"@id":"https:\/\/langeland-lolland.com\/de\/#organization"},"potentialAction":[{"@type":"SearchAction","target":{"@type":"EntryPoint","urlTemplate":"https:\/\/langeland-lolland.com\/de\/?s={search_term_string}"},"query-input":{"@type":"PropertyValueSpecification","valueRequired":true,"valueName":"search_term_string"}}],"inLanguage":"de"},{"@type":"Organization","@id":"https:\/\/langeland-lolland.com\/de\/#organization","name":"F\u00e4hre Langeland Lolland","url":"https:\/\/langeland-lolland.com\/de\/","logo":{"@type":"ImageObject","inLanguage":"de","@id":"https:\/\/langeland-lolland.com\/de\/#\/schema\/logo\/image\/","url":"https:\/\/langeland-lolland.com\/de\/wp-content\/uploads\/sites\/3\/2025\/06\/langeland-lolland-ferry.png","contentUrl":"https:\/\/langeland-lolland.com\/de\/wp-content\/uploads\/sites\/3\/2025\/06\/langeland-lolland-ferry.png","width":750,"height":125,"caption":"F\u00e4hre Langeland Lolland"},"image":{"@id":"https:\/\/langeland-lolland.com\/de\/#\/schema\/logo\/image\/"}}]}},"_links":{"self":[{"href":"https:\/\/langeland-lolland.com\/de\/wp-json\/wp\/v2\/pages\/69","targetHints":{"allow":["GET"]}}],"collection":[{"href":"https:\/\/langeland-lolland.com\/de\/wp-json\/wp\/v2\/pages"}],"about":[{"href":"https:\/\/langeland-lolland.com\/de\/wp-json\/wp\/v2\/types\/page"}],"author":[{"embeddable":true,"href":"https:\/\/langeland-lolland.com\/de\/wp-json\/wp\/v2\/users\/2"}],"replies":[{"embeddable":true,"href":"https:\/\/langeland-lolland.com\/de\/wp-json\/wp\/v2\/comments?post=69"}],"version-history":[{"count":6,"href":"https:\/\/langeland-lolland.com\/de\/wp-json\/wp\/v2\/pages\/69\/revisions"}],"predecessor-version":[{"id":213,"href":"https:\/\/langeland-lolland.com\/de\/wp-json\/wp\/v2\/pages\/69\/revisions\/213"}],"wp:attachment":[{"href":"https:\/\/langeland-lolland.com\/de\/wp-json\/wp\/v2\/media?parent=69"}],"curies":[{"name":"wp","href":"https:\/\/api.w.org\/{rel}","templated":true}]}}