{"id":132,"date":"2024-04-30T11:48:13","date_gmt":"2024-04-30T11:48:13","guid":{"rendered":"https:\/\/langeland-lolland.com\/de\/?page_id=132"},"modified":"2025-07-07T10:44:42","modified_gmt":"2025-07-07T10:44:42","slug":"uber-uns","status":"publish","type":"page","link":"https:\/\/langeland-lolland.com\/de\/uber-uns\/","title":{"rendered":"\u00dcber uns"},"content":{"rendered":"\n<p>Auf der Website <a href=\"\/de\/\">Langeland-Lolland.com<\/a> finden Sie Informationen und Tipps f\u00fcr die F\u00e4hr\u00fcberfahrt von Spodsbjerg nach T\u00e5rs.<\/p>\n\n\n\n<h2 class=\"wp-block-heading\">Unabh\u00e4ngig<\/h2>\n\n\n\n<p>Zum Zeitpunkt der Erstellung dieses Textes ist nur eine F\u00e4hrgesellschaft auf der Strecke zwischen dem <a href=\"https:\/\/langeland-lolland.com\/de\/spodsbjerg\/\">Hafen Spodsbjerg<\/a> und dem <a href=\"https:\/\/langeland-lolland.com\/de\/tars\/\">Hafen T\u00e5rs<\/a> aktiv: <a href=\"https:\/\/langeland-lolland.com\/de\/langelandslinjen\/\">Langelandslinjen<\/a>. Es ist wichtig zu betonen, dass wir selbst keine Tickets verkaufen und daher kein Anbieter von F\u00e4hrreisen sind.<\/p>\n\n\n\n<h3 class=\"wp-block-heading\">Verg\u00fctungen<\/h3>\n\n\n\n<p>Wir arbeiten mit Partnern wie <a href=\"\/go\/df\" target=\"_blank\" rel=\"noreferrer noopener\">DirectFerries.com<\/a> zusammen, um Sie weiterhin bei der Buchung von Tickets unterst\u00fctzen zu k\u00f6nnen. Wenn Sie schlie\u00dflich \u00fcber unsere Website ein F\u00e4hrticket buchen, ist es m\u00f6glich, dass wir daf\u00fcr eine Verg\u00fctung erhalten.<\/p>\n\n\n\n<h2 class=\"wp-block-heading\">Fragen oder Anregungen?<\/h2>\n\n\n\n<p>Haben Sie Fragen zu unserem Vorgehen, Vorschl\u00e4ge f\u00fcr unsere Website oder m\u00f6chten Sie aus einem anderen Grund mit uns in Kontakt treten? Kontaktieren Sie uns einfach \u00fcber das untenstehende Kontaktformular.<\/p>\n\n\n\n<div class=\"wpcf7 no-js\" id=\"wpcf7-f134-o1\" lang=\"en-US\" dir=\"ltr\" data-wpcf7-id=\"134\">\n<div class=\"screen-reader-response\"><p role=\"status\" aria-live=\"polite\" aria-atomic=\"true\"><\/p> <ul><\/ul><\/div>\n<form action=\"\/de\/wp-json\/wp\/v2\/pages\/132#wpcf7-f134-o1\" method=\"post\" class=\"wpcf7-form init\" aria-label=\"Contact form\" novalidate=\"novalidate\" data-status=\"init\">\n<fieldset class=\"hidden-fields-container\"><input type=\"hidden\" name=\"_wpcf7\" value=\"134\" \/><input type=\"hidden\" name=\"_wpcf7_version\" value=\"6.1\" \/><input type=\"hidden\" name=\"_wpcf7_locale\" value=\"en_US\" \/><input type=\"hidden\" name=\"_wpcf7_unit_tag\" value=\"wpcf7-f134-o1\" \/><input type=\"hidden\" name=\"_wpcf7_container_post\" value=\"0\" \/><input type=\"hidden\" name=\"_wpcf7_posted_data_hash\" value=\"\" \/>\n<\/fieldset>\n<p><label> Name<br \/>\n<span class=\"wpcf7-form-control-wrap\" data-name=\"your-name\"><input size=\"40\" maxlength=\"400\" class=\"wpcf7-form-control wpcf7-text wpcf7-validates-as-required\" autocomplete=\"name\" aria-required=\"true\" aria-invalid=\"false\" value=\"\" type=\"text\" name=\"your-name\" \/><\/span> <\/label>\n<\/p>\n<p><label> E-mail<br \/>\n<span class=\"wpcf7-form-control-wrap\" data-name=\"your-email\"><input size=\"40\" maxlength=\"400\" class=\"wpcf7-form-control wpcf7-email wpcf7-validates-as-required wpcf7-text wpcf7-validates-as-email\" autocomplete=\"email\" aria-required=\"true\" aria-invalid=\"false\" value=\"\" type=\"email\" name=\"your-email\" \/><\/span> <\/label>\n<\/p>\n<p><label> Nachricht<br \/>\n<span class=\"wpcf7-form-control-wrap\" data-name=\"your-message\"><textarea cols=\"40\" rows=\"10\" maxlength=\"2000\" class=\"wpcf7-form-control wpcf7-textarea wpcf7-validates-as-required\" aria-required=\"true\" aria-invalid=\"false\" name=\"your-message\"><\/textarea><\/span> <\/label>\n<\/p>\n<p><input class=\"wpcf7-form-control wpcf7-submit has-spinner\" type=\"submit\" value=\"Senden\" \/>\n<\/p><div class=\"wpcf7-response-output\" aria-hidden=\"true\"><\/div>\n<\/form>\n<\/div>\n\n\n\n\n<p>Mit dem Absenden einer Nachricht \u00fcber das obenstehende Kontaktformular stimmen Sie unserer <a href=\"https:\/\/langeland-lolland.com\/de\/datenschutzerklarung\/\">Datenschutzerkl\u00e4rung<\/a> zu.<\/p>\n","protected":false},"excerpt":{"rendered":"<p>Auf der Website Langeland-Lolland.com finden Sie Informationen und Tipps f\u00fcr die F\u00e4hr\u00fcberfahrt von Spodsbjerg nach T\u00e5rs. Unabh\u00e4ngig Zum Zeitpunkt der [&hellip;]<\/p>\n","protected":false},"author":2,"featured_media":0,"parent":0,"menu_order":0,"comment_status":"closed","ping_status":"closed","template":"","meta":{"inline_featured_image":false,"site-sidebar-layout":"default","site-content-layout":"","ast-site-content-layout":"default","site-content-style":"default","site-sidebar-style":"default","ast-global-header-display":"","ast-banner-title-visibility":"","ast-main-header-display":"","ast-hfb-above-header-display":"","ast-hfb-below-header-display":"","ast-hfb-mobile-header-display":"","site-post-title":"","ast-breadcrumbs-content":"","ast-featured-img":"","footer-sml-layout":"","ast-disable-related-posts":"","theme-transparent-header-meta":"","adv-header-id-meta":"","stick-header-meta":"","header-above-stick-meta":"","header-main-stick-meta":"","header-below-stick-meta":"","astra-migrate-meta-layouts":"default","ast-page-background-enabled":"default","ast-page-background-meta":{"desktop":{"background-color":"var(--ast-global-color-4)","background-image":"","background-repeat":"repeat","background-position":"center center","background-size":"auto","background-attachment":"scroll","background-type":"","background-media":"","overlay-type":"","overlay-color":"","overlay-opacity":"","overlay-gradient":""},"tablet":{"background-color":"","background-image":"","background-repeat":"repeat","background-position":"center center","background-size":"auto","background-attachment":"scroll","background-type":"","background-media":"","overlay-type":"","overlay-color":"","overlay-opacity":"","overlay-gradient":""},"mobile":{"background-color":"","background-image":"","background-repeat":"repeat","background-position":"center center","background-size":"auto","background-attachment":"scroll","background-type":"","background-media":"","overlay-type":"","overlay-color":"","overlay-opacity":"","overlay-gradient":""}},"ast-content-background-meta":{"desktop":{"background-color":"var(--ast-global-color-5)","background-image":"","background-repeat":"repeat","background-position":"center center","background-size":"auto","background-attachment":"scroll","background-type":"","background-media":"","overlay-type":"","overlay-color":"","overlay-opacity":"","overlay-gradient":""},"tablet":{"background-color":"var(--ast-global-color-5)","background-image":"","background-repeat":"repeat","background-position":"center center","background-size":"auto","background-attachment":"scroll","background-type":"","background-media":"","overlay-type":"","overlay-color":"","overlay-opacity":"","overlay-gradient":""},"mobile":{"background-color":"var(--ast-global-color-5)","background-image":"","background-repeat":"repeat","background-position":"center center","background-size":"auto","background-attachment":"scroll","background-type":"","background-media":"","overlay-type":"","overlay-color":"","overlay-opacity":"","overlay-gradient":""}},"footnotes":""},"class_list":["post-132","page","type-page","status-publish","hentry"],"yoast_head":"<!-- This site is optimized with the Yoast SEO plugin v27.4 - https:\/\/yoast.com\/product\/yoast-seo-wordpress\/ -->\n<title>\u00dcber uns - F\u00e4hre Langeland Lolland<\/title>\n<meta name=\"description\" content=\"Entdecken Sie den Zweck dieser Website mit Informationen zur F\u00e4hr\u00fcberfahrt zwischen Langeland und Lolland.\" \/>\n<meta name=\"robots\" content=\"index, follow, max-snippet:-1, max-image-preview:large, max-video-preview:-1\" \/>\n<link rel=\"canonical\" href=\"https:\/\/langeland-lolland.com\/de\/uber-uns\/\" \/>\n<meta property=\"og:locale\" content=\"de_DE\" \/>\n<meta property=\"og:type\" content=\"article\" \/>\n<meta property=\"og:title\" content=\"\u00dcber uns - F\u00e4hre Langeland Lolland\" \/>\n<meta property=\"og:description\" content=\"Entdecken Sie den Zweck dieser Website mit Informationen zur F\u00e4hr\u00fcberfahrt zwischen Langeland und Lolland.\" \/>\n<meta property=\"og:url\" content=\"https:\/\/langeland-lolland.com\/de\/uber-uns\/\" \/>\n<meta property=\"og:site_name\" content=\"F\u00e4hre Langeland Lolland\" \/>\n<meta property=\"article:modified_time\" content=\"2025-07-07T10:44:42+00:00\" \/>\n<meta name=\"twitter:card\" content=\"summary_large_image\" \/>\n<meta name=\"twitter:label1\" content=\"Gesch\u00e4tzte Lesezeit\" \/>\n\t<meta name=\"twitter:data1\" content=\"1\u00a0Minute\" \/>\n<script type=\"application\/ld+json\" class=\"yoast-schema-graph\">{\"@context\":\"https:\\\/\\\/schema.org\",\"@graph\":[{\"@type\":[\"WebPage\",\"AboutPage\"],\"@id\":\"https:\\\/\\\/langeland-lolland.com\\\/de\\\/uber-uns\\\/\",\"url\":\"https:\\\/\\\/langeland-lolland.com\\\/de\\\/uber-uns\\\/\",\"name\":\"\u00dcber uns - F\u00e4hre Langeland Lolland\",\"isPartOf\":{\"@id\":\"https:\\\/\\\/langeland-lolland.com\\\/de\\\/#website\"},\"datePublished\":\"2024-04-30T11:48:13+00:00\",\"dateModified\":\"2025-07-07T10:44:42+00:00\",\"description\":\"Entdecken Sie den Zweck dieser Website mit Informationen zur F\u00e4hr\u00fcberfahrt zwischen Langeland und Lolland.\",\"breadcrumb\":{\"@id\":\"https:\\\/\\\/langeland-lolland.com\\\/de\\\/uber-uns\\\/#breadcrumb\"},\"inLanguage\":\"de\",\"potentialAction\":[{\"@type\":\"ReadAction\",\"target\":[\"https:\\\/\\\/langeland-lolland.com\\\/de\\\/uber-uns\\\/\"]}]},{\"@type\":\"BreadcrumbList\",\"@id\":\"https:\\\/\\\/langeland-lolland.com\\\/de\\\/uber-uns\\\/#breadcrumb\",\"itemListElement\":[{\"@type\":\"ListItem\",\"position\":1,\"name\":\"Home\",\"item\":\"https:\\\/\\\/langeland-lolland.com\\\/de\\\/\"},{\"@type\":\"ListItem\",\"position\":2,\"name\":\"\u00dcber uns\"}]},{\"@type\":\"WebSite\",\"@id\":\"https:\\\/\\\/langeland-lolland.com\\\/de\\\/#website\",\"url\":\"https:\\\/\\\/langeland-lolland.com\\\/de\\\/\",\"name\":\"F\u00e4hre Langeland Lolland\",\"description\":\"\",\"publisher\":{\"@id\":\"https:\\\/\\\/langeland-lolland.com\\\/de\\\/#organization\"},\"potentialAction\":[{\"@type\":\"SearchAction\",\"target\":{\"@type\":\"EntryPoint\",\"urlTemplate\":\"https:\\\/\\\/langeland-lolland.com\\\/de\\\/?s={search_term_string}\"},\"query-input\":{\"@type\":\"PropertyValueSpecification\",\"valueRequired\":true,\"valueName\":\"search_term_string\"}}],\"inLanguage\":\"de\"},{\"@type\":\"Organization\",\"@id\":\"https:\\\/\\\/langeland-lolland.com\\\/de\\\/#organization\",\"name\":\"F\u00e4hre Langeland Lolland\",\"url\":\"https:\\\/\\\/langeland-lolland.com\\\/de\\\/\",\"logo\":{\"@type\":\"ImageObject\",\"inLanguage\":\"de\",\"@id\":\"https:\\\/\\\/langeland-lolland.com\\\/de\\\/#\\\/schema\\\/logo\\\/image\\\/\",\"url\":\"https:\\\/\\\/langeland-lolland.com\\\/de\\\/wp-content\\\/uploads\\\/sites\\\/3\\\/2025\\\/06\\\/langeland-lolland-ferry.png\",\"contentUrl\":\"https:\\\/\\\/langeland-lolland.com\\\/de\\\/wp-content\\\/uploads\\\/sites\\\/3\\\/2025\\\/06\\\/langeland-lolland-ferry.png\",\"width\":750,\"height\":125,\"caption\":\"F\u00e4hre Langeland Lolland\"},\"image\":{\"@id\":\"https:\\\/\\\/langeland-lolland.com\\\/de\\\/#\\\/schema\\\/logo\\\/image\\\/\"}}]}<\/script>\n<!-- \/ Yoast SEO plugin. -->","yoast_head_json":{"title":"\u00dcber uns - F\u00e4hre Langeland Lolland","description":"Entdecken Sie den Zweck dieser Website mit Informationen zur F\u00e4hr\u00fcberfahrt zwischen Langeland und Lolland.","robots":{"index":"index","follow":"follow","max-snippet":"max-snippet:-1","max-image-preview":"max-image-preview:large","max-video-preview":"max-video-preview:-1"},"canonical":"https:\/\/langeland-lolland.com\/de\/uber-uns\/","og_locale":"de_DE","og_type":"article","og_title":"\u00dcber uns - F\u00e4hre Langeland Lolland","og_description":"Entdecken Sie den Zweck dieser Website mit Informationen zur F\u00e4hr\u00fcberfahrt zwischen Langeland und Lolland.","og_url":"https:\/\/langeland-lolland.com\/de\/uber-uns\/","og_site_name":"F\u00e4hre Langeland Lolland","article_modified_time":"2025-07-07T10:44:42+00:00","twitter_card":"summary_large_image","twitter_misc":{"Gesch\u00e4tzte Lesezeit":"1\u00a0Minute"},"schema":{"@context":"https:\/\/schema.org","@graph":[{"@type":["WebPage","AboutPage"],"@id":"https:\/\/langeland-lolland.com\/de\/uber-uns\/","url":"https:\/\/langeland-lolland.com\/de\/uber-uns\/","name":"\u00dcber uns - F\u00e4hre Langeland Lolland","isPartOf":{"@id":"https:\/\/langeland-lolland.com\/de\/#website"},"datePublished":"2024-04-30T11:48:13+00:00","dateModified":"2025-07-07T10:44:42+00:00","description":"Entdecken Sie den Zweck dieser Website mit Informationen zur F\u00e4hr\u00fcberfahrt zwischen Langeland und Lolland.","breadcrumb":{"@id":"https:\/\/langeland-lolland.com\/de\/uber-uns\/#breadcrumb"},"inLanguage":"de","potentialAction":[{"@type":"ReadAction","target":["https:\/\/langeland-lolland.com\/de\/uber-uns\/"]}]},{"@type":"BreadcrumbList","@id":"https:\/\/langeland-lolland.com\/de\/uber-uns\/#breadcrumb","itemListElement":[{"@type":"ListItem","position":1,"name":"Home","item":"https:\/\/langeland-lolland.com\/de\/"},{"@type":"ListItem","position":2,"name":"\u00dcber uns"}]},{"@type":"WebSite","@id":"https:\/\/langeland-lolland.com\/de\/#website","url":"https:\/\/langeland-lolland.com\/de\/","name":"F\u00e4hre Langeland Lolland","description":"","publisher":{"@id":"https:\/\/langeland-lolland.com\/de\/#organization"},"potentialAction":[{"@type":"SearchAction","target":{"@type":"EntryPoint","urlTemplate":"https:\/\/langeland-lolland.com\/de\/?s={search_term_string}"},"query-input":{"@type":"PropertyValueSpecification","valueRequired":true,"valueName":"search_term_string"}}],"inLanguage":"de"},{"@type":"Organization","@id":"https:\/\/langeland-lolland.com\/de\/#organization","name":"F\u00e4hre Langeland Lolland","url":"https:\/\/langeland-lolland.com\/de\/","logo":{"@type":"ImageObject","inLanguage":"de","@id":"https:\/\/langeland-lolland.com\/de\/#\/schema\/logo\/image\/","url":"https:\/\/langeland-lolland.com\/de\/wp-content\/uploads\/sites\/3\/2025\/06\/langeland-lolland-ferry.png","contentUrl":"https:\/\/langeland-lolland.com\/de\/wp-content\/uploads\/sites\/3\/2025\/06\/langeland-lolland-ferry.png","width":750,"height":125,"caption":"F\u00e4hre Langeland Lolland"},"image":{"@id":"https:\/\/langeland-lolland.com\/de\/#\/schema\/logo\/image\/"}}]}},"_links":{"self":[{"href":"https:\/\/langeland-lolland.com\/de\/wp-json\/wp\/v2\/pages\/132","targetHints":{"allow":["GET"]}}],"collection":[{"href":"https:\/\/langeland-lolland.com\/de\/wp-json\/wp\/v2\/pages"}],"about":[{"href":"https:\/\/langeland-lolland.com\/de\/wp-json\/wp\/v2\/types\/page"}],"author":[{"embeddable":true,"href":"https:\/\/langeland-lolland.com\/de\/wp-json\/wp\/v2\/users\/2"}],"replies":[{"embeddable":true,"href":"https:\/\/langeland-lolland.com\/de\/wp-json\/wp\/v2\/comments?post=132"}],"version-history":[{"count":4,"href":"https:\/\/langeland-lolland.com\/de\/wp-json\/wp\/v2\/pages\/132\/revisions"}],"predecessor-version":[{"id":231,"href":"https:\/\/langeland-lolland.com\/de\/wp-json\/wp\/v2\/pages\/132\/revisions\/231"}],"wp:attachment":[{"href":"https:\/\/langeland-lolland.com\/de\/wp-json\/wp\/v2\/media?parent=132"}],"curies":[{"name":"wp","href":"https:\/\/api.w.org\/{rel}","templated":true}]}}