{"id":123,"date":"2024-04-30T11:13:27","date_gmt":"2024-04-30T11:13:27","guid":{"rendered":"https:\/\/langeland-lolland.com\/de\/?page_id=123"},"modified":"2025-07-07T10:22:41","modified_gmt":"2025-07-07T10:22:41","slug":"preise","status":"publish","type":"page","link":"https:\/\/langeland-lolland.com\/de\/preise\/","title":{"rendered":"Preise f\u00fcr die F\u00e4hre von Langeland nach Lolland"},"content":{"rendered":"\n<p>Der Preis f\u00fcr ein F\u00e4hrticket <a href=\"\/de\/\">von Langeland (Spodsbjerg) nach Lolland (T\u00e5rs)<\/a> h\u00e4ngt von verschiedenen Faktoren ab. Auf dieser Seite informieren wir Sie \u00fcber die Preise, die <a href=\"https:\/\/langeland-lolland.com\/de\/langelandslinjen\/\">Langelandslinjen<\/a>, die F\u00e4hrgesellschaft auf dieser Strecke, anbietet.<\/p>\n\n\n\n<h2 class=\"wp-block-heading\">Standardticket: ab 41 Euro (306 DKK)<\/h2>\n\n\n\n<p>Der Preis f\u00fcr ein &#8218;<strong>Standardticket<\/strong>&#8218; betr\u00e4gt 306 D\u00e4nische Kronen (DKK), umgerechnet etwa 41 Euro. Dieser Preis gilt f\u00fcr eine Reise mit einem Auto (weniger als 1,95 m H\u00f6he und weniger als 6 m L\u00e4nge, inklusive bis zu 9 Personen).<\/p>\n\n\n\n<p>Es gibt auch sogenannte &#8218;<strong>Bizz-Tickets<\/strong>&#8218;. Diese sind etwas g\u00fcnstiger, k\u00f6nnen aber nicht umgebucht werden, falls dies n\u00f6tig sein sollte (zum Beispiel bei schlechtem <a href=\"https:\/\/langeland-lolland.com\/de\/wettervorhersage\/\">Wetter<\/a> mit daraus resultierenden <a href=\"https:\/\/langeland-lolland.com\/de\/fahrplan\/\">Fahrplan<\/a> \u00e4nderungen).<\/p>\n\n\n\n<p>Schlie\u00dflich gibt es auch &#8218;<strong>Fahrkarten<\/strong>&#8218; f\u00fcr diejenigen, die die \u00dcberfahrt regelm\u00e4\u00dfig nutzen m\u00f6chten.<\/p>\n\n\n\n<figure class=\"wp-block-table is-style-stripes has-small-font-size\"><table class=\"has-fixed-layout\"><thead><tr><th class=\"has-text-align-left\" data-align=\"left\">Tickettyp<\/th><th class=\"has-text-align-left\" data-align=\"left\">Ab-Preis*<\/th><\/tr><\/thead><tbody><tr><td class=\"has-text-align-left\" data-align=\"left\"><strong>Standardticket<\/strong><\/td><td class=\"has-text-align-left\" data-align=\"left\">41\u20ac (306DKK)<\/td><\/tr><tr><td class=\"has-text-align-left\" data-align=\"left\"><strong>Bizz-Ticket<\/strong><\/td><td class=\"has-text-align-left\" data-align=\"left\">39\u20ac (291DKK)<\/td><\/tr><tr><td class=\"has-text-align-left\" data-align=\"left\"><strong>10-Fahrtenkarte<\/strong><\/td><td class=\"has-text-align-left\" data-align=\"left\">112\u20ac (834DKK)<\/td><\/tr><\/tbody><\/table><\/figure>\n\n\n\n<p class=\"has-small-font-size\">* Dieser Preis basiert auf einer Reise mit einem Auto (weniger als 1,95 m H\u00f6he und weniger als 6 m L\u00e4nge, inklusive bis zu 9 Personen).<\/p>\n\n\n\n<p class=\"has-ast-global-color-4-background-color has-background has-small-font-size\"><strong>Tipp: Buchen Sie fr\u00fchzeitig.<\/strong> Wissen Sie, wann Sie abreisen m\u00f6chten? Kaufen Sie Ihr Ticket dann lieber im Voraus und nicht erst beim Check-in. So sind Sie nicht nur sicher, einen Platz auf der F\u00e4hre zu bekommen, sondern sparen auch Geld.<\/p>\n\n\n\n<h3 class=\"wp-block-heading\">Preise f\u00fcr Fu\u00dfg\u00e4nger<\/h3>\n\n\n\n<p>Der Preis f\u00fcr Fu\u00dfg\u00e4nger (also ohne Fahrzeug) h\u00e4ngt vom Alter des Reisenden ab. Ab 16 Jahren zahlen Sie 52 DKK pro Person (ca. 7 Euro). Reisende von 4 bis 15 Jahren zahlen 46 DKK (etwa 6,15 Euro). Kinder bis einschlie\u00dflich 3 Jahre reisen kostenlos.<\/p>\n\n\n\n<figure class=\"wp-block-table is-style-stripes has-small-font-size\"><table class=\"has-fixed-layout\"><thead><tr><th class=\"has-text-align-left\" data-align=\"left\">Alter des Fu\u00dfg\u00e4ngers<\/th><th class=\"has-text-align-left\" data-align=\"left\">Ab-Preis<\/th><\/tr><\/thead><tbody><tr><td class=\"has-text-align-left\" data-align=\"left\"><strong>0-3 Jahre<\/strong><\/td><td class=\"has-text-align-left\" data-align=\"left\">&#8211;<\/td><\/tr><tr><td class=\"has-text-align-left\" data-align=\"left\"><strong>4 &#8211; 15 <strong>Jahre<\/strong><\/strong><\/td><td class=\"has-text-align-left\" data-align=\"left\">6,15\u20ac (46DKK)<\/td><\/tr><tr><td class=\"has-text-align-left\" data-align=\"left\"><strong>> 16 <strong>Jahre<\/strong><\/strong><\/td><td class=\"has-text-align-left\" data-align=\"left\">7,00\u20ac (52DKK)<\/td><\/tr><\/tbody><\/table><\/figure>\n\n\n\n<h2 class=\"wp-block-heading\">Langeland-Lolland-F\u00e4hrtickets \u00fcber PayPal kaufen?<\/h2>\n\n\n\n<p><strong>Achtung: <\/strong>Langelandslinjen bietet keine M\u00f6glichkeit zur Bezahlung mit PayPal. M\u00f6chten Sie mit PayPal bezahlen, <a href=\"\/de\/go\/df\">buchen Sie am besten hier \u00fcber DirectFerries.de<\/a>, einen \u00fcbergeordneten Anbieter von F\u00e4hrtickets.<\/p>\n","protected":false},"excerpt":{"rendered":"<p>Der Preis f\u00fcr ein F\u00e4hrticket von Langeland (Spodsbjerg) nach Lolland (T\u00e5rs) h\u00e4ngt von verschiedenen Faktoren ab. Auf dieser Seite informieren [&hellip;]<\/p>\n","protected":false},"author":2,"featured_media":0,"parent":0,"menu_order":0,"comment_status":"closed","ping_status":"closed","template":"","meta":{"inline_featured_image":false,"site-sidebar-layout":"default","site-content-layout":"","ast-site-content-layout":"default","site-content-style":"default","site-sidebar-style":"default","ast-global-header-display":"","ast-banner-title-visibility":"","ast-main-header-display":"","ast-hfb-above-header-display":"","ast-hfb-below-header-display":"","ast-hfb-mobile-header-display":"","site-post-title":"","ast-breadcrumbs-content":"","ast-featured-img":"","footer-sml-layout":"","ast-disable-related-posts":"","theme-transparent-header-meta":"","adv-header-id-meta":"","stick-header-meta":"","header-above-stick-meta":"","header-main-stick-meta":"","header-below-stick-meta":"","astra-migrate-meta-layouts":"default","ast-page-background-enabled":"default","ast-page-background-meta":{"desktop":{"background-color":"var(--ast-global-color-4)","background-image":"","background-repeat":"repeat","background-position":"center center","background-size":"auto","background-attachment":"scroll","background-type":"","background-media":"","overlay-type":"","overlay-color":"","overlay-opacity":"","overlay-gradient":""},"tablet":{"background-color":"","background-image":"","background-repeat":"repeat","background-position":"center center","background-size":"auto","background-attachment":"scroll","background-type":"","background-media":"","overlay-type":"","overlay-color":"","overlay-opacity":"","overlay-gradient":""},"mobile":{"background-color":"","background-image":"","background-repeat":"repeat","background-position":"center center","background-size":"auto","background-attachment":"scroll","background-type":"","background-media":"","overlay-type":"","overlay-color":"","overlay-opacity":"","overlay-gradient":""}},"ast-content-background-meta":{"desktop":{"background-color":"var(--ast-global-color-5)","background-image":"","background-repeat":"repeat","background-position":"center center","background-size":"auto","background-attachment":"scroll","background-type":"","background-media":"","overlay-type":"","overlay-color":"","overlay-opacity":"","overlay-gradient":""},"tablet":{"background-color":"var(--ast-global-color-5)","background-image":"","background-repeat":"repeat","background-position":"center center","background-size":"auto","background-attachment":"scroll","background-type":"","background-media":"","overlay-type":"","overlay-color":"","overlay-opacity":"","overlay-gradient":""},"mobile":{"background-color":"var(--ast-global-color-5)","background-image":"","background-repeat":"repeat","background-position":"center center","background-size":"auto","background-attachment":"scroll","background-type":"","background-media":"","overlay-type":"","overlay-color":"","overlay-opacity":"","overlay-gradient":""}},"footnotes":""},"class_list":["post-123","page","type-page","status-publish","hentry"],"yoast_head":"<!-- This site is optimized with the Yoast SEO plugin v27.4 - https:\/\/yoast.com\/product\/yoast-seo-wordpress\/ -->\n<title>Preise f\u00fcr F\u00e4hrtickets Langeland\u2013Lolland (Langelandslinjen)<\/title>\n<meta name=\"description\" content=\"Entdecken Sie alles \u00fcber die F\u00e4hrpreise f\u00fcr Tickets von Langeland nach Lolland mit Langelandslinjen.\" \/>\n<meta name=\"robots\" content=\"index, follow, max-snippet:-1, max-image-preview:large, max-video-preview:-1\" \/>\n<link rel=\"canonical\" href=\"https:\/\/langeland-lolland.com\/de\/preise\/\" \/>\n<meta property=\"og:locale\" content=\"de_DE\" \/>\n<meta property=\"og:type\" content=\"article\" \/>\n<meta property=\"og:title\" content=\"Preise f\u00fcr F\u00e4hrtickets Langeland\u2013Lolland (Langelandslinjen)\" \/>\n<meta property=\"og:description\" content=\"Entdecken Sie alles \u00fcber die F\u00e4hrpreise f\u00fcr Tickets von Langeland nach Lolland mit Langelandslinjen.\" \/>\n<meta property=\"og:url\" content=\"https:\/\/langeland-lolland.com\/de\/preise\/\" \/>\n<meta property=\"og:site_name\" content=\"F\u00e4hre Langeland Lolland\" \/>\n<meta property=\"article:modified_time\" content=\"2025-07-07T10:22:41+00:00\" \/>\n<meta name=\"twitter:card\" content=\"summary_large_image\" \/>\n<meta name=\"twitter:label1\" content=\"Gesch\u00e4tzte Lesezeit\" \/>\n\t<meta name=\"twitter:data1\" content=\"2\u00a0Minuten\" \/>\n<script type=\"application\/ld+json\" class=\"yoast-schema-graph\">{\"@context\":\"https:\\\/\\\/schema.org\",\"@graph\":[{\"@type\":\"WebPage\",\"@id\":\"https:\\\/\\\/langeland-lolland.com\\\/de\\\/preise\\\/\",\"url\":\"https:\\\/\\\/langeland-lolland.com\\\/de\\\/preise\\\/\",\"name\":\"Preise f\u00fcr F\u00e4hrtickets Langeland\u2013Lolland (Langelandslinjen)\",\"isPartOf\":{\"@id\":\"https:\\\/\\\/langeland-lolland.com\\\/de\\\/#website\"},\"datePublished\":\"2024-04-30T11:13:27+00:00\",\"dateModified\":\"2025-07-07T10:22:41+00:00\",\"description\":\"Entdecken Sie alles \u00fcber die F\u00e4hrpreise f\u00fcr Tickets von Langeland nach Lolland mit Langelandslinjen.\",\"breadcrumb\":{\"@id\":\"https:\\\/\\\/langeland-lolland.com\\\/de\\\/preise\\\/#breadcrumb\"},\"inLanguage\":\"de\",\"potentialAction\":[{\"@type\":\"ReadAction\",\"target\":[\"https:\\\/\\\/langeland-lolland.com\\\/de\\\/preise\\\/\"]}]},{\"@type\":\"BreadcrumbList\",\"@id\":\"https:\\\/\\\/langeland-lolland.com\\\/de\\\/preise\\\/#breadcrumb\",\"itemListElement\":[{\"@type\":\"ListItem\",\"position\":1,\"name\":\"Home\",\"item\":\"https:\\\/\\\/langeland-lolland.com\\\/de\\\/\"},{\"@type\":\"ListItem\",\"position\":2,\"name\":\"Preise f\u00fcr die F\u00e4hre von Langeland nach Lolland\"}]},{\"@type\":\"WebSite\",\"@id\":\"https:\\\/\\\/langeland-lolland.com\\\/de\\\/#website\",\"url\":\"https:\\\/\\\/langeland-lolland.com\\\/de\\\/\",\"name\":\"F\u00e4hre Langeland Lolland\",\"description\":\"\",\"publisher\":{\"@id\":\"https:\\\/\\\/langeland-lolland.com\\\/de\\\/#organization\"},\"potentialAction\":[{\"@type\":\"SearchAction\",\"target\":{\"@type\":\"EntryPoint\",\"urlTemplate\":\"https:\\\/\\\/langeland-lolland.com\\\/de\\\/?s={search_term_string}\"},\"query-input\":{\"@type\":\"PropertyValueSpecification\",\"valueRequired\":true,\"valueName\":\"search_term_string\"}}],\"inLanguage\":\"de\"},{\"@type\":\"Organization\",\"@id\":\"https:\\\/\\\/langeland-lolland.com\\\/de\\\/#organization\",\"name\":\"F\u00e4hre Langeland Lolland\",\"url\":\"https:\\\/\\\/langeland-lolland.com\\\/de\\\/\",\"logo\":{\"@type\":\"ImageObject\",\"inLanguage\":\"de\",\"@id\":\"https:\\\/\\\/langeland-lolland.com\\\/de\\\/#\\\/schema\\\/logo\\\/image\\\/\",\"url\":\"https:\\\/\\\/langeland-lolland.com\\\/de\\\/wp-content\\\/uploads\\\/sites\\\/3\\\/2025\\\/06\\\/langeland-lolland-ferry.png\",\"contentUrl\":\"https:\\\/\\\/langeland-lolland.com\\\/de\\\/wp-content\\\/uploads\\\/sites\\\/3\\\/2025\\\/06\\\/langeland-lolland-ferry.png\",\"width\":750,\"height\":125,\"caption\":\"F\u00e4hre Langeland Lolland\"},\"image\":{\"@id\":\"https:\\\/\\\/langeland-lolland.com\\\/de\\\/#\\\/schema\\\/logo\\\/image\\\/\"}}]}<\/script>\n<!-- \/ Yoast SEO plugin. -->","yoast_head_json":{"title":"Preise f\u00fcr F\u00e4hrtickets Langeland\u2013Lolland (Langelandslinjen)","description":"Entdecken Sie alles \u00fcber die F\u00e4hrpreise f\u00fcr Tickets von Langeland nach Lolland mit Langelandslinjen.","robots":{"index":"index","follow":"follow","max-snippet":"max-snippet:-1","max-image-preview":"max-image-preview:large","max-video-preview":"max-video-preview:-1"},"canonical":"https:\/\/langeland-lolland.com\/de\/preise\/","og_locale":"de_DE","og_type":"article","og_title":"Preise f\u00fcr F\u00e4hrtickets Langeland\u2013Lolland (Langelandslinjen)","og_description":"Entdecken Sie alles \u00fcber die F\u00e4hrpreise f\u00fcr Tickets von Langeland nach Lolland mit Langelandslinjen.","og_url":"https:\/\/langeland-lolland.com\/de\/preise\/","og_site_name":"F\u00e4hre Langeland Lolland","article_modified_time":"2025-07-07T10:22:41+00:00","twitter_card":"summary_large_image","twitter_misc":{"Gesch\u00e4tzte Lesezeit":"2\u00a0Minuten"},"schema":{"@context":"https:\/\/schema.org","@graph":[{"@type":"WebPage","@id":"https:\/\/langeland-lolland.com\/de\/preise\/","url":"https:\/\/langeland-lolland.com\/de\/preise\/","name":"Preise f\u00fcr F\u00e4hrtickets Langeland\u2013Lolland (Langelandslinjen)","isPartOf":{"@id":"https:\/\/langeland-lolland.com\/de\/#website"},"datePublished":"2024-04-30T11:13:27+00:00","dateModified":"2025-07-07T10:22:41+00:00","description":"Entdecken Sie alles \u00fcber die F\u00e4hrpreise f\u00fcr Tickets von Langeland nach Lolland mit Langelandslinjen.","breadcrumb":{"@id":"https:\/\/langeland-lolland.com\/de\/preise\/#breadcrumb"},"inLanguage":"de","potentialAction":[{"@type":"ReadAction","target":["https:\/\/langeland-lolland.com\/de\/preise\/"]}]},{"@type":"BreadcrumbList","@id":"https:\/\/langeland-lolland.com\/de\/preise\/#breadcrumb","itemListElement":[{"@type":"ListItem","position":1,"name":"Home","item":"https:\/\/langeland-lolland.com\/de\/"},{"@type":"ListItem","position":2,"name":"Preise f\u00fcr die F\u00e4hre von Langeland nach Lolland"}]},{"@type":"WebSite","@id":"https:\/\/langeland-lolland.com\/de\/#website","url":"https:\/\/langeland-lolland.com\/de\/","name":"F\u00e4hre Langeland Lolland","description":"","publisher":{"@id":"https:\/\/langeland-lolland.com\/de\/#organization"},"potentialAction":[{"@type":"SearchAction","target":{"@type":"EntryPoint","urlTemplate":"https:\/\/langeland-lolland.com\/de\/?s={search_term_string}"},"query-input":{"@type":"PropertyValueSpecification","valueRequired":true,"valueName":"search_term_string"}}],"inLanguage":"de"},{"@type":"Organization","@id":"https:\/\/langeland-lolland.com\/de\/#organization","name":"F\u00e4hre Langeland Lolland","url":"https:\/\/langeland-lolland.com\/de\/","logo":{"@type":"ImageObject","inLanguage":"de","@id":"https:\/\/langeland-lolland.com\/de\/#\/schema\/logo\/image\/","url":"https:\/\/langeland-lolland.com\/de\/wp-content\/uploads\/sites\/3\/2025\/06\/langeland-lolland-ferry.png","contentUrl":"https:\/\/langeland-lolland.com\/de\/wp-content\/uploads\/sites\/3\/2025\/06\/langeland-lolland-ferry.png","width":750,"height":125,"caption":"F\u00e4hre Langeland Lolland"},"image":{"@id":"https:\/\/langeland-lolland.com\/de\/#\/schema\/logo\/image\/"}}]}},"_links":{"self":[{"href":"https:\/\/langeland-lolland.com\/de\/wp-json\/wp\/v2\/pages\/123","targetHints":{"allow":["GET"]}}],"collection":[{"href":"https:\/\/langeland-lolland.com\/de\/wp-json\/wp\/v2\/pages"}],"about":[{"href":"https:\/\/langeland-lolland.com\/de\/wp-json\/wp\/v2\/types\/page"}],"author":[{"embeddable":true,"href":"https:\/\/langeland-lolland.com\/de\/wp-json\/wp\/v2\/users\/2"}],"replies":[{"embeddable":true,"href":"https:\/\/langeland-lolland.com\/de\/wp-json\/wp\/v2\/comments?post=123"}],"version-history":[{"count":5,"href":"https:\/\/langeland-lolland.com\/de\/wp-json\/wp\/v2\/pages\/123\/revisions"}],"predecessor-version":[{"id":225,"href":"https:\/\/langeland-lolland.com\/de\/wp-json\/wp\/v2\/pages\/123\/revisions\/225"}],"wp:attachment":[{"href":"https:\/\/langeland-lolland.com\/de\/wp-json\/wp\/v2\/media?parent=123"}],"curies":[{"name":"wp","href":"https:\/\/api.w.org\/{rel}","templated":true}]}}