{"id":117,"date":"2024-04-30T11:07:45","date_gmt":"2024-04-30T11:07:45","guid":{"rendered":"https:\/\/langeland-lolland.com\/de\/?page_id=117"},"modified":"2025-07-07T10:29:02","modified_gmt":"2025-07-07T10:29:02","slug":"wettervorhersage","status":"publish","type":"page","link":"https:\/\/langeland-lolland.com\/de\/wettervorhersage\/","title":{"rendered":"Wettervorhersage"},"content":{"rendered":"\n<p>Wie wird das Wetter bei Ihrer Ankunft? Und wie sieht es w\u00e4hrend der \u00dcberfahrt aus? Auf dieser Seite finden Sie die Wettervorhersage f\u00fcr die kommenden Tage: von der Temperatur in Lolland bis zu den Wellenh\u00f6hen auf der Route.<\/p>\n\n\n\n<h2 class=\"wp-block-heading\">Wetter in Spodsbjerg auf Langeland<\/h2>\n\n\n\n<p>Unten sehen Sie die 5-Tage-Wettervorhersage f\u00fcr den <a href=\"https:\/\/langeland-lolland.com\/de\/spodsbjerg\/\">Hafen von Spodsbjerg<\/a> auf Langeland.<\/p>\n\n\n<p><iframe width=\"650\" height=\"187\" src=\"https:\/\/embed.windy.com\/embed.html?type=forecast&#038;location=coordinates&#038;detail=true&#038;detailLat=54.934975127673596&#038;detailLon=10.833666573158297&#038;metricTemp=default&#038;metricRain=default&#038;metricWind=default\" frameborder=\"0\"><\/iframe><\/p>\n\n\n\n<h2 class=\"wp-block-heading\">Wetter im Hafen von T\u00e5rs (Lolland)<\/h2>\n\n\n\n<p>Unten finden Sie die Wettervorhersage f\u00fcr die n\u00e4chsten f\u00fcnf Tage f\u00fcr den <a href=\"https:\/\/langeland-lolland.com\/de\/tars\/\">Hafen von T\u00e5rs<\/a>.<\/p>\n\n\n<p><iframe width=\"650\" height=\"187\" src=\"https:\/\/embed.windy.com\/embed.html?type=forecast&#038;location=coordinates&#038;detail=true&#038;detailLat=54.87602876615651&#038;detailLon=11.030724101503722&#038;metricTemp=default&#038;metricRain=default&#038;metricWind=default\" frameborder=\"0\"><\/iframe><\/p>\n\n\n\n<h2 class=\"wp-block-heading\">Wettervorhersage f\u00fcr den Langelandsb\u00e6lt<\/h2>\n\n\n\n<p>Wird es st\u00fcrmisch w\u00e4hrend der \u00dcberfahrt? Und wie ist die Temperatur? Pr\u00fcfen Sie unten die Wettervorhersage f\u00fcr den Langelandsb\u00e6lt, das Wasser zwischen Langeland und Lolland.<\/p>\n\n\n<p><iframe width=\"650\" height=\"450\" src=\"https:\/\/embed.windy.com\/embed.html?type=map&#038;location=coordinates&#038;metricRain=default&#038;metricTemp=default&#038;metricWind=default&#038;zoom=11&#038;overlay=waves&#038;product=ecmwfWaves&#038;level=surface&#038;lat=54.904&#038;lon=10.869\" frameborder=\"0\"><\/iframe><\/p>\n","protected":false},"excerpt":{"rendered":"<p>Wie wird das Wetter bei Ihrer Ankunft? Und wie sieht es w\u00e4hrend der \u00dcberfahrt aus? Auf dieser Seite finden Sie [&hellip;]<\/p>\n","protected":false},"author":2,"featured_media":0,"parent":0,"menu_order":0,"comment_status":"closed","ping_status":"closed","template":"","meta":{"inline_featured_image":false,"site-sidebar-layout":"default","site-content-layout":"","ast-site-content-layout":"default","site-content-style":"default","site-sidebar-style":"default","ast-global-header-display":"","ast-banner-title-visibility":"","ast-main-header-display":"","ast-hfb-above-header-display":"","ast-hfb-below-header-display":"","ast-hfb-mobile-header-display":"","site-post-title":"","ast-breadcrumbs-content":"","ast-featured-img":"","footer-sml-layout":"","ast-disable-related-posts":"","theme-transparent-header-meta":"","adv-header-id-meta":"","stick-header-meta":"","header-above-stick-meta":"","header-main-stick-meta":"","header-below-stick-meta":"","astra-migrate-meta-layouts":"default","ast-page-background-enabled":"default","ast-page-background-meta":{"desktop":{"background-color":"var(--ast-global-color-4)","background-image":"","background-repeat":"repeat","background-position":"center center","background-size":"auto","background-attachment":"scroll","background-type":"","background-media":"","overlay-type":"","overlay-color":"","overlay-opacity":"","overlay-gradient":""},"tablet":{"background-color":"","background-image":"","background-repeat":"repeat","background-position":"center center","background-size":"auto","background-attachment":"scroll","background-type":"","background-media":"","overlay-type":"","overlay-color":"","overlay-opacity":"","overlay-gradient":""},"mobile":{"background-color":"","background-image":"","background-repeat":"repeat","background-position":"center center","background-size":"auto","background-attachment":"scroll","background-type":"","background-media":"","overlay-type":"","overlay-color":"","overlay-opacity":"","overlay-gradient":""}},"ast-content-background-meta":{"desktop":{"background-color":"var(--ast-global-color-5)","background-image":"","background-repeat":"repeat","background-position":"center center","background-size":"auto","background-attachment":"scroll","background-type":"","background-media":"","overlay-type":"","overlay-color":"","overlay-opacity":"","overlay-gradient":""},"tablet":{"background-color":"var(--ast-global-color-5)","background-image":"","background-repeat":"repeat","background-position":"center center","background-size":"auto","background-attachment":"scroll","background-type":"","background-media":"","overlay-type":"","overlay-color":"","overlay-opacity":"","overlay-gradient":""},"mobile":{"background-color":"var(--ast-global-color-5)","background-image":"","background-repeat":"repeat","background-position":"center center","background-size":"auto","background-attachment":"scroll","background-type":"","background-media":"","overlay-type":"","overlay-color":"","overlay-opacity":"","overlay-gradient":""}},"footnotes":""},"class_list":["post-117","page","type-page","status-publish","hentry"],"yoast_head":"<!-- This site is optimized with the Yoast SEO plugin v27.4 - https:\/\/yoast.com\/product\/yoast-seo-wordpress\/ -->\n<title>Wettervorhersage - F\u00e4hre Langeland Lolland<\/title>\n<meta name=\"description\" content=\"Aktuelle Wettervorhersage f\u00fcr die F\u00e4hr\u00fcberfahrt zwischen Langeland und Lolland \u00fcber den Langelandsb\u00e6lt.\" \/>\n<meta name=\"robots\" content=\"index, follow, max-snippet:-1, max-image-preview:large, max-video-preview:-1\" \/>\n<link rel=\"canonical\" href=\"https:\/\/langeland-lolland.com\/de\/wettervorhersage\/\" \/>\n<meta property=\"og:locale\" content=\"de_DE\" \/>\n<meta property=\"og:type\" content=\"article\" \/>\n<meta property=\"og:title\" content=\"Wettervorhersage - F\u00e4hre Langeland Lolland\" \/>\n<meta property=\"og:description\" content=\"Aktuelle Wettervorhersage f\u00fcr die F\u00e4hr\u00fcberfahrt zwischen Langeland und Lolland \u00fcber den Langelandsb\u00e6lt.\" \/>\n<meta property=\"og:url\" content=\"https:\/\/langeland-lolland.com\/de\/wettervorhersage\/\" \/>\n<meta property=\"og:site_name\" content=\"F\u00e4hre Langeland Lolland\" \/>\n<meta property=\"article:modified_time\" content=\"2025-07-07T10:29:02+00:00\" \/>\n<meta name=\"twitter:card\" content=\"summary_large_image\" \/>\n<meta name=\"twitter:label1\" content=\"Gesch\u00e4tzte Lesezeit\" \/>\n\t<meta name=\"twitter:data1\" content=\"1\u00a0Minute\" \/>\n<script type=\"application\/ld+json\" class=\"yoast-schema-graph\">{\"@context\":\"https:\\\/\\\/schema.org\",\"@graph\":[{\"@type\":\"WebPage\",\"@id\":\"https:\\\/\\\/langeland-lolland.com\\\/de\\\/wettervorhersage\\\/\",\"url\":\"https:\\\/\\\/langeland-lolland.com\\\/de\\\/wettervorhersage\\\/\",\"name\":\"Wettervorhersage - F\u00e4hre Langeland Lolland\",\"isPartOf\":{\"@id\":\"https:\\\/\\\/langeland-lolland.com\\\/de\\\/#website\"},\"datePublished\":\"2024-04-30T11:07:45+00:00\",\"dateModified\":\"2025-07-07T10:29:02+00:00\",\"description\":\"Aktuelle Wettervorhersage f\u00fcr die F\u00e4hr\u00fcberfahrt zwischen Langeland und Lolland \u00fcber den Langelandsb\u00e6lt.\",\"breadcrumb\":{\"@id\":\"https:\\\/\\\/langeland-lolland.com\\\/de\\\/wettervorhersage\\\/#breadcrumb\"},\"inLanguage\":\"de\",\"potentialAction\":[{\"@type\":\"ReadAction\",\"target\":[\"https:\\\/\\\/langeland-lolland.com\\\/de\\\/wettervorhersage\\\/\"]}]},{\"@type\":\"BreadcrumbList\",\"@id\":\"https:\\\/\\\/langeland-lolland.com\\\/de\\\/wettervorhersage\\\/#breadcrumb\",\"itemListElement\":[{\"@type\":\"ListItem\",\"position\":1,\"name\":\"Home\",\"item\":\"https:\\\/\\\/langeland-lolland.com\\\/de\\\/\"},{\"@type\":\"ListItem\",\"position\":2,\"name\":\"Wettervorhersage\"}]},{\"@type\":\"WebSite\",\"@id\":\"https:\\\/\\\/langeland-lolland.com\\\/de\\\/#website\",\"url\":\"https:\\\/\\\/langeland-lolland.com\\\/de\\\/\",\"name\":\"F\u00e4hre Langeland Lolland\",\"description\":\"\",\"publisher\":{\"@id\":\"https:\\\/\\\/langeland-lolland.com\\\/de\\\/#organization\"},\"potentialAction\":[{\"@type\":\"SearchAction\",\"target\":{\"@type\":\"EntryPoint\",\"urlTemplate\":\"https:\\\/\\\/langeland-lolland.com\\\/de\\\/?s={search_term_string}\"},\"query-input\":{\"@type\":\"PropertyValueSpecification\",\"valueRequired\":true,\"valueName\":\"search_term_string\"}}],\"inLanguage\":\"de\"},{\"@type\":\"Organization\",\"@id\":\"https:\\\/\\\/langeland-lolland.com\\\/de\\\/#organization\",\"name\":\"F\u00e4hre Langeland Lolland\",\"url\":\"https:\\\/\\\/langeland-lolland.com\\\/de\\\/\",\"logo\":{\"@type\":\"ImageObject\",\"inLanguage\":\"de\",\"@id\":\"https:\\\/\\\/langeland-lolland.com\\\/de\\\/#\\\/schema\\\/logo\\\/image\\\/\",\"url\":\"https:\\\/\\\/langeland-lolland.com\\\/de\\\/wp-content\\\/uploads\\\/sites\\\/3\\\/2025\\\/06\\\/langeland-lolland-ferry.png\",\"contentUrl\":\"https:\\\/\\\/langeland-lolland.com\\\/de\\\/wp-content\\\/uploads\\\/sites\\\/3\\\/2025\\\/06\\\/langeland-lolland-ferry.png\",\"width\":750,\"height\":125,\"caption\":\"F\u00e4hre Langeland Lolland\"},\"image\":{\"@id\":\"https:\\\/\\\/langeland-lolland.com\\\/de\\\/#\\\/schema\\\/logo\\\/image\\\/\"}}]}<\/script>\n<!-- \/ Yoast SEO plugin. -->","yoast_head_json":{"title":"Wettervorhersage - F\u00e4hre Langeland Lolland","description":"Aktuelle Wettervorhersage f\u00fcr die F\u00e4hr\u00fcberfahrt zwischen Langeland und Lolland \u00fcber den Langelandsb\u00e6lt.","robots":{"index":"index","follow":"follow","max-snippet":"max-snippet:-1","max-image-preview":"max-image-preview:large","max-video-preview":"max-video-preview:-1"},"canonical":"https:\/\/langeland-lolland.com\/de\/wettervorhersage\/","og_locale":"de_DE","og_type":"article","og_title":"Wettervorhersage - F\u00e4hre Langeland Lolland","og_description":"Aktuelle Wettervorhersage f\u00fcr die F\u00e4hr\u00fcberfahrt zwischen Langeland und Lolland \u00fcber den Langelandsb\u00e6lt.","og_url":"https:\/\/langeland-lolland.com\/de\/wettervorhersage\/","og_site_name":"F\u00e4hre Langeland Lolland","article_modified_time":"2025-07-07T10:29:02+00:00","twitter_card":"summary_large_image","twitter_misc":{"Gesch\u00e4tzte Lesezeit":"1\u00a0Minute"},"schema":{"@context":"https:\/\/schema.org","@graph":[{"@type":"WebPage","@id":"https:\/\/langeland-lolland.com\/de\/wettervorhersage\/","url":"https:\/\/langeland-lolland.com\/de\/wettervorhersage\/","name":"Wettervorhersage - F\u00e4hre Langeland Lolland","isPartOf":{"@id":"https:\/\/langeland-lolland.com\/de\/#website"},"datePublished":"2024-04-30T11:07:45+00:00","dateModified":"2025-07-07T10:29:02+00:00","description":"Aktuelle Wettervorhersage f\u00fcr die F\u00e4hr\u00fcberfahrt zwischen Langeland und Lolland \u00fcber den Langelandsb\u00e6lt.","breadcrumb":{"@id":"https:\/\/langeland-lolland.com\/de\/wettervorhersage\/#breadcrumb"},"inLanguage":"de","potentialAction":[{"@type":"ReadAction","target":["https:\/\/langeland-lolland.com\/de\/wettervorhersage\/"]}]},{"@type":"BreadcrumbList","@id":"https:\/\/langeland-lolland.com\/de\/wettervorhersage\/#breadcrumb","itemListElement":[{"@type":"ListItem","position":1,"name":"Home","item":"https:\/\/langeland-lolland.com\/de\/"},{"@type":"ListItem","position":2,"name":"Wettervorhersage"}]},{"@type":"WebSite","@id":"https:\/\/langeland-lolland.com\/de\/#website","url":"https:\/\/langeland-lolland.com\/de\/","name":"F\u00e4hre Langeland Lolland","description":"","publisher":{"@id":"https:\/\/langeland-lolland.com\/de\/#organization"},"potentialAction":[{"@type":"SearchAction","target":{"@type":"EntryPoint","urlTemplate":"https:\/\/langeland-lolland.com\/de\/?s={search_term_string}"},"query-input":{"@type":"PropertyValueSpecification","valueRequired":true,"valueName":"search_term_string"}}],"inLanguage":"de"},{"@type":"Organization","@id":"https:\/\/langeland-lolland.com\/de\/#organization","name":"F\u00e4hre Langeland Lolland","url":"https:\/\/langeland-lolland.com\/de\/","logo":{"@type":"ImageObject","inLanguage":"de","@id":"https:\/\/langeland-lolland.com\/de\/#\/schema\/logo\/image\/","url":"https:\/\/langeland-lolland.com\/de\/wp-content\/uploads\/sites\/3\/2025\/06\/langeland-lolland-ferry.png","contentUrl":"https:\/\/langeland-lolland.com\/de\/wp-content\/uploads\/sites\/3\/2025\/06\/langeland-lolland-ferry.png","width":750,"height":125,"caption":"F\u00e4hre Langeland Lolland"},"image":{"@id":"https:\/\/langeland-lolland.com\/de\/#\/schema\/logo\/image\/"}}]}},"_links":{"self":[{"href":"https:\/\/langeland-lolland.com\/de\/wp-json\/wp\/v2\/pages\/117","targetHints":{"allow":["GET"]}}],"collection":[{"href":"https:\/\/langeland-lolland.com\/de\/wp-json\/wp\/v2\/pages"}],"about":[{"href":"https:\/\/langeland-lolland.com\/de\/wp-json\/wp\/v2\/types\/page"}],"author":[{"embeddable":true,"href":"https:\/\/langeland-lolland.com\/de\/wp-json\/wp\/v2\/users\/2"}],"replies":[{"embeddable":true,"href":"https:\/\/langeland-lolland.com\/de\/wp-json\/wp\/v2\/comments?post=117"}],"version-history":[{"count":3,"href":"https:\/\/langeland-lolland.com\/de\/wp-json\/wp\/v2\/pages\/117\/revisions"}],"predecessor-version":[{"id":227,"href":"https:\/\/langeland-lolland.com\/de\/wp-json\/wp\/v2\/pages\/117\/revisions\/227"}],"wp:attachment":[{"href":"https:\/\/langeland-lolland.com\/de\/wp-json\/wp\/v2\/media?parent=117"}],"curies":[{"name":"wp","href":"https:\/\/api.w.org\/{rel}","templated":true}]}}