{"id":104,"date":"2024-04-30T09:26:35","date_gmt":"2024-04-30T09:26:35","guid":{"rendered":"https:\/\/langeland-lolland.com\/de\/?page_id=104"},"modified":"2025-07-07T10:08:41","modified_gmt":"2025-07-07T10:08:41","slug":"fahrplan","status":"publish","type":"page","link":"https:\/\/langeland-lolland.com\/de\/fahrplan\/","title":{"rendered":"Fahrplan der F\u00e4hre Langeland\u2013Lolland"},"content":{"rendered":"\n<p>An jedem Tag der Woche f\u00e4hrt mehrmals t\u00e4glich eine <a href=\"https:\/\/langeland-lolland.com\/de\/\">F\u00e4hre von Langeland nach Lolland<\/a>. Die F\u00e4hre legt vom Hafen Spodsbjerg ab und f\u00e4hrt zum Hafen T\u00e5rs.<\/p>\n\n\n\n<p>Die \u00dcberfahrten werden von Langelandslinjen durchgef\u00fchrt. Auf dieser Seite finden Sie den aktuellen Fahrplan dieser F\u00e4hrgesellschaft.<\/p>\n\n\n\n<h2 class=\"wp-block-heading\">Fahrplan Spodsbjerg \u2192 T\u00e5rs<\/h2>\n\n\n\n<p>Reisen Sie in Richtung Langeland nach Lolland und starten Sie vom <a href=\"https:\/\/langeland-lolland.com\/de\/spodsbjerg\/\">Hafen Spodsbjerg<\/a>? Dann pr\u00fcfen Sie bitte den folgenden Fahrplan.<\/p>\n\n\n\n<figure class=\"wp-block-table is-style-stripes has-small-font-size\"><table class=\"has-fixed-layout\"><thead><tr><th class=\"has-text-align-left\" data-align=\"left\">Abfahrt Spodsbjerg<\/th><th class=\"has-text-align-left\" data-align=\"left\">Ankunft T\u00e5rs<\/th><th class=\"has-text-align-left\" data-align=\"left\">Abfahrtstage<\/th><\/tr><\/thead><tbody><tr><td class=\"has-text-align-left\" data-align=\"left\">05:15 Uhr<\/td><td class=\"has-text-align-left\" data-align=\"left\">06:00 Uhr<\/td><td class=\"has-text-align-left\" data-align=\"left\">Montag bis Freitag<\/td><\/tr><tr><td class=\"has-text-align-left\" data-align=\"left\">06:15 Uhr<\/td><td class=\"has-text-align-left\" data-align=\"left\">07:00 Uhr<\/td><td class=\"has-text-align-left\" data-align=\"left\">Montag bis Sonntag<\/td><\/tr><tr><td class=\"has-text-align-left\" data-align=\"left\">07:15 Uhr<\/td><td class=\"has-text-align-left\" data-align=\"left\">08:00 Uhr<\/td><td class=\"has-text-align-left\" data-align=\"left\">Montag bis Sonntag<\/td><\/tr><tr><td class=\"has-text-align-left\" data-align=\"left\">08:15 Uhr<\/td><td class=\"has-text-align-left\" data-align=\"left\">09:00 Uhr<\/td><td class=\"has-text-align-left\" data-align=\"left\">Montag bis Sonntag<\/td><\/tr><tr><td class=\"has-text-align-left\" data-align=\"left\">09:15 Uhr<\/td><td class=\"has-text-align-left\" data-align=\"left\">10:00 Uhr<\/td><td class=\"has-text-align-left\" data-align=\"left\">Montag bis Sonntag<\/td><\/tr><tr><td class=\"has-text-align-left\" data-align=\"left\">10:15 Uhr<\/td><td class=\"has-text-align-left\" data-align=\"left\">11:00 Uhr<\/td><td class=\"has-text-align-left\" data-align=\"left\">Montag bis Sonntag<\/td><\/tr><tr><td class=\"has-text-align-left\" data-align=\"left\">11:15 Uhr<\/td><td class=\"has-text-align-left\" data-align=\"left\">12:00 Uhr<\/td><td class=\"has-text-align-left\" data-align=\"left\">Montag bis Sonntag<\/td><\/tr><tr><td class=\"has-text-align-left\" data-align=\"left\">12:15 Uhr<\/td><td class=\"has-text-align-left\" data-align=\"left\">13:00 Uhr<\/td><td class=\"has-text-align-left\" data-align=\"left\">Montag bis Sonntag<\/td><\/tr><tr><td class=\"has-text-align-left\" data-align=\"left\">13:15 Uhr<\/td><td class=\"has-text-align-left\" data-align=\"left\">14:00 Uhr<\/td><td class=\"has-text-align-left\" data-align=\"left\">Montag bis Sonntag<\/td><\/tr><tr><td class=\"has-text-align-left\" data-align=\"left\">14:15 Uhr<\/td><td class=\"has-text-align-left\" data-align=\"left\">15:00 Uhr<\/td><td class=\"has-text-align-left\" data-align=\"left\">Montag bis Sonntag<\/td><\/tr><tr><td class=\"has-text-align-left\" data-align=\"left\">15:15 Uhr<\/td><td class=\"has-text-align-left\" data-align=\"left\">16:00 Uhr<\/td><td class=\"has-text-align-left\" data-align=\"left\">Montag bis Sonntag<\/td><\/tr><tr><td class=\"has-text-align-left\" data-align=\"left\">16:15 Uhr<\/td><td class=\"has-text-align-left\" data-align=\"left\">17:00 Uhr<\/td><td class=\"has-text-align-left\" data-align=\"left\">Montag bis Sonntag<\/td><\/tr><tr><td class=\"has-text-align-left\" data-align=\"left\">17:15 Uhr<\/td><td class=\"has-text-align-left\" data-align=\"left\">18:00 Uhr<\/td><td class=\"has-text-align-left\" data-align=\"left\">Montag bis Sonntag<\/td><\/tr><tr><td class=\"has-text-align-left\" data-align=\"left\">18:15 Uhr<\/td><td class=\"has-text-align-left\" data-align=\"left\">19:00 Uhr<\/td><td class=\"has-text-align-left\" data-align=\"left\">Montag bis Sonntag<\/td><\/tr><tr><td class=\"has-text-align-left\" data-align=\"left\">19:15 Uhr<\/td><td class=\"has-text-align-left\" data-align=\"left\">20:00 Uhr<\/td><td class=\"has-text-align-left\" data-align=\"left\">Montag bis Sonntag<\/td><\/tr><tr><td class=\"has-text-align-left\" data-align=\"left\">20:15 Uhr<\/td><td class=\"has-text-align-left\" data-align=\"left\">21:00 Uhr<\/td><td class=\"has-text-align-left\" data-align=\"left\">Montag bis Sonntag<\/td><\/tr><tr><td class=\"has-text-align-left\" data-align=\"left\">21:15 Uhr<\/td><td class=\"has-text-align-left\" data-align=\"left\">22:00 Uhr<\/td><td class=\"has-text-align-left\" data-align=\"left\">Montag bis Sonntag<\/td><\/tr><tr><td class=\"has-text-align-left\" data-align=\"left\">22:15 Uhr<\/td><td class=\"has-text-align-left\" data-align=\"left\">23:00 Uhr<\/td><td class=\"has-text-align-left\" data-align=\"left\">Montag bis Freitag<\/td><\/tr><\/tbody><\/table><\/figure>\n\n\n\n<h2 class=\"wp-block-heading\">Fahrplan T\u00e5rs \u2192 Spodsbjerg<\/h2>\n\n\n\n<p>Unten sehen Sie den Fahrplan f\u00fcr die Gegenrichtung (also bei Abfahrt vom <a href=\"https:\/\/langeland-lolland.com\/de\/tars\/\">Hafen T\u00e5rs<\/a> in Lolland).<\/p>\n\n\n\n<figure class=\"wp-block-table is-style-stripes has-small-font-size\"><table class=\"has-fixed-layout\"><thead><tr><th class=\"has-text-align-left\" data-align=\"left\">Abfahrt T\u00e5rs<\/th><th class=\"has-text-align-left\" data-align=\"left\">Ankunft Spodsbjerg<\/th><th class=\"has-text-align-left\" data-align=\"left\">Abfahrtstage<\/th><\/tr><\/thead><tbody><tr><td class=\"has-text-align-left\" data-align=\"left\">05:15 Uhr<\/td><td class=\"has-text-align-left\" data-align=\"left\">06:00 Uhr<\/td><td class=\"has-text-align-left\" data-align=\"left\">Montag bis Freitag<\/td><\/tr><tr><td class=\"has-text-align-left\" data-align=\"left\">06:15 Uhr<\/td><td class=\"has-text-align-left\" data-align=\"left\">07:00 Uhr<\/td><td class=\"has-text-align-left\" data-align=\"left\">Montag bis Sonntag<\/td><\/tr><tr><td class=\"has-text-align-left\" data-align=\"left\">07:15 Uhr<\/td><td class=\"has-text-align-left\" data-align=\"left\">08:00 Uhr<\/td><td class=\"has-text-align-left\" data-align=\"left\">Montag bis Sonntag<\/td><\/tr><tr><td class=\"has-text-align-left\" data-align=\"left\">08:15 Uhr<\/td><td class=\"has-text-align-left\" data-align=\"left\">09:00 Uhr<\/td><td class=\"has-text-align-left\" data-align=\"left\">Montag bis Sonntag<\/td><\/tr><tr><td class=\"has-text-align-left\" data-align=\"left\">09:15 Uhr<\/td><td class=\"has-text-align-left\" data-align=\"left\">10:00 Uhr<\/td><td class=\"has-text-align-left\" data-align=\"left\">Montag bis Sonntag<\/td><\/tr><tr><td class=\"has-text-align-left\" data-align=\"left\">10:15 Uhr<\/td><td class=\"has-text-align-left\" data-align=\"left\">11:00 Uhr<\/td><td class=\"has-text-align-left\" data-align=\"left\">Montag bis Sonntag<\/td><\/tr><tr><td class=\"has-text-align-left\" data-align=\"left\">11:15 Uhr<\/td><td class=\"has-text-align-left\" data-align=\"left\">12:00 Uhr<\/td><td class=\"has-text-align-left\" data-align=\"left\">Montag bis Sonntag<\/td><\/tr><tr><td class=\"has-text-align-left\" data-align=\"left\">12:15 Uhr<\/td><td class=\"has-text-align-left\" data-align=\"left\">13:00 Uhr<\/td><td class=\"has-text-align-left\" data-align=\"left\">Montag bis Sonntag<\/td><\/tr><tr><td class=\"has-text-align-left\" data-align=\"left\">13:15 Uhr<\/td><td class=\"has-text-align-left\" data-align=\"left\">14:00 Uhr<\/td><td class=\"has-text-align-left\" data-align=\"left\">Montag bis Sonntag<\/td><\/tr><tr><td class=\"has-text-align-left\" data-align=\"left\">14:15 Uhr<\/td><td class=\"has-text-align-left\" data-align=\"left\">15:00 Uhr<\/td><td class=\"has-text-align-left\" data-align=\"left\">Montag bis Sonntag<\/td><\/tr><tr><td class=\"has-text-align-left\" data-align=\"left\">15:15 Uhr<\/td><td class=\"has-text-align-left\" data-align=\"left\">16:00 Uhr<\/td><td class=\"has-text-align-left\" data-align=\"left\">Montag bis Sonntag<\/td><\/tr><tr><td class=\"has-text-align-left\" data-align=\"left\">16:15 Uhr<\/td><td class=\"has-text-align-left\" data-align=\"left\">17:00 Uhr<\/td><td class=\"has-text-align-left\" data-align=\"left\">Montag bis Sonntag<\/td><\/tr><tr><td class=\"has-text-align-left\" data-align=\"left\">17:15 Uhr<\/td><td class=\"has-text-align-left\" data-align=\"left\">18:00 Uhr<\/td><td class=\"has-text-align-left\" data-align=\"left\">Montag bis Sonntag<\/td><\/tr><tr><td class=\"has-text-align-left\" data-align=\"left\">18:15 Uhr<\/td><td class=\"has-text-align-left\" data-align=\"left\">19:00 Uhr<\/td><td class=\"has-text-align-left\" data-align=\"left\">Montag bis Sonntag<\/td><\/tr><tr><td class=\"has-text-align-left\" data-align=\"left\">19:15 Uhr<\/td><td class=\"has-text-align-left\" data-align=\"left\">20:00 Uhr<\/td><td class=\"has-text-align-left\" data-align=\"left\">Montag bis Sonntag<\/td><\/tr><tr><td class=\"has-text-align-left\" data-align=\"left\">20:15 Uhr<\/td><td class=\"has-text-align-left\" data-align=\"left\">21:00 Uhr<\/td><td class=\"has-text-align-left\" data-align=\"left\">Montag bis Sonntag<\/td><\/tr><tr><td class=\"has-text-align-left\" data-align=\"left\">21:15 Uhr<\/td><td class=\"has-text-align-left\" data-align=\"left\">22:00 Uhr<\/td><td class=\"has-text-align-left\" data-align=\"left\">Montag bis Sonntag<\/td><\/tr><tr><td class=\"has-text-align-left\" data-align=\"left\">22:15 Uhr<\/td><td class=\"has-text-align-left\" data-align=\"left\">23:00 Uhr<\/td><td class=\"has-text-align-left\" data-align=\"left\">Montag bis Freitag<\/td><\/tr><\/tbody><\/table><\/figure>\n\n\n\n<h2 class=\"wp-block-heading\">Achtung: Seien Sie rechtzeitig zum Check-in<\/h2>\n\n\n\n<p>Die Abfahrtszeiten im obigen Fahrplan sind die tats\u00e4chlichen Abfahrtszeiten. Sie m\u00fcssen rechtzeitig vor Abfahrt (mit oder ohne Fahrzeug) am Terminal von <a href=\"https:\/\/langeland-lolland.com\/de\/langelandslinjen\/\">Langelandslinjen<\/a> eingecheckt sein.<\/p>\n\n\n\n<p>Ber\u00fccksichtigen Sie daher m\u00f6gliche Verkehrsdichte auf der Strecke. Es kann auch sinnvoll sein, sich \u00fcber die <a href=\"https:\/\/langeland-lolland.com\/de\/wettervorhersage\/\">Wettervorhersage<\/a> zu informieren.<\/p>\n","protected":false},"excerpt":{"rendered":"<p>An jedem Tag der Woche f\u00e4hrt mehrmals t\u00e4glich eine F\u00e4hre von Langeland nach Lolland. Die F\u00e4hre legt vom Hafen Spodsbjerg [&hellip;]<\/p>\n","protected":false},"author":2,"featured_media":0,"parent":0,"menu_order":0,"comment_status":"closed","ping_status":"closed","template":"","meta":{"inline_featured_image":false,"site-sidebar-layout":"default","site-content-layout":"","ast-site-content-layout":"default","site-content-style":"default","site-sidebar-style":"default","ast-global-header-display":"","ast-banner-title-visibility":"","ast-main-header-display":"","ast-hfb-above-header-display":"","ast-hfb-below-header-display":"","ast-hfb-mobile-header-display":"","site-post-title":"","ast-breadcrumbs-content":"","ast-featured-img":"","footer-sml-layout":"","ast-disable-related-posts":"","theme-transparent-header-meta":"","adv-header-id-meta":"","stick-header-meta":"","header-above-stick-meta":"","header-main-stick-meta":"","header-below-stick-meta":"","astra-migrate-meta-layouts":"default","ast-page-background-enabled":"default","ast-page-background-meta":{"desktop":{"background-color":"var(--ast-global-color-4)","background-image":"","background-repeat":"repeat","background-position":"center center","background-size":"auto","background-attachment":"scroll","background-type":"","background-media":"","overlay-type":"","overlay-color":"","overlay-opacity":"","overlay-gradient":""},"tablet":{"background-color":"","background-image":"","background-repeat":"repeat","background-position":"center center","background-size":"auto","background-attachment":"scroll","background-type":"","background-media":"","overlay-type":"","overlay-color":"","overlay-opacity":"","overlay-gradient":""},"mobile":{"background-color":"","background-image":"","background-repeat":"repeat","background-position":"center center","background-size":"auto","background-attachment":"scroll","background-type":"","background-media":"","overlay-type":"","overlay-color":"","overlay-opacity":"","overlay-gradient":""}},"ast-content-background-meta":{"desktop":{"background-color":"var(--ast-global-color-5)","background-image":"","background-repeat":"repeat","background-position":"center center","background-size":"auto","background-attachment":"scroll","background-type":"","background-media":"","overlay-type":"","overlay-color":"","overlay-opacity":"","overlay-gradient":""},"tablet":{"background-color":"var(--ast-global-color-5)","background-image":"","background-repeat":"repeat","background-position":"center center","background-size":"auto","background-attachment":"scroll","background-type":"","background-media":"","overlay-type":"","overlay-color":"","overlay-opacity":"","overlay-gradient":""},"mobile":{"background-color":"var(--ast-global-color-5)","background-image":"","background-repeat":"repeat","background-position":"center center","background-size":"auto","background-attachment":"scroll","background-type":"","background-media":"","overlay-type":"","overlay-color":"","overlay-opacity":"","overlay-gradient":""}},"footnotes":""},"class_list":["post-104","page","type-page","status-publish","hentry"],"yoast_head":"<!-- This site is optimized with the Yoast SEO plugin v27.4 - https:\/\/yoast.com\/product\/yoast-seo-wordpress\/ -->\n<title>Fahrplan der F\u00e4hre Langeland\u2013Lolland<\/title>\n<meta name=\"description\" content=\"Entdecken Sie den vollst\u00e4ndigen Fahrplan der F\u00e4hr\u00fcberfahrt Langeland\u2013Lolland (Langelandslinjen).\" \/>\n<meta name=\"robots\" content=\"index, follow, max-snippet:-1, max-image-preview:large, max-video-preview:-1\" \/>\n<link rel=\"canonical\" href=\"https:\/\/langeland-lolland.com\/de\/fahrplan\/\" \/>\n<meta property=\"og:locale\" content=\"de_DE\" \/>\n<meta property=\"og:type\" content=\"article\" \/>\n<meta property=\"og:title\" content=\"Fahrplan der F\u00e4hre Langeland\u2013Lolland\" \/>\n<meta property=\"og:description\" content=\"Entdecken Sie den vollst\u00e4ndigen Fahrplan der F\u00e4hr\u00fcberfahrt Langeland\u2013Lolland (Langelandslinjen).\" \/>\n<meta property=\"og:url\" content=\"https:\/\/langeland-lolland.com\/de\/fahrplan\/\" \/>\n<meta property=\"og:site_name\" content=\"F\u00e4hre Langeland Lolland\" \/>\n<meta property=\"article:modified_time\" content=\"2025-07-07T10:08:41+00:00\" \/>\n<meta name=\"twitter:card\" content=\"summary_large_image\" \/>\n<meta name=\"twitter:label1\" content=\"Gesch\u00e4tzte Lesezeit\" \/>\n\t<meta name=\"twitter:data1\" content=\"3\u00a0Minuten\" \/>\n<script type=\"application\/ld+json\" class=\"yoast-schema-graph\">{\"@context\":\"https:\\\/\\\/schema.org\",\"@graph\":[{\"@type\":\"WebPage\",\"@id\":\"https:\\\/\\\/langeland-lolland.com\\\/de\\\/fahrplan\\\/\",\"url\":\"https:\\\/\\\/langeland-lolland.com\\\/de\\\/fahrplan\\\/\",\"name\":\"Fahrplan der F\u00e4hre Langeland\u2013Lolland\",\"isPartOf\":{\"@id\":\"https:\\\/\\\/langeland-lolland.com\\\/de\\\/#website\"},\"datePublished\":\"2024-04-30T09:26:35+00:00\",\"dateModified\":\"2025-07-07T10:08:41+00:00\",\"description\":\"Entdecken Sie den vollst\u00e4ndigen Fahrplan der F\u00e4hr\u00fcberfahrt Langeland\u2013Lolland (Langelandslinjen).\",\"breadcrumb\":{\"@id\":\"https:\\\/\\\/langeland-lolland.com\\\/de\\\/fahrplan\\\/#breadcrumb\"},\"inLanguage\":\"de\",\"potentialAction\":[{\"@type\":\"ReadAction\",\"target\":[\"https:\\\/\\\/langeland-lolland.com\\\/de\\\/fahrplan\\\/\"]}]},{\"@type\":\"BreadcrumbList\",\"@id\":\"https:\\\/\\\/langeland-lolland.com\\\/de\\\/fahrplan\\\/#breadcrumb\",\"itemListElement\":[{\"@type\":\"ListItem\",\"position\":1,\"name\":\"Home\",\"item\":\"https:\\\/\\\/langeland-lolland.com\\\/de\\\/\"},{\"@type\":\"ListItem\",\"position\":2,\"name\":\"Fahrplan der F\u00e4hre Langeland\u2013Lolland\"}]},{\"@type\":\"WebSite\",\"@id\":\"https:\\\/\\\/langeland-lolland.com\\\/de\\\/#website\",\"url\":\"https:\\\/\\\/langeland-lolland.com\\\/de\\\/\",\"name\":\"F\u00e4hre Langeland Lolland\",\"description\":\"\",\"publisher\":{\"@id\":\"https:\\\/\\\/langeland-lolland.com\\\/de\\\/#organization\"},\"potentialAction\":[{\"@type\":\"SearchAction\",\"target\":{\"@type\":\"EntryPoint\",\"urlTemplate\":\"https:\\\/\\\/langeland-lolland.com\\\/de\\\/?s={search_term_string}\"},\"query-input\":{\"@type\":\"PropertyValueSpecification\",\"valueRequired\":true,\"valueName\":\"search_term_string\"}}],\"inLanguage\":\"de\"},{\"@type\":\"Organization\",\"@id\":\"https:\\\/\\\/langeland-lolland.com\\\/de\\\/#organization\",\"name\":\"F\u00e4hre Langeland Lolland\",\"url\":\"https:\\\/\\\/langeland-lolland.com\\\/de\\\/\",\"logo\":{\"@type\":\"ImageObject\",\"inLanguage\":\"de\",\"@id\":\"https:\\\/\\\/langeland-lolland.com\\\/de\\\/#\\\/schema\\\/logo\\\/image\\\/\",\"url\":\"https:\\\/\\\/langeland-lolland.com\\\/de\\\/wp-content\\\/uploads\\\/sites\\\/3\\\/2025\\\/06\\\/langeland-lolland-ferry.png\",\"contentUrl\":\"https:\\\/\\\/langeland-lolland.com\\\/de\\\/wp-content\\\/uploads\\\/sites\\\/3\\\/2025\\\/06\\\/langeland-lolland-ferry.png\",\"width\":750,\"height\":125,\"caption\":\"F\u00e4hre Langeland Lolland\"},\"image\":{\"@id\":\"https:\\\/\\\/langeland-lolland.com\\\/de\\\/#\\\/schema\\\/logo\\\/image\\\/\"}}]}<\/script>\n<!-- \/ Yoast SEO plugin. -->","yoast_head_json":{"title":"Fahrplan der F\u00e4hre Langeland\u2013Lolland","description":"Entdecken Sie den vollst\u00e4ndigen Fahrplan der F\u00e4hr\u00fcberfahrt Langeland\u2013Lolland (Langelandslinjen).","robots":{"index":"index","follow":"follow","max-snippet":"max-snippet:-1","max-image-preview":"max-image-preview:large","max-video-preview":"max-video-preview:-1"},"canonical":"https:\/\/langeland-lolland.com\/de\/fahrplan\/","og_locale":"de_DE","og_type":"article","og_title":"Fahrplan der F\u00e4hre Langeland\u2013Lolland","og_description":"Entdecken Sie den vollst\u00e4ndigen Fahrplan der F\u00e4hr\u00fcberfahrt Langeland\u2013Lolland (Langelandslinjen).","og_url":"https:\/\/langeland-lolland.com\/de\/fahrplan\/","og_site_name":"F\u00e4hre Langeland Lolland","article_modified_time":"2025-07-07T10:08:41+00:00","twitter_card":"summary_large_image","twitter_misc":{"Gesch\u00e4tzte Lesezeit":"3\u00a0Minuten"},"schema":{"@context":"https:\/\/schema.org","@graph":[{"@type":"WebPage","@id":"https:\/\/langeland-lolland.com\/de\/fahrplan\/","url":"https:\/\/langeland-lolland.com\/de\/fahrplan\/","name":"Fahrplan der F\u00e4hre Langeland\u2013Lolland","isPartOf":{"@id":"https:\/\/langeland-lolland.com\/de\/#website"},"datePublished":"2024-04-30T09:26:35+00:00","dateModified":"2025-07-07T10:08:41+00:00","description":"Entdecken Sie den vollst\u00e4ndigen Fahrplan der F\u00e4hr\u00fcberfahrt Langeland\u2013Lolland (Langelandslinjen).","breadcrumb":{"@id":"https:\/\/langeland-lolland.com\/de\/fahrplan\/#breadcrumb"},"inLanguage":"de","potentialAction":[{"@type":"ReadAction","target":["https:\/\/langeland-lolland.com\/de\/fahrplan\/"]}]},{"@type":"BreadcrumbList","@id":"https:\/\/langeland-lolland.com\/de\/fahrplan\/#breadcrumb","itemListElement":[{"@type":"ListItem","position":1,"name":"Home","item":"https:\/\/langeland-lolland.com\/de\/"},{"@type":"ListItem","position":2,"name":"Fahrplan der F\u00e4hre Langeland\u2013Lolland"}]},{"@type":"WebSite","@id":"https:\/\/langeland-lolland.com\/de\/#website","url":"https:\/\/langeland-lolland.com\/de\/","name":"F\u00e4hre Langeland Lolland","description":"","publisher":{"@id":"https:\/\/langeland-lolland.com\/de\/#organization"},"potentialAction":[{"@type":"SearchAction","target":{"@type":"EntryPoint","urlTemplate":"https:\/\/langeland-lolland.com\/de\/?s={search_term_string}"},"query-input":{"@type":"PropertyValueSpecification","valueRequired":true,"valueName":"search_term_string"}}],"inLanguage":"de"},{"@type":"Organization","@id":"https:\/\/langeland-lolland.com\/de\/#organization","name":"F\u00e4hre Langeland Lolland","url":"https:\/\/langeland-lolland.com\/de\/","logo":{"@type":"ImageObject","inLanguage":"de","@id":"https:\/\/langeland-lolland.com\/de\/#\/schema\/logo\/image\/","url":"https:\/\/langeland-lolland.com\/de\/wp-content\/uploads\/sites\/3\/2025\/06\/langeland-lolland-ferry.png","contentUrl":"https:\/\/langeland-lolland.com\/de\/wp-content\/uploads\/sites\/3\/2025\/06\/langeland-lolland-ferry.png","width":750,"height":125,"caption":"F\u00e4hre Langeland Lolland"},"image":{"@id":"https:\/\/langeland-lolland.com\/de\/#\/schema\/logo\/image\/"}}]}},"_links":{"self":[{"href":"https:\/\/langeland-lolland.com\/de\/wp-json\/wp\/v2\/pages\/104","targetHints":{"allow":["GET"]}}],"collection":[{"href":"https:\/\/langeland-lolland.com\/de\/wp-json\/wp\/v2\/pages"}],"about":[{"href":"https:\/\/langeland-lolland.com\/de\/wp-json\/wp\/v2\/types\/page"}],"author":[{"embeddable":true,"href":"https:\/\/langeland-lolland.com\/de\/wp-json\/wp\/v2\/users\/2"}],"replies":[{"embeddable":true,"href":"https:\/\/langeland-lolland.com\/de\/wp-json\/wp\/v2\/comments?post=104"}],"version-history":[{"count":5,"href":"https:\/\/langeland-lolland.com\/de\/wp-json\/wp\/v2\/pages\/104\/revisions"}],"predecessor-version":[{"id":223,"href":"https:\/\/langeland-lolland.com\/de\/wp-json\/wp\/v2\/pages\/104\/revisions\/223"}],"wp:attachment":[{"href":"https:\/\/langeland-lolland.com\/de\/wp-json\/wp\/v2\/media?parent=104"}],"curies":[{"name":"wp","href":"https:\/\/api.w.org\/{rel}","templated":true}]}}