{"id":76,"date":"2024-05-15T08:45:36","date_gmt":"2024-05-15T08:45:36","guid":{"rendered":"https:\/\/langeland-lolland.com\/da\/?page_id=76"},"modified":"2025-07-07T13:41:18","modified_gmt":"2025-07-07T13:41:18","slug":"vejrudsigt","status":"publish","type":"page","link":"https:\/\/langeland-lolland.com\/da\/vejrudsigt\/","title":{"rendered":"Vejrudsigt"},"content":{"rendered":"\n<p>Hvordan bliver vejret, n\u00e5r du ankommer? Og hvad med vejret under overfarten? P\u00e5 denne side viser vi vejrudsigten for de kommende dage: fra temperaturen p\u00e5 Lolland til b\u00f8lgeh\u00f8jderne p\u00e5 ruten.<\/p>\n\n\n\n<h2 class=\"wp-block-heading\">Vejret i Spodsbjerg p\u00e5 Langeland<\/h2>\n\n\n\n<p>Se nedenfor 5-dages vejrudsigten for <a href=\"https:\/\/langeland-lolland.com\/da\/spodsbjerg\/\">havnen i Spodsbjerg<\/a> p\u00e5 Langeland.<\/p>\n\n\n<p><iframe width=\"650\" height=\"187\" src=\"https:\/\/embed.windy.com\/embed.html?type=forecast&#038;location=coordinates&#038;detail=true&#038;detailLat=54.934975127673596&#038;detailLon=10.833666573158297&#038;metricTemp=default&#038;metricRain=default&#038;metricWind=default\" frameborder=\"0\"><\/iframe><\/p>\n\n\n\n<h2 class=\"wp-block-heading\">Vejret i T\u00e5rs Havn (Lolland)<\/h2>\n\n\n\n<p>Nedenfor finder du vejrudsigten for de n\u00e6ste fem dage for <a href=\"https:\/\/langeland-lolland.com\/da\/tars\/\">havnen i T\u00e5rs<\/a>.<\/p>\n\n\n<p><iframe width=\"650\" height=\"187\" src=\"https:\/\/embed.windy.com\/embed.html?type=forecast&#038;location=coordinates&#038;detail=true&#038;detailLat=54.87602876615651&#038;detailLon=11.030724101503722&#038;metricTemp=default&#038;metricRain=default&#038;metricWind=default\" frameborder=\"0\"><\/iframe><\/p>\n\n\n\n<h2 class=\"wp-block-heading\">Vejrudsigt Langelandsb\u00e6lt<\/h2>\n\n\n\n<p>Vil det blive stormfuldt under overfarten? Og hvad med temperaturen? Se vejrudsigten for Langelandsb\u00e6lt nedenfor, farvandet mellem Langeland og Lolland.<\/p>\n\n\n<p><iframe width=\"650\" height=\"450\" src=\"https:\/\/embed.windy.com\/embed.html?type=map&#038;location=coordinates&#038;metricRain=default&#038;metricTemp=default&#038;metricWind=default&#038;zoom=11&#038;overlay=waves&#038;product=ecmwfWaves&#038;level=surface&#038;lat=54.904&#038;lon=10.869\" frameborder=\"0\"><\/iframe><\/p>\n","protected":false},"excerpt":{"rendered":"<p>Hvordan bliver vejret, n\u00e5r du ankommer? Og hvad med vejret under overfarten? P\u00e5 denne side viser vi vejrudsigten for de [&hellip;]<\/p>\n","protected":false},"author":2,"featured_media":0,"parent":0,"menu_order":0,"comment_status":"closed","ping_status":"closed","template":"","meta":{"inline_featured_image":false,"site-sidebar-layout":"default","site-content-layout":"","ast-site-content-layout":"default","site-content-style":"default","site-sidebar-style":"default","ast-global-header-display":"","ast-banner-title-visibility":"","ast-main-header-display":"","ast-hfb-above-header-display":"","ast-hfb-below-header-display":"","ast-hfb-mobile-header-display":"","site-post-title":"","ast-breadcrumbs-content":"","ast-featured-img":"","footer-sml-layout":"","ast-disable-related-posts":"","theme-transparent-header-meta":"","adv-header-id-meta":"","stick-header-meta":"","header-above-stick-meta":"","header-main-stick-meta":"","header-below-stick-meta":"","astra-migrate-meta-layouts":"default","ast-page-background-enabled":"default","ast-page-background-meta":{"desktop":{"background-color":"var(--ast-global-color-4)","background-image":"","background-repeat":"repeat","background-position":"center center","background-size":"auto","background-attachment":"scroll","background-type":"","background-media":"","overlay-type":"","overlay-color":"","overlay-opacity":"","overlay-gradient":""},"tablet":{"background-color":"","background-image":"","background-repeat":"repeat","background-position":"center center","background-size":"auto","background-attachment":"scroll","background-type":"","background-media":"","overlay-type":"","overlay-color":"","overlay-opacity":"","overlay-gradient":""},"mobile":{"background-color":"","background-image":"","background-repeat":"repeat","background-position":"center center","background-size":"auto","background-attachment":"scroll","background-type":"","background-media":"","overlay-type":"","overlay-color":"","overlay-opacity":"","overlay-gradient":""}},"ast-content-background-meta":{"desktop":{"background-color":"var(--ast-global-color-5)","background-image":"","background-repeat":"repeat","background-position":"center center","background-size":"auto","background-attachment":"scroll","background-type":"","background-media":"","overlay-type":"","overlay-color":"","overlay-opacity":"","overlay-gradient":""},"tablet":{"background-color":"var(--ast-global-color-5)","background-image":"","background-repeat":"repeat","background-position":"center center","background-size":"auto","background-attachment":"scroll","background-type":"","background-media":"","overlay-type":"","overlay-color":"","overlay-opacity":"","overlay-gradient":""},"mobile":{"background-color":"var(--ast-global-color-5)","background-image":"","background-repeat":"repeat","background-position":"center center","background-size":"auto","background-attachment":"scroll","background-type":"","background-media":"","overlay-type":"","overlay-color":"","overlay-opacity":"","overlay-gradient":""}},"footnotes":""},"class_list":["post-76","page","type-page","status-publish","hentry"],"yoast_head":"<!-- This site is optimized with the Yoast SEO plugin v27.4 - https:\/\/yoast.com\/product\/yoast-seo-wordpress\/ -->\n<title>Vejrudsigt Langeland Lolland f\u00e6rge (Langelandsb\u00e6lt)<\/title>\n<meta name=\"description\" content=\"Find den aktuelle vejrudsigt under f\u00e6rgeoverfarten mellem Langeland og Lolland (Langelandsb\u00e6lt).\" \/>\n<meta name=\"robots\" content=\"index, follow, max-snippet:-1, max-image-preview:large, max-video-preview:-1\" \/>\n<link rel=\"canonical\" href=\"https:\/\/langeland-lolland.com\/da\/vejrudsigt\/\" \/>\n<meta property=\"og:locale\" content=\"da_DK\" \/>\n<meta property=\"og:type\" content=\"article\" \/>\n<meta property=\"og:title\" content=\"Vejrudsigt Langeland Lolland f\u00e6rge (Langelandsb\u00e6lt)\" \/>\n<meta property=\"og:description\" content=\"Find den aktuelle vejrudsigt under f\u00e6rgeoverfarten mellem Langeland og Lolland (Langelandsb\u00e6lt).\" \/>\n<meta property=\"og:url\" content=\"https:\/\/langeland-lolland.com\/da\/vejrudsigt\/\" \/>\n<meta property=\"og:site_name\" content=\"Langeland Lolland f\u00e6rge\" \/>\n<meta property=\"article:modified_time\" content=\"2025-07-07T13:41:18+00:00\" \/>\n<meta name=\"twitter:card\" content=\"summary_large_image\" \/>\n<meta name=\"twitter:label1\" content=\"Estimeret l\u00e6setid\" \/>\n\t<meta name=\"twitter:data1\" content=\"1 minut\" \/>\n<script type=\"application\/ld+json\" class=\"yoast-schema-graph\">{\"@context\":\"https:\\\/\\\/schema.org\",\"@graph\":[{\"@type\":\"WebPage\",\"@id\":\"https:\\\/\\\/langeland-lolland.com\\\/da\\\/vejrudsigt\\\/\",\"url\":\"https:\\\/\\\/langeland-lolland.com\\\/da\\\/vejrudsigt\\\/\",\"name\":\"Vejrudsigt Langeland Lolland f\u00e6rge (Langelandsb\u00e6lt)\",\"isPartOf\":{\"@id\":\"https:\\\/\\\/langeland-lolland.com\\\/da\\\/#website\"},\"datePublished\":\"2024-05-15T08:45:36+00:00\",\"dateModified\":\"2025-07-07T13:41:18+00:00\",\"description\":\"Find den aktuelle vejrudsigt under f\u00e6rgeoverfarten mellem Langeland og Lolland (Langelandsb\u00e6lt).\",\"breadcrumb\":{\"@id\":\"https:\\\/\\\/langeland-lolland.com\\\/da\\\/vejrudsigt\\\/#breadcrumb\"},\"inLanguage\":\"da-DK\",\"potentialAction\":[{\"@type\":\"ReadAction\",\"target\":[\"https:\\\/\\\/langeland-lolland.com\\\/da\\\/vejrudsigt\\\/\"]}]},{\"@type\":\"BreadcrumbList\",\"@id\":\"https:\\\/\\\/langeland-lolland.com\\\/da\\\/vejrudsigt\\\/#breadcrumb\",\"itemListElement\":[{\"@type\":\"ListItem\",\"position\":1,\"name\":\"Home\",\"item\":\"https:\\\/\\\/langeland-lolland.com\\\/da\\\/\"},{\"@type\":\"ListItem\",\"position\":2,\"name\":\"Vejrudsigt\"}]},{\"@type\":\"WebSite\",\"@id\":\"https:\\\/\\\/langeland-lolland.com\\\/da\\\/#website\",\"url\":\"https:\\\/\\\/langeland-lolland.com\\\/da\\\/\",\"name\":\"Langeland Lolland f\u00e6rge\",\"description\":\"\",\"publisher\":{\"@id\":\"https:\\\/\\\/langeland-lolland.com\\\/da\\\/#organization\"},\"potentialAction\":[{\"@type\":\"SearchAction\",\"target\":{\"@type\":\"EntryPoint\",\"urlTemplate\":\"https:\\\/\\\/langeland-lolland.com\\\/da\\\/?s={search_term_string}\"},\"query-input\":{\"@type\":\"PropertyValueSpecification\",\"valueRequired\":true,\"valueName\":\"search_term_string\"}}],\"inLanguage\":\"da-DK\"},{\"@type\":\"Organization\",\"@id\":\"https:\\\/\\\/langeland-lolland.com\\\/da\\\/#organization\",\"name\":\"Langeland Lolland f\u00e6rge\",\"url\":\"https:\\\/\\\/langeland-lolland.com\\\/da\\\/\",\"logo\":{\"@type\":\"ImageObject\",\"inLanguage\":\"da-DK\",\"@id\":\"https:\\\/\\\/langeland-lolland.com\\\/da\\\/#\\\/schema\\\/logo\\\/image\\\/\",\"url\":\"https:\\\/\\\/langeland-lolland.com\\\/da\\\/wp-content\\\/uploads\\\/sites\\\/6\\\/2025\\\/06\\\/langeland-lolland-ferry.png\",\"contentUrl\":\"https:\\\/\\\/langeland-lolland.com\\\/da\\\/wp-content\\\/uploads\\\/sites\\\/6\\\/2025\\\/06\\\/langeland-lolland-ferry.png\",\"width\":750,\"height\":125,\"caption\":\"Langeland Lolland f\u00e6rge\"},\"image\":{\"@id\":\"https:\\\/\\\/langeland-lolland.com\\\/da\\\/#\\\/schema\\\/logo\\\/image\\\/\"}}]}<\/script>\n<!-- \/ Yoast SEO plugin. -->","yoast_head_json":{"title":"Vejrudsigt Langeland Lolland f\u00e6rge (Langelandsb\u00e6lt)","description":"Find den aktuelle vejrudsigt under f\u00e6rgeoverfarten mellem Langeland og Lolland (Langelandsb\u00e6lt).","robots":{"index":"index","follow":"follow","max-snippet":"max-snippet:-1","max-image-preview":"max-image-preview:large","max-video-preview":"max-video-preview:-1"},"canonical":"https:\/\/langeland-lolland.com\/da\/vejrudsigt\/","og_locale":"da_DK","og_type":"article","og_title":"Vejrudsigt Langeland Lolland f\u00e6rge (Langelandsb\u00e6lt)","og_description":"Find den aktuelle vejrudsigt under f\u00e6rgeoverfarten mellem Langeland og Lolland (Langelandsb\u00e6lt).","og_url":"https:\/\/langeland-lolland.com\/da\/vejrudsigt\/","og_site_name":"Langeland Lolland f\u00e6rge","article_modified_time":"2025-07-07T13:41:18+00:00","twitter_card":"summary_large_image","twitter_misc":{"Estimeret l\u00e6setid":"1 minut"},"schema":{"@context":"https:\/\/schema.org","@graph":[{"@type":"WebPage","@id":"https:\/\/langeland-lolland.com\/da\/vejrudsigt\/","url":"https:\/\/langeland-lolland.com\/da\/vejrudsigt\/","name":"Vejrudsigt Langeland Lolland f\u00e6rge (Langelandsb\u00e6lt)","isPartOf":{"@id":"https:\/\/langeland-lolland.com\/da\/#website"},"datePublished":"2024-05-15T08:45:36+00:00","dateModified":"2025-07-07T13:41:18+00:00","description":"Find den aktuelle vejrudsigt under f\u00e6rgeoverfarten mellem Langeland og Lolland (Langelandsb\u00e6lt).","breadcrumb":{"@id":"https:\/\/langeland-lolland.com\/da\/vejrudsigt\/#breadcrumb"},"inLanguage":"da-DK","potentialAction":[{"@type":"ReadAction","target":["https:\/\/langeland-lolland.com\/da\/vejrudsigt\/"]}]},{"@type":"BreadcrumbList","@id":"https:\/\/langeland-lolland.com\/da\/vejrudsigt\/#breadcrumb","itemListElement":[{"@type":"ListItem","position":1,"name":"Home","item":"https:\/\/langeland-lolland.com\/da\/"},{"@type":"ListItem","position":2,"name":"Vejrudsigt"}]},{"@type":"WebSite","@id":"https:\/\/langeland-lolland.com\/da\/#website","url":"https:\/\/langeland-lolland.com\/da\/","name":"Langeland Lolland f\u00e6rge","description":"","publisher":{"@id":"https:\/\/langeland-lolland.com\/da\/#organization"},"potentialAction":[{"@type":"SearchAction","target":{"@type":"EntryPoint","urlTemplate":"https:\/\/langeland-lolland.com\/da\/?s={search_term_string}"},"query-input":{"@type":"PropertyValueSpecification","valueRequired":true,"valueName":"search_term_string"}}],"inLanguage":"da-DK"},{"@type":"Organization","@id":"https:\/\/langeland-lolland.com\/da\/#organization","name":"Langeland Lolland f\u00e6rge","url":"https:\/\/langeland-lolland.com\/da\/","logo":{"@type":"ImageObject","inLanguage":"da-DK","@id":"https:\/\/langeland-lolland.com\/da\/#\/schema\/logo\/image\/","url":"https:\/\/langeland-lolland.com\/da\/wp-content\/uploads\/sites\/6\/2025\/06\/langeland-lolland-ferry.png","contentUrl":"https:\/\/langeland-lolland.com\/da\/wp-content\/uploads\/sites\/6\/2025\/06\/langeland-lolland-ferry.png","width":750,"height":125,"caption":"Langeland Lolland f\u00e6rge"},"image":{"@id":"https:\/\/langeland-lolland.com\/da\/#\/schema\/logo\/image\/"}}]}},"_links":{"self":[{"href":"https:\/\/langeland-lolland.com\/da\/wp-json\/wp\/v2\/pages\/76","targetHints":{"allow":["GET"]}}],"collection":[{"href":"https:\/\/langeland-lolland.com\/da\/wp-json\/wp\/v2\/pages"}],"about":[{"href":"https:\/\/langeland-lolland.com\/da\/wp-json\/wp\/v2\/types\/page"}],"author":[{"embeddable":true,"href":"https:\/\/langeland-lolland.com\/da\/wp-json\/wp\/v2\/users\/2"}],"replies":[{"embeddable":true,"href":"https:\/\/langeland-lolland.com\/da\/wp-json\/wp\/v2\/comments?post=76"}],"version-history":[{"count":3,"href":"https:\/\/langeland-lolland.com\/da\/wp-json\/wp\/v2\/pages\/76\/revisions"}],"predecessor-version":[{"id":176,"href":"https:\/\/langeland-lolland.com\/da\/wp-json\/wp\/v2\/pages\/76\/revisions\/176"}],"wp:attachment":[{"href":"https:\/\/langeland-lolland.com\/da\/wp-json\/wp\/v2\/media?parent=76"}],"curies":[{"name":"wp","href":"https:\/\/api.w.org\/{rel}","templated":true}]}}