{"id":74,"date":"2024-05-15T08:42:39","date_gmt":"2024-05-15T08:42:39","guid":{"rendered":"https:\/\/langeland-lolland.com\/da\/?page_id=74"},"modified":"2025-07-07T13:33:09","modified_gmt":"2025-07-07T13:33:09","slug":"sejltid","status":"publish","type":"page","link":"https:\/\/langeland-lolland.com\/da\/sejltid\/","title":{"rendered":"Langeland Lolland f\u00e6rge sejltid"},"content":{"rendered":"\n<p>Hver dag i ugen er der flere f\u00e6rgeafgange om dagen <a href=\"\/da\/\">fra Langeland til Lolland<\/a>. F\u00e6rgen afg\u00e5r fra Spodsbjerg havn til T\u00e5rs havn.<\/p>\n\n\n\n<p>Overfarterne drives af Langelandslinjen. P\u00e5 denne side finder du de aktuelle sejltider for dette f\u00e6rgeselskab.<\/p>\n\n\n\n<h2 class=\"wp-block-heading\">Sejltid Spodsbjerg \u2192 T\u00e5rs<\/h2>\n\n\n\n<p>Rejser du i retning af Langeland til Lolland og afg\u00e5r du fra <a href=\"https:\/\/langeland-lolland.com\/da\/spodsbjerg\/\">Spodsbjerg havn<\/a>? S\u00e5 tjek k\u00f8replanen nedenfor.<\/p>\n\n\n\n<figure class=\"wp-block-table is-style-stripes has-small-font-size\"><table class=\"has-fixed-layout\"><thead><tr><th class=\"has-text-align-left\" data-align=\"left\">Afgang fra Spodsbjerg<\/th><th class=\"has-text-align-left\" data-align=\"left\">Ankomst til T\u00e5rs<\/th><th class=\"has-text-align-left\" data-align=\"left\">Afgangsdage<\/th><\/tr><\/thead><tbody><tr><td class=\"has-text-align-left\" data-align=\"left\">05:15<\/td><td class=\"has-text-align-left\" data-align=\"left\">06:00<\/td><td class=\"has-text-align-left\" data-align=\"left\">Mandag til fredag<\/td><\/tr><tr><td class=\"has-text-align-left\" data-align=\"left\">06:15<\/td><td class=\"has-text-align-left\" data-align=\"left\">07:00<\/td><td class=\"has-text-align-left\" data-align=\"left\">Mandag til s\u00f8ndag<\/td><\/tr><tr><td class=\"has-text-align-left\" data-align=\"left\">07:15<\/td><td class=\"has-text-align-left\" data-align=\"left\">08:00<\/td><td class=\"has-text-align-left\" data-align=\"left\">Mandag til s\u00f8ndag<\/td><\/tr><tr><td class=\"has-text-align-left\" data-align=\"left\">08:15<\/td><td class=\"has-text-align-left\" data-align=\"left\">09:00<\/td><td class=\"has-text-align-left\" data-align=\"left\">Mandag til s\u00f8ndag<\/td><\/tr><tr><td class=\"has-text-align-left\" data-align=\"left\">09:15<\/td><td class=\"has-text-align-left\" data-align=\"left\">10:00<\/td><td class=\"has-text-align-left\" data-align=\"left\">Mandag til s\u00f8ndag<\/td><\/tr><tr><td class=\"has-text-align-left\" data-align=\"left\">10:15<\/td><td class=\"has-text-align-left\" data-align=\"left\">11:00<\/td><td class=\"has-text-align-left\" data-align=\"left\">Mandag til s\u00f8ndag<\/td><\/tr><tr><td class=\"has-text-align-left\" data-align=\"left\">11:15<\/td><td class=\"has-text-align-left\" data-align=\"left\">12:00<\/td><td class=\"has-text-align-left\" data-align=\"left\">Mandag til s\u00f8ndag<\/td><\/tr><tr><td class=\"has-text-align-left\" data-align=\"left\">12:15<\/td><td class=\"has-text-align-left\" data-align=\"left\">13:00<\/td><td class=\"has-text-align-left\" data-align=\"left\">Mandag til s\u00f8ndag<\/td><\/tr><tr><td class=\"has-text-align-left\" data-align=\"left\">13:15<\/td><td class=\"has-text-align-left\" data-align=\"left\">14:00<\/td><td class=\"has-text-align-left\" data-align=\"left\">Mandag til s\u00f8ndag<\/td><\/tr><tr><td class=\"has-text-align-left\" data-align=\"left\">14:15<\/td><td class=\"has-text-align-left\" data-align=\"left\">15:00<\/td><td class=\"has-text-align-left\" data-align=\"left\">Mandag til s\u00f8ndag<\/td><\/tr><tr><td class=\"has-text-align-left\" data-align=\"left\">15:15<\/td><td class=\"has-text-align-left\" data-align=\"left\">16:00<\/td><td class=\"has-text-align-left\" data-align=\"left\">Mandag til s\u00f8ndag<\/td><\/tr><tr><td class=\"has-text-align-left\" data-align=\"left\">16:15<\/td><td class=\"has-text-align-left\" data-align=\"left\">17:00<\/td><td class=\"has-text-align-left\" data-align=\"left\">Mandag til s\u00f8ndag<\/td><\/tr><tr><td class=\"has-text-align-left\" data-align=\"left\">17:15<\/td><td class=\"has-text-align-left\" data-align=\"left\">18:00<\/td><td class=\"has-text-align-left\" data-align=\"left\">Mandag til s\u00f8ndag<\/td><\/tr><tr><td class=\"has-text-align-left\" data-align=\"left\">18:15<\/td><td class=\"has-text-align-left\" data-align=\"left\">19:00<\/td><td class=\"has-text-align-left\" data-align=\"left\">Mandag til s\u00f8ndag<\/td><\/tr><tr><td class=\"has-text-align-left\" data-align=\"left\">19:15<\/td><td class=\"has-text-align-left\" data-align=\"left\">20:00<\/td><td class=\"has-text-align-left\" data-align=\"left\">Mandag til s\u00f8ndag<\/td><\/tr><tr><td class=\"has-text-align-left\" data-align=\"left\">20:15<\/td><td class=\"has-text-align-left\" data-align=\"left\">21:00<\/td><td class=\"has-text-align-left\" data-align=\"left\">Mandag til s\u00f8ndag<\/td><\/tr><tr><td class=\"has-text-align-left\" data-align=\"left\">21:15<\/td><td class=\"has-text-align-left\" data-align=\"left\">22:00<\/td><td class=\"has-text-align-left\" data-align=\"left\">Mandag til s\u00f8ndag<\/td><\/tr><tr><td class=\"has-text-align-left\" data-align=\"left\">22:15<\/td><td class=\"has-text-align-left\" data-align=\"left\">23:00<\/td><td class=\"has-text-align-left\" data-align=\"left\">Mandag til fredag<\/td><\/tr><\/tbody><\/table><\/figure>\n\n\n\n<h2 class=\"wp-block-heading\">Sejltid T\u00e5rs\u2192 Spodsbjerg<\/h2>\n\n\n\n<p>Nedenfor kan du tjekke k\u00f8replanen for den modsatte retning (alts\u00e5 n\u00e5r du afg\u00e5r fra <a href=\"https:\/\/langeland-lolland.com\/da\/tars\/\">T\u00e5rs havn<\/a> p\u00e5 Lolland).<\/p>\n\n\n\n<figure class=\"wp-block-table is-style-stripes has-small-font-size\"><table class=\"has-fixed-layout\"><thead><tr><th class=\"has-text-align-left\" data-align=\"left\">Afgang fra T\u00e5rs<\/th><th class=\"has-text-align-left\" data-align=\"left\">Ankomst til Spodsbjerg<\/th><th class=\"has-text-align-left\" data-align=\"left\">Afgangsdage<\/th><\/tr><\/thead><tbody><tr><td class=\"has-text-align-left\" data-align=\"left\">05:15<\/td><td class=\"has-text-align-left\" data-align=\"left\">06:00<\/td><td class=\"has-text-align-left\" data-align=\"left\">Mandag til fredag<\/td><\/tr><tr><td class=\"has-text-align-left\" data-align=\"left\">06:15<\/td><td class=\"has-text-align-left\" data-align=\"left\">07:00<\/td><td class=\"has-text-align-left\" data-align=\"left\">Mandag til s\u00f8ndag<\/td><\/tr><tr><td class=\"has-text-align-left\" data-align=\"left\">07:15<\/td><td class=\"has-text-align-left\" data-align=\"left\">08:00<\/td><td class=\"has-text-align-left\" data-align=\"left\">Mandag til s\u00f8ndag<\/td><\/tr><tr><td class=\"has-text-align-left\" data-align=\"left\">08:15<\/td><td class=\"has-text-align-left\" data-align=\"left\">09:00<\/td><td class=\"has-text-align-left\" data-align=\"left\">Mandag til s\u00f8ndag<\/td><\/tr><tr><td class=\"has-text-align-left\" data-align=\"left\">09:15<\/td><td class=\"has-text-align-left\" data-align=\"left\">10:00<\/td><td class=\"has-text-align-left\" data-align=\"left\">Mandag til s\u00f8ndag<\/td><\/tr><tr><td class=\"has-text-align-left\" data-align=\"left\">10:15<\/td><td class=\"has-text-align-left\" data-align=\"left\">11:00<\/td><td class=\"has-text-align-left\" data-align=\"left\">Mandag til s\u00f8ndag<\/td><\/tr><tr><td class=\"has-text-align-left\" data-align=\"left\">11:15<\/td><td class=\"has-text-align-left\" data-align=\"left\">12:00<\/td><td class=\"has-text-align-left\" data-align=\"left\">Mandag til s\u00f8ndag<\/td><\/tr><tr><td class=\"has-text-align-left\" data-align=\"left\">12:15<\/td><td class=\"has-text-align-left\" data-align=\"left\">13:00<\/td><td class=\"has-text-align-left\" data-align=\"left\">Mandag til s\u00f8ndag<\/td><\/tr><tr><td class=\"has-text-align-left\" data-align=\"left\">13:15<\/td><td class=\"has-text-align-left\" data-align=\"left\">14:00<\/td><td class=\"has-text-align-left\" data-align=\"left\">Mandag til s\u00f8ndag<\/td><\/tr><tr><td class=\"has-text-align-left\" data-align=\"left\">14:15<\/td><td class=\"has-text-align-left\" data-align=\"left\">15:00<\/td><td class=\"has-text-align-left\" data-align=\"left\">Mandag til s\u00f8ndag<\/td><\/tr><tr><td class=\"has-text-align-left\" data-align=\"left\">15:15<\/td><td class=\"has-text-align-left\" data-align=\"left\">16:00<\/td><td class=\"has-text-align-left\" data-align=\"left\">Mandag til s\u00f8ndag<\/td><\/tr><tr><td class=\"has-text-align-left\" data-align=\"left\">16:15<\/td><td class=\"has-text-align-left\" data-align=\"left\">17:00<\/td><td class=\"has-text-align-left\" data-align=\"left\">Mandag til s\u00f8ndag<\/td><\/tr><tr><td class=\"has-text-align-left\" data-align=\"left\">17:15<\/td><td class=\"has-text-align-left\" data-align=\"left\">18:00<\/td><td class=\"has-text-align-left\" data-align=\"left\">Mandag til s\u00f8ndag<\/td><\/tr><tr><td class=\"has-text-align-left\" data-align=\"left\">18:15<\/td><td class=\"has-text-align-left\" data-align=\"left\">19:00<\/td><td class=\"has-text-align-left\" data-align=\"left\">Mandag til s\u00f8ndag<\/td><\/tr><tr><td class=\"has-text-align-left\" data-align=\"left\">19:15<\/td><td class=\"has-text-align-left\" data-align=\"left\">20:00<\/td><td class=\"has-text-align-left\" data-align=\"left\">Mandag til s\u00f8ndag<\/td><\/tr><tr><td class=\"has-text-align-left\" data-align=\"left\">20:15<\/td><td class=\"has-text-align-left\" data-align=\"left\">21:00<\/td><td class=\"has-text-align-left\" data-align=\"left\">Mandag til s\u00f8ndag<\/td><\/tr><tr><td class=\"has-text-align-left\" data-align=\"left\">21:15<\/td><td class=\"has-text-align-left\" data-align=\"left\">22:00<\/td><td class=\"has-text-align-left\" data-align=\"left\">Mandag til s\u00f8ndag<\/td><\/tr><tr><td class=\"has-text-align-left\" data-align=\"left\">22:15<\/td><td class=\"has-text-align-left\" data-align=\"left\">23:00<\/td><td class=\"has-text-align-left\" data-align=\"left\">Mandag til fredag<\/td><\/tr><\/tbody><\/table><\/figure>\n\n\n\n<h2 class=\"wp-block-heading\">Bem\u00e6rk venligst: check ind til tiden<\/h2>\n\n\n\n<p>Afgangstiderne i ovenst\u00e5ende sejltid er de faktiske afgangstiderne. Du skal v\u00e6re checket ind i god tid (med eller uden k\u00f8ret\u00f8j) ved <a href=\"https:\/\/langeland-lolland.com\/da\/langelandslinjen\/\">Langelandslinjens<\/a> terminal.<\/p>\n\n\n\n<p>Tag derfor hensyn til trafikken p\u00e5 ruten. Det kan ogs\u00e5 v\u00e6re smart at kigge p\u00e5 <a href=\"https:\/\/langeland-lolland.com\/da\/vejrudsigt\/\">vejrudsigten<\/a>.<\/p>\n","protected":false},"excerpt":{"rendered":"<p>Hver dag i ugen er der flere f\u00e6rgeafgange om dagen fra Langeland til Lolland. F\u00e6rgen afg\u00e5r fra Spodsbjerg havn til [&hellip;]<\/p>\n","protected":false},"author":2,"featured_media":0,"parent":0,"menu_order":0,"comment_status":"closed","ping_status":"closed","template":"","meta":{"inline_featured_image":false,"site-sidebar-layout":"default","site-content-layout":"","ast-site-content-layout":"default","site-content-style":"default","site-sidebar-style":"default","ast-global-header-display":"","ast-banner-title-visibility":"","ast-main-header-display":"","ast-hfb-above-header-display":"","ast-hfb-below-header-display":"","ast-hfb-mobile-header-display":"","site-post-title":"","ast-breadcrumbs-content":"","ast-featured-img":"","footer-sml-layout":"","ast-disable-related-posts":"","theme-transparent-header-meta":"","adv-header-id-meta":"","stick-header-meta":"","header-above-stick-meta":"","header-main-stick-meta":"","header-below-stick-meta":"","astra-migrate-meta-layouts":"default","ast-page-background-enabled":"default","ast-page-background-meta":{"desktop":{"background-color":"var(--ast-global-color-4)","background-image":"","background-repeat":"repeat","background-position":"center center","background-size":"auto","background-attachment":"scroll","background-type":"","background-media":"","overlay-type":"","overlay-color":"","overlay-opacity":"","overlay-gradient":""},"tablet":{"background-color":"","background-image":"","background-repeat":"repeat","background-position":"center center","background-size":"auto","background-attachment":"scroll","background-type":"","background-media":"","overlay-type":"","overlay-color":"","overlay-opacity":"","overlay-gradient":""},"mobile":{"background-color":"","background-image":"","background-repeat":"repeat","background-position":"center center","background-size":"auto","background-attachment":"scroll","background-type":"","background-media":"","overlay-type":"","overlay-color":"","overlay-opacity":"","overlay-gradient":""}},"ast-content-background-meta":{"desktop":{"background-color":"var(--ast-global-color-5)","background-image":"","background-repeat":"repeat","background-position":"center center","background-size":"auto","background-attachment":"scroll","background-type":"","background-media":"","overlay-type":"","overlay-color":"","overlay-opacity":"","overlay-gradient":""},"tablet":{"background-color":"var(--ast-global-color-5)","background-image":"","background-repeat":"repeat","background-position":"center center","background-size":"auto","background-attachment":"scroll","background-type":"","background-media":"","overlay-type":"","overlay-color":"","overlay-opacity":"","overlay-gradient":""},"mobile":{"background-color":"var(--ast-global-color-5)","background-image":"","background-repeat":"repeat","background-position":"center center","background-size":"auto","background-attachment":"scroll","background-type":"","background-media":"","overlay-type":"","overlay-color":"","overlay-opacity":"","overlay-gradient":""}},"footnotes":""},"class_list":["post-74","page","type-page","status-publish","hentry"],"yoast_head":"<!-- This site is optimized with the Yoast SEO plugin v27.4 - https:\/\/yoast.com\/product\/yoast-seo-wordpress\/ -->\n<title>Langeland Lolland f\u00e6rge sejltid<\/title>\n<meta name=\"description\" content=\"Oplev den komplette f\u00e6rgeoverfartstidsplan for Langeland Lolland (Langelandslinjen).\" \/>\n<meta name=\"robots\" content=\"index, follow, max-snippet:-1, max-image-preview:large, max-video-preview:-1\" \/>\n<link rel=\"canonical\" href=\"https:\/\/langeland-lolland.com\/da\/sejltid\/\" \/>\n<meta property=\"og:locale\" content=\"da_DK\" \/>\n<meta property=\"og:type\" content=\"article\" \/>\n<meta property=\"og:title\" content=\"Langeland Lolland f\u00e6rge sejltid\" \/>\n<meta property=\"og:description\" content=\"Oplev den komplette f\u00e6rgeoverfartstidsplan for Langeland Lolland (Langelandslinjen).\" \/>\n<meta property=\"og:url\" content=\"https:\/\/langeland-lolland.com\/da\/sejltid\/\" \/>\n<meta property=\"og:site_name\" content=\"Langeland Lolland f\u00e6rge\" \/>\n<meta property=\"article:modified_time\" content=\"2025-07-07T13:33:09+00:00\" \/>\n<meta name=\"twitter:card\" content=\"summary_large_image\" \/>\n<meta name=\"twitter:label1\" content=\"Estimeret l\u00e6setid\" \/>\n\t<meta name=\"twitter:data1\" content=\"2 minutter\" \/>\n<script type=\"application\/ld+json\" class=\"yoast-schema-graph\">{\"@context\":\"https:\\\/\\\/schema.org\",\"@graph\":[{\"@type\":\"WebPage\",\"@id\":\"https:\\\/\\\/langeland-lolland.com\\\/da\\\/sejltid\\\/\",\"url\":\"https:\\\/\\\/langeland-lolland.com\\\/da\\\/sejltid\\\/\",\"name\":\"Langeland Lolland f\u00e6rge sejltid\",\"isPartOf\":{\"@id\":\"https:\\\/\\\/langeland-lolland.com\\\/da\\\/#website\"},\"datePublished\":\"2024-05-15T08:42:39+00:00\",\"dateModified\":\"2025-07-07T13:33:09+00:00\",\"description\":\"Oplev den komplette f\u00e6rgeoverfartstidsplan for Langeland Lolland (Langelandslinjen).\",\"breadcrumb\":{\"@id\":\"https:\\\/\\\/langeland-lolland.com\\\/da\\\/sejltid\\\/#breadcrumb\"},\"inLanguage\":\"da-DK\",\"potentialAction\":[{\"@type\":\"ReadAction\",\"target\":[\"https:\\\/\\\/langeland-lolland.com\\\/da\\\/sejltid\\\/\"]}]},{\"@type\":\"BreadcrumbList\",\"@id\":\"https:\\\/\\\/langeland-lolland.com\\\/da\\\/sejltid\\\/#breadcrumb\",\"itemListElement\":[{\"@type\":\"ListItem\",\"position\":1,\"name\":\"Home\",\"item\":\"https:\\\/\\\/langeland-lolland.com\\\/da\\\/\"},{\"@type\":\"ListItem\",\"position\":2,\"name\":\"Langeland Lolland f\u00e6rge sejltid\"}]},{\"@type\":\"WebSite\",\"@id\":\"https:\\\/\\\/langeland-lolland.com\\\/da\\\/#website\",\"url\":\"https:\\\/\\\/langeland-lolland.com\\\/da\\\/\",\"name\":\"Langeland Lolland f\u00e6rge\",\"description\":\"\",\"publisher\":{\"@id\":\"https:\\\/\\\/langeland-lolland.com\\\/da\\\/#organization\"},\"potentialAction\":[{\"@type\":\"SearchAction\",\"target\":{\"@type\":\"EntryPoint\",\"urlTemplate\":\"https:\\\/\\\/langeland-lolland.com\\\/da\\\/?s={search_term_string}\"},\"query-input\":{\"@type\":\"PropertyValueSpecification\",\"valueRequired\":true,\"valueName\":\"search_term_string\"}}],\"inLanguage\":\"da-DK\"},{\"@type\":\"Organization\",\"@id\":\"https:\\\/\\\/langeland-lolland.com\\\/da\\\/#organization\",\"name\":\"Langeland Lolland f\u00e6rge\",\"url\":\"https:\\\/\\\/langeland-lolland.com\\\/da\\\/\",\"logo\":{\"@type\":\"ImageObject\",\"inLanguage\":\"da-DK\",\"@id\":\"https:\\\/\\\/langeland-lolland.com\\\/da\\\/#\\\/schema\\\/logo\\\/image\\\/\",\"url\":\"https:\\\/\\\/langeland-lolland.com\\\/da\\\/wp-content\\\/uploads\\\/sites\\\/6\\\/2025\\\/06\\\/langeland-lolland-ferry.png\",\"contentUrl\":\"https:\\\/\\\/langeland-lolland.com\\\/da\\\/wp-content\\\/uploads\\\/sites\\\/6\\\/2025\\\/06\\\/langeland-lolland-ferry.png\",\"width\":750,\"height\":125,\"caption\":\"Langeland Lolland f\u00e6rge\"},\"image\":{\"@id\":\"https:\\\/\\\/langeland-lolland.com\\\/da\\\/#\\\/schema\\\/logo\\\/image\\\/\"}}]}<\/script>\n<!-- \/ Yoast SEO plugin. -->","yoast_head_json":{"title":"Langeland Lolland f\u00e6rge sejltid","description":"Oplev den komplette f\u00e6rgeoverfartstidsplan for Langeland Lolland (Langelandslinjen).","robots":{"index":"index","follow":"follow","max-snippet":"max-snippet:-1","max-image-preview":"max-image-preview:large","max-video-preview":"max-video-preview:-1"},"canonical":"https:\/\/langeland-lolland.com\/da\/sejltid\/","og_locale":"da_DK","og_type":"article","og_title":"Langeland Lolland f\u00e6rge sejltid","og_description":"Oplev den komplette f\u00e6rgeoverfartstidsplan for Langeland Lolland (Langelandslinjen).","og_url":"https:\/\/langeland-lolland.com\/da\/sejltid\/","og_site_name":"Langeland Lolland f\u00e6rge","article_modified_time":"2025-07-07T13:33:09+00:00","twitter_card":"summary_large_image","twitter_misc":{"Estimeret l\u00e6setid":"2 minutter"},"schema":{"@context":"https:\/\/schema.org","@graph":[{"@type":"WebPage","@id":"https:\/\/langeland-lolland.com\/da\/sejltid\/","url":"https:\/\/langeland-lolland.com\/da\/sejltid\/","name":"Langeland Lolland f\u00e6rge sejltid","isPartOf":{"@id":"https:\/\/langeland-lolland.com\/da\/#website"},"datePublished":"2024-05-15T08:42:39+00:00","dateModified":"2025-07-07T13:33:09+00:00","description":"Oplev den komplette f\u00e6rgeoverfartstidsplan for Langeland Lolland (Langelandslinjen).","breadcrumb":{"@id":"https:\/\/langeland-lolland.com\/da\/sejltid\/#breadcrumb"},"inLanguage":"da-DK","potentialAction":[{"@type":"ReadAction","target":["https:\/\/langeland-lolland.com\/da\/sejltid\/"]}]},{"@type":"BreadcrumbList","@id":"https:\/\/langeland-lolland.com\/da\/sejltid\/#breadcrumb","itemListElement":[{"@type":"ListItem","position":1,"name":"Home","item":"https:\/\/langeland-lolland.com\/da\/"},{"@type":"ListItem","position":2,"name":"Langeland Lolland f\u00e6rge sejltid"}]},{"@type":"WebSite","@id":"https:\/\/langeland-lolland.com\/da\/#website","url":"https:\/\/langeland-lolland.com\/da\/","name":"Langeland Lolland f\u00e6rge","description":"","publisher":{"@id":"https:\/\/langeland-lolland.com\/da\/#organization"},"potentialAction":[{"@type":"SearchAction","target":{"@type":"EntryPoint","urlTemplate":"https:\/\/langeland-lolland.com\/da\/?s={search_term_string}"},"query-input":{"@type":"PropertyValueSpecification","valueRequired":true,"valueName":"search_term_string"}}],"inLanguage":"da-DK"},{"@type":"Organization","@id":"https:\/\/langeland-lolland.com\/da\/#organization","name":"Langeland Lolland f\u00e6rge","url":"https:\/\/langeland-lolland.com\/da\/","logo":{"@type":"ImageObject","inLanguage":"da-DK","@id":"https:\/\/langeland-lolland.com\/da\/#\/schema\/logo\/image\/","url":"https:\/\/langeland-lolland.com\/da\/wp-content\/uploads\/sites\/6\/2025\/06\/langeland-lolland-ferry.png","contentUrl":"https:\/\/langeland-lolland.com\/da\/wp-content\/uploads\/sites\/6\/2025\/06\/langeland-lolland-ferry.png","width":750,"height":125,"caption":"Langeland Lolland f\u00e6rge"},"image":{"@id":"https:\/\/langeland-lolland.com\/da\/#\/schema\/logo\/image\/"}}]}},"_links":{"self":[{"href":"https:\/\/langeland-lolland.com\/da\/wp-json\/wp\/v2\/pages\/74","targetHints":{"allow":["GET"]}}],"collection":[{"href":"https:\/\/langeland-lolland.com\/da\/wp-json\/wp\/v2\/pages"}],"about":[{"href":"https:\/\/langeland-lolland.com\/da\/wp-json\/wp\/v2\/types\/page"}],"author":[{"embeddable":true,"href":"https:\/\/langeland-lolland.com\/da\/wp-json\/wp\/v2\/users\/2"}],"replies":[{"embeddable":true,"href":"https:\/\/langeland-lolland.com\/da\/wp-json\/wp\/v2\/comments?post=74"}],"version-history":[{"count":4,"href":"https:\/\/langeland-lolland.com\/da\/wp-json\/wp\/v2\/pages\/74\/revisions"}],"predecessor-version":[{"id":172,"href":"https:\/\/langeland-lolland.com\/da\/wp-json\/wp\/v2\/pages\/74\/revisions\/172"}],"wp:attachment":[{"href":"https:\/\/langeland-lolland.com\/da\/wp-json\/wp\/v2\/media?parent=74"}],"curies":[{"name":"wp","href":"https:\/\/api.w.org\/{rel}","templated":true}]}}