{"id":70,"date":"2024-05-15T08:36:12","date_gmt":"2024-05-15T08:36:12","guid":{"rendered":"https:\/\/langeland-lolland.com\/da\/?page_id=70"},"modified":"2025-07-07T13:39:40","modified_gmt":"2025-07-07T13:39:40","slug":"priser","status":"publish","type":"page","link":"https:\/\/langeland-lolland.com\/da\/priser\/","title":{"rendered":"F\u00e6rgepriser fra Langeland til Lolland"},"content":{"rendered":"\n<p>Prisen for en <a href=\"\/da\/\">f\u00e6rgebillet fra Langeland (Spodsbjerg) til Lolland (T\u00e5rs)<\/a> afh\u00e6nger af en r\u00e6kke faktorer. P\u00e5 denne side fort\u00e6ller vi dig mere om de priser, som <a href=\"https:\/\/langeland-lolland.com\/da\/langelandslinjen\/\">Langelandslinjen<\/a>, f\u00e6rgeselskabet p\u00e5 denne rute, opkr\u00e6ver.<\/p>\n\n\n\n<h2 class=\"wp-block-heading\">Standardbillet: fra 306 DKK<\/h2>\n\n\n\n<p>Prisen for en &#8216;<strong>standardbillet<\/strong>&#8216; er 306 DKK. Prisen er baseret p\u00e5 en tur med bil (&lt; 1,95 m h\u00f8jde og &lt; 6 m l\u00e6ngde, inklusive op til 9 personer).<\/p>\n\n\n\n<p>Der findes ogs\u00e5 s\u00e5kaldte &#8216;<strong>Bizz-billetter<\/strong>&#8216;. Disse er lidt billigere, men du kan ikke ombooke med dem, hvis det er n\u00f8dvendigt (for eksempel p\u00e5 grund af d\u00e5rlige <a href=\"https:\/\/langeland-lolland.com\/da\/vejrudsigt\/\">vejrforhold<\/a>, der resulterer i en \u00e6ndret <a href=\"https:\/\/langeland-lolland.com\/da\/sejltid\/\">sejltid<\/a>).<\/p>\n\n\n\n<p>Endelig er der ogs\u00e5 &#8216;<strong>turkort<\/strong>&#8216;, hvis du vil krydse ruten regelm\u00e6ssigt.<\/p>\n\n\n\n<figure class=\"wp-block-table is-style-stripes has-small-font-size\"><table class=\"has-fixed-layout\"><thead><tr><th class=\"has-text-align-left\" data-align=\"left\">Billettype<\/th><th class=\"has-text-align-left\" data-align=\"left\">Startpris*<\/th><\/tr><\/thead><tbody><tr><td class=\"has-text-align-left\" data-align=\"left\"><strong>Standardbillet<\/strong><\/td><td class=\"has-text-align-left\" data-align=\"left\">306 DKK<\/td><\/tr><tr><td class=\"has-text-align-left\" data-align=\"left\"><strong>Bizz-billet<\/strong><\/td><td class=\"has-text-align-left\" data-align=\"left\">291 DKK<\/td><\/tr><tr><td class=\"has-text-align-left\" data-align=\"left\"><strong>10-turskort<\/strong><\/td><td class=\"has-text-align-left\" data-align=\"left\">834DKK<\/td><\/tr><\/tbody><\/table><\/figure>\n\n\n\n<p class=\"has-small-font-size\">* Denne pris er baseret p\u00e5 en tur med bil (&lt; 1,95 m h\u00f8jde og &lt; 6 m l\u00e6ngde, inklusive op til 9 personer).<\/p>\n\n\n\n<p class=\"has-ast-global-color-4-background-color has-background has-small-font-size\"><strong>Tip: book i god tid. <\/strong>Ved du, hvorn\u00e5r du vil afsted? S\u00e5 k\u00f8b billetten p\u00e5 forh\u00e5nd, og ikke kun ved check-in. S\u00e5 er du ikke kun sikret en plads p\u00e5 f\u00e6rgen: du er ogs\u00e5 billigere.<\/p>\n\n\n\n<h3 class=\"wp-block-heading\">Priser for fodg\u00e6ngere<\/h3>\n\n\n\n<p>Prisen for en fodg\u00e6nger (dvs. uden k\u00f8ret\u00f8j) afh\u00e6nger af den rejsendes alder. Fra 16 \u00e5r betaler du 52 DKK pr. rejsende. Rejsende fra 4 til 15 \u00e5r betaler 46 DKK; b\u00f8rn op til og med 3 \u00e5r rejser gratis.<\/p>\n\n\n\n<figure class=\"wp-block-table is-style-stripes has-small-font-size\"><table class=\"has-fixed-layout\"><thead><tr><th class=\"has-text-align-left\" data-align=\"left\">Fodg\u00e6ngeralder<\/th><th class=\"has-text-align-left\" data-align=\"left\">Startpris<\/th><\/tr><\/thead><tbody><tr><td class=\"has-text-align-left\" data-align=\"left\"><strong>0-3 \u00e5r<\/strong><\/td><td class=\"has-text-align-left\" data-align=\"left\">&#8211;<\/td><\/tr><tr><td class=\"has-text-align-left\" data-align=\"left\"><strong>4 &#8211; 15 \u00e5r<\/strong><\/td><td class=\"has-text-align-left\" data-align=\"left\">46DKK<\/td><\/tr><tr><td class=\"has-text-align-left\" data-align=\"left\"><strong>> 16 \u00e5r<\/strong><\/td><td class=\"has-text-align-left\" data-align=\"left\">52DKK<\/td><\/tr><\/tbody><\/table><\/figure>\n","protected":false},"excerpt":{"rendered":"<p>Prisen for en f\u00e6rgebillet fra Langeland (Spodsbjerg) til Lolland (T\u00e5rs) afh\u00e6nger af en r\u00e6kke faktorer. P\u00e5 denne side fort\u00e6ller vi [&hellip;]<\/p>\n","protected":false},"author":2,"featured_media":0,"parent":0,"menu_order":0,"comment_status":"closed","ping_status":"closed","template":"","meta":{"inline_featured_image":false,"site-sidebar-layout":"default","site-content-layout":"","ast-site-content-layout":"default","site-content-style":"default","site-sidebar-style":"default","ast-global-header-display":"","ast-banner-title-visibility":"","ast-main-header-display":"","ast-hfb-above-header-display":"","ast-hfb-below-header-display":"","ast-hfb-mobile-header-display":"","site-post-title":"","ast-breadcrumbs-content":"","ast-featured-img":"","footer-sml-layout":"","ast-disable-related-posts":"","theme-transparent-header-meta":"","adv-header-id-meta":"","stick-header-meta":"","header-above-stick-meta":"","header-main-stick-meta":"","header-below-stick-meta":"","astra-migrate-meta-layouts":"default","ast-page-background-enabled":"default","ast-page-background-meta":{"desktop":{"background-color":"var(--ast-global-color-4)","background-image":"","background-repeat":"repeat","background-position":"center center","background-size":"auto","background-attachment":"scroll","background-type":"","background-media":"","overlay-type":"","overlay-color":"","overlay-opacity":"","overlay-gradient":""},"tablet":{"background-color":"","background-image":"","background-repeat":"repeat","background-position":"center center","background-size":"auto","background-attachment":"scroll","background-type":"","background-media":"","overlay-type":"","overlay-color":"","overlay-opacity":"","overlay-gradient":""},"mobile":{"background-color":"","background-image":"","background-repeat":"repeat","background-position":"center center","background-size":"auto","background-attachment":"scroll","background-type":"","background-media":"","overlay-type":"","overlay-color":"","overlay-opacity":"","overlay-gradient":""}},"ast-content-background-meta":{"desktop":{"background-color":"var(--ast-global-color-5)","background-image":"","background-repeat":"repeat","background-position":"center center","background-size":"auto","background-attachment":"scroll","background-type":"","background-media":"","overlay-type":"","overlay-color":"","overlay-opacity":"","overlay-gradient":""},"tablet":{"background-color":"var(--ast-global-color-5)","background-image":"","background-repeat":"repeat","background-position":"center center","background-size":"auto","background-attachment":"scroll","background-type":"","background-media":"","overlay-type":"","overlay-color":"","overlay-opacity":"","overlay-gradient":""},"mobile":{"background-color":"var(--ast-global-color-5)","background-image":"","background-repeat":"repeat","background-position":"center center","background-size":"auto","background-attachment":"scroll","background-type":"","background-media":"","overlay-type":"","overlay-color":"","overlay-opacity":"","overlay-gradient":""}},"footnotes":""},"class_list":["post-70","page","type-page","status-publish","hentry"],"yoast_head":"<!-- This site is optimized with the Yoast SEO plugin v27.4 - https:\/\/yoast.com\/product\/yoast-seo-wordpress\/ -->\n<title>F\u00e6rgebilletpriser Langeland Lolland (Langelandslinjen)<\/title>\n<meta name=\"description\" content=\"Find ud af alt om f\u00e6rgepriser for f\u00e6rgebilletter fra Langeland til Lolland med Langelandslinjen.\" \/>\n<meta name=\"robots\" content=\"index, follow, max-snippet:-1, max-image-preview:large, max-video-preview:-1\" \/>\n<link rel=\"canonical\" href=\"https:\/\/langeland-lolland.com\/da\/priser\/\" \/>\n<meta property=\"og:locale\" content=\"da_DK\" \/>\n<meta property=\"og:type\" content=\"article\" \/>\n<meta property=\"og:title\" content=\"F\u00e6rgebilletpriser Langeland Lolland (Langelandslinjen)\" \/>\n<meta property=\"og:description\" content=\"Find ud af alt om f\u00e6rgepriser for f\u00e6rgebilletter fra Langeland til Lolland med Langelandslinjen.\" \/>\n<meta property=\"og:url\" content=\"https:\/\/langeland-lolland.com\/da\/priser\/\" \/>\n<meta property=\"og:site_name\" content=\"Langeland Lolland f\u00e6rge\" \/>\n<meta property=\"article:modified_time\" content=\"2025-07-07T13:39:40+00:00\" \/>\n<meta name=\"twitter:card\" content=\"summary_large_image\" \/>\n<meta name=\"twitter:label1\" content=\"Estimeret l\u00e6setid\" \/>\n\t<meta name=\"twitter:data1\" content=\"2 minutter\" \/>\n<script type=\"application\/ld+json\" class=\"yoast-schema-graph\">{\"@context\":\"https:\\\/\\\/schema.org\",\"@graph\":[{\"@type\":\"WebPage\",\"@id\":\"https:\\\/\\\/langeland-lolland.com\\\/da\\\/priser\\\/\",\"url\":\"https:\\\/\\\/langeland-lolland.com\\\/da\\\/priser\\\/\",\"name\":\"F\u00e6rgebilletpriser Langeland Lolland (Langelandslinjen)\",\"isPartOf\":{\"@id\":\"https:\\\/\\\/langeland-lolland.com\\\/da\\\/#website\"},\"datePublished\":\"2024-05-15T08:36:12+00:00\",\"dateModified\":\"2025-07-07T13:39:40+00:00\",\"description\":\"Find ud af alt om f\u00e6rgepriser for f\u00e6rgebilletter fra Langeland til Lolland med Langelandslinjen.\",\"breadcrumb\":{\"@id\":\"https:\\\/\\\/langeland-lolland.com\\\/da\\\/priser\\\/#breadcrumb\"},\"inLanguage\":\"da-DK\",\"potentialAction\":[{\"@type\":\"ReadAction\",\"target\":[\"https:\\\/\\\/langeland-lolland.com\\\/da\\\/priser\\\/\"]}]},{\"@type\":\"BreadcrumbList\",\"@id\":\"https:\\\/\\\/langeland-lolland.com\\\/da\\\/priser\\\/#breadcrumb\",\"itemListElement\":[{\"@type\":\"ListItem\",\"position\":1,\"name\":\"Home\",\"item\":\"https:\\\/\\\/langeland-lolland.com\\\/da\\\/\"},{\"@type\":\"ListItem\",\"position\":2,\"name\":\"F\u00e6rgepriser fra Langeland til Lolland\"}]},{\"@type\":\"WebSite\",\"@id\":\"https:\\\/\\\/langeland-lolland.com\\\/da\\\/#website\",\"url\":\"https:\\\/\\\/langeland-lolland.com\\\/da\\\/\",\"name\":\"Langeland Lolland f\u00e6rge\",\"description\":\"\",\"publisher\":{\"@id\":\"https:\\\/\\\/langeland-lolland.com\\\/da\\\/#organization\"},\"potentialAction\":[{\"@type\":\"SearchAction\",\"target\":{\"@type\":\"EntryPoint\",\"urlTemplate\":\"https:\\\/\\\/langeland-lolland.com\\\/da\\\/?s={search_term_string}\"},\"query-input\":{\"@type\":\"PropertyValueSpecification\",\"valueRequired\":true,\"valueName\":\"search_term_string\"}}],\"inLanguage\":\"da-DK\"},{\"@type\":\"Organization\",\"@id\":\"https:\\\/\\\/langeland-lolland.com\\\/da\\\/#organization\",\"name\":\"Langeland Lolland f\u00e6rge\",\"url\":\"https:\\\/\\\/langeland-lolland.com\\\/da\\\/\",\"logo\":{\"@type\":\"ImageObject\",\"inLanguage\":\"da-DK\",\"@id\":\"https:\\\/\\\/langeland-lolland.com\\\/da\\\/#\\\/schema\\\/logo\\\/image\\\/\",\"url\":\"https:\\\/\\\/langeland-lolland.com\\\/da\\\/wp-content\\\/uploads\\\/sites\\\/6\\\/2025\\\/06\\\/langeland-lolland-ferry.png\",\"contentUrl\":\"https:\\\/\\\/langeland-lolland.com\\\/da\\\/wp-content\\\/uploads\\\/sites\\\/6\\\/2025\\\/06\\\/langeland-lolland-ferry.png\",\"width\":750,\"height\":125,\"caption\":\"Langeland Lolland f\u00e6rge\"},\"image\":{\"@id\":\"https:\\\/\\\/langeland-lolland.com\\\/da\\\/#\\\/schema\\\/logo\\\/image\\\/\"}}]}<\/script>\n<!-- \/ Yoast SEO plugin. -->","yoast_head_json":{"title":"F\u00e6rgebilletpriser Langeland Lolland (Langelandslinjen)","description":"Find ud af alt om f\u00e6rgepriser for f\u00e6rgebilletter fra Langeland til Lolland med Langelandslinjen.","robots":{"index":"index","follow":"follow","max-snippet":"max-snippet:-1","max-image-preview":"max-image-preview:large","max-video-preview":"max-video-preview:-1"},"canonical":"https:\/\/langeland-lolland.com\/da\/priser\/","og_locale":"da_DK","og_type":"article","og_title":"F\u00e6rgebilletpriser Langeland Lolland (Langelandslinjen)","og_description":"Find ud af alt om f\u00e6rgepriser for f\u00e6rgebilletter fra Langeland til Lolland med Langelandslinjen.","og_url":"https:\/\/langeland-lolland.com\/da\/priser\/","og_site_name":"Langeland Lolland f\u00e6rge","article_modified_time":"2025-07-07T13:39:40+00:00","twitter_card":"summary_large_image","twitter_misc":{"Estimeret l\u00e6setid":"2 minutter"},"schema":{"@context":"https:\/\/schema.org","@graph":[{"@type":"WebPage","@id":"https:\/\/langeland-lolland.com\/da\/priser\/","url":"https:\/\/langeland-lolland.com\/da\/priser\/","name":"F\u00e6rgebilletpriser Langeland Lolland (Langelandslinjen)","isPartOf":{"@id":"https:\/\/langeland-lolland.com\/da\/#website"},"datePublished":"2024-05-15T08:36:12+00:00","dateModified":"2025-07-07T13:39:40+00:00","description":"Find ud af alt om f\u00e6rgepriser for f\u00e6rgebilletter fra Langeland til Lolland med Langelandslinjen.","breadcrumb":{"@id":"https:\/\/langeland-lolland.com\/da\/priser\/#breadcrumb"},"inLanguage":"da-DK","potentialAction":[{"@type":"ReadAction","target":["https:\/\/langeland-lolland.com\/da\/priser\/"]}]},{"@type":"BreadcrumbList","@id":"https:\/\/langeland-lolland.com\/da\/priser\/#breadcrumb","itemListElement":[{"@type":"ListItem","position":1,"name":"Home","item":"https:\/\/langeland-lolland.com\/da\/"},{"@type":"ListItem","position":2,"name":"F\u00e6rgepriser fra Langeland til Lolland"}]},{"@type":"WebSite","@id":"https:\/\/langeland-lolland.com\/da\/#website","url":"https:\/\/langeland-lolland.com\/da\/","name":"Langeland Lolland f\u00e6rge","description":"","publisher":{"@id":"https:\/\/langeland-lolland.com\/da\/#organization"},"potentialAction":[{"@type":"SearchAction","target":{"@type":"EntryPoint","urlTemplate":"https:\/\/langeland-lolland.com\/da\/?s={search_term_string}"},"query-input":{"@type":"PropertyValueSpecification","valueRequired":true,"valueName":"search_term_string"}}],"inLanguage":"da-DK"},{"@type":"Organization","@id":"https:\/\/langeland-lolland.com\/da\/#organization","name":"Langeland Lolland f\u00e6rge","url":"https:\/\/langeland-lolland.com\/da\/","logo":{"@type":"ImageObject","inLanguage":"da-DK","@id":"https:\/\/langeland-lolland.com\/da\/#\/schema\/logo\/image\/","url":"https:\/\/langeland-lolland.com\/da\/wp-content\/uploads\/sites\/6\/2025\/06\/langeland-lolland-ferry.png","contentUrl":"https:\/\/langeland-lolland.com\/da\/wp-content\/uploads\/sites\/6\/2025\/06\/langeland-lolland-ferry.png","width":750,"height":125,"caption":"Langeland Lolland f\u00e6rge"},"image":{"@id":"https:\/\/langeland-lolland.com\/da\/#\/schema\/logo\/image\/"}}]}},"_links":{"self":[{"href":"https:\/\/langeland-lolland.com\/da\/wp-json\/wp\/v2\/pages\/70","targetHints":{"allow":["GET"]}}],"collection":[{"href":"https:\/\/langeland-lolland.com\/da\/wp-json\/wp\/v2\/pages"}],"about":[{"href":"https:\/\/langeland-lolland.com\/da\/wp-json\/wp\/v2\/types\/page"}],"author":[{"embeddable":true,"href":"https:\/\/langeland-lolland.com\/da\/wp-json\/wp\/v2\/users\/2"}],"replies":[{"embeddable":true,"href":"https:\/\/langeland-lolland.com\/da\/wp-json\/wp\/v2\/comments?post=70"}],"version-history":[{"count":4,"href":"https:\/\/langeland-lolland.com\/da\/wp-json\/wp\/v2\/pages\/70\/revisions"}],"predecessor-version":[{"id":174,"href":"https:\/\/langeland-lolland.com\/da\/wp-json\/wp\/v2\/pages\/70\/revisions\/174"}],"wp:attachment":[{"href":"https:\/\/langeland-lolland.com\/da\/wp-json\/wp\/v2\/media?parent=70"}],"curies":[{"name":"wp","href":"https:\/\/api.w.org\/{rel}","templated":true}]}}