{"id":66,"date":"2024-05-15T08:29:12","date_gmt":"2024-05-15T08:29:12","guid":{"rendered":"https:\/\/langeland-lolland.com\/da\/?page_id=66"},"modified":"2025-07-07T13:28:56","modified_gmt":"2025-07-07T13:28:56","slug":"tars","status":"publish","type":"page","link":"https:\/\/langeland-lolland.com\/da\/tars\/","title":{"rendered":"T\u00e5rs havn p\u00e5 Lolland, Danmark"},"content":{"rendered":"\n<p>Havnen i T\u00e5rs ligger p\u00e5 vestkysten af \u200b\u200bLolland. Dette er ankomst- og afgangsstedet for f\u00e6rgeruten med <a href=\"https:\/\/langeland-lolland.com\/da\/spodsbjerg\/\">Spodsbjerg<\/a> p\u00e5 Langeland.<\/p>\n\n\n\n<figure class=\"wp-block-image size-large\"><img fetchpriority=\"high\" decoding=\"async\" width=\"1024\" height=\"683\" src=\"https:\/\/langeland-lolland.com\/da\/wp-content\/uploads\/sites\/6\/2025\/06\/lolland-tars-haven-1024x683.jpg\" alt=\"\" class=\"wp-image-125\" srcset=\"https:\/\/langeland-lolland.com\/da\/wp-content\/uploads\/sites\/6\/2025\/06\/lolland-tars-haven-1024x683.jpg 1024w, https:\/\/langeland-lolland.com\/da\/wp-content\/uploads\/sites\/6\/2025\/06\/lolland-tars-haven-300x200.jpg 300w, https:\/\/langeland-lolland.com\/da\/wp-content\/uploads\/sites\/6\/2025\/06\/lolland-tars-haven-768x512.jpg 768w, https:\/\/langeland-lolland.com\/da\/wp-content\/uploads\/sites\/6\/2025\/06\/lolland-tars-haven.jpg 1200w\" sizes=\"(max-width: 1024px) 100vw, 1024px\" \/><\/figure>\n\n\n\n<h2 class=\"wp-block-heading\" id=\"terminal\">Terminal Langelandslinjen i T\u00e5rs<\/h2>\n\n\n\n<p>I havnen finder du terminalen for <a href=\"https:\/\/langeland-lolland.com\/da\/langelandslinjen\/\">Langelandslinje<\/a>n, f\u00e6rgeselskabet der tilbyder f\u00e6rgeoverfarten. Se den n\u00f8jagtige placering p\u00e5 kortet nedenfor.<\/p>\n\n\n<p><iframe src=\"https:\/\/www.google.com\/maps\/embed?pb=!1m18!1m12!1m3!1d1147.7652510802475!2d11.03080148310439!3d54.8760547641307!2m3!1f0!2f0!3f0!3m2!1i1024!2i768!4f13.1!3m3!1m2!1s0x47b2aeed9fb5ffd9%3A0x8f676de90197ae15!2sLangelandsF%C3%A6rgen!5e0!3m2!1snl!2snl!4v1750765386976!5m2!1snl!2snl\" width=\"800\" height=\"450\" style=\"border:0;\" allowfullscreen=\"\" loading=\"lazy\" referrerpolicy=\"no-referrer-when-downgrade\"><\/iframe><\/p>\n\n\n\n<ul class=\"wp-block-list\">\n<li><strong>Adresse:<\/strong> Spodsbjergvej 20, 4912 Harpelunde, Danmark<\/li>\n\n\n\n<li><strong>Telefonnummer:<\/strong> +45 70 25 10 25<\/li>\n<\/ul>\n\n\n\n<p>Bem\u00e6rk venligst, at du skal v\u00e6re til tiden for at checke ind i terminalen. Langelandslinjen angiver, at du skal v\u00e6re checket ind 15 minutter f\u00f8r afgang. Tag hensyn til <a href=\"https:\/\/langeland-lolland.com\/da\/vejrudsigt\/\">vejrforholdene<\/a> og <a href=\"https:\/\/langeland-lolland.com\/da\/sejltid\/\">sejltiderne<\/a>, og s\u00f8rg for at v\u00e6re til tiden.<\/p>\n\n\n\n<h2 class=\"wp-block-heading\">Faciliteter i T\u00e5rs havn<\/h2>\n\n\n\n<p>Tars er en lille havn: der er n\u00e6sten intet at lave. Havnen har f\u00f8lgende grundl\u00e6ggende faciliteter:<\/p>\n\n\n\n<ul class=\"wp-block-list\">\n<li>Toiletbygning<\/li>\n\n\n\n<li>Legeplads for b\u00f8rn<\/li>\n\n\n\n<li>Parkeringsplads (korttids- og langtidsparkering)<\/li>\n<\/ul>\n\n\n\n<h3 class=\"wp-block-heading\">Parkering i havnen<\/h3>\n\n\n\n<p>Skal du p\u00e5 vognen som g\u00e5ende passager og vil du gerne parkere din bil ved T\u00e5rs havn? Det er muligt: \u200b\u200bder er en parkeringsplads i n\u00e6rheden p\u00e5 Spodsbjergvej 20 i Harpelunde. <a href=\"https:\/\/maps.app.goo.gl\/BYTsjtL4GePLEMHc9\">Se placeringe<\/a><a href=\"https:\/\/maps.app.goo.gl\/BYTsjtL4GePLEMHc9\" target=\"_blank\" rel=\"noreferrer noopener\">n<\/a><a href=\"https:\/\/maps.app.goo.gl\/BYTsjtL4GePLEMHc9\"> p\u00e5 Google Maps<\/a>.<\/p>\n\n\n\n<h2 class=\"wp-block-heading\">Skal du overnatte p\u00e5 havnen?<\/h2>\n\n\n\n<p>Vil du overnatte, inden du g\u00e5r ombord p\u00e5 f\u00e6rgen? Dette er muligt i den n\u00e6rliggende havn. Der er en campingplads (plads til 30 personer), og der er ogs\u00e5 pladser til autocampere (12 pladser).<\/p>\n\n\n\n<figure class=\"wp-block-image size-large\"><img decoding=\"async\" width=\"1024\" height=\"683\" src=\"https:\/\/langeland-lolland.com\/da\/wp-content\/uploads\/sites\/6\/2025\/07\/kamperen-camper-tars-haven-1024x683.jpg\" alt=\"\" class=\"wp-image-169\" srcset=\"https:\/\/langeland-lolland.com\/da\/wp-content\/uploads\/sites\/6\/2025\/07\/kamperen-camper-tars-haven-1024x683.jpg 1024w, https:\/\/langeland-lolland.com\/da\/wp-content\/uploads\/sites\/6\/2025\/07\/kamperen-camper-tars-haven-300x200.jpg 300w, https:\/\/langeland-lolland.com\/da\/wp-content\/uploads\/sites\/6\/2025\/07\/kamperen-camper-tars-haven-768x512.jpg 768w, https:\/\/langeland-lolland.com\/da\/wp-content\/uploads\/sites\/6\/2025\/07\/kamperen-camper-tars-haven.jpg 1200w\" sizes=\"(max-width: 1024px) 100vw, 1024px\" \/><\/figure>\n\n\n\n<p>Mere information kan findes p\u00e5 hjemmesiden <a href=\"https:\/\/www.taarshavn.dk\/\" target=\"_blank\" rel=\"noreferrer noopener\">Taarshavn.dk<\/a>.<\/p>\n","protected":false},"excerpt":{"rendered":"<p>Havnen i T\u00e5rs ligger p\u00e5 vestkysten af \u200b\u200bLolland. Dette er ankomst- og afgangsstedet for f\u00e6rgeruten med Spodsbjerg p\u00e5 Langeland. Terminal [&hellip;]<\/p>\n","protected":false},"author":2,"featured_media":0,"parent":0,"menu_order":0,"comment_status":"closed","ping_status":"closed","template":"","meta":{"inline_featured_image":false,"site-sidebar-layout":"default","site-content-layout":"","ast-site-content-layout":"default","site-content-style":"default","site-sidebar-style":"default","ast-global-header-display":"","ast-banner-title-visibility":"","ast-main-header-display":"","ast-hfb-above-header-display":"","ast-hfb-below-header-display":"","ast-hfb-mobile-header-display":"","site-post-title":"","ast-breadcrumbs-content":"","ast-featured-img":"","footer-sml-layout":"","ast-disable-related-posts":"","theme-transparent-header-meta":"","adv-header-id-meta":"","stick-header-meta":"","header-above-stick-meta":"","header-main-stick-meta":"","header-below-stick-meta":"","astra-migrate-meta-layouts":"default","ast-page-background-enabled":"default","ast-page-background-meta":{"desktop":{"background-color":"var(--ast-global-color-4)","background-image":"","background-repeat":"repeat","background-position":"center center","background-size":"auto","background-attachment":"scroll","background-type":"","background-media":"","overlay-type":"","overlay-color":"","overlay-opacity":"","overlay-gradient":""},"tablet":{"background-color":"","background-image":"","background-repeat":"repeat","background-position":"center center","background-size":"auto","background-attachment":"scroll","background-type":"","background-media":"","overlay-type":"","overlay-color":"","overlay-opacity":"","overlay-gradient":""},"mobile":{"background-color":"","background-image":"","background-repeat":"repeat","background-position":"center center","background-size":"auto","background-attachment":"scroll","background-type":"","background-media":"","overlay-type":"","overlay-color":"","overlay-opacity":"","overlay-gradient":""}},"ast-content-background-meta":{"desktop":{"background-color":"var(--ast-global-color-5)","background-image":"","background-repeat":"repeat","background-position":"center center","background-size":"auto","background-attachment":"scroll","background-type":"","background-media":"","overlay-type":"","overlay-color":"","overlay-opacity":"","overlay-gradient":""},"tablet":{"background-color":"var(--ast-global-color-5)","background-image":"","background-repeat":"repeat","background-position":"center center","background-size":"auto","background-attachment":"scroll","background-type":"","background-media":"","overlay-type":"","overlay-color":"","overlay-opacity":"","overlay-gradient":""},"mobile":{"background-color":"var(--ast-global-color-5)","background-image":"","background-repeat":"repeat","background-position":"center center","background-size":"auto","background-attachment":"scroll","background-type":"","background-media":"","overlay-type":"","overlay-color":"","overlay-opacity":"","overlay-gradient":""}},"footnotes":""},"class_list":["post-66","page","type-page","status-publish","hentry"],"yoast_head":"<!-- This site is optimized with the Yoast SEO plugin v27.4 - https:\/\/yoast.com\/product\/yoast-seo-wordpress\/ -->\n<title>T\u00e5rs havn (Lolland): terminal, parkering og faciliteter<\/title>\n<meta name=\"description\" content=\"Find ud af alt om T\u00e5rs Havn p\u00e5 Lolland: Langelandslinjens terminal, parkering ved havnen og faciliteter.\" \/>\n<meta name=\"robots\" content=\"index, follow, max-snippet:-1, max-image-preview:large, max-video-preview:-1\" \/>\n<link rel=\"canonical\" href=\"https:\/\/langeland-lolland.com\/da\/tars\/\" \/>\n<meta property=\"og:locale\" content=\"da_DK\" \/>\n<meta property=\"og:type\" content=\"article\" \/>\n<meta property=\"og:title\" content=\"T\u00e5rs havn (Lolland): terminal, parkering og faciliteter\" \/>\n<meta property=\"og:description\" content=\"Find ud af alt om T\u00e5rs Havn p\u00e5 Lolland: Langelandslinjens terminal, parkering ved havnen og faciliteter.\" \/>\n<meta property=\"og:url\" content=\"https:\/\/langeland-lolland.com\/da\/tars\/\" \/>\n<meta property=\"og:site_name\" content=\"Langeland Lolland f\u00e6rge\" \/>\n<meta property=\"article:modified_time\" content=\"2025-07-07T13:28:56+00:00\" \/>\n<meta property=\"og:image\" content=\"https:\/\/langeland-lolland.com\/da\/wp-content\/uploads\/sites\/6\/2025\/06\/lolland-tars-haven.jpg\" \/>\n\t<meta property=\"og:image:width\" content=\"1200\" \/>\n\t<meta property=\"og:image:height\" content=\"800\" \/>\n\t<meta property=\"og:image:type\" content=\"image\/jpeg\" \/>\n<meta name=\"twitter:card\" content=\"summary_large_image\" \/>\n<meta name=\"twitter:label1\" content=\"Estimeret l\u00e6setid\" \/>\n\t<meta name=\"twitter:data1\" content=\"2 minutter\" \/>\n<script type=\"application\/ld+json\" class=\"yoast-schema-graph\">{\"@context\":\"https:\\\/\\\/schema.org\",\"@graph\":[{\"@type\":\"WebPage\",\"@id\":\"https:\\\/\\\/langeland-lolland.com\\\/da\\\/tars\\\/\",\"url\":\"https:\\\/\\\/langeland-lolland.com\\\/da\\\/tars\\\/\",\"name\":\"T\u00e5rs havn (Lolland): terminal, parkering og faciliteter\",\"isPartOf\":{\"@id\":\"https:\\\/\\\/langeland-lolland.com\\\/da\\\/#website\"},\"primaryImageOfPage\":{\"@id\":\"https:\\\/\\\/langeland-lolland.com\\\/da\\\/tars\\\/#primaryimage\"},\"image\":{\"@id\":\"https:\\\/\\\/langeland-lolland.com\\\/da\\\/tars\\\/#primaryimage\"},\"thumbnailUrl\":\"https:\\\/\\\/langeland-lolland.com\\\/da\\\/wp-content\\\/uploads\\\/sites\\\/6\\\/2025\\\/06\\\/lolland-tars-haven-1024x683.jpg\",\"datePublished\":\"2024-05-15T08:29:12+00:00\",\"dateModified\":\"2025-07-07T13:28:56+00:00\",\"description\":\"Find ud af alt om T\u00e5rs Havn p\u00e5 Lolland: Langelandslinjens terminal, parkering ved havnen og faciliteter.\",\"breadcrumb\":{\"@id\":\"https:\\\/\\\/langeland-lolland.com\\\/da\\\/tars\\\/#breadcrumb\"},\"inLanguage\":\"da-DK\",\"potentialAction\":[{\"@type\":\"ReadAction\",\"target\":[\"https:\\\/\\\/langeland-lolland.com\\\/da\\\/tars\\\/\"]}]},{\"@type\":\"ImageObject\",\"inLanguage\":\"da-DK\",\"@id\":\"https:\\\/\\\/langeland-lolland.com\\\/da\\\/tars\\\/#primaryimage\",\"url\":\"https:\\\/\\\/langeland-lolland.com\\\/da\\\/wp-content\\\/uploads\\\/sites\\\/6\\\/2025\\\/06\\\/lolland-tars-haven.jpg\",\"contentUrl\":\"https:\\\/\\\/langeland-lolland.com\\\/da\\\/wp-content\\\/uploads\\\/sites\\\/6\\\/2025\\\/06\\\/lolland-tars-haven.jpg\",\"width\":1200,\"height\":800},{\"@type\":\"BreadcrumbList\",\"@id\":\"https:\\\/\\\/langeland-lolland.com\\\/da\\\/tars\\\/#breadcrumb\",\"itemListElement\":[{\"@type\":\"ListItem\",\"position\":1,\"name\":\"Home\",\"item\":\"https:\\\/\\\/langeland-lolland.com\\\/da\\\/\"},{\"@type\":\"ListItem\",\"position\":2,\"name\":\"T\u00e5rs havn p\u00e5 Lolland, Danmark\"}]},{\"@type\":\"WebSite\",\"@id\":\"https:\\\/\\\/langeland-lolland.com\\\/da\\\/#website\",\"url\":\"https:\\\/\\\/langeland-lolland.com\\\/da\\\/\",\"name\":\"Langeland Lolland f\u00e6rge\",\"description\":\"\",\"publisher\":{\"@id\":\"https:\\\/\\\/langeland-lolland.com\\\/da\\\/#organization\"},\"potentialAction\":[{\"@type\":\"SearchAction\",\"target\":{\"@type\":\"EntryPoint\",\"urlTemplate\":\"https:\\\/\\\/langeland-lolland.com\\\/da\\\/?s={search_term_string}\"},\"query-input\":{\"@type\":\"PropertyValueSpecification\",\"valueRequired\":true,\"valueName\":\"search_term_string\"}}],\"inLanguage\":\"da-DK\"},{\"@type\":\"Organization\",\"@id\":\"https:\\\/\\\/langeland-lolland.com\\\/da\\\/#organization\",\"name\":\"Langeland Lolland f\u00e6rge\",\"url\":\"https:\\\/\\\/langeland-lolland.com\\\/da\\\/\",\"logo\":{\"@type\":\"ImageObject\",\"inLanguage\":\"da-DK\",\"@id\":\"https:\\\/\\\/langeland-lolland.com\\\/da\\\/#\\\/schema\\\/logo\\\/image\\\/\",\"url\":\"https:\\\/\\\/langeland-lolland.com\\\/da\\\/wp-content\\\/uploads\\\/sites\\\/6\\\/2025\\\/06\\\/langeland-lolland-ferry.png\",\"contentUrl\":\"https:\\\/\\\/langeland-lolland.com\\\/da\\\/wp-content\\\/uploads\\\/sites\\\/6\\\/2025\\\/06\\\/langeland-lolland-ferry.png\",\"width\":750,\"height\":125,\"caption\":\"Langeland Lolland f\u00e6rge\"},\"image\":{\"@id\":\"https:\\\/\\\/langeland-lolland.com\\\/da\\\/#\\\/schema\\\/logo\\\/image\\\/\"}}]}<\/script>\n<!-- \/ Yoast SEO plugin. -->","yoast_head_json":{"title":"T\u00e5rs havn (Lolland): terminal, parkering og faciliteter","description":"Find ud af alt om T\u00e5rs Havn p\u00e5 Lolland: Langelandslinjens terminal, parkering ved havnen og faciliteter.","robots":{"index":"index","follow":"follow","max-snippet":"max-snippet:-1","max-image-preview":"max-image-preview:large","max-video-preview":"max-video-preview:-1"},"canonical":"https:\/\/langeland-lolland.com\/da\/tars\/","og_locale":"da_DK","og_type":"article","og_title":"T\u00e5rs havn (Lolland): terminal, parkering og faciliteter","og_description":"Find ud af alt om T\u00e5rs Havn p\u00e5 Lolland: Langelandslinjens terminal, parkering ved havnen og faciliteter.","og_url":"https:\/\/langeland-lolland.com\/da\/tars\/","og_site_name":"Langeland Lolland f\u00e6rge","article_modified_time":"2025-07-07T13:28:56+00:00","og_image":[{"width":1200,"height":800,"url":"https:\/\/langeland-lolland.com\/da\/wp-content\/uploads\/sites\/6\/2025\/06\/lolland-tars-haven.jpg","type":"image\/jpeg"}],"twitter_card":"summary_large_image","twitter_misc":{"Estimeret l\u00e6setid":"2 minutter"},"schema":{"@context":"https:\/\/schema.org","@graph":[{"@type":"WebPage","@id":"https:\/\/langeland-lolland.com\/da\/tars\/","url":"https:\/\/langeland-lolland.com\/da\/tars\/","name":"T\u00e5rs havn (Lolland): terminal, parkering og faciliteter","isPartOf":{"@id":"https:\/\/langeland-lolland.com\/da\/#website"},"primaryImageOfPage":{"@id":"https:\/\/langeland-lolland.com\/da\/tars\/#primaryimage"},"image":{"@id":"https:\/\/langeland-lolland.com\/da\/tars\/#primaryimage"},"thumbnailUrl":"https:\/\/langeland-lolland.com\/da\/wp-content\/uploads\/sites\/6\/2025\/06\/lolland-tars-haven-1024x683.jpg","datePublished":"2024-05-15T08:29:12+00:00","dateModified":"2025-07-07T13:28:56+00:00","description":"Find ud af alt om T\u00e5rs Havn p\u00e5 Lolland: Langelandslinjens terminal, parkering ved havnen og faciliteter.","breadcrumb":{"@id":"https:\/\/langeland-lolland.com\/da\/tars\/#breadcrumb"},"inLanguage":"da-DK","potentialAction":[{"@type":"ReadAction","target":["https:\/\/langeland-lolland.com\/da\/tars\/"]}]},{"@type":"ImageObject","inLanguage":"da-DK","@id":"https:\/\/langeland-lolland.com\/da\/tars\/#primaryimage","url":"https:\/\/langeland-lolland.com\/da\/wp-content\/uploads\/sites\/6\/2025\/06\/lolland-tars-haven.jpg","contentUrl":"https:\/\/langeland-lolland.com\/da\/wp-content\/uploads\/sites\/6\/2025\/06\/lolland-tars-haven.jpg","width":1200,"height":800},{"@type":"BreadcrumbList","@id":"https:\/\/langeland-lolland.com\/da\/tars\/#breadcrumb","itemListElement":[{"@type":"ListItem","position":1,"name":"Home","item":"https:\/\/langeland-lolland.com\/da\/"},{"@type":"ListItem","position":2,"name":"T\u00e5rs havn p\u00e5 Lolland, Danmark"}]},{"@type":"WebSite","@id":"https:\/\/langeland-lolland.com\/da\/#website","url":"https:\/\/langeland-lolland.com\/da\/","name":"Langeland Lolland f\u00e6rge","description":"","publisher":{"@id":"https:\/\/langeland-lolland.com\/da\/#organization"},"potentialAction":[{"@type":"SearchAction","target":{"@type":"EntryPoint","urlTemplate":"https:\/\/langeland-lolland.com\/da\/?s={search_term_string}"},"query-input":{"@type":"PropertyValueSpecification","valueRequired":true,"valueName":"search_term_string"}}],"inLanguage":"da-DK"},{"@type":"Organization","@id":"https:\/\/langeland-lolland.com\/da\/#organization","name":"Langeland Lolland f\u00e6rge","url":"https:\/\/langeland-lolland.com\/da\/","logo":{"@type":"ImageObject","inLanguage":"da-DK","@id":"https:\/\/langeland-lolland.com\/da\/#\/schema\/logo\/image\/","url":"https:\/\/langeland-lolland.com\/da\/wp-content\/uploads\/sites\/6\/2025\/06\/langeland-lolland-ferry.png","contentUrl":"https:\/\/langeland-lolland.com\/da\/wp-content\/uploads\/sites\/6\/2025\/06\/langeland-lolland-ferry.png","width":750,"height":125,"caption":"Langeland Lolland f\u00e6rge"},"image":{"@id":"https:\/\/langeland-lolland.com\/da\/#\/schema\/logo\/image\/"}}]}},"_links":{"self":[{"href":"https:\/\/langeland-lolland.com\/da\/wp-json\/wp\/v2\/pages\/66","targetHints":{"allow":["GET"]}}],"collection":[{"href":"https:\/\/langeland-lolland.com\/da\/wp-json\/wp\/v2\/pages"}],"about":[{"href":"https:\/\/langeland-lolland.com\/da\/wp-json\/wp\/v2\/types\/page"}],"author":[{"embeddable":true,"href":"https:\/\/langeland-lolland.com\/da\/wp-json\/wp\/v2\/users\/2"}],"replies":[{"embeddable":true,"href":"https:\/\/langeland-lolland.com\/da\/wp-json\/wp\/v2\/comments?post=66"}],"version-history":[{"count":4,"href":"https:\/\/langeland-lolland.com\/da\/wp-json\/wp\/v2\/pages\/66\/revisions"}],"predecessor-version":[{"id":170,"href":"https:\/\/langeland-lolland.com\/da\/wp-json\/wp\/v2\/pages\/66\/revisions\/170"}],"wp:attachment":[{"href":"https:\/\/langeland-lolland.com\/da\/wp-json\/wp\/v2\/media?parent=66"}],"curies":[{"name":"wp","href":"https:\/\/api.w.org\/{rel}","templated":true}]}}