{"id":105,"date":"2024-05-15T09:09:31","date_gmt":"2024-05-15T09:09:31","guid":{"rendered":"https:\/\/langeland-lolland.com\/da\/?page_id=105"},"modified":"2025-07-07T13:44:08","modified_gmt":"2025-07-07T13:44:08","slug":"fortrolighedserklaering","status":"publish","type":"page","link":"https:\/\/langeland-lolland.com\/da\/fortrolighedserklaering\/","title":{"rendered":"Fortrolighedserkl\u00e6ring"},"content":{"rendered":"\n<h2 class=\"wp-block-heading\">Hvem er vi<\/h2>\n\n\n\n<p>Vores hjemmesideadresse er: https:\/\/langeland-lolland.com\/<\/p>\n\n\n\n<h2 class=\"wp-block-heading\">Kommentarer<\/h2>\n\n\n\n<p>N\u00e5r bes\u00f8gende efterlader kommentarer p\u00e5 webstedet, indsamler vi de data, der vises i kommentarformularen, og ogs\u00e5 den bes\u00f8gendes IP-adresse og browserens brugeragentstreng til spam-detektering.<\/p>\n\n\n\n<p>En anonymiseret streng oprettet fra din e-mailadresse (ogs\u00e5 kaldet en hash) kan sendes til Gravatar-tjenesten, hvis du bruger den. Gravatar-tjenestens privatlivspolitik kan findes her: https:\/\/automattic.com\/privacy\/. N\u00e5r din kommentar er godkendt, bliver dit profilbillede offentligt synligt i forbindelse med din kommentar.<\/p>\n\n\n\n<h2 class=\"wp-block-heading\">Medier<\/h2>\n\n\n\n<p>Hvis du er en registreret bruger og uploader billeder til siden, b\u00f8r du undg\u00e5 billeder, der indeholder EXIF-GPS-placeringsdata. Bes\u00f8gende p\u00e5 webstedet kan downloade webstedets billeder og se placeringsdataene.<\/p>\n\n\n\n<h2 class=\"wp-block-heading\">Cookies<\/h2>\n\n\n\n<p>N\u00e5r du l\u00e6gger en kommentar p\u00e5 vores side, kan du tilmelde dig at gemme dit navn, din e-mailadresse og din hjemmeside i cookies. Vi g\u00f8r dette for din bekvemmelighed, s\u00e5 du ikke beh\u00f8ver at indtaste disse oplysninger igen, n\u00e5r du l\u00e6gger en anden kommentar. Disse cookies er gyldige i et \u00e5r.<\/p>\n\n\n\n<p>N\u00e5r du bes\u00f8ger vores login-side, gemmer vi en midlertidig cookie for at kontrollere, om din browser accepterer cookies. Denne cookie indeholder ingen personlige data og slettes, n\u00e5r du lukker din browser.<\/p>\n\n\n\n<p>N\u00e5r du logger ind, gemmer vi nogle cookies i forbindelse med dine loginoplysninger og sk\u00e6rmvisningsmuligheder. Login-cookies er gyldige i to dage, og cookies for sk\u00e6rmvisning er gyldige i et \u00e5r. Hvis du v\u00e6lger &#8220;Husk mig&#8221;, forbliver dit login gyldigt i to uger. N\u00e5r du logger ud af din konto, slettes login-cookies.<\/p>\n\n\n\n<p>N\u00e5r du redigerer eller udgiver en besked, gemmes en ekstra cookie af din browser. Denne cookie indeholder ingen personlige data og indeholder blot post-id'et for den artikel, du har redigeret. Denne cookie udl\u00f8ber efter en dag.<\/p>\n\n\n\n<h2 class=\"wp-block-heading\">Indlejret indhold fra andre websteder<\/h2>\n\n\n\n<p>Indl\u00e6g p\u00e5 dette websted kan indeholde indlejret indhold (f.eks. videoer, billeder, beskeder osv.). Indlejret indhold fra andre websteder opf\u00f8rer sig n\u00f8jagtigt det samme, som hvis den bes\u00f8gende havde bes\u00f8gt det andet websted.<\/p>\n\n\n\n<p>Disse websteder kan indsamle data om dig, bruge cookies, indlejre yderligere tredjepartssporing og overv\u00e5ge din interaktion med det indlejrede indhold, herunder registrering af din interaktion med det indlejrede indhold, hvis du har en konto og er logget ind p\u00e5 det p\u00e5g\u00e6ldende websted.<\/p>\n","protected":false},"excerpt":{"rendered":"<p>Hvem er vi Vores hjemmesideadresse er: https:\/\/langeland-lolland.com\/ Kommentarer N\u00e5r bes\u00f8gende efterlader kommentarer p\u00e5 webstedet, indsamler vi de data, der vises [&hellip;]<\/p>\n","protected":false},"author":2,"featured_media":0,"parent":0,"menu_order":0,"comment_status":"closed","ping_status":"closed","template":"","meta":{"inline_featured_image":false,"site-sidebar-layout":"default","site-content-layout":"","ast-site-content-layout":"default","site-content-style":"default","site-sidebar-style":"default","ast-global-header-display":"","ast-banner-title-visibility":"","ast-main-header-display":"","ast-hfb-above-header-display":"","ast-hfb-below-header-display":"","ast-hfb-mobile-header-display":"","site-post-title":"","ast-breadcrumbs-content":"","ast-featured-img":"","footer-sml-layout":"","ast-disable-related-posts":"","theme-transparent-header-meta":"","adv-header-id-meta":"","stick-header-meta":"","header-above-stick-meta":"","header-main-stick-meta":"","header-below-stick-meta":"","astra-migrate-meta-layouts":"default","ast-page-background-enabled":"default","ast-page-background-meta":{"desktop":{"background-color":"var(--ast-global-color-4)","background-image":"","background-repeat":"repeat","background-position":"center center","background-size":"auto","background-attachment":"scroll","background-type":"","background-media":"","overlay-type":"","overlay-color":"","overlay-opacity":"","overlay-gradient":""},"tablet":{"background-color":"","background-image":"","background-repeat":"repeat","background-position":"center center","background-size":"auto","background-attachment":"scroll","background-type":"","background-media":"","overlay-type":"","overlay-color":"","overlay-opacity":"","overlay-gradient":""},"mobile":{"background-color":"","background-image":"","background-repeat":"repeat","background-position":"center center","background-size":"auto","background-attachment":"scroll","background-type":"","background-media":"","overlay-type":"","overlay-color":"","overlay-opacity":"","overlay-gradient":""}},"ast-content-background-meta":{"desktop":{"background-color":"var(--ast-global-color-5)","background-image":"","background-repeat":"repeat","background-position":"center center","background-size":"auto","background-attachment":"scroll","background-type":"","background-media":"","overlay-type":"","overlay-color":"","overlay-opacity":"","overlay-gradient":""},"tablet":{"background-color":"var(--ast-global-color-5)","background-image":"","background-repeat":"repeat","background-position":"center center","background-size":"auto","background-attachment":"scroll","background-type":"","background-media":"","overlay-type":"","overlay-color":"","overlay-opacity":"","overlay-gradient":""},"mobile":{"background-color":"var(--ast-global-color-5)","background-image":"","background-repeat":"repeat","background-position":"center center","background-size":"auto","background-attachment":"scroll","background-type":"","background-media":"","overlay-type":"","overlay-color":"","overlay-opacity":"","overlay-gradient":""}},"footnotes":""},"class_list":["post-105","page","type-page","status-publish","hentry"],"yoast_head":"<!-- This site is optimized with the Yoast SEO plugin v27.4 - https:\/\/yoast.com\/product\/yoast-seo-wordpress\/ -->\n<title>Fortrolighedserkl\u00e6ring - Langeland Lolland f\u00e6rge<\/title>\n<meta name=\"description\" content=\"Find ud af, hvordan Langeland-Lolland.com modtager personoplysninger, til hvilket form\u00e5l og hvordan de er sikret.\" \/>\n<meta name=\"robots\" content=\"index, follow, max-snippet:-1, max-image-preview:large, max-video-preview:-1\" \/>\n<link rel=\"canonical\" href=\"https:\/\/langeland-lolland.com\/da\/fortrolighedserklaering\/\" \/>\n<meta property=\"og:locale\" content=\"da_DK\" \/>\n<meta property=\"og:type\" content=\"article\" \/>\n<meta property=\"og:title\" content=\"Fortrolighedserkl\u00e6ring - Langeland Lolland f\u00e6rge\" \/>\n<meta property=\"og:description\" content=\"Find ud af, hvordan Langeland-Lolland.com modtager personoplysninger, til hvilket form\u00e5l og hvordan de er sikret.\" \/>\n<meta property=\"og:url\" content=\"https:\/\/langeland-lolland.com\/da\/fortrolighedserklaering\/\" \/>\n<meta property=\"og:site_name\" content=\"Langeland Lolland f\u00e6rge\" \/>\n<meta property=\"article:modified_time\" content=\"2025-07-07T13:44:08+00:00\" \/>\n<meta name=\"twitter:card\" content=\"summary_large_image\" \/>\n<meta name=\"twitter:label1\" content=\"Estimeret l\u00e6setid\" \/>\n\t<meta name=\"twitter:data1\" content=\"2 minutter\" \/>\n<script type=\"application\/ld+json\" class=\"yoast-schema-graph\">{\"@context\":\"https:\\\/\\\/schema.org\",\"@graph\":[{\"@type\":\"WebPage\",\"@id\":\"https:\\\/\\\/langeland-lolland.com\\\/da\\\/fortrolighedserklaering\\\/\",\"url\":\"https:\\\/\\\/langeland-lolland.com\\\/da\\\/fortrolighedserklaering\\\/\",\"name\":\"Fortrolighedserkl\u00e6ring - Langeland Lolland f\u00e6rge\",\"isPartOf\":{\"@id\":\"https:\\\/\\\/langeland-lolland.com\\\/da\\\/#website\"},\"datePublished\":\"2024-05-15T09:09:31+00:00\",\"dateModified\":\"2025-07-07T13:44:08+00:00\",\"description\":\"Find ud af, hvordan Langeland-Lolland.com modtager personoplysninger, til hvilket form\u00e5l og hvordan de er sikret.\",\"breadcrumb\":{\"@id\":\"https:\\\/\\\/langeland-lolland.com\\\/da\\\/fortrolighedserklaering\\\/#breadcrumb\"},\"inLanguage\":\"da-DK\",\"potentialAction\":[{\"@type\":\"ReadAction\",\"target\":[\"https:\\\/\\\/langeland-lolland.com\\\/da\\\/fortrolighedserklaering\\\/\"]}]},{\"@type\":\"BreadcrumbList\",\"@id\":\"https:\\\/\\\/langeland-lolland.com\\\/da\\\/fortrolighedserklaering\\\/#breadcrumb\",\"itemListElement\":[{\"@type\":\"ListItem\",\"position\":1,\"name\":\"Home\",\"item\":\"https:\\\/\\\/langeland-lolland.com\\\/da\\\/\"},{\"@type\":\"ListItem\",\"position\":2,\"name\":\"Fortrolighedserkl\u00e6ring\"}]},{\"@type\":\"WebSite\",\"@id\":\"https:\\\/\\\/langeland-lolland.com\\\/da\\\/#website\",\"url\":\"https:\\\/\\\/langeland-lolland.com\\\/da\\\/\",\"name\":\"Langeland Lolland f\u00e6rge\",\"description\":\"\",\"publisher\":{\"@id\":\"https:\\\/\\\/langeland-lolland.com\\\/da\\\/#organization\"},\"potentialAction\":[{\"@type\":\"SearchAction\",\"target\":{\"@type\":\"EntryPoint\",\"urlTemplate\":\"https:\\\/\\\/langeland-lolland.com\\\/da\\\/?s={search_term_string}\"},\"query-input\":{\"@type\":\"PropertyValueSpecification\",\"valueRequired\":true,\"valueName\":\"search_term_string\"}}],\"inLanguage\":\"da-DK\"},{\"@type\":\"Organization\",\"@id\":\"https:\\\/\\\/langeland-lolland.com\\\/da\\\/#organization\",\"name\":\"Langeland Lolland f\u00e6rge\",\"url\":\"https:\\\/\\\/langeland-lolland.com\\\/da\\\/\",\"logo\":{\"@type\":\"ImageObject\",\"inLanguage\":\"da-DK\",\"@id\":\"https:\\\/\\\/langeland-lolland.com\\\/da\\\/#\\\/schema\\\/logo\\\/image\\\/\",\"url\":\"https:\\\/\\\/langeland-lolland.com\\\/da\\\/wp-content\\\/uploads\\\/sites\\\/6\\\/2025\\\/06\\\/langeland-lolland-ferry.png\",\"contentUrl\":\"https:\\\/\\\/langeland-lolland.com\\\/da\\\/wp-content\\\/uploads\\\/sites\\\/6\\\/2025\\\/06\\\/langeland-lolland-ferry.png\",\"width\":750,\"height\":125,\"caption\":\"Langeland Lolland f\u00e6rge\"},\"image\":{\"@id\":\"https:\\\/\\\/langeland-lolland.com\\\/da\\\/#\\\/schema\\\/logo\\\/image\\\/\"}}]}<\/script>\n<!-- \/ Yoast SEO plugin. -->","yoast_head_json":{"title":"Fortrolighedserkl\u00e6ring - Langeland Lolland f\u00e6rge","description":"Find ud af, hvordan Langeland-Lolland.com modtager personoplysninger, til hvilket form\u00e5l og hvordan de er sikret.","robots":{"index":"index","follow":"follow","max-snippet":"max-snippet:-1","max-image-preview":"max-image-preview:large","max-video-preview":"max-video-preview:-1"},"canonical":"https:\/\/langeland-lolland.com\/da\/fortrolighedserklaering\/","og_locale":"da_DK","og_type":"article","og_title":"Fortrolighedserkl\u00e6ring - Langeland Lolland f\u00e6rge","og_description":"Find ud af, hvordan Langeland-Lolland.com modtager personoplysninger, til hvilket form\u00e5l og hvordan de er sikret.","og_url":"https:\/\/langeland-lolland.com\/da\/fortrolighedserklaering\/","og_site_name":"Langeland Lolland f\u00e6rge","article_modified_time":"2025-07-07T13:44:08+00:00","twitter_card":"summary_large_image","twitter_misc":{"Estimeret l\u00e6setid":"2 minutter"},"schema":{"@context":"https:\/\/schema.org","@graph":[{"@type":"WebPage","@id":"https:\/\/langeland-lolland.com\/da\/fortrolighedserklaering\/","url":"https:\/\/langeland-lolland.com\/da\/fortrolighedserklaering\/","name":"Fortrolighedserkl\u00e6ring - Langeland Lolland f\u00e6rge","isPartOf":{"@id":"https:\/\/langeland-lolland.com\/da\/#website"},"datePublished":"2024-05-15T09:09:31+00:00","dateModified":"2025-07-07T13:44:08+00:00","description":"Find ud af, hvordan Langeland-Lolland.com modtager personoplysninger, til hvilket form\u00e5l og hvordan de er sikret.","breadcrumb":{"@id":"https:\/\/langeland-lolland.com\/da\/fortrolighedserklaering\/#breadcrumb"},"inLanguage":"da-DK","potentialAction":[{"@type":"ReadAction","target":["https:\/\/langeland-lolland.com\/da\/fortrolighedserklaering\/"]}]},{"@type":"BreadcrumbList","@id":"https:\/\/langeland-lolland.com\/da\/fortrolighedserklaering\/#breadcrumb","itemListElement":[{"@type":"ListItem","position":1,"name":"Home","item":"https:\/\/langeland-lolland.com\/da\/"},{"@type":"ListItem","position":2,"name":"Fortrolighedserkl\u00e6ring"}]},{"@type":"WebSite","@id":"https:\/\/langeland-lolland.com\/da\/#website","url":"https:\/\/langeland-lolland.com\/da\/","name":"Langeland Lolland f\u00e6rge","description":"","publisher":{"@id":"https:\/\/langeland-lolland.com\/da\/#organization"},"potentialAction":[{"@type":"SearchAction","target":{"@type":"EntryPoint","urlTemplate":"https:\/\/langeland-lolland.com\/da\/?s={search_term_string}"},"query-input":{"@type":"PropertyValueSpecification","valueRequired":true,"valueName":"search_term_string"}}],"inLanguage":"da-DK"},{"@type":"Organization","@id":"https:\/\/langeland-lolland.com\/da\/#organization","name":"Langeland Lolland f\u00e6rge","url":"https:\/\/langeland-lolland.com\/da\/","logo":{"@type":"ImageObject","inLanguage":"da-DK","@id":"https:\/\/langeland-lolland.com\/da\/#\/schema\/logo\/image\/","url":"https:\/\/langeland-lolland.com\/da\/wp-content\/uploads\/sites\/6\/2025\/06\/langeland-lolland-ferry.png","contentUrl":"https:\/\/langeland-lolland.com\/da\/wp-content\/uploads\/sites\/6\/2025\/06\/langeland-lolland-ferry.png","width":750,"height":125,"caption":"Langeland Lolland f\u00e6rge"},"image":{"@id":"https:\/\/langeland-lolland.com\/da\/#\/schema\/logo\/image\/"}}]}},"_links":{"self":[{"href":"https:\/\/langeland-lolland.com\/da\/wp-json\/wp\/v2\/pages\/105","targetHints":{"allow":["GET"]}}],"collection":[{"href":"https:\/\/langeland-lolland.com\/da\/wp-json\/wp\/v2\/pages"}],"about":[{"href":"https:\/\/langeland-lolland.com\/da\/wp-json\/wp\/v2\/types\/page"}],"author":[{"embeddable":true,"href":"https:\/\/langeland-lolland.com\/da\/wp-json\/wp\/v2\/users\/2"}],"replies":[{"embeddable":true,"href":"https:\/\/langeland-lolland.com\/da\/wp-json\/wp\/v2\/comments?post=105"}],"version-history":[{"count":2,"href":"https:\/\/langeland-lolland.com\/da\/wp-json\/wp\/v2\/pages\/105\/revisions"}],"predecessor-version":[{"id":109,"href":"https:\/\/langeland-lolland.com\/da\/wp-json\/wp\/v2\/pages\/105\/revisions\/109"}],"wp:attachment":[{"href":"https:\/\/langeland-lolland.com\/da\/wp-json\/wp\/v2\/media?parent=105"}],"curies":[{"name":"wp","href":"https:\/\/api.w.org\/{rel}","templated":true}]}}