{"id":101,"date":"2024-05-15T09:05:46","date_gmt":"2024-05-15T09:05:46","guid":{"rendered":"https:\/\/langeland-lolland.com\/da\/?page_id=101"},"modified":"2025-07-07T13:43:33","modified_gmt":"2025-07-07T13:43:33","slug":"om-os","status":"publish","type":"page","link":"https:\/\/langeland-lolland.com\/da\/om-os\/","title":{"rendered":"Om os"},"content":{"rendered":"\n<p>P\u00e5 hjemmesiden <a href=\"\/da\/\">Langeland-Lolland.com<\/a> finder du information og tips til at tage f\u00e6rgen fra Spodsbjerg til T\u00e5rs.<\/p>\n\n\n\n<h2 class=\"wp-block-heading\">Uafh\u00e6ngig<\/h2>\n\n\n\n<p>I skrivende stund er der \u00e9t f\u00e6rgeselskab, der opererer p\u00e5 ruten mellem <a href=\"https:\/\/langeland-lolland.com\/da\/spodsbjerg\/\">Spodsbjerg havn<\/a> og <a href=\"https:\/\/langeland-lolland.com\/da\/tars\/\">T\u00e5rs havn<\/a>: <a href=\"https:\/\/langeland-lolland.com\/da\/langelandslinjen\/\">Langelandslinjen<\/a>. Det er godt at understrege, at vi ikke selv s\u00e6lger billetter og derfor ikke er udbyder af f\u00e6rgeture.<\/p>\n\n\n\n<h3 class=\"wp-block-heading\">Refusioner<\/h3>\n\n\n\n<p>Vi samarbejder med parter som <a href=\"\/da\/go\/df\" target=\"_blank\" rel=\"noreferrer noopener\">DirectFerries.com<\/a> for at hj\u00e6lpe dig med at booke billetter p\u00e5 nuv\u00e6rende tidspunkt. Hvis du i sidste ende booker en f\u00e6rgebillet via vores hjemmeside, kan vi modtage kompensation for dette.<\/p>\n\n\n\n<h2 class=\"wp-block-heading\">Sp\u00f8rgsm\u00e5l eller forslag?<\/h2>\n\n\n\n<p>Har du sp\u00f8rgsm\u00e5l til vores tilgang, forslag til vores hjemmeside, eller \u00f8nsker du at kontakte os af en anden grund? Kontakt os blot via kontaktformularen nedenfor.<\/p>\n\n\n\n<div class=\"wpcf7 no-js\" id=\"wpcf7-f103-o1\" lang=\"en-US\" dir=\"ltr\" data-wpcf7-id=\"103\">\n<div class=\"screen-reader-response\"><p role=\"status\" aria-live=\"polite\" aria-atomic=\"true\"><\/p> <ul><\/ul><\/div>\n<form action=\"\/da\/wp-json\/wp\/v2\/pages\/101#wpcf7-f103-o1\" method=\"post\" class=\"wpcf7-form init\" aria-label=\"Contact form\" novalidate=\"novalidate\" data-status=\"init\">\n<fieldset class=\"hidden-fields-container\"><input type=\"hidden\" name=\"_wpcf7\" value=\"103\" \/><input type=\"hidden\" name=\"_wpcf7_version\" value=\"6.1\" \/><input type=\"hidden\" name=\"_wpcf7_locale\" value=\"en_US\" \/><input type=\"hidden\" name=\"_wpcf7_unit_tag\" value=\"wpcf7-f103-o1\" \/><input type=\"hidden\" name=\"_wpcf7_container_post\" value=\"0\" \/><input type=\"hidden\" name=\"_wpcf7_posted_data_hash\" value=\"\" \/>\n<\/fieldset>\n<p><label> Navn<br \/>\n<span class=\"wpcf7-form-control-wrap\" data-name=\"your-name\"><input size=\"40\" maxlength=\"400\" class=\"wpcf7-form-control wpcf7-text wpcf7-validates-as-required\" autocomplete=\"name\" aria-required=\"true\" aria-invalid=\"false\" value=\"\" type=\"text\" name=\"your-name\" \/><\/span> <\/label>\n<\/p>\n<p><label> E-mail<br \/>\n<span class=\"wpcf7-form-control-wrap\" data-name=\"your-email\"><input size=\"40\" maxlength=\"400\" class=\"wpcf7-form-control wpcf7-email wpcf7-validates-as-required wpcf7-text wpcf7-validates-as-email\" autocomplete=\"email\" aria-required=\"true\" aria-invalid=\"false\" value=\"\" type=\"email\" name=\"your-email\" \/><\/span> <\/label>\n<\/p>\n<p><label> Besked<br \/>\n<span class=\"wpcf7-form-control-wrap\" data-name=\"your-message\"><textarea cols=\"40\" rows=\"10\" maxlength=\"2000\" class=\"wpcf7-form-control wpcf7-textarea wpcf7-validates-as-required\" aria-required=\"true\" aria-invalid=\"false\" name=\"your-message\"><\/textarea><\/span> <\/label>\n<\/p>\n<p><input class=\"wpcf7-form-control wpcf7-submit has-spinner\" type=\"submit\" value=\"Styre\" \/>\n<\/p><div class=\"wpcf7-response-output\" aria-hidden=\"true\"><\/div>\n<\/form>\n<\/div>\n\n\n\n\n<p>Ved at sende en besked via kontaktformularen ovenfor accepterer du vores <a href=\"https:\/\/langeland-lolland.com\/da\/fortrolighedserklaering\/\">privatlivspolitik<\/a>.<\/p>\n","protected":false},"excerpt":{"rendered":"<p>P\u00e5 hjemmesiden Langeland-Lolland.com finder du information og tips til at tage f\u00e6rgen fra Spodsbjerg til T\u00e5rs. Uafh\u00e6ngig I skrivende stund [&hellip;]<\/p>\n","protected":false},"author":2,"featured_media":0,"parent":0,"menu_order":0,"comment_status":"closed","ping_status":"closed","template":"","meta":{"inline_featured_image":false,"site-sidebar-layout":"default","site-content-layout":"","ast-site-content-layout":"default","site-content-style":"default","site-sidebar-style":"default","ast-global-header-display":"","ast-banner-title-visibility":"","ast-main-header-display":"","ast-hfb-above-header-display":"","ast-hfb-below-header-display":"","ast-hfb-mobile-header-display":"","site-post-title":"","ast-breadcrumbs-content":"","ast-featured-img":"","footer-sml-layout":"","ast-disable-related-posts":"","theme-transparent-header-meta":"","adv-header-id-meta":"","stick-header-meta":"","header-above-stick-meta":"","header-main-stick-meta":"","header-below-stick-meta":"","astra-migrate-meta-layouts":"default","ast-page-background-enabled":"default","ast-page-background-meta":{"desktop":{"background-color":"var(--ast-global-color-4)","background-image":"","background-repeat":"repeat","background-position":"center center","background-size":"auto","background-attachment":"scroll","background-type":"","background-media":"","overlay-type":"","overlay-color":"","overlay-opacity":"","overlay-gradient":""},"tablet":{"background-color":"","background-image":"","background-repeat":"repeat","background-position":"center center","background-size":"auto","background-attachment":"scroll","background-type":"","background-media":"","overlay-type":"","overlay-color":"","overlay-opacity":"","overlay-gradient":""},"mobile":{"background-color":"","background-image":"","background-repeat":"repeat","background-position":"center center","background-size":"auto","background-attachment":"scroll","background-type":"","background-media":"","overlay-type":"","overlay-color":"","overlay-opacity":"","overlay-gradient":""}},"ast-content-background-meta":{"desktop":{"background-color":"var(--ast-global-color-5)","background-image":"","background-repeat":"repeat","background-position":"center center","background-size":"auto","background-attachment":"scroll","background-type":"","background-media":"","overlay-type":"","overlay-color":"","overlay-opacity":"","overlay-gradient":""},"tablet":{"background-color":"var(--ast-global-color-5)","background-image":"","background-repeat":"repeat","background-position":"center center","background-size":"auto","background-attachment":"scroll","background-type":"","background-media":"","overlay-type":"","overlay-color":"","overlay-opacity":"","overlay-gradient":""},"mobile":{"background-color":"var(--ast-global-color-5)","background-image":"","background-repeat":"repeat","background-position":"center center","background-size":"auto","background-attachment":"scroll","background-type":"","background-media":"","overlay-type":"","overlay-color":"","overlay-opacity":"","overlay-gradient":""}},"footnotes":""},"class_list":["post-101","page","type-page","status-publish","hentry"],"yoast_head":"<!-- This site is optimized with the Yoast SEO plugin v27.4 - https:\/\/yoast.com\/product\/yoast-seo-wordpress\/ -->\n<title>Om os - Langeland Lolland f\u00e6rge<\/title>\n<meta name=\"description\" content=\"Opdag form\u00e5let med denne hjemmeside med information om f\u00e6rgeoverfarten mellem Langeland og Lolland.\" \/>\n<meta name=\"robots\" content=\"index, follow, max-snippet:-1, max-image-preview:large, max-video-preview:-1\" \/>\n<link rel=\"canonical\" href=\"https:\/\/langeland-lolland.com\/da\/om-os\/\" \/>\n<meta property=\"og:locale\" content=\"da_DK\" \/>\n<meta property=\"og:type\" content=\"article\" \/>\n<meta property=\"og:title\" content=\"Om os - Langeland Lolland f\u00e6rge\" \/>\n<meta property=\"og:description\" content=\"Opdag form\u00e5let med denne hjemmeside med information om f\u00e6rgeoverfarten mellem Langeland og Lolland.\" \/>\n<meta property=\"og:url\" content=\"https:\/\/langeland-lolland.com\/da\/om-os\/\" \/>\n<meta property=\"og:site_name\" content=\"Langeland Lolland f\u00e6rge\" \/>\n<meta property=\"article:modified_time\" content=\"2025-07-07T13:43:33+00:00\" \/>\n<meta name=\"twitter:card\" content=\"summary_large_image\" \/>\n<meta name=\"twitter:label1\" content=\"Estimeret l\u00e6setid\" \/>\n\t<meta name=\"twitter:data1\" content=\"1 minut\" \/>\n<script type=\"application\/ld+json\" class=\"yoast-schema-graph\">{\"@context\":\"https:\\\/\\\/schema.org\",\"@graph\":[{\"@type\":[\"WebPage\",\"AboutPage\"],\"@id\":\"https:\\\/\\\/langeland-lolland.com\\\/da\\\/om-os\\\/\",\"url\":\"https:\\\/\\\/langeland-lolland.com\\\/da\\\/om-os\\\/\",\"name\":\"Om os - Langeland Lolland f\u00e6rge\",\"isPartOf\":{\"@id\":\"https:\\\/\\\/langeland-lolland.com\\\/da\\\/#website\"},\"datePublished\":\"2024-05-15T09:05:46+00:00\",\"dateModified\":\"2025-07-07T13:43:33+00:00\",\"description\":\"Opdag form\u00e5let med denne hjemmeside med information om f\u00e6rgeoverfarten mellem Langeland og Lolland.\",\"breadcrumb\":{\"@id\":\"https:\\\/\\\/langeland-lolland.com\\\/da\\\/om-os\\\/#breadcrumb\"},\"inLanguage\":\"da-DK\",\"potentialAction\":[{\"@type\":\"ReadAction\",\"target\":[\"https:\\\/\\\/langeland-lolland.com\\\/da\\\/om-os\\\/\"]}]},{\"@type\":\"BreadcrumbList\",\"@id\":\"https:\\\/\\\/langeland-lolland.com\\\/da\\\/om-os\\\/#breadcrumb\",\"itemListElement\":[{\"@type\":\"ListItem\",\"position\":1,\"name\":\"Home\",\"item\":\"https:\\\/\\\/langeland-lolland.com\\\/da\\\/\"},{\"@type\":\"ListItem\",\"position\":2,\"name\":\"Om os\"}]},{\"@type\":\"WebSite\",\"@id\":\"https:\\\/\\\/langeland-lolland.com\\\/da\\\/#website\",\"url\":\"https:\\\/\\\/langeland-lolland.com\\\/da\\\/\",\"name\":\"Langeland Lolland f\u00e6rge\",\"description\":\"\",\"publisher\":{\"@id\":\"https:\\\/\\\/langeland-lolland.com\\\/da\\\/#organization\"},\"potentialAction\":[{\"@type\":\"SearchAction\",\"target\":{\"@type\":\"EntryPoint\",\"urlTemplate\":\"https:\\\/\\\/langeland-lolland.com\\\/da\\\/?s={search_term_string}\"},\"query-input\":{\"@type\":\"PropertyValueSpecification\",\"valueRequired\":true,\"valueName\":\"search_term_string\"}}],\"inLanguage\":\"da-DK\"},{\"@type\":\"Organization\",\"@id\":\"https:\\\/\\\/langeland-lolland.com\\\/da\\\/#organization\",\"name\":\"Langeland Lolland f\u00e6rge\",\"url\":\"https:\\\/\\\/langeland-lolland.com\\\/da\\\/\",\"logo\":{\"@type\":\"ImageObject\",\"inLanguage\":\"da-DK\",\"@id\":\"https:\\\/\\\/langeland-lolland.com\\\/da\\\/#\\\/schema\\\/logo\\\/image\\\/\",\"url\":\"https:\\\/\\\/langeland-lolland.com\\\/da\\\/wp-content\\\/uploads\\\/sites\\\/6\\\/2025\\\/06\\\/langeland-lolland-ferry.png\",\"contentUrl\":\"https:\\\/\\\/langeland-lolland.com\\\/da\\\/wp-content\\\/uploads\\\/sites\\\/6\\\/2025\\\/06\\\/langeland-lolland-ferry.png\",\"width\":750,\"height\":125,\"caption\":\"Langeland Lolland f\u00e6rge\"},\"image\":{\"@id\":\"https:\\\/\\\/langeland-lolland.com\\\/da\\\/#\\\/schema\\\/logo\\\/image\\\/\"}}]}<\/script>\n<!-- \/ Yoast SEO plugin. -->","yoast_head_json":{"title":"Om os - Langeland Lolland f\u00e6rge","description":"Opdag form\u00e5let med denne hjemmeside med information om f\u00e6rgeoverfarten mellem Langeland og Lolland.","robots":{"index":"index","follow":"follow","max-snippet":"max-snippet:-1","max-image-preview":"max-image-preview:large","max-video-preview":"max-video-preview:-1"},"canonical":"https:\/\/langeland-lolland.com\/da\/om-os\/","og_locale":"da_DK","og_type":"article","og_title":"Om os - Langeland Lolland f\u00e6rge","og_description":"Opdag form\u00e5let med denne hjemmeside med information om f\u00e6rgeoverfarten mellem Langeland og Lolland.","og_url":"https:\/\/langeland-lolland.com\/da\/om-os\/","og_site_name":"Langeland Lolland f\u00e6rge","article_modified_time":"2025-07-07T13:43:33+00:00","twitter_card":"summary_large_image","twitter_misc":{"Estimeret l\u00e6setid":"1 minut"},"schema":{"@context":"https:\/\/schema.org","@graph":[{"@type":["WebPage","AboutPage"],"@id":"https:\/\/langeland-lolland.com\/da\/om-os\/","url":"https:\/\/langeland-lolland.com\/da\/om-os\/","name":"Om os - Langeland Lolland f\u00e6rge","isPartOf":{"@id":"https:\/\/langeland-lolland.com\/da\/#website"},"datePublished":"2024-05-15T09:05:46+00:00","dateModified":"2025-07-07T13:43:33+00:00","description":"Opdag form\u00e5let med denne hjemmeside med information om f\u00e6rgeoverfarten mellem Langeland og Lolland.","breadcrumb":{"@id":"https:\/\/langeland-lolland.com\/da\/om-os\/#breadcrumb"},"inLanguage":"da-DK","potentialAction":[{"@type":"ReadAction","target":["https:\/\/langeland-lolland.com\/da\/om-os\/"]}]},{"@type":"BreadcrumbList","@id":"https:\/\/langeland-lolland.com\/da\/om-os\/#breadcrumb","itemListElement":[{"@type":"ListItem","position":1,"name":"Home","item":"https:\/\/langeland-lolland.com\/da\/"},{"@type":"ListItem","position":2,"name":"Om os"}]},{"@type":"WebSite","@id":"https:\/\/langeland-lolland.com\/da\/#website","url":"https:\/\/langeland-lolland.com\/da\/","name":"Langeland Lolland f\u00e6rge","description":"","publisher":{"@id":"https:\/\/langeland-lolland.com\/da\/#organization"},"potentialAction":[{"@type":"SearchAction","target":{"@type":"EntryPoint","urlTemplate":"https:\/\/langeland-lolland.com\/da\/?s={search_term_string}"},"query-input":{"@type":"PropertyValueSpecification","valueRequired":true,"valueName":"search_term_string"}}],"inLanguage":"da-DK"},{"@type":"Organization","@id":"https:\/\/langeland-lolland.com\/da\/#organization","name":"Langeland Lolland f\u00e6rge","url":"https:\/\/langeland-lolland.com\/da\/","logo":{"@type":"ImageObject","inLanguage":"da-DK","@id":"https:\/\/langeland-lolland.com\/da\/#\/schema\/logo\/image\/","url":"https:\/\/langeland-lolland.com\/da\/wp-content\/uploads\/sites\/6\/2025\/06\/langeland-lolland-ferry.png","contentUrl":"https:\/\/langeland-lolland.com\/da\/wp-content\/uploads\/sites\/6\/2025\/06\/langeland-lolland-ferry.png","width":750,"height":125,"caption":"Langeland Lolland f\u00e6rge"},"image":{"@id":"https:\/\/langeland-lolland.com\/da\/#\/schema\/logo\/image\/"}}]}},"_links":{"self":[{"href":"https:\/\/langeland-lolland.com\/da\/wp-json\/wp\/v2\/pages\/101","targetHints":{"allow":["GET"]}}],"collection":[{"href":"https:\/\/langeland-lolland.com\/da\/wp-json\/wp\/v2\/pages"}],"about":[{"href":"https:\/\/langeland-lolland.com\/da\/wp-json\/wp\/v2\/types\/page"}],"author":[{"embeddable":true,"href":"https:\/\/langeland-lolland.com\/da\/wp-json\/wp\/v2\/users\/2"}],"replies":[{"embeddable":true,"href":"https:\/\/langeland-lolland.com\/da\/wp-json\/wp\/v2\/comments?post=101"}],"version-history":[{"count":5,"href":"https:\/\/langeland-lolland.com\/da\/wp-json\/wp\/v2\/pages\/101\/revisions"}],"predecessor-version":[{"id":178,"href":"https:\/\/langeland-lolland.com\/da\/wp-json\/wp\/v2\/pages\/101\/revisions\/178"}],"wp:attachment":[{"href":"https:\/\/langeland-lolland.com\/da\/wp-json\/wp\/v2\/media?parent=101"}],"curies":[{"name":"wp","href":"https:\/\/api.w.org\/{rel}","templated":true}]}}